{"id":19,"date":"2024-02-01T15:27:07","date_gmt":"2024-02-01T15:27:07","guid":{"rendered":"http:\/\/college-francois-auguste-perrinon.local\/?page_id=19"},"modified":"2024-09-04T15:05:11","modified_gmt":"2024-09-04T19:05:11","slug":"vie-du-college","status":"publish","type":"page","link":"https:\/\/site.ac-martinique.fr\/clg-perrinon\/vie-du-college\/","title":{"rendered":"Vie du Coll\u00e8ge"},"content":{"rendered":"\n<div class=\"wp-block-media-text is-stacked-on-mobile\" style=\"grid-template-columns:24% auto\"><figure class=\"wp-block-media-text__media\"><img loading=\"lazy\" decoding=\"async\" width=\"287\" height=\"286\" src=\"https:\/\/site.ac-martinique.fr\/clg-perrinon2\/wp-content\/uploads\/sites\/146\/2024\/09\/Sa-Ki-Fet-PERRINON-Foot-1-1.png\" alt=\"\" class=\"wp-image-586 size-full\" srcset=\"https:\/\/site.ac-martinique.fr\/clg-perrinon\/wp-content\/uploads\/sites\/146\/2024\/09\/Sa-Ki-Fet-PERRINON-Foot-1-1.png 287w, https:\/\/site.ac-martinique.fr\/clg-perrinon\/wp-content\/uploads\/sites\/146\/2024\/09\/Sa-Ki-Fet-PERRINON-Foot-1-1-150x150.png 150w\" sizes=\"auto, (max-width: 287px) 100vw, 287px\" \/><\/figure><div class=\"wp-block-media-text__content\">\n<h2 class=\"wp-block-heading\"><a href=\"https:\/\/site.ac-martinique.fr\/clg-perrinon2\/?p=269fet-perrinon\/\">Sa Ki F\u00e8t PERRINON ?<\/a><\/h2>\n\n\n\n<p>En Juin, le Coll\u00e8ge PERRINON te r\u00e9serve une exp\u00e9rience de ouf sur sc\u00e8ne !<\/p>\n<\/div><\/div>\n\n\n\n<hr class=\"wp-block-separator has-alpha-channel-opacity\"\/>\n\n\n\n<div class=\"wp-block-media-text is-stacked-on-mobile\" style=\"grid-template-columns:24% auto\"><figure class=\"wp-block-media-text__media\"><img loading=\"lazy\" decoding=\"async\" width=\"412\" height=\"412\" src=\"https:\/\/site.ac-martinique.fr\/clg-perrinon2\/wp-content\/uploads\/sites\/146\/2024\/04\/Le-Cyberharcelement-les-Reseaux-Sociaux-1.png\" alt=\"\" class=\"wp-image-520 size-full\" srcset=\"https:\/\/site.ac-martinique.fr\/clg-perrinon\/wp-content\/uploads\/sites\/146\/2024\/04\/Le-Cyberharcelement-les-Reseaux-Sociaux-1.png 412w, https:\/\/site.ac-martinique.fr\/clg-perrinon\/wp-content\/uploads\/sites\/146\/2024\/04\/Le-Cyberharcelement-les-Reseaux-Sociaux-1-300x300.png 300w, https:\/\/site.ac-martinique.fr\/clg-perrinon\/wp-content\/uploads\/sites\/146\/2024\/04\/Le-Cyberharcelement-les-Reseaux-Sociaux-1-150x150.png 150w\" sizes=\"auto, (max-width: 412px) 100vw, 412px\" \/><\/figure><div class=\"wp-block-media-text__content\">\n<h2 class=\"wp-block-heading\"><a href=\"https:\/\/site.ac-martinique.fr\/clg-perrinon2\/?p=263\">Le Cyberharc\u00e8lement &amp; les R\u00e9seaux Sociaux<\/a><\/h2>\n\n\n\n<p>Le Coll\u00e8ge PERRINON convie les parents d&rsquo;\u00e9l\u00e8ves \u00e0 un temps d&rsquo;\u00e9changes anim\u00e9 par M<sup>r<\/sup> DENEVE.<\/p>\n<\/div><\/div>\n\n\n\n<hr class=\"wp-block-separator has-alpha-channel-opacity\"\/>\n\n\n\n<div class=\"wp-block-media-text is-stacked-on-mobile\" style=\"grid-template-columns:24% auto\"><figure class=\"wp-block-media-text__media\"><img loading=\"lazy\" decoding=\"async\" width=\"314\" height=\"314\" src=\"https:\/\/site.ac-martinique.fr\/clg-perrinon2\/wp-content\/uploads\/sites\/146\/2024\/03\/Concours-de-Poesie.jpeg\" alt=\"\" class=\"wp-image-527 size-full\" srcset=\"https:\/\/site.ac-martinique.fr\/clg-perrinon\/wp-content\/uploads\/sites\/146\/2024\/03\/Concours-de-Poesie.jpeg 314w, https:\/\/site.ac-martinique.fr\/clg-perrinon\/wp-content\/uploads\/sites\/146\/2024\/03\/Concours-de-Poesie-300x300.jpeg 300w, https:\/\/site.ac-martinique.fr\/clg-perrinon\/wp-content\/uploads\/sites\/146\/2024\/03\/Concours-de-Poesie-150x150.jpeg 150w\" sizes=\"auto, (max-width: 314px) 100vw, 314px\" \/><\/figure><div class=\"wp-block-media-text__content\">\n<h2 class=\"wp-block-heading\"><a href=\"https:\/\/site.ac-martinique.fr\/clg-perrinon2\/?p=310\">Concours de Po\u00e9sie<\/a><\/h2>\n\n\n\n<p>Grand concours ouvert \u00e0 tous les \u00e9l\u00e8ves fran\u00e7ais et francophone des U.S.A, du Canada, des territoires fran\u00e7ais d&rsquo;Outre-Mer et de l&rsquo;\u00eele Maurice, de la maternelle au lyc\u00e9e.<\/p>\n<\/div><\/div>\n\n\n\n<hr class=\"wp-block-separator has-alpha-channel-opacity\"\/>\n\n\n\n<div class=\"wp-block-media-text is-stacked-on-mobile\" style=\"grid-template-columns:24% auto\"><figure class=\"wp-block-media-text__media\"><img loading=\"lazy\" decoding=\"async\" width=\"90\" height=\"137\" src=\"https:\/\/site.ac-martinique.fr\/clg-perrinon2\/wp-content\/uploads\/sites\/146\/2023\/11\/Atelier-du-Midi.png\" alt=\"\" class=\"wp-image-530 size-full\"\/><\/figure><div class=\"wp-block-media-text__content\">\n<h2 class=\"wp-block-heading\"><a href=\"https:\/\/site.ac-martinique.fr\/clg-perrinon2\/atelier-du-midi\/\">Atelier du Midi<\/a><\/h2>\n\n\n\n<p>Diff\u00e9rents ateliers sont propos\u00e9s pendant la pause de la demi-pension.<\/p>\n<\/div><\/div>\n\n\n\n<hr class=\"wp-block-separator has-alpha-channel-opacity\"\/>\n\n\n\n<div class=\"wp-block-media-text is-stacked-on-mobile\" style=\"grid-template-columns:24% auto\"><figure class=\"wp-block-media-text__media\"><img loading=\"lazy\" decoding=\"async\" width=\"230\" height=\"230\" src=\"https:\/\/site.ac-martinique.fr\/clg-perrinon2\/wp-content\/uploads\/sites\/146\/2023\/11\/Atelier-Estime-de-soi.png\" alt=\"\" class=\"wp-image-533 size-full\" srcset=\"https:\/\/site.ac-martinique.fr\/clg-perrinon\/wp-content\/uploads\/sites\/146\/2023\/11\/Atelier-Estime-de-soi.png 230w, https:\/\/site.ac-martinique.fr\/clg-perrinon\/wp-content\/uploads\/sites\/146\/2023\/11\/Atelier-Estime-de-soi-150x150.png 150w\" sizes=\"auto, (max-width: 230px) 100vw, 230px\" \/><\/figure><div class=\"wp-block-media-text__content\">\n<h2 class=\"wp-block-heading\"><a href=\"https:\/\/site.ac-martinique.fr\/clg-perrinon2\/atelier-estime-de-soi\/\">Atelier \u00ab Estime de soi \u00bb<\/a><\/h2>\n\n\n\n<p>Atelier aidant \u00e0 d\u00e9velopper la confiance en soi, la connaissance de soi, le sentiment d&rsquo;appartenance \u00e0 un groupe et de comp\u00e9tence.<\/p>\n<\/div><\/div>\n\n\n\n<hr class=\"wp-block-separator has-alpha-channel-opacity\"\/>\n\n\n\n<div class=\"wp-block-media-text is-stacked-on-mobile\" style=\"grid-template-columns:24% auto\"><figure class=\"wp-block-media-text__media\"><img loading=\"lazy\" decoding=\"async\" width=\"195\" height=\"125\" src=\"https:\/\/site.ac-martinique.fr\/clg-perrinon2\/wp-content\/uploads\/sites\/146\/2023\/10\/Atelier-Parlons-de-ton-metier.png\" alt=\"\" class=\"wp-image-535 size-full\"\/><\/figure><div class=\"wp-block-media-text__content\">\n<h2 class=\"wp-block-heading\"><a href=\"https:\/\/site.ac-martinique.fr\/clg-perrinon2\/atelier-parlons-de-ton-metier\/\">Atelier \u00ab Parlons de ton m\u00e9tier \u00bb<\/a><\/h2>\n\n\n\n<p>Dans le cadre de la pr\u00e9paration de l\u2019orientation post 3<sup>\u00e8me<\/sup>, il est offert \u00e0 nos \u00e9l\u00e8ves de 3<sup>\u00e8me<\/sup>, des ateliers de d\u00e9couverte des m\u00e9tiers et de l\u2019orientation.<\/p>\n<\/div><\/div>\n\n\n\n<hr class=\"wp-block-separator has-alpha-channel-opacity\"\/>\n\n\n\n<div class=\"wp-block-media-text is-stacked-on-mobile\" style=\"grid-template-columns:24% auto\"><figure class=\"wp-block-media-text__media\"><img loading=\"lazy\" decoding=\"async\" width=\"225\" height=\"225\" src=\"https:\/\/site.ac-martinique.fr\/clg-perrinon2\/wp-content\/uploads\/sites\/146\/2023\/10\/Atelier-Photographie.jpeg\" alt=\"\" class=\"wp-image-537 size-full\" srcset=\"https:\/\/site.ac-martinique.fr\/clg-perrinon\/wp-content\/uploads\/sites\/146\/2023\/10\/Atelier-Photographie.jpeg 225w, https:\/\/site.ac-martinique.fr\/clg-perrinon\/wp-content\/uploads\/sites\/146\/2023\/10\/Atelier-Photographie-150x150.jpeg 150w\" sizes=\"auto, (max-width: 225px) 100vw, 225px\" \/><\/figure><div class=\"wp-block-media-text__content\">\n<h2 class=\"wp-block-heading\"><a href=\"https:\/\/site.ac-martinique.fr\/clg-perrinon2\/atelier-photographie\/\">Atelier Photographie<\/a><\/h2>\n\n\n\n<p>Pour les amateurs de photographie, un atelier se tiendra tous&nbsp;les&nbsp;Lundis de 13h \u00e0 13h50.<\/p>\n<\/div><\/div>\n\n\n\n<hr class=\"wp-block-separator has-alpha-channel-opacity\"\/>\n\n\n\n<div class=\"wp-block-media-text is-stacked-on-mobile\" style=\"grid-template-columns:24% auto\"><figure class=\"wp-block-media-text__media\"><img loading=\"lazy\" decoding=\"async\" width=\"152\" height=\"152\" src=\"https:\/\/site.ac-martinique.fr\/clg-perrinon2\/wp-content\/uploads\/sites\/146\/2023\/09\/Atelier-Lecture-1.png\" alt=\"\" class=\"wp-image-540 size-full\" srcset=\"https:\/\/site.ac-martinique.fr\/clg-perrinon\/wp-content\/uploads\/sites\/146\/2023\/09\/Atelier-Lecture-1.png 152w, https:\/\/site.ac-martinique.fr\/clg-perrinon\/wp-content\/uploads\/sites\/146\/2023\/09\/Atelier-Lecture-1-150x150.png 150w\" sizes=\"auto, (max-width: 152px) 100vw, 152px\" \/><\/figure><div class=\"wp-block-media-text__content\">\n<h2 class=\"wp-block-heading\"><a href=\"http:\/\/college-francois-auguste-perrinon.local\/atelier-lecture\/\">Atelier Lecture<\/a><\/h2>\n\n\n\n<p>L&rsquo;atelier L.2E.2P vous attend au C.D.I tous les Lundis de 13h \u00e0 13h45, en semaine B uniquement.<\/p>\n<\/div><\/div>\n","protected":false},"excerpt":{"rendered":"<p>Sa Ki F\u00e8t PERRINON ? En Juin, le Coll\u00e8ge PERRINON te r\u00e9serve une exp\u00e9rience de ouf sur sc\u00e8ne ! Le Cyberharc\u00e8lement &amp; les R\u00e9seaux Sociaux Le Coll\u00e8ge PERRINON convie les parents d&rsquo;\u00e9l\u00e8ves \u00e0 un temps d&rsquo;\u00e9changes anim\u00e9 par Mr DENEVE. Concours de Po\u00e9sie Grand concours ouvert \u00e0 tous les \u00e9l\u00e8ves fran\u00e7ais et francophone des U.S.A, [&hellip;]<\/p>\n","protected":false},"author":72,"featured_media":0,"parent":0,"menu_order":2,"comment_status":"closed","ping_status":"closed","template":"","meta":{"footnotes":""},"class_list":["post-19","page","type-page","status-publish","hentry"],"_links":{"self":[{"href":"https:\/\/site.ac-martinique.fr\/clg-perrinon\/wp-json\/wp\/v2\/pages\/19","targetHints":{"allow":["GET"]}}],"collection":[{"href":"https:\/\/site.ac-martinique.fr\/clg-perrinon\/wp-json\/wp\/v2\/pages"}],"about":[{"href":"https:\/\/site.ac-martinique.fr\/clg-perrinon\/wp-json\/wp\/v2\/types\/page"}],"author":[{"embeddable":true,"href":"https:\/\/site.ac-martinique.fr\/clg-perrinon\/wp-json\/wp\/v2\/users\/72"}],"replies":[{"embeddable":true,"href":"https:\/\/site.ac-martinique.fr\/clg-perrinon\/wp-json\/wp\/v2\/comments?post=19"}],"version-history":[{"count":2,"href":"https:\/\/site.ac-martinique.fr\/clg-perrinon\/wp-json\/wp\/v2\/pages\/19\/revisions"}],"predecessor-version":[{"id":590,"href":"https:\/\/site.ac-martinique.fr\/clg-perrinon\/wp-json\/wp\/v2\/pages\/19\/revisions\/590"}],"wp:attachment":[{"href":"https:\/\/site.ac-martinique.fr\/clg-perrinon\/wp-json\/wp\/v2\/media?parent=19"}],"curies":[{"name":"wp","href":"https:\/\/api.w.org\/{rel}","templated":true}]}}