{"id":23,"date":"2024-02-01T15:43:00","date_gmt":"2024-02-01T15:43:00","guid":{"rendered":"http:\/\/college-francois-auguste-perrinon.local\/?page_id=23"},"modified":"2024-09-04T14:43:19","modified_gmt":"2024-09-04T18:43:19","slug":"eleves","status":"publish","type":"page","link":"https:\/\/site.ac-martinique.fr\/clg-perrinon\/eleves\/","title":{"rendered":"\u00c9l\u00e8ves"},"content":{"rendered":"\n<h3 class=\"wp-block-heading has-text-align-center\">Passage des \u00e9l\u00e8ves au r\u00e9fectoire<\/h3>\n\n\n<div class=\"wp-block-image\">\n<figure class=\"aligncenter size-large\"><img loading=\"lazy\" decoding=\"async\" width=\"1024\" height=\"720\" src=\"https:\/\/site.ac-martinique.fr\/clg-perrinon2\/wp-content\/uploads\/sites\/146\/2024\/09\/Passage-des-Eleves-au-Refectoire-en-Semaine-A-1024x720.png\" alt=\"\" class=\"wp-image-570\" srcset=\"https:\/\/site.ac-martinique.fr\/clg-perrinon\/wp-content\/uploads\/sites\/146\/2024\/09\/Passage-des-Eleves-au-Refectoire-en-Semaine-A-1024x720.png 1024w, https:\/\/site.ac-martinique.fr\/clg-perrinon\/wp-content\/uploads\/sites\/146\/2024\/09\/Passage-des-Eleves-au-Refectoire-en-Semaine-A-300x211.png 300w, https:\/\/site.ac-martinique.fr\/clg-perrinon\/wp-content\/uploads\/sites\/146\/2024\/09\/Passage-des-Eleves-au-Refectoire-en-Semaine-A-768x540.png 768w, https:\/\/site.ac-martinique.fr\/clg-perrinon\/wp-content\/uploads\/sites\/146\/2024\/09\/Passage-des-Eleves-au-Refectoire-en-Semaine-A.png 1253w\" sizes=\"auto, (max-width: 1024px) 100vw, 1024px\" \/><\/figure>\n<\/div>\n\n<div class=\"wp-block-image\">\n<figure class=\"aligncenter size-large\"><img loading=\"lazy\" decoding=\"async\" width=\"1024\" height=\"721\" src=\"https:\/\/site.ac-martinique.fr\/clg-perrinon2\/wp-content\/uploads\/sites\/146\/2024\/09\/Passage-des-Eleves-au-Refectoire-en-Semaine-B-1024x721.png\" alt=\"\" class=\"wp-image-571\" srcset=\"https:\/\/site.ac-martinique.fr\/clg-perrinon\/wp-content\/uploads\/sites\/146\/2024\/09\/Passage-des-Eleves-au-Refectoire-en-Semaine-B-1024x721.png 1024w, https:\/\/site.ac-martinique.fr\/clg-perrinon\/wp-content\/uploads\/sites\/146\/2024\/09\/Passage-des-Eleves-au-Refectoire-en-Semaine-B-300x211.png 300w, https:\/\/site.ac-martinique.fr\/clg-perrinon\/wp-content\/uploads\/sites\/146\/2024\/09\/Passage-des-Eleves-au-Refectoire-en-Semaine-B-768x541.png 768w, https:\/\/site.ac-martinique.fr\/clg-perrinon\/wp-content\/uploads\/sites\/146\/2024\/09\/Passage-des-Eleves-au-Refectoire-en-Semaine-B.png 1252w\" sizes=\"auto, (max-width: 1024px) 100vw, 1024px\" \/><\/figure>\n<\/div>","protected":false},"excerpt":{"rendered":"<p>Passage des \u00e9l\u00e8ves au r\u00e9fectoire<\/p>\n","protected":false},"author":72,"featured_media":0,"parent":0,"menu_order":5,"comment_status":"closed","ping_status":"closed","template":"","meta":{"footnotes":""},"class_list":["post-23","page","type-page","status-publish","hentry"],"_links":{"self":[{"href":"https:\/\/site.ac-martinique.fr\/clg-perrinon\/wp-json\/wp\/v2\/pages\/23","targetHints":{"allow":["GET"]}}],"collection":[{"href":"https:\/\/site.ac-martinique.fr\/clg-perrinon\/wp-json\/wp\/v2\/pages"}],"about":[{"href":"https:\/\/site.ac-martinique.fr\/clg-perrinon\/wp-json\/wp\/v2\/types\/page"}],"author":[{"embeddable":true,"href":"https:\/\/site.ac-martinique.fr\/clg-perrinon\/wp-json\/wp\/v2\/users\/72"}],"replies":[{"embeddable":true,"href":"https:\/\/site.ac-martinique.fr\/clg-perrinon\/wp-json\/wp\/v2\/comments?post=23"}],"version-history":[{"count":1,"href":"https:\/\/site.ac-martinique.fr\/clg-perrinon\/wp-json\/wp\/v2\/pages\/23\/revisions"}],"predecessor-version":[{"id":573,"href":"https:\/\/site.ac-martinique.fr\/clg-perrinon\/wp-json\/wp\/v2\/pages\/23\/revisions\/573"}],"wp:attachment":[{"href":"https:\/\/site.ac-martinique.fr\/clg-perrinon\/wp-json\/wp\/v2\/media?parent=23"}],"curies":[{"name":"wp","href":"https:\/\/api.w.org\/{rel}","templated":true}]}}