{"id":25,"date":"2024-02-01T15:43:52","date_gmt":"2024-02-01T15:43:52","guid":{"rendered":"http:\/\/college-francois-auguste-perrinon.local\/?page_id=25"},"modified":"2025-08-19T09:50:41","modified_gmt":"2025-08-19T13:50:41","slug":"parents","status":"publish","type":"page","link":"https:\/\/site.ac-martinique.fr\/clg-perrinon\/parents\/","title":{"rendered":"Parents"},"content":{"rendered":"\n<h3 class=\"wp-block-heading has-text-align-center\">Permettre aux parents de comprendre l\u2019\u00c9cole<\/h3>\n\n\n\n<p>Site Eduscol : <a href=\"https:\/\/eduscol.education.fr\/2187\/ouvrir-l-ecole-aux-parents-pour-la-reussite-des-enfants\">https:\/\/eduscol.education.fr\/2187\/ouvrir-l-ecole-aux-parents-pour-la-reussite-des-enfants<\/a><\/p>\n\n\n\n<p>Circulation et gestion du parking du coll\u00e8ge : <\/p>\n\n\n<div class=\"wp-block-image\">\n<figure class=\"aligncenter size-large is-resized\"><img loading=\"lazy\" decoding=\"async\" width=\"1024\" height=\"458\" src=\"https:\/\/site.ac-martinique.fr\/clg-perrinon2\/wp-content\/uploads\/sites\/146\/2025\/08\/parking-1024x458.jpg\" alt=\"\" class=\"wp-image-641\" style=\"width:553px;height:auto\" srcset=\"https:\/\/site.ac-martinique.fr\/clg-perrinon\/wp-content\/uploads\/sites\/146\/2025\/08\/parking-1024x458.jpg 1024w, https:\/\/site.ac-martinique.fr\/clg-perrinon\/wp-content\/uploads\/sites\/146\/2025\/08\/parking-300x134.jpg 300w, https:\/\/site.ac-martinique.fr\/clg-perrinon\/wp-content\/uploads\/sites\/146\/2025\/08\/parking-768x344.jpg 768w, https:\/\/site.ac-martinique.fr\/clg-perrinon\/wp-content\/uploads\/sites\/146\/2025\/08\/parking.jpg 1093w\" sizes=\"auto, (max-width: 1024px) 100vw, 1024px\" \/><\/figure>\n<\/div>\n\n\n<p><strong>Applications et logiciels n\u00e9cessaires : <\/strong><\/p>\n\n\n\n<p><strong>ENT Colibri <\/strong><\/p>\n\n\n\n<figure class=\"wp-block-image size-full is-resized\"><a href=\"https:\/\/colibri.ac-martinique.fr\/auth\/saml\/wayf?callBack=https%3A%2F%2Fcolibri.ac-martinique.fr%2Ftimeline%2Ftimeline#\/\" target=\"_blank\" rel=\" noreferrer noopener\"><img loading=\"lazy\" decoding=\"async\" width=\"396\" height=\"127\" src=\"https:\/\/site.ac-martinique.fr\/clg-perrinon2\/wp-content\/uploads\/sites\/146\/2025\/08\/image.png\" alt=\"\" class=\"wp-image-642\" style=\"width:305px;height:auto\" srcset=\"https:\/\/site.ac-martinique.fr\/clg-perrinon\/wp-content\/uploads\/sites\/146\/2025\/08\/image.png 396w, https:\/\/site.ac-martinique.fr\/clg-perrinon\/wp-content\/uploads\/sites\/146\/2025\/08\/image-300x96.png 300w\" sizes=\"auto, (max-width: 396px) 100vw, 396px\" \/><\/a><\/figure>\n\n\n\n<p><strong>Educonnect<\/strong> <\/p>\n\n\n\n<figure class=\"wp-block-image size-full is-resized\"><a href=\"https:\/\/educonnect.education.gouv.fr\/idp\/profile\/SAML2\/Unsolicited\/SSO?execution=e2s1\" target=\"_blank\" rel=\" noreferrer noopener\"><img loading=\"lazy\" decoding=\"async\" width=\"318\" height=\"158\" src=\"https:\/\/site.ac-martinique.fr\/clg-perrinon2\/wp-content\/uploads\/sites\/146\/2025\/08\/image-1.png\" alt=\"\" class=\"wp-image-643\" style=\"width:218px;height:auto\" srcset=\"https:\/\/site.ac-martinique.fr\/clg-perrinon\/wp-content\/uploads\/sites\/146\/2025\/08\/image-1.png 318w, https:\/\/site.ac-martinique.fr\/clg-perrinon\/wp-content\/uploads\/sites\/146\/2025\/08\/image-1-300x149.png 300w\" sizes=\"auto, (max-width: 318px) 100vw, 318px\" \/><\/a><\/figure>\n\n\n\n<p><strong>Pronote<\/strong><\/p>\n\n\n\n<figure class=\"wp-block-image size-full is-resized\"><img loading=\"lazy\" decoding=\"async\" width=\"259\" height=\"194\" src=\"https:\/\/site.ac-martinique.fr\/clg-perrinon2\/wp-content\/uploads\/sites\/146\/2025\/08\/image-2.png\" alt=\"\" class=\"wp-image-644\" style=\"width:160px;height:auto\"\/><\/figure>\n\n\n\n<p>Listes de mat\u00e9riel (g\u00e9n\u00e9ral, Ulis, Segpa)<\/p>\n\n\n\n<div data-wp-interactive=\"core\/file\" class=\"wp-block-file\"><object data-wp-bind--hidden=\"!state.hasPdfPreview\" hidden class=\"wp-block-file__embed\" data=\"https:\/\/site.ac-martinique.fr\/clg-perrinon2\/wp-content\/uploads\/sites\/146\/2025\/08\/Materiel-tous-niveaux-1.pdf\" type=\"application\/pdf\" style=\"width:100%;height:600px\" aria-label=\"Contenu embarqu\u00e9 Materiel-tous-niveaux.\"><\/object><a id=\"wp-block-file--media-ecb7a984-7965-4047-9354-68c6eb660da2\" href=\"https:\/\/site.ac-martinique.fr\/clg-perrinon2\/wp-content\/uploads\/sites\/146\/2025\/08\/Materiel-tous-niveaux-1.pdf\">Materiel-tous-niveaux<\/a><a href=\"https:\/\/site.ac-martinique.fr\/clg-perrinon2\/wp-content\/uploads\/sites\/146\/2025\/08\/Materiel-tous-niveaux-1.pdf\" class=\"wp-block-file__button wp-element-button\" download aria-describedby=\"wp-block-file--media-ecb7a984-7965-4047-9354-68c6eb660da2\">T\u00e9l\u00e9charger<\/a><\/div>\n\n\n\n<div data-wp-interactive=\"core\/file\" class=\"wp-block-file\"><object data-wp-bind--hidden=\"!state.hasPdfPreview\" hidden class=\"wp-block-file__embed\" data=\"https:\/\/site.ac-martinique.fr\/clg-perrinon2\/wp-content\/uploads\/sites\/146\/2025\/08\/Oeuvres-a-acheter.pdf\" type=\"application\/pdf\" style=\"width:100%;height:600px\" aria-label=\"Contenu embarqu\u00e9 Oeuvres-a-acheter.\"><\/object><a id=\"wp-block-file--media-42d4e96b-f70c-45f2-94da-4fafd9d59e5a\" href=\"https:\/\/site.ac-martinique.fr\/clg-perrinon2\/wp-content\/uploads\/sites\/146\/2025\/08\/Oeuvres-a-acheter.pdf\">Oeuvres-a-acheter<\/a><a href=\"https:\/\/site.ac-martinique.fr\/clg-perrinon2\/wp-content\/uploads\/sites\/146\/2025\/08\/Oeuvres-a-acheter.pdf\" class=\"wp-block-file__button wp-element-button\" download aria-describedby=\"wp-block-file--media-42d4e96b-f70c-45f2-94da-4fafd9d59e5a\">T\u00e9l\u00e9charger<\/a><\/div>\n\n\n\n<div data-wp-interactive=\"core\/file\" class=\"wp-block-file\"><object data-wp-bind--hidden=\"!state.hasPdfPreview\" hidden class=\"wp-block-file__embed\" data=\"https:\/\/site.ac-martinique.fr\/clg-perrinon2\/wp-content\/uploads\/sites\/146\/2025\/08\/Materiel-dispositif-ULIS.pdf\" type=\"application\/pdf\" style=\"width:100%;height:600px\" aria-label=\"Contenu embarqu\u00e9 Materiel-dispositif-ULIS.\"><\/object><a id=\"wp-block-file--media-cbadca66-ef72-4161-9376-277df1dc3d72\" href=\"https:\/\/site.ac-martinique.fr\/clg-perrinon2\/wp-content\/uploads\/sites\/146\/2025\/08\/Materiel-dispositif-ULIS.pdf\">Materiel-dispositif-ULIS<\/a><a href=\"https:\/\/site.ac-martinique.fr\/clg-perrinon2\/wp-content\/uploads\/sites\/146\/2025\/08\/Materiel-dispositif-ULIS.pdf\" class=\"wp-block-file__button wp-element-button\" download aria-describedby=\"wp-block-file--media-cbadca66-ef72-4161-9376-277df1dc3d72\">T\u00e9l\u00e9charger<\/a><\/div>\n\n\n\n<div data-wp-interactive=\"core\/file\" class=\"wp-block-file\"><object data-wp-bind--hidden=\"!state.hasPdfPreview\" hidden class=\"wp-block-file__embed\" data=\"https:\/\/site.ac-martinique.fr\/clg-perrinon2\/wp-content\/uploads\/sites\/146\/2025\/08\/Liste-de-Materiel-SEGPA-25-26Tous-Niveaux-du-8-juillet-2025.pdf\" type=\"application\/pdf\" style=\"width:100%;height:600px\" aria-label=\"Contenu embarqu\u00e9 Liste-de-Materiel-SEGPA-25-26Tous-Niveaux-du-8-juillet-2025.\"><\/object><a id=\"wp-block-file--media-16b20f62-19ce-4850-9670-9720c932eb71\" href=\"https:\/\/site.ac-martinique.fr\/clg-perrinon2\/wp-content\/uploads\/sites\/146\/2025\/08\/Liste-de-Materiel-SEGPA-25-26Tous-Niveaux-du-8-juillet-2025.pdf\">Liste-de-Materiel-SEGPA-25-26Tous-Niveaux-du-8-juillet-2025<\/a><a href=\"https:\/\/site.ac-martinique.fr\/clg-perrinon2\/wp-content\/uploads\/sites\/146\/2025\/08\/Liste-de-Materiel-SEGPA-25-26Tous-Niveaux-du-8-juillet-2025.pdf\" class=\"wp-block-file__button wp-element-button\" download aria-describedby=\"wp-block-file--media-16b20f62-19ce-4850-9670-9720c932eb71\">T\u00e9l\u00e9charger<\/a><\/div>\n","protected":false},"excerpt":{"rendered":"<p>Permettre aux parents de comprendre l\u2019\u00c9cole Site Eduscol : https:\/\/eduscol.education.fr\/2187\/ouvrir-l-ecole-aux-parents-pour-la-reussite-des-enfants Circulation et gestion du parking du coll\u00e8ge : Applications et logiciels n\u00e9cessaires : ENT Colibri Educonnect Pronote Listes de mat\u00e9riel (g\u00e9n\u00e9ral, Ulis, Segpa)<\/p>\n","protected":false},"author":72,"featured_media":0,"parent":0,"menu_order":6,"comment_status":"closed","ping_status":"closed","template":"","meta":{"footnotes":""},"class_list":["post-25","page","type-page","status-publish","hentry"],"_links":{"self":[{"href":"https:\/\/site.ac-martinique.fr\/clg-perrinon\/wp-json\/wp\/v2\/pages\/25","targetHints":{"allow":["GET"]}}],"collection":[{"href":"https:\/\/site.ac-martinique.fr\/clg-perrinon\/wp-json\/wp\/v2\/pages"}],"about":[{"href":"https:\/\/site.ac-martinique.fr\/clg-perrinon\/wp-json\/wp\/v2\/types\/page"}],"author":[{"embeddable":true,"href":"https:\/\/site.ac-martinique.fr\/clg-perrinon\/wp-json\/wp\/v2\/users\/72"}],"replies":[{"embeddable":true,"href":"https:\/\/site.ac-martinique.fr\/clg-perrinon\/wp-json\/wp\/v2\/comments?post=25"}],"version-history":[{"count":5,"href":"https:\/\/site.ac-martinique.fr\/clg-perrinon\/wp-json\/wp\/v2\/pages\/25\/revisions"}],"predecessor-version":[{"id":663,"href":"https:\/\/site.ac-martinique.fr\/clg-perrinon\/wp-json\/wp\/v2\/pages\/25\/revisions\/663"}],"wp:attachment":[{"href":"https:\/\/site.ac-martinique.fr\/clg-perrinon\/wp-json\/wp\/v2\/media?parent=25"}],"curies":[{"name":"wp","href":"https:\/\/api.w.org\/{rel}","templated":true}]}}