{"id":29,"date":"2024-02-01T15:45:02","date_gmt":"2024-02-01T15:45:02","guid":{"rendered":"http:\/\/college-francois-auguste-perrinon.local\/?page_id=29"},"modified":"2025-08-19T08:48:51","modified_gmt":"2025-08-19T12:48:51","slug":"c-d-i","status":"publish","type":"page","link":"https:\/\/site.ac-martinique.fr\/clg-perrinon\/c-d-i\/","title":{"rendered":"C.D.I"},"content":{"rendered":"\n<div class=\"wp-block-group\"><div class=\"wp-block-group__inner-container is-layout-constrained wp-block-group-is-layout-constrained\">\n<div class=\"wp-block-media-text is-stacked-on-mobile\" style=\"grid-template-columns:25% auto\"><figure class=\"wp-block-media-text__media\"><img loading=\"lazy\" decoding=\"async\" width=\"144\" height=\"145\" src=\"https:\/\/site.ac-martinique.fr\/clg-perrinon2\/wp-content\/uploads\/sites\/146\/2024\/09\/Horloge.jpeg\" alt=\"\" class=\"wp-image-555 size-full\"\/><\/figure><div class=\"wp-block-media-text__content\">\n<h2 class=\"wp-block-heading\">Horaires<\/h2>\n\n\n\n<p>Le C.D.I est ouvert le Lundi, le Mardi et le Jeudi&nbsp;de&nbsp;7h30 \u00e0 14h le matin et de&nbsp;14h45 \u00e0&nbsp;16h30 l\u2019apr\u00e8s-midi. Le Vendredi, il est ouvert de&nbsp;7h30 \u00e0 12h45.<\/p>\n\n\n\n<p>Il est accessible \u00e0 l\u2019ensemble de la communaut\u00e9 \u00e9ducative (\u00e9l\u00e8ves, enseignants, personnel administratif, agents\u2026).<\/p>\n<\/div><\/div>\n<\/div><\/div>\n\n\n\n<hr class=\"wp-block-separator has-alpha-channel-opacity\"\/>\n\n\n\n<div class=\"wp-block-media-text is-stacked-on-mobile\" style=\"grid-template-columns:24% auto\"><figure class=\"wp-block-media-text__media\"><img loading=\"lazy\" decoding=\"async\" width=\"138\" height=\"216\" src=\"https:\/\/site.ac-martinique.fr\/clg-perrinon2\/wp-content\/uploads\/sites\/146\/2024\/09\/Fonctionnement.jpeg\" alt=\"\" class=\"wp-image-556 size-full\"\/><\/figure><div class=\"wp-block-media-text__content\">\n<h2 class=\"wp-block-heading\">Fonctionnement<\/h2>\n\n\n\n<p>Au C.D.I, les \u00e9l\u00e8ves peuvent lire des livres, des magazines et des B.D mais aussi les emprunter (jusqu\u2019\u00e0 3 documents maximum pour une dur\u00e9e de 15 jours).<\/p>\n\n\n\n<p>Ils peuvent \u00e9galement faire des recherches p\u00e9dagogiques sur le logiciel B.C.D.I ou sur Internet, consulter des dictionnaires et des encyclop\u00e9dies mais aussi faire leurs devoirs et s\u2019informer sur l\u2019orientation gr\u00e2ce au kiosque O.N.I.S.E.P.<\/p>\n<\/div><\/div>\n\n\n\n<hr class=\"wp-block-separator has-alpha-channel-opacity\"\/>\n\n\n\n<div class=\"wp-block-media-text is-stacked-on-mobile\" style=\"grid-template-columns:23% auto\"><figure class=\"wp-block-media-text__media\"><img loading=\"lazy\" decoding=\"async\" width=\"340\" height=\"166\" src=\"https:\/\/site.ac-martinique.fr\/clg-perrinon2\/wp-content\/uploads\/sites\/146\/2024\/09\/Abonnement.jpeg\" alt=\"\" class=\"wp-image-557 size-full\" srcset=\"https:\/\/site.ac-martinique.fr\/clg-perrinon\/wp-content\/uploads\/sites\/146\/2024\/09\/Abonnement.jpeg 340w, https:\/\/site.ac-martinique.fr\/clg-perrinon\/wp-content\/uploads\/sites\/146\/2024\/09\/Abonnement-300x146.jpeg 300w\" sizes=\"auto, (max-width: 340px) 100vw, 340px\" \/><\/figure><div class=\"wp-block-media-text__content\">\n<h2 class=\"wp-block-heading\">Abonnements<\/h2>\n<\/div><\/div>\n\n\n\n<figure class=\"wp-block-table\"><table><tbody><tr><td><span style=\"text-decoration: underline\"><strong>Pour les \u00e9l\u00e8ves :<\/strong><br><\/span>&#8211; <a href=\"http:\/\/www.svjlesite.fr\"><em>Science &amp; Vie Junior<\/em><\/a><br>&#8211; Science &amp; Vie Junior Hors-S\u00e9rie<br>&#8211; <a href=\"http:\/\/www.je-bouquine.com\"><em>Je Bouquine<\/em><\/a><br>&#8211; <a href=\"http:\/\/www.okapi-jebouquine.com\"><em>Okapi<\/em><\/a><br>&#8211; <a href=\"http:\/\/www.virgule-mag.com\"><em>Virgule<\/em><\/a><br>&#8211; Le Petit L\u00e9onard<br>&#8211; Les Chemins de la M\u00e9moire<br>&#8211; M\u00e9moire Vivante<\/td><td class=\"has-text-align-left\" data-align=\"left\"><span style=\"text-decoration: underline\"><strong>Pour les enseignants :<\/strong><br><\/span>&#8211; Documentation Photographique (Papier &amp; Num\u00e9rique) <em><a href=\"http:\/\/www.ecoledeslettres.fr\">L\u2019\u00c9cole des Lettres<\/a><\/em><br>&#8211; T.D.C<br><em>&#8211; <\/em>InterCDI<br>&#8211; France-Antilles<br>&#8211; <a href=\"http:\/\/www.nrp-college.com\"><em>N.R.P<\/em><\/a><br>&#8211; Le site.tv<br>&#8211; Cahier P\u00e9dagogique (Papier &amp; Num\u00e9rique)<br>&#8211; <strong><span style=\"text-decoration: underline\">Routages Gratuits :<\/span><\/strong><br>  &#8211; Arm\u00e9es d\u2019Aujourd\u2019hui,<br>  &#8211; Pil, Le Magazine de l\u2019Industrie Martiniquaise<br>&#8211; <em><a href=\"http:\/\/www.lemonde.fr\/mde\/\">Le Monde de l\u2019\u00c9ducation<\/a><\/em><\/td><\/tr><\/tbody><\/table><\/figure>\n\n\n\n<p>Retrouver sur EsiDoc toutes les informations g\u00e9n\u00e9rales concernant les activit\u00e9s au CDI au et au coll\u00e8ge !<\/p>\n\n\n<div class=\"wp-block-image\">\n<figure class=\"aligncenter size-full is-resized\"><a href=\"https:\/\/9720010d.esidoc.fr\/\" target=\"_blank\" rel=\" noreferrer noopener\"><img loading=\"lazy\" decoding=\"async\" width=\"302\" height=\"167\" src=\"https:\/\/site.ac-martinique.fr\/clg-perrinon2\/wp-content\/uploads\/sites\/146\/2025\/08\/esidoc-3.png\" alt=\"\" class=\"wp-image-638\" style=\"width:313px;height:auto\" srcset=\"https:\/\/site.ac-martinique.fr\/clg-perrinon\/wp-content\/uploads\/sites\/146\/2025\/08\/esidoc-3.png 302w, https:\/\/site.ac-martinique.fr\/clg-perrinon\/wp-content\/uploads\/sites\/146\/2025\/08\/esidoc-3-300x166.png 300w\" sizes=\"auto, (max-width: 302px) 100vw, 302px\" \/><\/a><\/figure>\n<\/div>\n\n\n<p><\/p>\n\n\n\n<p class=\"has-text-align-right\">La Documentaliste<\/p>\n","protected":false},"excerpt":{"rendered":"<p>Horaires Le C.D.I est ouvert le Lundi, le Mardi et le Jeudi&nbsp;de&nbsp;7h30 \u00e0 14h le matin et de&nbsp;14h45 \u00e0&nbsp;16h30 l\u2019apr\u00e8s-midi. Le Vendredi, il est ouvert de&nbsp;7h30 \u00e0 12h45. Il est accessible \u00e0 l\u2019ensemble de la communaut\u00e9 \u00e9ducative (\u00e9l\u00e8ves, enseignants, personnel administratif, agents\u2026). Fonctionnement Au C.D.I, les \u00e9l\u00e8ves peuvent lire des livres, des magazines et des [&hellip;]<\/p>\n","protected":false},"author":72,"featured_media":0,"parent":0,"menu_order":3,"comment_status":"closed","ping_status":"closed","template":"","meta":{"footnotes":""},"class_list":["post-29","page","type-page","status-publish","hentry"],"_links":{"self":[{"href":"https:\/\/site.ac-martinique.fr\/clg-perrinon\/wp-json\/wp\/v2\/pages\/29","targetHints":{"allow":["GET"]}}],"collection":[{"href":"https:\/\/site.ac-martinique.fr\/clg-perrinon\/wp-json\/wp\/v2\/pages"}],"about":[{"href":"https:\/\/site.ac-martinique.fr\/clg-perrinon\/wp-json\/wp\/v2\/types\/page"}],"author":[{"embeddable":true,"href":"https:\/\/site.ac-martinique.fr\/clg-perrinon\/wp-json\/wp\/v2\/users\/72"}],"replies":[{"embeddable":true,"href":"https:\/\/site.ac-martinique.fr\/clg-perrinon\/wp-json\/wp\/v2\/comments?post=29"}],"version-history":[{"count":2,"href":"https:\/\/site.ac-martinique.fr\/clg-perrinon\/wp-json\/wp\/v2\/pages\/29\/revisions"}],"predecessor-version":[{"id":639,"href":"https:\/\/site.ac-martinique.fr\/clg-perrinon\/wp-json\/wp\/v2\/pages\/29\/revisions\/639"}],"wp:attachment":[{"href":"https:\/\/site.ac-martinique.fr\/clg-perrinon\/wp-json\/wp\/v2\/media?parent=29"}],"curies":[{"name":"wp","href":"https:\/\/api.w.org\/{rel}","templated":true}]}}