{"id":35,"date":"2024-02-01T15:46:54","date_gmt":"2024-02-01T15:46:54","guid":{"rendered":"http:\/\/college-francois-auguste-perrinon.local\/?page_id=35"},"modified":"2024-02-01T15:46:54","modified_gmt":"2024-02-01T15:46:54","slug":"infirmerie","status":"publish","type":"page","link":"https:\/\/site.ac-martinique.fr\/clg-perrinon\/vie-du-college\/infirmerie\/","title":{"rendered":"Infirmerie"},"content":{"rendered":"\n<div class=\"wp-block-group\"><div class=\"wp-block-group__inner-container is-layout-constrained wp-block-group-is-layout-constrained\">\n<div class=\"wp-block-media-text is-stacked-on-mobile\" style=\"grid-template-columns:15% auto\"><figure class=\"wp-block-media-text__media\"><img decoding=\"async\" src=\"http:\/\/college-francois-auguste-perrinon.local\/wp-content\/uploads\/2024\/02\/Infirmerie.png\" alt=\"\" class=\"wp-image-67 size-full\" \/><\/figure><div class=\"wp-block-media-text__content\">\n<div class=\"wp-block-group\"><div class=\"wp-block-group__inner-container is-layout-constrained wp-block-group-is-layout-constrained\">\n<h2 class=\"wp-block-heading\"><a href=\"\/Users\/TICE\/Documents\/BECRIT%20Noellya\/Infirmi%C3%A8re.pdf\">Les Missions de l&rsquo;Infirmerie<\/a><\/h2>\n\n\n\n<p>Au sein d&rsquo;un \u00e9tablissement, la pr\u00e9sence d&rsquo;une infirmi\u00e8re est indispensable. Son r\u00f4le est de promouvoir la sant\u00e9 des \u00e9l\u00e8ves en leur faveur.<\/p>\n<\/div><\/div>\n<\/div><\/div>\n<\/div><\/div>\n","protected":false},"excerpt":{"rendered":"<p>Les Missions de l&rsquo;Infirmerie Au sein d&rsquo;un \u00e9tablissement, la pr\u00e9sence d&rsquo;une infirmi\u00e8re est indispensable. Son r\u00f4le est de promouvoir la sant\u00e9 des \u00e9l\u00e8ves en leur faveur.<\/p>\n","protected":false},"author":72,"featured_media":0,"parent":19,"menu_order":1,"comment_status":"closed","ping_status":"closed","template":"","meta":{"footnotes":""},"class_list":["post-35","page","type-page","status-publish","hentry"],"_links":{"self":[{"href":"https:\/\/site.ac-martinique.fr\/clg-perrinon\/wp-json\/wp\/v2\/pages\/35","targetHints":{"allow":["GET"]}}],"collection":[{"href":"https:\/\/site.ac-martinique.fr\/clg-perrinon\/wp-json\/wp\/v2\/pages"}],"about":[{"href":"https:\/\/site.ac-martinique.fr\/clg-perrinon\/wp-json\/wp\/v2\/types\/page"}],"author":[{"embeddable":true,"href":"https:\/\/site.ac-martinique.fr\/clg-perrinon\/wp-json\/wp\/v2\/users\/72"}],"replies":[{"embeddable":true,"href":"https:\/\/site.ac-martinique.fr\/clg-perrinon\/wp-json\/wp\/v2\/comments?post=35"}],"version-history":[{"count":0,"href":"https:\/\/site.ac-martinique.fr\/clg-perrinon\/wp-json\/wp\/v2\/pages\/35\/revisions"}],"up":[{"embeddable":true,"href":"https:\/\/site.ac-martinique.fr\/clg-perrinon\/wp-json\/wp\/v2\/pages\/19"}],"wp:attachment":[{"href":"https:\/\/site.ac-martinique.fr\/clg-perrinon\/wp-json\/wp\/v2\/media?parent=35"}],"curies":[{"name":"wp","href":"https:\/\/api.w.org\/{rel}","templated":true}]}}