{"id":37,"date":"2024-02-01T15:47:46","date_gmt":"2024-02-01T15:47:46","guid":{"rendered":"http:\/\/college-francois-auguste-perrinon.local\/?page_id=37"},"modified":"2025-08-19T08:25:24","modified_gmt":"2025-08-19T12:25:24","slug":"voyages","status":"publish","type":"page","link":"https:\/\/site.ac-martinique.fr\/clg-perrinon\/vie-du-college\/voyages\/","title":{"rendered":"Voyages"},"content":{"rendered":"\n<div class=\"wp-block-media-text is-stacked-on-mobile\" style=\"grid-template-columns:32% auto\"><figure class=\"wp-block-media-text__media\"><img decoding=\"async\" src=\"http:\/\/college-francois-auguste-perrinon.local\/wp-content\/uploads\/2024\/05\/Drapeau-Saint-Domingue.jpeg\" alt=\"\" class=\"wp-image-367 size-full\"\/><\/figure><div class=\"wp-block-media-text__content\">\n<div class=\"wp-block-group\"><div class=\"wp-block-group__inner-container is-layout-constrained wp-block-group-is-layout-constrained\">\n<h2 class=\"wp-block-heading\"><a href=\"https:\/\/losviajeros2018.wordpress.com\/blog\/\">Saint-Domingue<\/a><\/h2>\n\n\n\n<p><em>En 2018, le Coll\u00e8ge Perrinon a effectu\u00e9 un voyage \u00e0 Saint Domingue.<\/em><\/p>\n\n\n\n<p>D\u00e9couvrez le blog de ce voyage : <a href=\"https:\/\/losviajeros2018.wordpress.com\/blog\/\" target=\"_blank\" rel=\"noreferrer noopener\">https:\/\/losviajeros2018.wordpress.com\/blog\/<\/a><\/p>\n<\/div><\/div>\n<\/div><\/div>\n\n\n\n<p><\/p>\n","protected":false},"excerpt":{"rendered":"","protected":false},"author":72,"featured_media":0,"parent":19,"menu_order":2,"comment_status":"closed","ping_status":"closed","template":"","meta":{"footnotes":""},"class_list":["post-37","page","type-page","status-publish","hentry"],"_links":{"self":[{"href":"https:\/\/site.ac-martinique.fr\/clg-perrinon\/wp-json\/wp\/v2\/pages\/37","targetHints":{"allow":["GET"]}}],"collection":[{"href":"https:\/\/site.ac-martinique.fr\/clg-perrinon\/wp-json\/wp\/v2\/pages"}],"about":[{"href":"https:\/\/site.ac-martinique.fr\/clg-perrinon\/wp-json\/wp\/v2\/types\/page"}],"author":[{"embeddable":true,"href":"https:\/\/site.ac-martinique.fr\/clg-perrinon\/wp-json\/wp\/v2\/users\/72"}],"replies":[{"embeddable":true,"href":"https:\/\/site.ac-martinique.fr\/clg-perrinon\/wp-json\/wp\/v2\/comments?post=37"}],"version-history":[{"count":2,"href":"https:\/\/site.ac-martinique.fr\/clg-perrinon\/wp-json\/wp\/v2\/pages\/37\/revisions"}],"predecessor-version":[{"id":629,"href":"https:\/\/site.ac-martinique.fr\/clg-perrinon\/wp-json\/wp\/v2\/pages\/37\/revisions\/629"}],"up":[{"embeddable":true,"href":"https:\/\/site.ac-martinique.fr\/clg-perrinon\/wp-json\/wp\/v2\/pages\/19"}],"wp:attachment":[{"href":"https:\/\/site.ac-martinique.fr\/clg-perrinon\/wp-json\/wp\/v2\/media?parent=37"}],"curies":[{"name":"wp","href":"https:\/\/api.w.org\/{rel}","templated":true}]}}