{"id":383,"date":"2024-05-23T11:28:56","date_gmt":"2024-05-23T15:28:56","guid":{"rendered":"http:\/\/college-francois-auguste-perrinon.local\/?page_id=383"},"modified":"2024-09-04T14:19:28","modified_gmt":"2024-09-04T18:19:28","slug":"nouveautes-au-c-d-i","status":"publish","type":"page","link":"https:\/\/site.ac-martinique.fr\/clg-perrinon\/c-d-i\/nouveautes-au-c-d-i\/","title":{"rendered":"Nouveaut\u00e9s au C.D.I"},"content":{"rendered":"\n<h3 class=\"wp-block-heading has-text-align-center\">De nouveaux livres au C.D.I<\/h3>\n\n\n\n<p>Venez les d\u00e9couvrir et les emprunter si vous le souhaitez !<\/p>\n\n\n\n<p>Le C.D.I accueille diff\u00e9rents types de livres en fran\u00e7ais, en anglais (B.D, des livres documentaires, des romans\u2026) pour votre plus grand plaisir.<\/p>\n\n\n\n<p>Permettez-moi de vous pr\u00e9senter quelques uns :<\/p>\n\n\n\n<div class=\"wp-block-media-text is-stacked-on-mobile is-vertically-aligned-center\" style=\"grid-template-columns:15% auto\"><figure class=\"wp-block-media-text__media\"><img loading=\"lazy\" decoding=\"async\" width=\"224\" height=\"138\" src=\"https:\/\/site.ac-martinique.fr\/clg-perrinon2\/wp-content\/uploads\/sites\/146\/2024\/09\/Mafalda-1.png\" alt=\"\" class=\"wp-image-559 size-full\"\/><\/figure><div class=\"wp-block-media-text__content\">\n<p>Bande dessin\u00e9e \u00e0 caract\u00e8re plut\u00f4t politique, Mafalda se d\u00e9marque toutefois<br>par un trait d&rsquo;humour extr\u00eamement subtil. Le personnage principal est Mafalda, une petite fille, d\u2019origine argentine, issue de la classe moyenne. Elle est entour\u00e9e d\u2019autres personnages, tr\u00e8s caricaturaux et de points de vue tr\u00e8s oppos\u00e9s sur le monde en g\u00e9n\u00e9ral.<\/p>\n<\/div><\/div>\n\n\n\n<div class=\"wp-block-media-text has-media-on-the-right is-stacked-on-mobile is-vertically-aligned-center\" style=\"grid-template-columns:auto 15%\"><div class=\"wp-block-media-text__content\">\n<p>Lucy &amp; Valentin est une bande dessin\u00e9e de sensibilisation \u00e0 la cr\u00e9ation d&rsquo;entreprise.<\/p>\n<\/div><figure class=\"wp-block-media-text__media\"><img loading=\"lazy\" decoding=\"async\" width=\"195\" height=\"157\" src=\"https:\/\/site.ac-martinique.fr\/clg-perrinon2\/wp-content\/uploads\/sites\/146\/2024\/09\/Lucy-Valentin.png\" alt=\"\" class=\"wp-image-561 size-full\"\/><\/figure><\/div>\n\n\n\n<div class=\"wp-block-media-text is-stacked-on-mobile is-vertically-aligned-center\" style=\"grid-template-columns:15% auto\"><figure class=\"wp-block-media-text__media\"><img loading=\"lazy\" decoding=\"async\" width=\"113\" height=\"167\" src=\"https:\/\/site.ac-martinique.fr\/clg-perrinon2\/wp-content\/uploads\/sites\/146\/2024\/09\/Nos-Etoiles-Contraires.png\" alt=\"\" class=\"wp-image-562 size-full\"\/><\/figure><div class=\"wp-block-media-text__content\">\n<p>Entre rire et larmes, le destin bouleversant de deux amoureux de la vie. Hazel, 16 ans, est atteinte d&rsquo;un cancer. Son dernier traitement semble avoir arr\u00eat\u00e9 l&rsquo;\u00e9volution de la maladie, mais elle se sait condamn\u00e9e. Bien qu&rsquo;elle s&rsquo;y ennuie passablement, elle int\u00e8gre un groupe de soutien, fr\u00e9quent\u00e9 par d&rsquo;autres jeunes malades. C&rsquo;est l\u00e0 qu&rsquo;elle rencontre Augustus, un gar\u00e7on en r\u00e9mission, qui partage son humour et son go\u00fbt de la litt\u00e9rature. Leur histoire d&rsquo;amour commence\u2026<\/p>\n<\/div><\/div>\n\n\n\n<div class=\"wp-block-media-text has-media-on-the-right is-stacked-on-mobile is-vertically-aligned-center\" style=\"grid-template-columns:auto 15%\"><div class=\"wp-block-media-text__content\">\n<p>Jack chante, Debs danse, Melody dessine\u2026et ils veulent apprendre autre chose que des maths ou de l\u2019histoire ! C\u2019est la rentr\u00e9e dans la l\u00e9gendaire Star School et il s\u2019y passe de dr\u00f4les de choses : voix surgies de nulle part, bruits de pas dans la nuit\u2026 Pourtant personne ne manque \u00e0 l\u2019appel !<\/p>\n<\/div><figure class=\"wp-block-media-text__media\"><img loading=\"lazy\" decoding=\"async\" width=\"114\" height=\"158\" src=\"https:\/\/site.ac-martinique.fr\/clg-perrinon2\/wp-content\/uploads\/sites\/146\/2024\/09\/Welcome-to-Star-School.png\" alt=\"\" class=\"wp-image-563 size-full\"\/><\/figure><\/div>\n\n\n\n<div class=\"wp-block-media-text is-stacked-on-mobile is-vertically-aligned-center\" style=\"grid-template-columns:15% auto\"><figure class=\"wp-block-media-text__media\"><img loading=\"lazy\" decoding=\"async\" width=\"130\" height=\"183\" src=\"https:\/\/site.ac-martinique.fr\/clg-perrinon2\/wp-content\/uploads\/sites\/146\/2024\/09\/Le-Manioc-a-Travers-les-Ages.png\" alt=\"\" class=\"wp-image-564 size-full\"\/><\/figure><div class=\"wp-block-media-text__content\">\n<p>\u00ab Le manioc est une des 5 c\u00e9r\u00e9ales qui ont \u00e9crit l&rsquo;histoire de l&rsquo;alimentation dans le monde. Cette plante, originaire d&rsquo;Am\u00e9rique du Sud, est connue aux Antilles depuis des mill\u00e9naires et a essaim\u00e9 dans le monde entier d\u00e8s le XVI\u00e8me si\u00e8cle. Le manioc est une plante duale, \u00e0 la fois toxique et nourrici\u00e8re\u2026 \u00bb<\/p>\n<\/div><\/div>\n\n\n\n<div class=\"wp-block-media-text has-media-on-the-right is-stacked-on-mobile is-vertically-aligned-center\" style=\"grid-template-columns:auto 15%\"><div class=\"wp-block-media-text__content\">\n<p>\u00ab Il \u00e9tait une fois, une plante d&rsquo;Am\u00e9rique, \u00e0 la conqu\u00eate de l&rsquo;Europe\u2026que dis-je \u00e0 la conqu\u00eate du monde. Il \u00e9tait une fois \u00ab\u00a0l&rsquo;arbre \u00e0 cabosses\u00a0\u00bb qui poussait dans les for\u00eats de l&rsquo;Or\u00e9noque et de l&rsquo;Amazonie, puis dans les terres de l&rsquo;Am\u00e9rique centrale, dans les Antilles\u2026 \u00bb<\/p>\n<\/div><figure class=\"wp-block-media-text__media\"><img loading=\"lazy\" decoding=\"async\" width=\"138\" height=\"161\" src=\"https:\/\/site.ac-martinique.fr\/clg-perrinon2\/wp-content\/uploads\/sites\/146\/2024\/09\/Voyages-aux-Pays-du-Chocolat.png\" alt=\"\" class=\"wp-image-565 size-full\"\/><\/figure><\/div>\n\n\n\n<div class=\"wp-block-media-text is-stacked-on-mobile is-vertically-aligned-center\" style=\"grid-template-columns:15% auto\"><figure class=\"wp-block-media-text__media\"><img loading=\"lazy\" decoding=\"async\" width=\"153\" height=\"171\" src=\"https:\/\/site.ac-martinique.fr\/clg-perrinon2\/wp-content\/uploads\/sites\/146\/2024\/09\/Jules-Marillac.png\" alt=\"\" class=\"wp-image-566 size-full\"\/><\/figure><div class=\"wp-block-media-text__content\">\n<p>\u00ab Marillac est n\u00e9 il y a un si\u00e8cle, en 1988. \u00c0 l&rsquo;occasion du centenaire de sa naissance, se trouve rassembl\u00e9e ici une part importante de la production plastique du peintre dont l&rsquo;\u0153uvre b\u00e9n\u00e9ficie du renouveau d&rsquo;int\u00e9r\u00eat que l&rsquo;on accorde \u00e0 l&rsquo;art des ann\u00e9es 30. La Cara\u00efbe francophone n&rsquo;est pas exempte de t\u00e9moignages artistiques de cette \u00e9poque riche de cr\u00e9ations architecturales et plastiques\u2026 \u00bb<\/p>\n<\/div><\/div>\n","protected":false},"excerpt":{"rendered":"<p>De nouveaux livres au C.D.I Venez les d\u00e9couvrir et les emprunter si vous le souhaitez ! Le C.D.I accueille diff\u00e9rents types de livres en fran\u00e7ais, en anglais (B.D, des livres documentaires, des romans\u2026) pour votre plus grand plaisir. Permettez-moi de vous pr\u00e9senter quelques uns : Bande dessin\u00e9e \u00e0 caract\u00e8re plut\u00f4t politique, Mafalda se d\u00e9marque toutefoispar [&hellip;]<\/p>\n","protected":false},"author":72,"featured_media":0,"parent":29,"menu_order":1,"comment_status":"closed","ping_status":"closed","template":"","meta":{"footnotes":""},"class_list":["post-383","page","type-page","status-publish","hentry"],"_links":{"self":[{"href":"https:\/\/site.ac-martinique.fr\/clg-perrinon\/wp-json\/wp\/v2\/pages\/383","targetHints":{"allow":["GET"]}}],"collection":[{"href":"https:\/\/site.ac-martinique.fr\/clg-perrinon\/wp-json\/wp\/v2\/pages"}],"about":[{"href":"https:\/\/site.ac-martinique.fr\/clg-perrinon\/wp-json\/wp\/v2\/types\/page"}],"author":[{"embeddable":true,"href":"https:\/\/site.ac-martinique.fr\/clg-perrinon\/wp-json\/wp\/v2\/users\/72"}],"replies":[{"embeddable":true,"href":"https:\/\/site.ac-martinique.fr\/clg-perrinon\/wp-json\/wp\/v2\/comments?post=383"}],"version-history":[{"count":1,"href":"https:\/\/site.ac-martinique.fr\/clg-perrinon\/wp-json\/wp\/v2\/pages\/383\/revisions"}],"predecessor-version":[{"id":567,"href":"https:\/\/site.ac-martinique.fr\/clg-perrinon\/wp-json\/wp\/v2\/pages\/383\/revisions\/567"}],"up":[{"embeddable":true,"href":"https:\/\/site.ac-martinique.fr\/clg-perrinon\/wp-json\/wp\/v2\/pages\/29"}],"wp:attachment":[{"href":"https:\/\/site.ac-martinique.fr\/clg-perrinon\/wp-json\/wp\/v2\/media?parent=383"}],"curies":[{"name":"wp","href":"https:\/\/api.w.org\/{rel}","templated":true}]}}