{"id":39,"date":"2024-02-01T15:48:44","date_gmt":"2024-02-01T15:48:44","guid":{"rendered":"http:\/\/college-francois-auguste-perrinon.local\/?page_id=39"},"modified":"2024-09-04T13:50:44","modified_gmt":"2024-09-04T17:50:44","slug":"informations-complementaires","status":"publish","type":"page","link":"https:\/\/site.ac-martinique.fr\/clg-perrinon\/vie-du-college\/informations-complementaires\/","title":{"rendered":"Informations Compl\u00e9mentaires"},"content":{"rendered":"\n<div class=\"wp-block-media-text is-stacked-on-mobile\" style=\"grid-template-columns:21% auto\"><figure class=\"wp-block-media-text__media\"><img loading=\"lazy\" decoding=\"async\" width=\"165\" height=\"165\" src=\"https:\/\/site.ac-martinique.fr\/clg-perrinon2\/wp-content\/uploads\/sites\/146\/2024\/09\/Charte-Internet-Eleve.jpeg\" alt=\"\" class=\"wp-image-545 size-full\" srcset=\"https:\/\/site.ac-martinique.fr\/clg-perrinon\/wp-content\/uploads\/sites\/146\/2024\/09\/Charte-Internet-Eleve.jpeg 165w, https:\/\/site.ac-martinique.fr\/clg-perrinon\/wp-content\/uploads\/sites\/146\/2024\/09\/Charte-Internet-Eleve-150x150.jpeg 150w\" sizes=\"auto, (max-width: 165px) 100vw, 165px\" \/><\/figure><div class=\"wp-block-media-text__content\">\n<h2 class=\"wp-block-heading\"><a href=\"https:\/\/site.ac-martinique.fr\/clg-perrinon2\/wp-content\/uploads\/sites\/146\/2024\/09\/Charte-Internet-Eleve.pdf-content\/uploads\/2024\/05\/Charte-Internet-Eleve.pdf\" data-type=\"link\" data-id=\"file:\/\/\/C:\/Users\/TICE\/Desktop\/Documents%20-%20Site\/Charte%20Internet%20%C3%89l%C3%A8ve.pdf\">Charte Internet \u00c9l\u00e8ve<\/a><\/h2>\n<\/div><\/div>\n\n\n\n<hr class=\"wp-block-separator has-alpha-channel-opacity\"\/>\n\n\n\n<div class=\"wp-block-media-text is-stacked-on-mobile\" style=\"grid-template-columns:21% auto\"><figure class=\"wp-block-media-text__media\"><img loading=\"lazy\" decoding=\"async\" width=\"160\" height=\"160\" src=\"https:\/\/site.ac-martinique.fr\/clg-perrinon2\/wp-content\/uploads\/sites\/146\/2024\/09\/Circulation-aux-Abords-du-College.jpeg\" alt=\"\" class=\"wp-image-546 size-full\" srcset=\"https:\/\/site.ac-martinique.fr\/clg-perrinon\/wp-content\/uploads\/sites\/146\/2024\/09\/Circulation-aux-Abords-du-College.jpeg 160w, https:\/\/site.ac-martinique.fr\/clg-perrinon\/wp-content\/uploads\/sites\/146\/2024\/09\/Circulation-aux-Abords-du-College-150x150.jpeg 150w\" sizes=\"auto, (max-width: 160px) 100vw, 160px\" \/><\/figure><div class=\"wp-block-media-text__content\">\n<h2 class=\"wp-block-heading\"><a href=\"http:\/\/college-francois-auguste-perrinon.local\/wp-content\/uploads\/2024\/05\/Circulation-aux-Abords-du-College.pdf\">Circulation aux Abords du Coll\u00e8ge<\/a><font><\/font><\/h2>\n<\/div><\/div>\n\n\n\n<hr class=\"wp-block-separator has-alpha-channel-opacity\"\/>\n\n\n\n<div class=\"wp-block-media-text is-stacked-on-mobile\" style=\"grid-template-columns:21% auto\"><figure class=\"wp-block-media-text__media\"><img loading=\"lazy\" decoding=\"async\" width=\"480\" height=\"108\" src=\"https:\/\/site.ac-martinique.fr\/clg-perrinon2\/wp-content\/uploads\/sites\/146\/2024\/09\/Consignes-a-lIntention-du-Personnel.jpeg\" alt=\"\" class=\"wp-image-547 size-full\" srcset=\"https:\/\/site.ac-martinique.fr\/clg-perrinon\/wp-content\/uploads\/sites\/146\/2024\/09\/Consignes-a-lIntention-du-Personnel.jpeg 480w, https:\/\/site.ac-martinique.fr\/clg-perrinon\/wp-content\/uploads\/sites\/146\/2024\/09\/Consignes-a-lIntention-du-Personnel-300x68.jpeg 300w\" sizes=\"auto, (max-width: 480px) 100vw, 480px\" \/><\/figure><div class=\"wp-block-media-text__content\">\n<h2 class=\"wp-block-heading\"><a href=\"https:\/\/site.ac-martinique.fr\/clg-perrinon2\/wp-content\/uploads\/sites\/146\/2024\/09\/Consignes-a-lIntention-du-Personnel.pdf\">Consignes \u00e0 l\u2019Intention du Personnel<\/a><\/h2>\n<\/div><\/div>\n\n\n\n<hr class=\"wp-block-separator has-alpha-channel-opacity\"\/>\n\n\n\n<div class=\"wp-block-media-text is-stacked-on-mobile\" style=\"grid-template-columns:21% auto\"><figure class=\"wp-block-media-text__media\"><img decoding=\"async\" src=\"http:\/\/college-francois-auguste-perrinon.local\/wp-content\/uploads\/2024\/05\/Guide-Pratique-sur-la-Scolarite-de-votre-Enfant-1024x770.jpeg\" alt=\"\" class=\"wp-image-435 size-full\"\/><\/figure><div class=\"wp-block-media-text__content\">\n<h2 class=\"wp-block-heading\">Guide Pratique sur la Scolarit\u00e9 de votre Enfant<font><\/font><\/h2>\n<\/div><\/div>\n\n\n\n<hr class=\"wp-block-separator has-alpha-channel-opacity\"\/>\n\n\n\n<div class=\"wp-block-media-text is-stacked-on-mobile\" style=\"grid-template-columns:21% auto\"><figure class=\"wp-block-media-text__media\"><img loading=\"lazy\" decoding=\"async\" width=\"1024\" height=\"1024\" src=\"https:\/\/site.ac-martinique.fr\/clg-perrinon2\/wp-content\/uploads\/sites\/146\/2024\/09\/Informations-Communication-1024x1024.jpeg\" alt=\"\" class=\"wp-image-549 size-full\" srcset=\"https:\/\/site.ac-martinique.fr\/clg-perrinon\/wp-content\/uploads\/sites\/146\/2024\/09\/Informations-Communication-1024x1024.jpeg 1024w, https:\/\/site.ac-martinique.fr\/clg-perrinon\/wp-content\/uploads\/sites\/146\/2024\/09\/Informations-Communication-300x300.jpeg 300w, https:\/\/site.ac-martinique.fr\/clg-perrinon\/wp-content\/uploads\/sites\/146\/2024\/09\/Informations-Communication-150x150.jpeg 150w, https:\/\/site.ac-martinique.fr\/clg-perrinon\/wp-content\/uploads\/sites\/146\/2024\/09\/Informations-Communication-768x768.jpeg 768w, https:\/\/site.ac-martinique.fr\/clg-perrinon\/wp-content\/uploads\/sites\/146\/2024\/09\/Informations-Communication.jpeg 1300w\" sizes=\"auto, (max-width: 1024px) 100vw, 1024px\" \/><\/figure><div class=\"wp-block-media-text__content\">\n<h2 class=\"wp-block-heading\"><a href=\"https:\/\/site.ac-martinique.fr\/clg-perrinon2\/wp-content\/uploads\/sites\/146\/2024\/09\/Informations-Communication.pdf\">Informations et Communication<\/a><\/h2>\n<\/div><\/div>\n\n\n\n<hr class=\"wp-block-separator has-alpha-channel-opacity\"\/>\n\n\n\n<div class=\"wp-block-media-text is-stacked-on-mobile\" style=\"grid-template-columns:21% auto\"><figure class=\"wp-block-media-text__media\"><img loading=\"lazy\" decoding=\"async\" width=\"213\" height=\"175\" src=\"https:\/\/site.ac-martinique.fr\/clg-perrinon2\/wp-content\/uploads\/sites\/146\/2024\/09\/Securite-au-College.jpeg\" alt=\"\" class=\"wp-image-551 size-full\"\/><\/figure><div class=\"wp-block-media-text__content\">\n<h2 class=\"wp-block-heading\">S\u00e9curit\u00e9 au Coll\u00e8ge <a href=\"http:\/\/www.education.gouv.fr\/cid85267\/consignes-de-securite-applicables-dans-les-etablissements-relevant-du-ministere.html#Des_guides_pour_accompagner_la_communaute_educative\">(1)<\/a> &#8211; (2)<font><\/font><\/h2>\n<\/div><\/div>\n\n\n\n<hr class=\"wp-block-separator has-alpha-channel-opacity\"\/>\n\n\n\n<div class=\"wp-block-media-text is-stacked-on-mobile\" style=\"grid-template-columns:21% auto\"><figure class=\"wp-block-media-text__media\"><img loading=\"lazy\" decoding=\"async\" width=\"282\" height=\"180\" src=\"https:\/\/site.ac-martinique.fr\/clg-perrinon2\/wp-content\/uploads\/sites\/146\/2024\/09\/Reglement-Interieur.jpeg\" alt=\"\" class=\"wp-image-552 size-full\"\/><\/figure><div class=\"wp-block-media-text__content\">\n<h2 class=\"wp-block-heading\"><a href=\"https:\/\/site.ac-martinique.fr\/clg-perrinon2\/wp-content\/uploads\/sites\/146\/2024\/09\/Reglement-Interieur.pdf\">R\u00e8glement Int\u00e9rieur<\/a><\/h2>\n<\/div><\/div>\n","protected":false},"excerpt":{"rendered":"<p>Charte Internet \u00c9l\u00e8ve Circulation aux Abords du Coll\u00e8ge Consignes \u00e0 l\u2019Intention du Personnel Guide Pratique sur la Scolarit\u00e9 de votre Enfant Informations et Communication S\u00e9curit\u00e9 au Coll\u00e8ge (1) &#8211; (2) R\u00e8glement Int\u00e9rieur<\/p>\n","protected":false},"author":72,"featured_media":0,"parent":19,"menu_order":3,"comment_status":"closed","ping_status":"closed","template":"","meta":{"footnotes":""},"class_list":["post-39","page","type-page","status-publish","hentry"],"_links":{"self":[{"href":"https:\/\/site.ac-martinique.fr\/clg-perrinon\/wp-json\/wp\/v2\/pages\/39","targetHints":{"allow":["GET"]}}],"collection":[{"href":"https:\/\/site.ac-martinique.fr\/clg-perrinon\/wp-json\/wp\/v2\/pages"}],"about":[{"href":"https:\/\/site.ac-martinique.fr\/clg-perrinon\/wp-json\/wp\/v2\/types\/page"}],"author":[{"embeddable":true,"href":"https:\/\/site.ac-martinique.fr\/clg-perrinon\/wp-json\/wp\/v2\/users\/72"}],"replies":[{"embeddable":true,"href":"https:\/\/site.ac-martinique.fr\/clg-perrinon\/wp-json\/wp\/v2\/comments?post=39"}],"version-history":[{"count":1,"href":"https:\/\/site.ac-martinique.fr\/clg-perrinon\/wp-json\/wp\/v2\/pages\/39\/revisions"}],"predecessor-version":[{"id":554,"href":"https:\/\/site.ac-martinique.fr\/clg-perrinon\/wp-json\/wp\/v2\/pages\/39\/revisions\/554"}],"up":[{"embeddable":true,"href":"https:\/\/site.ac-martinique.fr\/clg-perrinon\/wp-json\/wp\/v2\/pages\/19"}],"wp:attachment":[{"href":"https:\/\/site.ac-martinique.fr\/clg-perrinon\/wp-json\/wp\/v2\/media?parent=39"}],"curies":[{"name":"wp","href":"https:\/\/api.w.org\/{rel}","templated":true}]}}