{"id":414,"date":"2024-05-23T14:44:10","date_gmt":"2024-05-23T18:44:10","guid":{"rendered":"http:\/\/college-francois-auguste-perrinon.local\/?page_id=414"},"modified":"2024-05-23T14:44:10","modified_gmt":"2024-05-23T18:44:10","slug":"encyclopedie-pour-les-jeunes","status":"publish","type":"page","link":"https:\/\/site.ac-martinique.fr\/clg-perrinon\/eleves\/encyclopedie-pour-les-jeunes\/","title":{"rendered":"Encyclop\u00e9die pour les Jeunes"},"content":{"rendered":"\n<p>Voici trois encyclop\u00e9dies gratuites en lignes, plus adapt\u00e9es au jeune public que Wikip\u00e9dia :<\/p>\n\n\n\n<ul class=\"wp-block-list\">\n<li><strong><u>Vikidia :<\/u><\/strong>\n<ul class=\"wp-block-list\">\n<li>Cette encyclop\u00e9die en ligne vise un public entre 8 et 13 ans. On y trouve plus de 30 000 articles simples mais complets sur une multitude de sujets. Son index peut ainsi \u00eatre \u00e9crit et am\u00e9lior\u00e9 par chacun, quel que soit son \u00e2ge. Comme Wikip\u00e9dia chacun peut y participer pour l\u2019enrichir ou am\u00e9liorer son graphisme.<\/li>\n<\/ul>\n<\/li>\n<\/ul>\n\n\n\n<ul class=\"wp-block-list\">\n<li><a href=\"https:\/\/fr.vikidia.org\/wiki\/Vikidia:Accueil\">https:\/\/fr.vikidia.org\/wiki\/Vikidia:Accueil<\/a><\/li>\n<\/ul>\n\n\n\n<ul class=\"wp-block-list\">\n<li><strong><u>\u200b<\/u><\/strong><strong><u>Wikimini&nbsp;:<\/u><\/strong>\n<ul class=\"wp-block-list\">\n<li>Vise un public plus jeune que Vikidia, avec des articles encore plus courts et un graphisme color\u00e9 qui devrait plaire aux petits lecteurs, aux \u00e9l\u00e8ves de 6<sup>\u00e8me<\/sup> S.E.G.P.A ou d\u2019U.L.I.S. L\u2019ergonomie et la recherche ont \u00e9t\u00e9 pens\u00e9s pour ce public qui devrait rapidement \u00eatre \u00e0 son aise dans l\u2019interface de consultation et de recherche propos\u00e9e. Tout comme Vikidia le lecteur peut \u00eatre contributeur. Cela le rend int\u00e9ressant dans le cadre d\u2019un projet de r\u00e9daction d\u2019un petit sujet court qui passera \u00e0 la post\u00e9rit\u00e9 une fois int\u00e9gr\u00e9 \u00e0 l\u2019encyclop\u00e9die.<\/li>\n<\/ul>\n<\/li>\n<\/ul>\n\n\n\n<ul class=\"wp-block-list\">\n<li><a href=\"https:\/\/fr.wikimini.org\/wiki\/Accueil\">https:\/\/fr.wikimini.org\/wiki\/Accueil<\/a><\/li>\n<\/ul>\n\n\n\n<ul class=\"wp-block-list\">\n<li><strong><u>\u200b\u200b<\/u><\/strong><strong><u>L\u2019enc<\/u><\/strong><strong>y<u>clo<\/u>p<u>\u00e9die Larousse :<\/u><\/strong>\n<ul class=\"wp-block-list\">\n<li>Sans \u00eatre \u00e0 proprement parler destin\u00e9e \u00e0 des enfants, la ressource offerte gratuitement a l\u2019avantage d\u2019\u00eatre tr\u00e8s simple \u00e0 utiliser avec de nombreuses illustrations. Une ergonomie g\u00e9n\u00e9rale qui ne rebutera pas un public d\u2019adolescents ou de pr\u00e9 adolescents avec un bon niveau de lecture. Le contenu en lui-m\u00eame est d\u2019une qualit\u00e9 irr\u00e9prochable. Vous pourrez y consulter plus de 90 000 articles. Seul hic, Larousse qui propose cette encyclop\u00e9die en ligne gratuitement, la finance par une publicit\u00e9 \u00e0 mon sens un peu trop omnipr\u00e9sente.<\/li>\n<\/ul>\n<\/li>\n<\/ul>\n\n\n\n<ul class=\"wp-block-list\">\n<li>\u200b<a href=\"https:\/\/www.larousse.fr\/encyclopedie\">https:\/\/www.larousse.fr\/encyclopedie<\/a><\/li>\n<\/ul>\n","protected":false},"excerpt":{"rendered":"<p>Voici trois encyclop\u00e9dies gratuites en lignes, plus adapt\u00e9es au jeune public que Wikip\u00e9dia :<\/p>\n","protected":false},"author":72,"featured_media":0,"parent":23,"menu_order":3,"comment_status":"closed","ping_status":"closed","template":"","meta":{"footnotes":""},"class_list":["post-414","page","type-page","status-publish","hentry"],"_links":{"self":[{"href":"https:\/\/site.ac-martinique.fr\/clg-perrinon\/wp-json\/wp\/v2\/pages\/414","targetHints":{"allow":["GET"]}}],"collection":[{"href":"https:\/\/site.ac-martinique.fr\/clg-perrinon\/wp-json\/wp\/v2\/pages"}],"about":[{"href":"https:\/\/site.ac-martinique.fr\/clg-perrinon\/wp-json\/wp\/v2\/types\/page"}],"author":[{"embeddable":true,"href":"https:\/\/site.ac-martinique.fr\/clg-perrinon\/wp-json\/wp\/v2\/users\/72"}],"replies":[{"embeddable":true,"href":"https:\/\/site.ac-martinique.fr\/clg-perrinon\/wp-json\/wp\/v2\/comments?post=414"}],"version-history":[{"count":0,"href":"https:\/\/site.ac-martinique.fr\/clg-perrinon\/wp-json\/wp\/v2\/pages\/414\/revisions"}],"up":[{"embeddable":true,"href":"https:\/\/site.ac-martinique.fr\/clg-perrinon\/wp-json\/wp\/v2\/pages\/23"}],"wp:attachment":[{"href":"https:\/\/site.ac-martinique.fr\/clg-perrinon\/wp-json\/wp\/v2\/media?parent=414"}],"curies":[{"name":"wp","href":"https:\/\/api.w.org\/{rel}","templated":true}]}}