{"id":43,"date":"2024-02-01T15:49:52","date_gmt":"2024-02-01T15:49:52","guid":{"rendered":"http:\/\/college-francois-auguste-perrinon.local\/?page_id=43"},"modified":"2024-02-01T15:49:52","modified_gmt":"2024-02-01T15:49:52","slug":"formations","status":"publish","type":"page","link":"https:\/\/site.ac-martinique.fr\/clg-perrinon\/eleves\/formations\/","title":{"rendered":"A.S.S.R"},"content":{"rendered":"\n<h3 class=\"wp-block-heading has-text-align-center\"><strong>Enjeux et objectifs de l\u2019\u00e9ducation \u00e0 la s\u00e9curit\u00e9<\/strong><\/h3>\n\n\n\n<p>L\u2019\u00e9ducation \u00e0 la s\u00e9curit\u00e9 constitue une n\u00e9cessit\u00e9 pour l\u2019\u00c9tat afin de r\u00e9pondre \u00e0 des probl\u00e8mes graves de soci\u00e9t\u00e9 : les accidents domestiques, routiers ou r\u00e9sultant de catastrophes naturelles ou technologiques majeures tuent et blessent, chaque ann\u00e9e, un grand nombre de personnes en France. Ils n\u2019arrivent pas qu\u2019aux autres, ailleurs ou par hasard. La prise en charge de la pr\u00e9vention et de la protection face \u00e0 ces risques doit donc \u00eatre l\u2019affaire de tous et de chacun.<\/p>\n\n\n\n<p><strong><u>L\u2019\u00e9ducation \u00e0 la s\u00e9curit\u00e9 en milieu scolaire<\/u><\/strong><\/p>\n\n\n\n<p>Il entre dans les missions du Minist\u00e8re de la Jeunesse, de l\u2019\u00c9ducation Nationale et de la recherche d\u2019assurer la s\u00e9curit\u00e9 des personnels et des \u00e9l\u00e8ves dans l\u2019enseignement primaire et secondaire, mais aussi de pr\u00e9voir une \u00e9ducation \u00e0 la s\u00e9curit\u00e9 dans les enseignements, la vie scolaire, et \u00e9galement, sous d\u2019autres formes, dans les activit\u00e9s post et p\u00e9riscolaires.<\/p>\n\n\n\n<p>Pr\u00e9vue par des textes l\u00e9gislatifs et d\u00e9finie pour notre Minist\u00e8re par le d\u00e9cret n\u00b083-896 du 4 Octobre 1983, l\u2019obligation d\u2019assurer une \u00e9ducation \u00e0 la s\u00e9curit\u00e9 en milieu scolaire concerne trois familles de risques :<\/p>\n\n\n\n<ul class=\"wp-block-list\">\n<li>La s\u00e9curit\u00e9 routi\u00e8re.<\/li>\n\n\n\n<li>Les accidents domestiques.<\/li>\n\n\n\n<li>Les risques majeurs naturels et technologiques.<\/li>\n<\/ul>\n\n\n\n<p>Cette \u00e9ducation \u00e0 la s\u00e9curit\u00e9 est une \u00e9ducation citoyenne qui se construit de l\u2019entr\u00e9e \u00e0 l\u2019\u00e9cole Maternelle \u00e0 la fin des classes de Lyc\u00e9e.<\/p>\n\n\n\n<p><strong>Comment se traduisent ces mesures dans la prise en charge scolaire&nbsp;?<\/strong><\/p>\n\n\n\n<ul class=\"wp-block-list\">\n<li><strong><u>\u00c0 l\u2019\u00e9cole&nbsp;:<\/u><\/strong>\n<ul class=\"wp-block-list\">\n<li>Une Attestation de Premi\u00e8re \u00c9ducation \u00e0 la Route (A.P.E.R) est d\u00e9sormais mise en place pendant la scolarit\u00e9 primaire et comporte une \u00e9valuation des savoirs et des comportements des \u00e9l\u00e8ves en tant que pi\u00e9ton, passager et rouleur.<\/li>\n<\/ul>\n<\/li>\n\n\n\n<li><strong><u>Au coll\u00e8<\/u><\/strong><strong>g<u>e&nbsp;:<\/u><\/strong>\n<ul class=\"wp-block-list\">\n<li>Prenant en compte les acquis du Primaire, l\u2019\u00e9ducation \u00e0 la s\u00e9curit\u00e9 routi\u00e8re se poursuit tout au long de la scolarit\u00e9 du Coll\u00e8ge et comporte deux \u00e9valuations, sous la forme d\u2019attestations scolaires de s\u00e9curit\u00e9 routi\u00e8re (A.S.S.R), organis\u00e9es avant 14 ans pour le premier niveau et avant 16 ans pour le second niveau.<\/li>\n<\/ul>\n<\/li>\n<\/ul>\n\n\n\n<p>Pour tous les jeunes n\u00e9s \u00e0 compter du 1<sup>er<\/sup> Janvier 1988, ces attestations sont requises respectivement pour l\u2019acc\u00e8s \u00e0 la conduite des cyclomoteurs et l\u2019acc\u00e8s au permis de conduire.<\/p>\n\n\n\n<p>Site Eduscol pour effectuer des tests d\u2019entra\u00eenement :<\/p>\n\n\n\n<ul class=\"wp-block-list\">\n<li><a href=\"http:\/\/preparer-assr.education-securite-routiere.fr\/\">http:\/\/preparer-assr.education-securite-routiere.fr\/<\/a><\/li>\n<\/ul>\n","protected":false},"excerpt":{"rendered":"<p>Enjeux et objectifs de l\u2019\u00e9ducation \u00e0 la s\u00e9curit\u00e9 L\u2019\u00e9ducation \u00e0 la s\u00e9curit\u00e9 constitue une n\u00e9cessit\u00e9 pour l\u2019\u00c9tat afin de r\u00e9pondre \u00e0 des probl\u00e8mes graves de soci\u00e9t\u00e9 : les accidents domestiques, routiers ou r\u00e9sultant de catastrophes naturelles ou technologiques majeures tuent et blessent, chaque ann\u00e9e, un grand nombre de personnes en France. Ils n\u2019arrivent pas qu\u2019aux [&hellip;]<\/p>\n","protected":false},"author":72,"featured_media":0,"parent":23,"menu_order":1,"comment_status":"closed","ping_status":"closed","template":"","meta":{"footnotes":""},"class_list":["post-43","page","type-page","status-publish","hentry"],"_links":{"self":[{"href":"https:\/\/site.ac-martinique.fr\/clg-perrinon\/wp-json\/wp\/v2\/pages\/43","targetHints":{"allow":["GET"]}}],"collection":[{"href":"https:\/\/site.ac-martinique.fr\/clg-perrinon\/wp-json\/wp\/v2\/pages"}],"about":[{"href":"https:\/\/site.ac-martinique.fr\/clg-perrinon\/wp-json\/wp\/v2\/types\/page"}],"author":[{"embeddable":true,"href":"https:\/\/site.ac-martinique.fr\/clg-perrinon\/wp-json\/wp\/v2\/users\/72"}],"replies":[{"embeddable":true,"href":"https:\/\/site.ac-martinique.fr\/clg-perrinon\/wp-json\/wp\/v2\/comments?post=43"}],"version-history":[{"count":0,"href":"https:\/\/site.ac-martinique.fr\/clg-perrinon\/wp-json\/wp\/v2\/pages\/43\/revisions"}],"up":[{"embeddable":true,"href":"https:\/\/site.ac-martinique.fr\/clg-perrinon\/wp-json\/wp\/v2\/pages\/23"}],"wp:attachment":[{"href":"https:\/\/site.ac-martinique.fr\/clg-perrinon\/wp-json\/wp\/v2\/media?parent=43"}],"curies":[{"name":"wp","href":"https:\/\/api.w.org\/{rel}","templated":true}]}}