{"id":696,"date":"2025-09-02T09:39:05","date_gmt":"2025-09-02T13:39:05","guid":{"rendered":"https:\/\/site.ac-martinique.fr\/clg-perrinon2\/?page_id=696"},"modified":"2025-09-02T09:39:05","modified_gmt":"2025-09-02T13:39:05","slug":"segpa","status":"publish","type":"page","link":"https:\/\/site.ac-martinique.fr\/clg-perrinon\/sections\/segpa\/","title":{"rendered":"SEGPA"},"content":{"rendered":"\n<p>La Segpa \u2013 Section d\u2019Enseignement G\u00e9n\u00e9ral et Professionnel Adapt\u00e9 \u2013 du coll\u00e8ge Fran\u00e7ois<br>Auguste Perrinon accueille des coll\u00e9giens depuis 1981.<br>Plus de quarante ans que l\u2019\u00e9tablissement, par le biais de cette section, accomplit sa mission<br>d\u2019accompagner les \u00e9l\u00e8ves pr\u00e9sentant des difficult\u00e9s scolaires importantes et qui ont<br>besoin d\u2019un soutien p\u00e9dagogique renforc\u00e9, de r\u00e9ponses p\u00e9dagogiques adapt\u00e9es.<br>Plus de quarante que des \u00e9quipes font montre de bienveillance, de fermet\u00e9,<br>d\u2019ing\u00e9niosit\u00e9, d\u2019ambition, d\u2019\u00e9nergie pour conduire les \u00e9l\u00e8ves vers la r\u00e9ussite en<br>termes d\u2019apprentissage et d\u2019orientation.<\/p>\n\n\n\n<p>La victoire s\u2019appuie sur&nbsp;:<\/p>\n\n\n\n<ul class=\"wp-block-list\">\n<li>l\u2019implication de tous\u00a0: \u00e9l\u00e8ve, famille, institution\u00a0;<\/li>\n\n\n\n<li>des valeurs \u00e0 conjuguer\u00a0: Pers\u00e9v\u00e9rance, D\u00e9termination, Rigueur, Assiduit\u00e9,<br>Ponctualit\u00e9\u00a0;<\/li>\n\n\n\n<li>l\u2019AMOUR DE SOI, la confiance en soi et l\u2019estime de soi.<\/li>\n<\/ul>\n\n\n\n<p>Poursuivons, ensemble, pour contribuer au succ\u00e8s des \u00e9l\u00e8ves\u00a0!<\/p>\n\n\n\n<p class=\"has-text-align-right\">La Directrice,<br>G. VERDAN<\/p>\n\n\n\n<ul class=\"wp-block-list\">\n<li>Lien du diaporama Genially :<\/li>\n\n\n\n<li><a href=\"https:\/\/view.genially.com\/66c37505480fd9662e7b3b09\/presentation-presentation-segpa\" target=\"_blank\" rel=\"noreferrer noopener\">https:\/\/view.genially.com\/66c37505480fd9662e7b3b09\/presentation-presentation-segpa<\/a><\/li>\n\n\n\n<li>Bilan SEGPA 2022 \/ 2023 :<\/li>\n\n\n\n<li><a href=\"https:\/\/nuage03.apps.education.fr\/index.php\/s\/dxb6GfL5d5RzQm8\" target=\"_blank\" rel=\"noreferrer noopener\">https:\/\/nuage03.apps.education.fr\/index.php\/s\/dxb6GfL5d5RzQm8<\/a><\/li>\n\n\n\n<li>Bilan SEGPA 2023 \/ 2024 :<\/li>\n\n\n\n<li><a href=\"https:\/\/nuage03.apps.education.fr\/index.php\/s\/AMcsTGr7ntDGzw5\" target=\"_blank\" rel=\"noreferrer noopener\">https:\/\/nuage03.apps.education.fr\/index.php\/s\/AMcsTGr7ntDGzw5<\/a><\/li>\n\n\n\n<li>Bilan SEGPA 2024 \/ 2025 :<\/li>\n\n\n\n<li><a href=\"https:\/\/nuage03.apps.education.fr\/index.php\/s\/K9wf3cfr2pJpctr\" target=\"_blank\" rel=\"noreferrer noopener\">https:\/\/nuage03.apps.education.fr\/index.php\/s\/K9wf3cfr2pJpctr<\/a><\/li>\n<\/ul>\n\n\n\n<p><\/p>\n","protected":false},"excerpt":{"rendered":"<p>La Segpa \u2013 Section d\u2019Enseignement G\u00e9n\u00e9ral et Professionnel Adapt\u00e9 \u2013 du coll\u00e8ge Fran\u00e7oisAuguste Perrinon accueille des coll\u00e9giens depuis 1981.Plus de quarante ans que l\u2019\u00e9tablissement, par le biais de cette section, accomplit sa missiond\u2019accompagner les \u00e9l\u00e8ves pr\u00e9sentant des difficult\u00e9s scolaires importantes et qui ontbesoin d\u2019un soutien p\u00e9dagogique renforc\u00e9, de r\u00e9ponses p\u00e9dagogiques adapt\u00e9es.Plus de quarante que des [&hellip;]<\/p>\n","protected":false},"author":153,"featured_media":0,"parent":27,"menu_order":0,"comment_status":"closed","ping_status":"closed","template":"","meta":{"footnotes":""},"class_list":["post-696","page","type-page","status-publish","hentry"],"_links":{"self":[{"href":"https:\/\/site.ac-martinique.fr\/clg-perrinon\/wp-json\/wp\/v2\/pages\/696","targetHints":{"allow":["GET"]}}],"collection":[{"href":"https:\/\/site.ac-martinique.fr\/clg-perrinon\/wp-json\/wp\/v2\/pages"}],"about":[{"href":"https:\/\/site.ac-martinique.fr\/clg-perrinon\/wp-json\/wp\/v2\/types\/page"}],"author":[{"embeddable":true,"href":"https:\/\/site.ac-martinique.fr\/clg-perrinon\/wp-json\/wp\/v2\/users\/153"}],"replies":[{"embeddable":true,"href":"https:\/\/site.ac-martinique.fr\/clg-perrinon\/wp-json\/wp\/v2\/comments?post=696"}],"version-history":[{"count":1,"href":"https:\/\/site.ac-martinique.fr\/clg-perrinon\/wp-json\/wp\/v2\/pages\/696\/revisions"}],"predecessor-version":[{"id":697,"href":"https:\/\/site.ac-martinique.fr\/clg-perrinon\/wp-json\/wp\/v2\/pages\/696\/revisions\/697"}],"up":[{"embeddable":true,"href":"https:\/\/site.ac-martinique.fr\/clg-perrinon\/wp-json\/wp\/v2\/pages\/27"}],"wp:attachment":[{"href":"https:\/\/site.ac-martinique.fr\/clg-perrinon\/wp-json\/wp\/v2\/media?parent=696"}],"curies":[{"name":"wp","href":"https:\/\/api.w.org\/{rel}","templated":true}]}}