{"id":1652,"date":"2024-06-24T12:02:15","date_gmt":"2024-06-24T16:02:15","guid":{"rendered":"https:\/\/site.ac-martinique.fr\/clg-pontalery\/?page_id=1652"},"modified":"2024-06-24T12:02:16","modified_gmt":"2024-06-24T16:02:16","slug":"a-propos","status":"publish","type":"page","link":"https:\/\/site.ac-martinique.fr\/clg-pontalery\/?page_id=1652","title":{"rendered":"A Propos"},"content":{"rendered":"\n<div class=\"wp-block-group alignfull has-text-color tw-shadow\" style=\"color:#676363\"><div class=\"wp-block-group__inner-container is-layout-flow wp-block-group-is-layout-flow\">\n<div class=\"wp-block-media-text alignwide is-stacked-on-mobile is-style-default tw-stack-md\" style=\"grid-template-columns:41% auto\"><figure class=\"wp-block-media-text__media\"><img fetchpriority=\"high\" decoding=\"async\" width=\"700\" height=\"459\" src=\"https:\/\/site.ac-martinique.fr\/clg-pontalery\/wp-content\/uploads\/sites\/64\/2023\/03\/le-colln-ge-robert-3-n-vacun-no-cause-des-sargasses.jpg\" alt=\"\" class=\"wp-image-1279 size-full\" srcset=\"https:\/\/site.ac-martinique.fr\/clg-pontalery\/wp-content\/uploads\/sites\/64\/2023\/03\/le-colln-ge-robert-3-n-vacun-no-cause-des-sargasses.jpg 700w, https:\/\/site.ac-martinique.fr\/clg-pontalery\/wp-content\/uploads\/sites\/64\/2023\/03\/le-colln-ge-robert-3-n-vacun-no-cause-des-sargasses-300x197.jpg 300w, https:\/\/site.ac-martinique.fr\/clg-pontalery\/wp-content\/uploads\/sites\/64\/2023\/03\/le-colln-ge-robert-3-n-vacun-no-cause-des-sargasses-458x300.jpg 458w\" sizes=\"(max-width: 700px) 100vw, 700px\" \/><\/figure><div class=\"wp-block-media-text__content\">\n<p class=\"has-light-gray-background-color has-background\">Troisi\u00e8me coll\u00e8ge de la ville du Robert, en&nbsp;<a href=\"https:\/\/fr.wikipedia.org\/wiki\/Martinique\">Martinique<\/a> situ\u00e9e dans l&rsquo;archipel des Petites Antilles.<\/p>\n\n\n\n<p class=\"has-light-gray-background-color has-background\"><strong>Le Robert<\/strong>, commune&nbsp;fran\u00e7aise est la troisi\u00e8me ville de la Martinique par sa population apr\u00e8s&nbsp;Fort-de-France&nbsp;et&nbsp;Le Lamentin. Ses&nbsp;habitants&nbsp;sont appel\u00e9s les&nbsp;<em>Robertins.<\/em><\/p>\n\n\n\n<p class=\"has-light-gray-background-color has-background\">Situ\u00e9 en <em>R.E.P<\/em> l&rsquo;\u00e9tablissement est en bord de mer du quartier <em><strong>PONTALERY<\/strong><\/em>. Il accueille plus de 400 \u00e9l\u00e8ves chaque ann\u00e9e.<\/p>\n\n\n\n<p class=\"has-light-gray-background-color has-background\">les \u00e9l\u00e8ves rev\u00eatent un uniforme qui se compose d&rsquo;un polo vert, jeans bleu et de chaussures ferm\u00e9es.<\/p>\n\n\n\n<p class=\"has-light-gray-background-color has-background\">Il accueille une SEGPA et ULIS, il offre la possibilit\u00e9 de suivre la\/les section(s) : Sport, Orchestre \u00e0 l&rsquo;\u00e9cole, Cr\u00e9ole et Latin.<\/p>\n\n\n\n<p><\/p>\n<\/div><\/div>\n\n\n\n<p><a rel=\"noreferrer noopener\" href=\"https:\/\/www.onisep.fr\/ressources\/Univers-College\/Colleges\/Martinique\/Martinique\/college-robert-3\" target=\"_blank\">Onisep.fr<\/a><\/p>\n<\/div><\/div>\n","protected":false},"excerpt":{"rendered":"<p>Troisi\u00e8me coll\u00e8ge de la ville du Robert, en&nbsp;Martinique situ\u00e9e dans l&rsquo;archipel des Petites Antilles. Le Robert, commune&nbsp;fran\u00e7aise est la troisi\u00e8me ville de la Martinique par sa population apr\u00e8s&nbsp;Fort-de-France&nbsp;et&nbsp;Le Lamentin. Ses&nbsp;habitants&nbsp;sont appel\u00e9s les&nbsp;Robertins. Situ\u00e9 en R.E.P l&rsquo;\u00e9tablissement est en bord de &hellip; <a href=\"https:\/\/site.ac-martinique.fr\/clg-pontalery\/?page_id=1652\">Continuer la lecture <span class=\"meta-nav\">&rarr;<\/span><\/a><\/p>\n","protected":false},"author":414,"featured_media":0,"parent":0,"menu_order":0,"comment_status":"closed","ping_status":"closed","template":"","meta":{"footnotes":""},"class_list":["post-1652","page","type-page","status-publish","hentry"],"_links":{"self":[{"href":"https:\/\/site.ac-martinique.fr\/clg-pontalery\/index.php?rest_route=\/wp\/v2\/pages\/1652","targetHints":{"allow":["GET"]}}],"collection":[{"href":"https:\/\/site.ac-martinique.fr\/clg-pontalery\/index.php?rest_route=\/wp\/v2\/pages"}],"about":[{"href":"https:\/\/site.ac-martinique.fr\/clg-pontalery\/index.php?rest_route=\/wp\/v2\/types\/page"}],"author":[{"embeddable":true,"href":"https:\/\/site.ac-martinique.fr\/clg-pontalery\/index.php?rest_route=\/wp\/v2\/users\/414"}],"replies":[{"embeddable":true,"href":"https:\/\/site.ac-martinique.fr\/clg-pontalery\/index.php?rest_route=%2Fwp%2Fv2%2Fcomments&post=1652"}],"version-history":[{"count":3,"href":"https:\/\/site.ac-martinique.fr\/clg-pontalery\/index.php?rest_route=\/wp\/v2\/pages\/1652\/revisions"}],"predecessor-version":[{"id":1700,"href":"https:\/\/site.ac-martinique.fr\/clg-pontalery\/index.php?rest_route=\/wp\/v2\/pages\/1652\/revisions\/1700"}],"wp:attachment":[{"href":"https:\/\/site.ac-martinique.fr\/clg-pontalery\/index.php?rest_route=%2Fwp%2Fv2%2Fmedia&parent=1652"}],"curies":[{"name":"wp","href":"https:\/\/api.w.org\/{rel}","templated":true}]}}