{"id":212,"date":"2018-11-27T15:04:31","date_gmt":"2018-11-27T19:04:31","guid":{"rendered":"\/clg-rogercastendet\/?page_id=212"},"modified":"2025-07-17T09:23:45","modified_gmt":"2025-07-17T13:23:45","slug":"accueil","status":"publish","type":"page","link":"https:\/\/site.ac-martinique.fr\/clg-rogercastendet\/","title":{"rendered":"Actualit\u00e9s du Coll\u00e8ge"},"content":{"rendered":"<h3 style=\"text-align: center;\">\u00a0<\/h3>\n<div>Actualit\u00e9s culturelles :<\/div>\n<div>\u00a0<\/div>\n<div>mercredi 28 mai\u00a0 : restitution des classes th\u00e9\u00e2tre<\/div>\n<div>\u00a0<\/div>\n<div>jeudi 19 juin : representation de la class CHAM au grand carbet<\/div>\n<div>\u00a0<\/div>\n<div>vendredi 20 juin : remise des prix (plus de 200 \u00e9l\u00e8ves f\u00e9licit\u00e9s), f\u00eate\u00a0 la musique au coll\u00e8ge<\/div>\n<div>\u00a0<\/div>\n<div>\u00a0<\/div>\n<h4>R\u00e9capitulatif des actions p\u00e9dagogiques et \u00e9ducatives de l&rsquo;ann\u00e9e 2024 2025<\/h4>\n<p>lien \u00e0 suivre :\u00a0<\/p>\n<h4>Le site de la classe m\u00e9dia :\u00a0<a href=\"https:\/\/rogercastendetnews-mq.webnode.fr\/\">https:\/\/rogercastendetnews-mq.webnode.fr\/<\/a><\/h4>\n<div>\u00a0<\/div>\n<h2><em><strong>\u00a0<\/strong><\/em><\/h2>\n<h2>\u00a0<\/h2>\n\n\n<h2 class=\"wp-block-heading has-large-font-size\">Rentr\u00e9e 2025<\/h2>\n\n\n\n<p>Veuillez trouver ci-dessous les modalit\u00e9s d&rsquo;inscription, la liste du materiel (disponible d\u00e9but juin), le planning de rentr\u00e9e ainsi que les options disponibles pour les niveaux 5\u00e8, 4\u00e8 et 3\u00e8. Les \u00e9l\u00e8ves de sixi\u00e8mes choisiront leur option apr\u00e8s presentation par les enseignants en septembre.<\/p>\n\n\n\n<p><a href=\"https:\/\/site.ac-martinique.fr\/clg-rogercastendet\/wp-content\/uploads\/sites\/50\/2025\/05\/inscription-2025.docx\" data-type=\"attachment\" data-id=\"625\">inscription 2025<\/a><\/p>\n\n\n\n<p><a href=\"https:\/\/site.ac-martinique.fr\/clg-rogercastendet\/wp-content\/uploads\/sites\/50\/2025\/05\/OPTIONS-2025.doc\" data-type=\"attachment\" data-id=\"626\">Options 2025<\/a><\/p>\n\n\n\n<p><a href=\"https:\/\/site.ac-martinique.fr\/clg-rogercastendet\/wp-content\/uploads\/sites\/50\/2025\/05\/PLANNING-PRE-RENTREE-2025.docx\" data-type=\"attachment\" data-id=\"635\">PLANNING PRE RENTREE 2025<\/a><\/p>\n\n\n\n<p> <a href=\"https:\/\/site.ac-martinique.fr\/clg-rogercastendet\/wp-content\/uploads\/sites\/50\/2025\/05\/liste-materiel-College-Roger-CASTENDET-2025-2026.docx\" data-type=\"attachment\" data-id=\"634\">liste mat\u00e9riel Coll\u00e8ge Roger CASTENDET -2025 2026<\/a><\/p>\n\n\n\n\n\n<p>n)<\/p>\n\n\n\n<h2 class=\"wp-block-heading\">DNB 2025<\/h2>\n\n\n\n<ul class=\"wp-block-list\">\n<li>les \u00e9preuves auront lieu le jeudi 26 et vendredi 27 juin. Le college offre \u00e0 tous les \u00e9l\u00e8ves un petit d\u00e9je\u00fbner confectionn\u00e9 par nos cuisiniers, ainsi que le repas du jeudi midi.<\/li>\n\n\n\n<li>le vendredi, apr\u00e8s les \u00e9preuves, les \u00e9l\u00e8ves remettront leurs manuels et recevront les documents de fin d&rsquo;ann\u00e9e (fiche de renseignement, exeat, bulletins, assr 1 et 2)<\/li>\n<\/ul>\n\n\n\n<p><\/p>\n\n\n\n<p><\/p>\n\n\n\n<div class=\"wp-block-media-text is-stacked-on-mobile\"><figure class=\"wp-block-media-text__media\"><\/figure><div class=\"wp-block-media-text__content\">\n<p><\/p>\n<\/div><\/div>\n","protected":false},"excerpt":{"rendered":"<p>\u00a0 Actualit\u00e9s culturelles : \u00a0 mercredi 28 mai\u00a0 : restitution des classes th\u00e9\u00e2tre \u00a0 jeudi 19 juin : representation de la class CHAM au grand carbet \u00a0 vendredi 20 juin : remise des prix (plus de 200 \u00e9l\u00e8ves f\u00e9licit\u00e9s), f\u00eate\u00a0 &hellip; <a href=\"https:\/\/site.ac-martinique.fr\/clg-rogercastendet\/\">Continue reading <span class=\"meta-nav\">&rarr;<\/span><\/a><\/p>\n","protected":false},"author":119,"featured_media":0,"parent":0,"menu_order":0,"comment_status":"closed","ping_status":"closed","template":"","meta":{"footnotes":""},"class_list":["post-212","page","type-page","status-publish","hentry"],"_links":{"self":[{"href":"https:\/\/site.ac-martinique.fr\/clg-rogercastendet\/index.php?rest_route=\/wp\/v2\/pages\/212","targetHints":{"allow":["GET"]}}],"collection":[{"href":"https:\/\/site.ac-martinique.fr\/clg-rogercastendet\/index.php?rest_route=\/wp\/v2\/pages"}],"about":[{"href":"https:\/\/site.ac-martinique.fr\/clg-rogercastendet\/index.php?rest_route=\/wp\/v2\/types\/page"}],"author":[{"embeddable":true,"href":"https:\/\/site.ac-martinique.fr\/clg-rogercastendet\/index.php?rest_route=\/wp\/v2\/users\/119"}],"replies":[{"embeddable":true,"href":"https:\/\/site.ac-martinique.fr\/clg-rogercastendet\/index.php?rest_route=%2Fwp%2Fv2%2Fcomments&post=212"}],"version-history":[{"count":65,"href":"https:\/\/site.ac-martinique.fr\/clg-rogercastendet\/index.php?rest_route=\/wp\/v2\/pages\/212\/revisions"}],"predecessor-version":[{"id":643,"href":"https:\/\/site.ac-martinique.fr\/clg-rogercastendet\/index.php?rest_route=\/wp\/v2\/pages\/212\/revisions\/643"}],"wp:attachment":[{"href":"https:\/\/site.ac-martinique.fr\/clg-rogercastendet\/index.php?rest_route=%2Fwp%2Fv2%2Fmedia&parent=212"}],"curies":[{"name":"wp","href":"https:\/\/api.w.org\/{rel}","templated":true}]}}