{"id":249,"date":"2018-11-28T10:20:27","date_gmt":"2018-11-28T14:20:27","guid":{"rendered":"\/clg-rogercastendet\/?page_id=249"},"modified":"2019-01-21T07:31:08","modified_gmt":"2019-01-21T11:31:08","slug":"vie-du-college","status":"publish","type":"page","link":"https:\/\/site.ac-martinique.fr\/clg-rogercastendet\/?page_id=249","title":{"rendered":"Parcours P\u00e9dagogiques et \u00c9ducatifs"},"content":{"rendered":"<ul>\n<li>Parcours d&rsquo;\u00c9ducation Artistique Culturel (PEAC )<\/li>\n<li>Parcours Citoyen<\/li>\n<li>Parcours Avenir<\/li>\n<li>Parcours \u00c9ducatif de Sant\u00e9<\/li>\n<\/ul>\n","protected":false},"excerpt":{"rendered":"<p>Parcours d&rsquo;\u00c9ducation Artistique Culturel (PEAC ) Parcours Citoyen Parcours Avenir Parcours \u00c9ducatif de Sant\u00e9<\/p>\n","protected":false},"author":119,"featured_media":0,"parent":0,"menu_order":0,"comment_status":"closed","ping_status":"closed","template":"","meta":{"footnotes":""},"class_list":["post-249","page","type-page","status-publish","hentry"],"_links":{"self":[{"href":"https:\/\/site.ac-martinique.fr\/clg-rogercastendet\/index.php?rest_route=\/wp\/v2\/pages\/249","targetHints":{"allow":["GET"]}}],"collection":[{"href":"https:\/\/site.ac-martinique.fr\/clg-rogercastendet\/index.php?rest_route=\/wp\/v2\/pages"}],"about":[{"href":"https:\/\/site.ac-martinique.fr\/clg-rogercastendet\/index.php?rest_route=\/wp\/v2\/types\/page"}],"author":[{"embeddable":true,"href":"https:\/\/site.ac-martinique.fr\/clg-rogercastendet\/index.php?rest_route=\/wp\/v2\/users\/119"}],"replies":[{"embeddable":true,"href":"https:\/\/site.ac-martinique.fr\/clg-rogercastendet\/index.php?rest_route=%2Fwp%2Fv2%2Fcomments&post=249"}],"version-history":[{"count":3,"href":"https:\/\/site.ac-martinique.fr\/clg-rogercastendet\/index.php?rest_route=\/wp\/v2\/pages\/249\/revisions"}],"predecessor-version":[{"id":352,"href":"https:\/\/site.ac-martinique.fr\/clg-rogercastendet\/index.php?rest_route=\/wp\/v2\/pages\/249\/revisions\/352"}],"wp:attachment":[{"href":"https:\/\/site.ac-martinique.fr\/clg-rogercastendet\/index.php?rest_route=%2Fwp%2Fv2%2Fmedia&parent=249"}],"curies":[{"name":"wp","href":"https:\/\/api.w.org\/{rel}","templated":true}]}}