{"id":286,"date":"2018-11-28T12:18:12","date_gmt":"2018-11-28T16:18:12","guid":{"rendered":"\/clg-rogercastendet\/?page_id=286"},"modified":"2019-01-28T09:13:11","modified_gmt":"2019-01-28T13:13:11","slug":"vie-scolaire","status":"publish","type":"page","link":"https:\/\/site.ac-martinique.fr\/clg-rogercastendet\/?page_id=286","title":{"rendered":"Vie Scolaire"},"content":{"rendered":"<p style=\"text-align: center;\"><strong>LE SERVICE DE VIE SCOLAIRE<\/strong><\/p>\n<p>Les Conseill\u00e8res principales d\u2019\u00e9ducation exercent leurs missions dans le cadre de la circulaire du 8 ao\u00fbt 2015 qui englobe trois domaines de responsabilit\u00e9s\u00a0:<\/p>\n<ul>\n<li style=\"text-align: left;\"><b>LA POLITIQUE <\/b><b>\u00c9DUCATIVE<\/b><b>\u00a0DE L\u2019ETABLISSEMENT<\/b><\/li>\n<\/ul>\n<p>Elles participent au diagnostic de la vie \u00e9ducative, veillent \u00e0 l\u2019appropriation des r\u00e8gles de vie collective et des valeurs. Elles conseillent le chef d\u2019\u00e9tablissement, les membres de la communaut\u00e9 \u00e9ducative et contribuent au d\u00e9veloppement de l\u2019animation socio-\u00e9ducative dans les projets \u00e9ducatifs et socioculturels.<\/p>\n<ul>\n<li><strong>LE SUIVI DES\u00a0<\/strong><b>\u00c9L\u00c8VES<\/b><\/li>\n<\/ul>\n<p>Elles assurent le suivi p\u00e9dagogique, \u00e9ducatif, individuel et collectif des \u00e9l\u00e8ves, travaillent en collaboration avec les diff\u00e9rentes \u00e9quipes p\u00e9dagogiques des classes. Elles entretiennent des relations de confiance avec les familles.<\/p>\n<ul>\n<li><strong>L\u2019ORGANISATION DE LA VIE SCOLAIRE<\/strong><\/li>\n<\/ul>\n<p>Elles organisent l\u2019espace scolaire et la gestion du temps des \u00e9l\u00e8ves hors de la classe pour favoriser les apprentissages et contribuent \u00e0 la qualit\u00e9 du climat scolaire. Elles encadrent et organisent l\u2019activit\u00e9 du service, pr\u00e9viennent et g\u00e8rent les conflits. Elles conseillent en mati\u00e8re de sanction et promeuvent une approche r\u00e9paratrice de celles-ci.<\/p>\n<p>L\u2019\u00e9quipe du service se compose d\u2019assistants d\u2019\u00e9ducation, de \u00ab\u00a0parcours emplois comp\u00e9tences\u00a0\u00bb, \u00e9ventuellement de services civiques. Ces jeunes \u00e9tudiants dynamiques ont un contact privil\u00e9gi\u00e9 avec les coll\u00e9giens. Outre l\u2019encadrement et la surveillance, ils exercent des activit\u00e9s de tutorat, s\u2019impliquent dans les projets qui s\u2019inscrivent dans les parcours des \u00e9l\u00e8ves. Ils apportent une aide pr\u00e9cieuse dans l\u2019organisation et le fonctionnement\u00a0 du service et contribuent \u00e0 l\u2019\u00e9panouissement individuel et collectif des jeunes.<\/p>\n<p style=\"text-align: center;\"><strong><u>Les horaires du service sont les suivants<\/u><\/strong>\u00a0:<\/p>\n<p style=\"text-align: center;\">Lundi \u2013 Mardi \u2013 Jeudi \u2013 vendredi\u00a0: de 7H00 \u00e0 17H<\/p>\n<p style=\"text-align: center;\">Mercredi de 7H00 \u00e0 12h30<\/p>\n<p><img loading=\"lazy\" decoding=\"async\" class=\"aligncenter size-medium wp-image-315\" src=\"\/clg-rogercastendet\/wp-content\/uploads\/sites\/50\/2018\/11\/L-equipe-Vie-Scolaire_articleimage-300x238.jpg\" alt=\"\" width=\"300\" height=\"238\" srcset=\"https:\/\/site.ac-martinique.fr\/clg-rogercastendet\/wp-content\/uploads\/sites\/50\/2018\/11\/L-equipe-Vie-Scolaire_articleimage-300x238.jpg 300w, https:\/\/site.ac-martinique.fr\/clg-rogercastendet\/wp-content\/uploads\/sites\/50\/2018\/11\/L-equipe-Vie-Scolaire_articleimage-768x610.jpg 768w, https:\/\/site.ac-martinique.fr\/clg-rogercastendet\/wp-content\/uploads\/sites\/50\/2018\/11\/L-equipe-Vie-Scolaire_articleimage.jpg 785w\" sizes=\"auto, (max-width: 300px) 100vw, 300px\" \/><\/p>\n<p><a href=\"\/clg-rogercastendet\/wp-content\/uploads\/sites\/50\/2018\/11\/r\u00e8glement-int\u00e9rieur-CLG-CORIDON-2017-2018-version-aout-2018.doc\">R\u00e8glement int\u00e9rieur CLG CORIDON 2017-2018 &#8211; version aout 2018<\/a><\/p>\n<p><a href=\"\/clg-rogercastendet\/wp-content\/uploads\/sites\/50\/2018\/11\/AVENANT-RI-USAGE-DES-TELEPHONES.docx\">AVENANT RI USAGE DES TELEPHONES<\/a><\/p>\n","protected":false},"excerpt":{"rendered":"<p>LE SERVICE DE VIE SCOLAIRE Les Conseill\u00e8res principales d\u2019\u00e9ducation exercent leurs missions dans le cadre de la circulaire du 8 ao\u00fbt 2015 qui englobe trois domaines de responsabilit\u00e9s\u00a0: LA POLITIQUE \u00c9DUCATIVE\u00a0DE L\u2019ETABLISSEMENT Elles participent au diagnostic de la vie \u00e9ducative, &hellip; <a href=\"https:\/\/site.ac-martinique.fr\/clg-rogercastendet\/?page_id=286\">Continue reading <span class=\"meta-nav\">&rarr;<\/span><\/a><\/p>\n","protected":false},"author":119,"featured_media":0,"parent":240,"menu_order":0,"comment_status":"closed","ping_status":"closed","template":"","meta":{"footnotes":""},"class_list":["post-286","page","type-page","status-publish","hentry"],"_links":{"self":[{"href":"https:\/\/site.ac-martinique.fr\/clg-rogercastendet\/index.php?rest_route=\/wp\/v2\/pages\/286","targetHints":{"allow":["GET"]}}],"collection":[{"href":"https:\/\/site.ac-martinique.fr\/clg-rogercastendet\/index.php?rest_route=\/wp\/v2\/pages"}],"about":[{"href":"https:\/\/site.ac-martinique.fr\/clg-rogercastendet\/index.php?rest_route=\/wp\/v2\/types\/page"}],"author":[{"embeddable":true,"href":"https:\/\/site.ac-martinique.fr\/clg-rogercastendet\/index.php?rest_route=\/wp\/v2\/users\/119"}],"replies":[{"embeddable":true,"href":"https:\/\/site.ac-martinique.fr\/clg-rogercastendet\/index.php?rest_route=%2Fwp%2Fv2%2Fcomments&post=286"}],"version-history":[{"count":10,"href":"https:\/\/site.ac-martinique.fr\/clg-rogercastendet\/index.php?rest_route=\/wp\/v2\/pages\/286\/revisions"}],"predecessor-version":[{"id":397,"href":"https:\/\/site.ac-martinique.fr\/clg-rogercastendet\/index.php?rest_route=\/wp\/v2\/pages\/286\/revisions\/397"}],"up":[{"embeddable":true,"href":"https:\/\/site.ac-martinique.fr\/clg-rogercastendet\/index.php?rest_route=\/wp\/v2\/pages\/240"}],"wp:attachment":[{"href":"https:\/\/site.ac-martinique.fr\/clg-rogercastendet\/index.php?rest_route=%2Fwp%2Fv2%2Fmedia&parent=286"}],"curies":[{"name":"wp","href":"https:\/\/api.w.org\/{rel}","templated":true}]}}