{"id":298,"date":"2018-11-29T09:10:39","date_gmt":"2018-11-29T13:10:39","guid":{"rendered":"\/clg-rogercastendet\/?page_id=298"},"modified":"2019-01-21T08:36:49","modified_gmt":"2019-01-21T12:36:49","slug":"psy-en","status":"publish","type":"page","link":"https:\/\/site.ac-martinique.fr\/clg-rogercastendet\/?page_id=298","title":{"rendered":"Psy-EN"},"content":{"rendered":"<p>Madame, Monsieur<\/p>\n<p>Votre enfant est actuellement en classe de 3<sup>\u00e8me<\/sup>, cycle d\u2019orientation. Il va devoir avec\u00a0 vous, faire des choix importants sur son avenir. Au coll\u00e8ge R.CASTENDET, une psychologue de l\u2019\u00e9ducation Nationale de sp\u00e9cialit\u00e9 \u00e9ducation. D\u00e9veloppement et conseil en orientation scolaire et professionnelle, Madame LARGANGE, est \u00e0 votre disposition pour r\u00e9fl\u00e9chir \u00e0 la d\u00e9cision d\u2019orientation que votre enfant et vous aurez \u00e0 prendre.<\/p>\n<p>Son travail aupr\u00e8s des \u00e9l\u00e8ves se fait en classe et au cours d\u2019entretien plus individualis\u00e9s.<\/p>\n<p>Vous pouvez la rencontrer\u00a0:<\/p>\n<table>\n<tbody>\n<tr>\n<td width=\"768\"><strong>Au Coll\u00e8ge\u00a0:<\/strong><\/p>\n<p><u>Les lundis de 7h30 \u00e0 12h30<\/u><\/p>\n<p><u>Les mardis de 13h30 \u00e0 16h30<\/u><\/p>\n<p><u>Les jeudis de 14h40 \u00e0 17h00<\/u><\/p>\n<p>&nbsp;<\/p>\n<p><em>Prendre rendez-vous aupr\u00e8s de la vie scolaire<\/em><\/p>\n<p><em>\u00a0<\/em><\/p>\n<p><strong>Au centre d\u2019information et d\u2019orientation\u00a0:<\/strong><\/p>\n<p><u>Les jeudis de 8h30 \u00e0 12h30<\/u><\/p>\n<p><u>\u00a0<\/u><\/p>\n<p>L\u2019\u00e9quipe du CIO vous accueille \u00e9galement sans rendez-vous, le lundi de 8h00 \u00e0 12h00, du mardi au jeudi de 8h00 \u00e0 17h00 et le vendredi de 8h \u00e0 14h00<\/td>\n<\/tr>\n<\/tbody>\n<\/table>\n<p style=\"text-align: right;\"><strong>Mme LARGANGE\u00a0 <\/strong><\/p>\n<p style=\"text-align: right;\"><strong>PSY-EN\u00a0\u00a0 <\/strong><\/p>\n","protected":false},"excerpt":{"rendered":"<p>Madame, Monsieur Votre enfant est actuellement en classe de 3\u00e8me, cycle d\u2019orientation. Il va devoir avec\u00a0 vous, faire des choix importants sur son avenir. Au coll\u00e8ge R.CASTENDET, une psychologue de l\u2019\u00e9ducation Nationale de sp\u00e9cialit\u00e9 \u00e9ducation. D\u00e9veloppement et conseil en orientation &hellip; <a href=\"https:\/\/site.ac-martinique.fr\/clg-rogercastendet\/?page_id=298\">Continue reading <span class=\"meta-nav\">&rarr;<\/span><\/a><\/p>\n","protected":false},"author":119,"featured_media":0,"parent":240,"menu_order":0,"comment_status":"closed","ping_status":"closed","template":"","meta":{"footnotes":""},"class_list":["post-298","page","type-page","status-publish","hentry"],"_links":{"self":[{"href":"https:\/\/site.ac-martinique.fr\/clg-rogercastendet\/index.php?rest_route=\/wp\/v2\/pages\/298","targetHints":{"allow":["GET"]}}],"collection":[{"href":"https:\/\/site.ac-martinique.fr\/clg-rogercastendet\/index.php?rest_route=\/wp\/v2\/pages"}],"about":[{"href":"https:\/\/site.ac-martinique.fr\/clg-rogercastendet\/index.php?rest_route=\/wp\/v2\/types\/page"}],"author":[{"embeddable":true,"href":"https:\/\/site.ac-martinique.fr\/clg-rogercastendet\/index.php?rest_route=\/wp\/v2\/users\/119"}],"replies":[{"embeddable":true,"href":"https:\/\/site.ac-martinique.fr\/clg-rogercastendet\/index.php?rest_route=%2Fwp%2Fv2%2Fcomments&post=298"}],"version-history":[{"count":4,"href":"https:\/\/site.ac-martinique.fr\/clg-rogercastendet\/index.php?rest_route=\/wp\/v2\/pages\/298\/revisions"}],"predecessor-version":[{"id":333,"href":"https:\/\/site.ac-martinique.fr\/clg-rogercastendet\/index.php?rest_route=\/wp\/v2\/pages\/298\/revisions\/333"}],"up":[{"embeddable":true,"href":"https:\/\/site.ac-martinique.fr\/clg-rogercastendet\/index.php?rest_route=\/wp\/v2\/pages\/240"}],"wp:attachment":[{"href":"https:\/\/site.ac-martinique.fr\/clg-rogercastendet\/index.php?rest_route=%2Fwp%2Fv2%2Fmedia&parent=298"}],"curies":[{"name":"wp","href":"https:\/\/api.w.org\/{rel}","templated":true}]}}