{"id":358,"date":"2019-01-21T07:35:26","date_gmt":"2019-01-21T11:35:26","guid":{"rendered":"\/clg-rogercastendet\/?page_id=358"},"modified":"2019-01-21T07:35:26","modified_gmt":"2019-01-21T11:35:26","slug":"parcours-avenir","status":"publish","type":"page","link":"https:\/\/site.ac-martinique.fr\/clg-rogercastendet\/?page_id=358","title":{"rendered":"Parcours Avenir"},"content":{"rendered":"<ul>\n<li>Ambassadeurs de la pers\u00e9v\u00e9rance scolaire,<\/li>\n<li>Option mini ing\u00e9nieurs,<\/li>\n<li>Mini Entreprise,<\/li>\n<li>Orientation Par le num\u00e9rique.<\/li>\n<\/ul>\n","protected":false},"excerpt":{"rendered":"<p>Ambassadeurs de la pers\u00e9v\u00e9rance scolaire, Option mini ing\u00e9nieurs, Mini Entreprise, Orientation Par le num\u00e9rique.<\/p>\n","protected":false},"author":119,"featured_media":0,"parent":249,"menu_order":0,"comment_status":"closed","ping_status":"closed","template":"","meta":{"footnotes":""},"class_list":["post-358","page","type-page","status-publish","hentry"],"_links":{"self":[{"href":"https:\/\/site.ac-martinique.fr\/clg-rogercastendet\/index.php?rest_route=\/wp\/v2\/pages\/358","targetHints":{"allow":["GET"]}}],"collection":[{"href":"https:\/\/site.ac-martinique.fr\/clg-rogercastendet\/index.php?rest_route=\/wp\/v2\/pages"}],"about":[{"href":"https:\/\/site.ac-martinique.fr\/clg-rogercastendet\/index.php?rest_route=\/wp\/v2\/types\/page"}],"author":[{"embeddable":true,"href":"https:\/\/site.ac-martinique.fr\/clg-rogercastendet\/index.php?rest_route=\/wp\/v2\/users\/119"}],"replies":[{"embeddable":true,"href":"https:\/\/site.ac-martinique.fr\/clg-rogercastendet\/index.php?rest_route=%2Fwp%2Fv2%2Fcomments&post=358"}],"version-history":[{"count":1,"href":"https:\/\/site.ac-martinique.fr\/clg-rogercastendet\/index.php?rest_route=\/wp\/v2\/pages\/358\/revisions"}],"predecessor-version":[{"id":359,"href":"https:\/\/site.ac-martinique.fr\/clg-rogercastendet\/index.php?rest_route=\/wp\/v2\/pages\/358\/revisions\/359"}],"up":[{"embeddable":true,"href":"https:\/\/site.ac-martinique.fr\/clg-rogercastendet\/index.php?rest_route=\/wp\/v2\/pages\/249"}],"wp:attachment":[{"href":"https:\/\/site.ac-martinique.fr\/clg-rogercastendet\/index.php?rest_route=%2Fwp%2Fv2%2Fmedia&parent=358"}],"curies":[{"name":"wp","href":"https:\/\/api.w.org\/{rel}","templated":true}]}}