{"id":1177,"date":"2021-06-04T15:06:57","date_gmt":"2021-06-04T19:06:57","guid":{"rendered":"https:\/\/site.ac-martinique.fr\/clg-rosesaintjust\/?page_id=1177"},"modified":"2021-06-05T10:03:09","modified_gmt":"2021-06-05T14:03:09","slug":"sinscrire-au-college-les-demarches-a-suivre","status":"publish","type":"page","link":"https:\/\/site.ac-martinique.fr\/clg-rosesaintjust\/sinscrire-au-college-les-demarches-a-suivre\/","title":{"rendered":"S&rsquo;inscrire au coll\u00e8ge : les d\u00e9marches  \u00e0 suivre"},"content":{"rendered":"\n<p>Vous allez d\u00e9m\u00e9nager ou changer d&rsquo;acad\u00e9mie, vous devez dans un 1er temps pr\u00e9venir l&rsquo;\u00e9tablissement de votre enfant de votre d\u00e9part. <\/p>\n\n\n\n<p>Au d\u00e9part de votre enfant, un certificat de fin de scolarit\u00e9 ou EXEAT vous sera remis, obligatoire pour s&rsquo;inscrire dans le nouvel \u00e9tablissement.<\/p>\n\n\n\n<p>Ensuite, vous pouvez proc\u00e9der \u00e0 son inscription sur le site du Rectorat de Martinique. Voir le tuto ci-dessous. Un num\u00e9ro de dossier vous sera attribu\u00e9.<\/p>\n\n\n\n<p>N&rsquo;oubliez pas de joindre par mail toutes les pi\u00e8ces justificatives.<\/p>\n\n\n<div class=\"ead-preview\"><div class=\"ead-document\" style=\"position: relative\"><div class=\"ead-iframe-wrapper\"><iframe src=\"\/\/docs.google.com\/viewer?url=https%3A%2F%2Fsite.ac-martinique.fr%2Fclg-rosesaintjust%2Fwp-content%2Fuploads%2Fsites%2F80%2F2021%2F06%2FRECTORAT-MARTINIQUE-POUR-INSCRIPTIONS-AU-COLLEGE-MODALITES-MAJ-040621.pdf&amp;embedded=true&amp;hl=en\" title=\"Document embarqu\u00e9\" class=\"ead-iframe\" style=\"width: 100%;height: 950px;border: none;visibility: hidden;\"><\/iframe><\/div>\t\t\t<div class=\"ead-document-loading\" style=\"width:100%;height:100%;position:absolute;left:0;top:0;z-index:10\">\n\t\t\t\t<div class=\"ead-loading-wrap\">\n\t\t\t\t\t<div class=\"ead-loading-main\">\n\t\t\t\t\t\t<div class=\"ead-loading\">\n\t\t\t\t\t\t\t<img loading=\"lazy\" decoding=\"async\" src=\"https:\/\/site.ac-martinique.fr\/clg-rosesaintjust\/wp-content\/plugins\/embed-any-document\/images\/loading.svg\" width=\"55\" height=\"55\" alt=\"Chargeur\">\n\t\t\t\t\t\t\t<span>En cours de chargement&hellip;<\/span>\n\t\t\t\t\t\t<\/div>\n\t\t\t\t\t<\/div>\n\t\t\t\t\t<div class=\"ead-loading-foot\">\n\t\t\t\t\t\t<div class=\"ead-loading-foot-title\">\n\t\t\t\t\t\t\t<img loading=\"lazy\" decoding=\"async\" src=\"https:\/\/site.ac-martinique.fr\/clg-rosesaintjust\/wp-content\/plugins\/embed-any-document\/images\/EAD-logo.svg\" alt=\"Logo EAD\" width=\"36\" height=\"23\"\/>\n\t\t\t\t\t\t\t<span>Cela prend trop de temps\u00a0?<\/span>\n\t\t\t\t\t\t<\/div>\n\t\t\t\t\t\t<p>\n\t\t\t\t\t\t\t<div class=\"ead-document-btn ead-reload-btn\" role=\"button\">\n\t\t\t\t\t\t\t\t<img loading=\"lazy\" decoding=\"async\" src=\"https:\/\/site.ac-martinique.fr\/clg-rosesaintjust\/wp-content\/plugins\/embed-any-document\/images\/reload.svg\" alt=\"Recharger\" width=\"12\" height=\"12\"\/> Recharger le document\t\t\t\t\t\t\t<\/div>\n\t\t\t\t\t\t\t<span>|<\/span>\n\t\t\t\t\t\t\t<a href=\"https:\/\/site.ac-martinique.fr\/clg-rosesaintjust\/wp-content\/uploads\/sites\/80\/2021\/06\/RECTORAT-MARTINIQUE-POUR-INSCRIPTIONS-AU-COLLEGE-MODALITES-MAJ-040621.pdf\" class=\"ead-document-btn\" target=\"_blank\">\n\t\t\t\t\t\t\t\t<img loading=\"lazy\" decoding=\"async\" src=\"https:\/\/site.ac-martinique.fr\/clg-rosesaintjust\/wp-content\/plugins\/embed-any-document\/images\/open.svg\" alt=\"Ouvert\" width=\"12\" height=\"12\"\/> Ouvrir dans un nouvel onglet\t\t\t\t\t\t\t<\/a>\n\t\t\t\t\t<\/div>\n\t\t\t\t<\/div>\n\t\t\t<\/div>\n\t\t<\/div><p class=\"embed_download\"><a href=\"https:\/\/site.ac-martinique.fr\/clg-rosesaintjust\/wp-content\/uploads\/sites\/80\/2021\/06\/RECTORAT-MARTINIQUE-POUR-INSCRIPTIONS-AU-COLLEGE-MODALITES-MAJ-040621.pdf\" download>T\u00e9l\u00e9charger <\/a><\/p><\/div>\n\n\n<p class=\"has-vivid-purple-color has-text-color\"><strong>La d\u00e9cision d&rsquo;affectation sera prise en juillet. Sans notification du Rectorat, le coll\u00e8ge ne peut pas proc\u00e9der \u00e0 l&rsquo;inscription de l&rsquo;\u00e9l\u00e8ve. <\/strong><\/p>\n\n\n\n<p>Si la d\u00e9cision arrive apr\u00e8s la fermeture du coll\u00e8ge en juillet (13) , vous pourrez proc\u00e9der \u00e0 son inscription fin ao\u00fbt, \u00e0 partir du 26 ao\u00fbt.<\/p>\n\n\n\n<p class=\"has-vivid-red-color has-text-color\"><strong>Le Rectorat affecte l&rsquo;\u00e9l\u00e8ve en fonction de son lieu de r\u00e9sidence et selon les places disponibles dans le coll\u00e8ge.<\/strong><\/p>\n","protected":false},"excerpt":{"rendered":"<p>Vous allez d\u00e9m\u00e9nager ou changer d&rsquo;acad\u00e9mie, vous devez dans un 1er temps pr\u00e9venir l&rsquo;\u00e9tablissement de votre enfant de votre d\u00e9part. Au d\u00e9part de votre enfant, un certificat de fin de scolarit\u00e9 ou EXEAT vous sera remis, obligatoire pour s&rsquo;inscrire dans le nouvel \u00e9tablissement. Ensuite, vous pouvez proc\u00e9der \u00e0 son inscription sur le site du Rectorat &#8230; <a title=\"S&rsquo;inscrire au coll\u00e8ge : les d\u00e9marches  \u00e0 suivre\" class=\"read-more\" href=\"https:\/\/site.ac-martinique.fr\/clg-rosesaintjust\/sinscrire-au-college-les-demarches-a-suivre\/\" aria-label=\"En savoir plus sur S&rsquo;inscrire au coll\u00e8ge : les d\u00e9marches  \u00e0 suivre\">Lire la suite<\/a><\/p>\n","protected":false},"author":212,"featured_media":0,"parent":0,"menu_order":0,"comment_status":"closed","ping_status":"closed","template":"","meta":{"footnotes":""},"class_list":["post-1177","page","type-page","status-publish"],"_links":{"self":[{"href":"https:\/\/site.ac-martinique.fr\/clg-rosesaintjust\/wp-json\/wp\/v2\/pages\/1177","targetHints":{"allow":["GET"]}}],"collection":[{"href":"https:\/\/site.ac-martinique.fr\/clg-rosesaintjust\/wp-json\/wp\/v2\/pages"}],"about":[{"href":"https:\/\/site.ac-martinique.fr\/clg-rosesaintjust\/wp-json\/wp\/v2\/types\/page"}],"author":[{"embeddable":true,"href":"https:\/\/site.ac-martinique.fr\/clg-rosesaintjust\/wp-json\/wp\/v2\/users\/212"}],"replies":[{"embeddable":true,"href":"https:\/\/site.ac-martinique.fr\/clg-rosesaintjust\/wp-json\/wp\/v2\/comments?post=1177"}],"version-history":[{"count":2,"href":"https:\/\/site.ac-martinique.fr\/clg-rosesaintjust\/wp-json\/wp\/v2\/pages\/1177\/revisions"}],"predecessor-version":[{"id":1184,"href":"https:\/\/site.ac-martinique.fr\/clg-rosesaintjust\/wp-json\/wp\/v2\/pages\/1177\/revisions\/1184"}],"wp:attachment":[{"href":"https:\/\/site.ac-martinique.fr\/clg-rosesaintjust\/wp-json\/wp\/v2\/media?parent=1177"}],"curies":[{"name":"wp","href":"https:\/\/api.w.org\/{rel}","templated":true}]}}