{"id":1403,"date":"2021-10-10T10:14:54","date_gmt":"2021-10-10T14:14:54","guid":{"rendered":"https:\/\/site.ac-martinique.fr\/clg-rosesaintjust\/?page_id=1403"},"modified":"2021-10-10T10:14:55","modified_gmt":"2021-10-10T14:14:55","slug":"stage-pearltrees","status":"publish","type":"page","link":"https:\/\/site.ac-martinique.fr\/clg-rosesaintjust\/stage-pearltrees\/","title":{"rendered":"Stage &#8211; Pearltrees"},"content":{"rendered":"\n<p>Tout pour r\u00e9ussir son stage en entreprise! <\/p>\n\n\n\n<p>D\u00e9couvrez cet espace \u00e9volutif propos\u00e9 par M. CORDEBOEUF, professeur de Technologie. <\/p>\n\n\n\n<p>Vous y trouverez  une multitude de documents, liens, vid\u00e9os&#8230; Connectez-vous r\u00e9guli\u00e8rement pour voir les nouveaut\u00e9s!<\/p>\n\n\n\n<p><a href=\"http:\/\/www.pearltrees.com\/t\/le-stage-en-entreprise\/id45667468\">Espace STAGE RSJ Pearltrees<\/a><\/p>\n","protected":false},"excerpt":{"rendered":"<p>Tout pour r\u00e9ussir son stage en entreprise! D\u00e9couvrez cet espace \u00e9volutif propos\u00e9 par M. CORDEBOEUF, professeur de Technologie. Vous y trouverez une multitude de documents, liens, vid\u00e9os&#8230; Connectez-vous r\u00e9guli\u00e8rement pour voir les nouveaut\u00e9s! Espace STAGE RSJ Pearltrees<\/p>\n","protected":false},"author":212,"featured_media":0,"parent":0,"menu_order":0,"comment_status":"closed","ping_status":"closed","template":"","meta":{"footnotes":""},"class_list":["post-1403","page","type-page","status-publish"],"_links":{"self":[{"href":"https:\/\/site.ac-martinique.fr\/clg-rosesaintjust\/wp-json\/wp\/v2\/pages\/1403","targetHints":{"allow":["GET"]}}],"collection":[{"href":"https:\/\/site.ac-martinique.fr\/clg-rosesaintjust\/wp-json\/wp\/v2\/pages"}],"about":[{"href":"https:\/\/site.ac-martinique.fr\/clg-rosesaintjust\/wp-json\/wp\/v2\/types\/page"}],"author":[{"embeddable":true,"href":"https:\/\/site.ac-martinique.fr\/clg-rosesaintjust\/wp-json\/wp\/v2\/users\/212"}],"replies":[{"embeddable":true,"href":"https:\/\/site.ac-martinique.fr\/clg-rosesaintjust\/wp-json\/wp\/v2\/comments?post=1403"}],"version-history":[{"count":3,"href":"https:\/\/site.ac-martinique.fr\/clg-rosesaintjust\/wp-json\/wp\/v2\/pages\/1403\/revisions"}],"predecessor-version":[{"id":1406,"href":"https:\/\/site.ac-martinique.fr\/clg-rosesaintjust\/wp-json\/wp\/v2\/pages\/1403\/revisions\/1406"}],"wp:attachment":[{"href":"https:\/\/site.ac-martinique.fr\/clg-rosesaintjust\/wp-json\/wp\/v2\/media?parent=1403"}],"curies":[{"name":"wp","href":"https:\/\/api.w.org\/{rel}","templated":true}]}}