{"id":1546,"date":"2022-10-12T08:11:52","date_gmt":"2022-10-12T12:11:52","guid":{"rendered":"https:\/\/site.ac-martinique.fr\/clg-rosesaintjust\/?page_id=1546"},"modified":"2025-11-07T18:27:25","modified_gmt":"2025-11-07T22:27:25","slug":"information-demi-pension-2022-2023","status":"publish","type":"page","link":"https:\/\/site.ac-martinique.fr\/clg-rosesaintjust\/information-demi-pension-2022-2023\/","title":{"rendered":"Information Demi-Pension 2025-2026"},"content":{"rendered":"\n<figure class=\"wp-block-image size-full is-resized\"><a href=\"https:\/\/site.ac-martinique.fr\/clg-rosesaintjust\/wp-content\/uploads\/sites\/80\/2022\/10\/Turboself.jpg\"><img loading=\"lazy\" decoding=\"async\" width=\"385\" height=\"617\" src=\"https:\/\/site.ac-martinique.fr\/clg-rosesaintjust\/wp-content\/uploads\/sites\/80\/2022\/10\/Turboself.jpg\" alt=\"\" class=\"wp-image-1547\" style=\"width:178px;height:285px\" srcset=\"https:\/\/site.ac-martinique.fr\/clg-rosesaintjust\/wp-content\/uploads\/sites\/80\/2022\/10\/Turboself.jpg 385w, https:\/\/site.ac-martinique.fr\/clg-rosesaintjust\/wp-content\/uploads\/sites\/80\/2022\/10\/Turboself-187x300.jpg 187w\" sizes=\"auto, (max-width: 385px) 100vw, 385px\" \/><\/a><\/figure>\n\n\n\n<ul>\n<li><span style=\"color: #0000ff;\"><strong>PAIEMENT 1ER TRIMESTRE JUSQU&rsquo;AU &#8230;NOVEMBRE 2025<\/strong><\/span><\/li>\n<li><span style=\"color: #ff00ff;\"><strong>PAIEMENT 2\u00e8me TRIMESTRE : du &#8230; au &#8230; 2026.<\/strong><\/span><\/li>\n<\/ul>\n\n\n\n<p><span style=\"color: #800000;\"><strong>CREATION DU COMPTE TURBOSELF<\/strong><\/span><\/p>\n<p><span style=\"color: #000080;\">Chers parents, <\/span><br \/><span style=\"color: #000080;\">Vous pouvez d\u00e8s \u00e0 pr\u00e9sent proc\u00e9der \u00e0 la cr\u00e9ation de votre compte turbo via le lien suivant\u00a0: <\/span><\/p>\n<p style=\"text-align: center;\"><br \/><a href=\"http:\/\/espacenumerique.turbo-self.com\/Connexion.aspx?id=3557\"><span style=\"color: #000080;\">http:\/\/espacenumerique.turbo-self.com\/Connexion.aspx?id=3557<\/span><\/a><\/p>\n<p style=\"text-align: left;\"><span style=\"color: #000080;\">Un e-mail de confirmation vous sera envoy\u00e9. Apr\u00e8s validation en cliquant sur le lien vous pourrez <\/span><br \/><span style=\"color: #000080;\">modifier votre mot de passe. <\/span><br \/><span style=\"color: #000080;\"><strong>ATTENTION\u00a0<\/strong>: Lorsque vous cr\u00e9er votre compte, le nom et pr\u00e9nom est celui de votre enfant (1 <\/span><br \/><span style=\"color: #000080;\">compte par enfant)\u00a0ainsi que son num\u00e9ro de carte (facultatif) ; l\u2019e-mail devra \u00eatre valide et celui du <\/span><br \/><span style=\"color: #000080;\">parent qui paiera la cantine.\u00a0 <\/span><br \/><span style=\"color: #000080;\">Les identifiants et les mots de passe de l\u2019ann\u00e9e pr\u00e9c\u00e9dentes sont encore valables. <\/span><br \/><span style=\"color: #000080;\">Le paiement de la demi-pension ne pourra se faire qu\u2019apr\u00e8s r\u00e9ception de l\u2019avis de paiement et aux <\/span><br \/><span style=\"color: #000080;\">dates indiqu\u00e9es. <\/span><br \/><span style=\"color: #000080;\">\u00a0Nous restons \u00e0 votre disposition en cas de difficult\u00e9s. <\/span><br \/><span style=\"color: #000080;\">\u00a0Le service de gestion<\/span><\/p>\n\n\n\n<p><span style=\"color: #993300;\"><strong>PAIEMENT 2EME TRIMESTRE<\/strong><\/span><\/p>\n<p>L\u2019avis d\u00e9taill\u00e9 du <span style=\"color: #0000ff;\"><strong>2<sup>\u00e8me<\/sup> \u00a0trimestre<\/strong> <\/span>pour le paiement de cantine sera envoy\u00e9 par email et remis aux \u00e9l\u00e8ves.<\/p>\n<p>Pour rappel, le montant de la bourse est d\u00e9duit automatiquement, le solde restant est \u00e0 votre charge. Si le montant de la bourse est sup\u00e9rieur au montant \u00e0 payer la diff\u00e9rence vous sera rembours\u00e9e au moment du paiement de la bourse.<\/p>\n<p><strong><span style=\"color: #ff0000;\">Pour le 2<sup>\u00e8me<\/sup> trimestre<\/span><\/strong>\u00a0: <span style=\"color: #800080;\"><strong>les paiements se feront du &#8230; au &#8230; 2026<\/strong><\/span>.<\/p>\n<p><span style=\"background-color: #ffff99;\">Les modalit\u00e9s sont les suivantes\u00a0:<\/span><\/p>\n<ul>\n<li><span style=\"background-color: #ffff99;\">En esp\u00e8ces au bureau de l\u2019intendance de 7h30 \u00e0 11h30. Merci de bien vouloir faire l\u2019appoint\u00a0.<\/span><\/li>\n<li><span style=\"background-color: #ffff99;\">En ligne si vous avez cr\u00e9e le compte turbo self<\/span><\/li>\n<li><span style=\"background-color: #ffff99;\">Par ch\u00e8que \u00e0 mettre dans la bo\u00eete aux lettres de la demi-pension \u00e0 l\u2019ordre de l\u2019Agent Comptable du Coll\u00e8ge Rose Saint-Just<\/span><\/li>\n<\/ul>\n<p>Aucun paiement ne sera pris au-del\u00e0 de cette p\u00e9riode, nous vous demandons de respecter les dates.<\/p>\n<p>Merci de votre compr\u00e9hension.<\/p>\n<p>P\/o Le service de gestion<\/p>\n","protected":false},"excerpt":{"rendered":"<p>PAIEMENT 1ER TRIMESTRE JUSQU&rsquo;AU &#8230;NOVEMBRE 2025 PAIEMENT 2\u00e8me TRIMESTRE : du &#8230; au &#8230; 2026. CREATION DU COMPTE TURBOSELF Chers parents, Vous pouvez d\u00e8s \u00e0 pr\u00e9sent proc\u00e9der \u00e0 la cr\u00e9ation de votre compte turbo via le lien suivant\u00a0: http:\/\/espacenumerique.turbo-self.com\/Connexion.aspx?id=3557 Un e-mail de confirmation vous sera envoy\u00e9. Apr\u00e8s validation en cliquant sur le lien vous pourrez &#8230; <a title=\"Information Demi-Pension 2025-2026\" class=\"read-more\" href=\"https:\/\/site.ac-martinique.fr\/clg-rosesaintjust\/information-demi-pension-2022-2023\/\" aria-label=\"En savoir plus sur Information Demi-Pension 2025-2026\">Lire la suite<\/a><\/p>\n","protected":false},"author":212,"featured_media":0,"parent":0,"menu_order":0,"comment_status":"closed","ping_status":"closed","template":"","meta":{"footnotes":""},"class_list":["post-1546","page","type-page","status-publish"],"_links":{"self":[{"href":"https:\/\/site.ac-martinique.fr\/clg-rosesaintjust\/wp-json\/wp\/v2\/pages\/1546","targetHints":{"allow":["GET"]}}],"collection":[{"href":"https:\/\/site.ac-martinique.fr\/clg-rosesaintjust\/wp-json\/wp\/v2\/pages"}],"about":[{"href":"https:\/\/site.ac-martinique.fr\/clg-rosesaintjust\/wp-json\/wp\/v2\/types\/page"}],"author":[{"embeddable":true,"href":"https:\/\/site.ac-martinique.fr\/clg-rosesaintjust\/wp-json\/wp\/v2\/users\/212"}],"replies":[{"embeddable":true,"href":"https:\/\/site.ac-martinique.fr\/clg-rosesaintjust\/wp-json\/wp\/v2\/comments?post=1546"}],"version-history":[{"count":6,"href":"https:\/\/site.ac-martinique.fr\/clg-rosesaintjust\/wp-json\/wp\/v2\/pages\/1546\/revisions"}],"predecessor-version":[{"id":2272,"href":"https:\/\/site.ac-martinique.fr\/clg-rosesaintjust\/wp-json\/wp\/v2\/pages\/1546\/revisions\/2272"}],"wp:attachment":[{"href":"https:\/\/site.ac-martinique.fr\/clg-rosesaintjust\/wp-json\/wp\/v2\/media?parent=1546"}],"curies":[{"name":"wp","href":"https:\/\/api.w.org\/{rel}","templated":true}]}}