{"id":1995,"date":"2023-06-23T12:12:04","date_gmt":"2023-06-23T16:12:04","guid":{"rendered":"https:\/\/site.ac-martinique.fr\/clg-rosesaintjust\/?page_id=1995"},"modified":"2023-06-23T12:12:04","modified_gmt":"2023-06-23T16:12:04","slug":"loption-langue-regionale-creole-a-partir-de-la-classe-de-5eme","status":"publish","type":"page","link":"https:\/\/site.ac-martinique.fr\/clg-rosesaintjust\/loption-langue-regionale-creole-a-partir-de-la-classe-de-5eme\/","title":{"rendered":"L&rsquo;option langue r\u00e9gionale Cr\u00e9ole \u00e0 partir de la classe de 5\u00e8me"},"content":{"rendered":"\n<figure class=\"wp-block-image is-resized\"><img loading=\"lazy\" decoding=\"async\" src=\"https:\/\/site.ac-martinique.fr\/clg-rosesaintjust\/wp-content\/uploads\/sites\/80\/2023\/06\/CREOLE-724x1024.png\" alt=\"\" class=\"wp-image-1996\" width=\"531\" height=\"751\" srcset=\"https:\/\/site.ac-martinique.fr\/clg-rosesaintjust\/wp-content\/uploads\/sites\/80\/2023\/06\/CREOLE-724x1024.png 724w, https:\/\/site.ac-martinique.fr\/clg-rosesaintjust\/wp-content\/uploads\/sites\/80\/2023\/06\/CREOLE-212x300.png 212w, https:\/\/site.ac-martinique.fr\/clg-rosesaintjust\/wp-content\/uploads\/sites\/80\/2023\/06\/CREOLE-768x1087.png 768w, https:\/\/site.ac-martinique.fr\/clg-rosesaintjust\/wp-content\/uploads\/sites\/80\/2023\/06\/CREOLE.png 827w\" sizes=\"auto, (max-width: 531px) 100vw, 531px\" \/><\/figure>\n\n\n\n<p><span style=\"color: #ff0000;\"><strong>Kr\u00e9yol pou f\u00e8 ki sa\u00a0\u00e9pi ba ki moun ?<\/strong><\/span><\/p>\n<ul>\n<li><span style=\"color: #000080;\"><strong>QUI PEUT CHOISIR L\u2019OPTION CRE\u0301OLE ?<\/strong><\/span><\/li>\n<\/ul>\n<p>Tous les \u00e9l\u00e8ves de <strong>5<sup>\u00e8me<\/sup>, 4<sup>\u00e8me<\/sup> et 3<sup>\u00e8me<\/sup>,<\/strong> il suffit d\u2019\u00eatre CURIEUX, TRAVAILLEUR ET MOTIVE\u0301 !<\/p>\n<ul>\n<li><strong><span style=\"color: #000080;\">QUEL EST LE PROGRAMME ?<\/span> <\/strong><\/li>\n<\/ul>\n<p>L\u2019enseignement du cr\u00e9ole s\u2019articule autour des notions d\u00e9finies pour l\u2019apprentissage de toutes les langues vivantes telles que l\u2019anglais et l\u2019espagnol.<\/p>\n<ul>\n<li><strong><span style=\"color: #000080;\">QU\u2019APPORTE L\u2019ETUDE DE CETTE LANGUE ?<\/span> <\/strong><\/li>\n<\/ul>\n<p>Beaucoup diront que cela ne sert a\u0300 rien de s\u2019inscrire \u00e0 l\u2019option cr\u00e9ole.<\/p>\n<p><span style=\"color: #ff6600;\"><strong>Pourtant, la langue cr\u00e9ole permettra a\u0300 l\u2019\u00e9l\u00e8ve :<\/strong><\/span><\/p>\n<ul>\n<li><span style=\"background-color: #ffff99;\">De gagner des points afin d\u2019obtenir son brevet.<\/span><\/li>\n<li><span style=\"background-color: #ffff99;\">De mieux comprendre la langue fran\u00e7aise gr\u00e2ce a\u0300 l\u2019approche contrastive.<\/span><\/li>\n<li><span style=\"background-color: #ffff99;\">De d\u00e9velopper son esprit d\u2019analyse et de raisonnement, d\u2019acqu\u00e9rir rigueur et pr\u00e9cision.<\/span><\/li>\n<li><span style=\"background-color: #ffff99;\">D\u2019approfondir ses connaissances en histoire, g\u00e9ographie, culture, patrimoine martiniquais lors des sorties p\u00e9dagogiques.<\/span><\/li>\n<li><span style=\"background-color: #ffff99;\">De mieux comprendre notre pays, notre environnement et notre monde.<\/span><\/li>\n<li><span style=\"background-color: #ffff99;\">De pr\u00e9senter son \u00e9preuve orale en cr\u00e9ole.<\/span><\/li>\n<\/ul>\n<p>M\u00e8si an chay Man P\u00c9PIN!<\/p>\n","protected":false},"excerpt":{"rendered":"<p>Kr\u00e9yol pou f\u00e8 ki sa\u00a0\u00e9pi ba ki moun ? QUI PEUT CHOISIR L\u2019OPTION CRE\u0301OLE ? Tous les \u00e9l\u00e8ves de 5\u00e8me, 4\u00e8me et 3\u00e8me, il suffit d\u2019\u00eatre CURIEUX, TRAVAILLEUR ET MOTIVE\u0301 ! QUEL EST LE PROGRAMME ? L\u2019enseignement du cr\u00e9ole s\u2019articule autour des notions d\u00e9finies pour l\u2019apprentissage de toutes les langues vivantes telles que l\u2019anglais et &#8230; <a title=\"L&rsquo;option langue r\u00e9gionale Cr\u00e9ole \u00e0 partir de la classe de 5\u00e8me\" class=\"read-more\" href=\"https:\/\/site.ac-martinique.fr\/clg-rosesaintjust\/loption-langue-regionale-creole-a-partir-de-la-classe-de-5eme\/\" aria-label=\"En savoir plus sur L&rsquo;option langue r\u00e9gionale Cr\u00e9ole \u00e0 partir de la classe de 5\u00e8me\">Lire la suite<\/a><\/p>\n","protected":false},"author":212,"featured_media":0,"parent":0,"menu_order":0,"comment_status":"closed","ping_status":"closed","template":"","meta":{"footnotes":""},"class_list":["post-1995","page","type-page","status-publish"],"_links":{"self":[{"href":"https:\/\/site.ac-martinique.fr\/clg-rosesaintjust\/wp-json\/wp\/v2\/pages\/1995","targetHints":{"allow":["GET"]}}],"collection":[{"href":"https:\/\/site.ac-martinique.fr\/clg-rosesaintjust\/wp-json\/wp\/v2\/pages"}],"about":[{"href":"https:\/\/site.ac-martinique.fr\/clg-rosesaintjust\/wp-json\/wp\/v2\/types\/page"}],"author":[{"embeddable":true,"href":"https:\/\/site.ac-martinique.fr\/clg-rosesaintjust\/wp-json\/wp\/v2\/users\/212"}],"replies":[{"embeddable":true,"href":"https:\/\/site.ac-martinique.fr\/clg-rosesaintjust\/wp-json\/wp\/v2\/comments?post=1995"}],"version-history":[{"count":2,"href":"https:\/\/site.ac-martinique.fr\/clg-rosesaintjust\/wp-json\/wp\/v2\/pages\/1995\/revisions"}],"predecessor-version":[{"id":1998,"href":"https:\/\/site.ac-martinique.fr\/clg-rosesaintjust\/wp-json\/wp\/v2\/pages\/1995\/revisions\/1998"}],"wp:attachment":[{"href":"https:\/\/site.ac-martinique.fr\/clg-rosesaintjust\/wp-json\/wp\/v2\/media?parent=1995"}],"curies":[{"name":"wp","href":"https:\/\/api.w.org\/{rel}","templated":true}]}}