{"id":2005,"date":"2023-06-23T14:04:08","date_gmt":"2023-06-23T18:04:08","guid":{"rendered":"https:\/\/site.ac-martinique.fr\/clg-rosesaintjust\/?page_id=2005"},"modified":"2023-06-23T14:04:09","modified_gmt":"2023-06-23T18:04:09","slug":"pai-projet-daccueil-individualise","status":"publish","type":"page","link":"https:\/\/site.ac-martinique.fr\/clg-rosesaintjust\/pai-projet-daccueil-individualise\/","title":{"rendered":"PAI (Projet d\u2019Accueil Individualis\u00e9)"},"content":{"rendered":"\n<p style=\"text-align: center;\"><span style=\"color: #800080;\"><strong>Service de promotion de la sant\u00e9 en faveur des \u00e9l\u00e8ves<\/strong><\/span><a href=\"https:\/\/site.ac-martinique.fr\/clg-rosesaintjust\/wp-content\/uploads\/sites\/80\/2023\/06\/PAI.png\"><img loading=\"lazy\" decoding=\"async\" class=\"size-full wp-image-2006 aligncenter\" src=\"https:\/\/site.ac-martinique.fr\/clg-rosesaintjust\/wp-content\/uploads\/sites\/80\/2023\/06\/PAI.png\" alt=\"\" width=\"262\" height=\"162\" \/><\/a><\/p>\n<p style=\"text-align: left;\"><span style=\"background-color: #ffcc99;\">Si votre enfant \u00e0 besoin de traitements sur le temps scolaire pour une pathologie (asthme, allergie, diab\u00e8te, ou autres\u2026), vous pouvez demander <strong>un Projet d\u2019Accueil Individualis\u00e9\u00a0: PAI.<\/strong><\/span><\/p>\n<p><strong><span style=\"color: #ff0000;\"><u>A la premi\u00e8re demande de PAI au coll\u00e8ge<\/u><\/span><\/strong>, il faut remplir\u00a0:<\/p>\n<ul>\n<li><span style=\"background-color: #ccffcc;\">la 1<sup>\u00e8re<\/sup> page de renseignements administratifs (Partie 1)\u00a0et<\/span><\/li>\n<li><span style=\"background-color: #ccffcc;\">joindre la fiche conduite \u00e0 tenir en cas d\u2019urgence remplie par le m\u00e9decin traitant <u>en fonction de la pathologie<\/u> (Partie 3) <a style=\"background-color: #ccffcc;\" href=\"https:\/\/eduscol.education.fr\/1207\/la-scolarisation-des-enfants-malades\">https:\/\/eduscol.education.fr\/1207\/la-scolarisation-des-enfants-malades<\/a> et<\/span><\/li>\n<li><span style=\"background-color: #ccffcc;\">la fiche liaison M\u00e9decin traitant \u2013 M\u00e9decin scolaire<\/span><\/li>\n<\/ul>\n<p><strong> <a href=\"https:\/\/site.ac-martinique.fr\/clg-rosesaintjust\/wp-content\/uploads\/sites\/80\/2023\/06\/PAI-PHOT.png\"><img loading=\"lazy\" decoding=\"async\" class=\"size-full wp-image-2007 alignleft\" src=\"https:\/\/site.ac-martinique.fr\/clg-rosesaintjust\/wp-content\/uploads\/sites\/80\/2023\/06\/PAI-PHOT.png\" alt=\"\" width=\"161\" height=\"225\" \/><\/a><\/strong><\/p>\n<p>\u00a0<\/p>\n<p><strong>Projet d&rsquo;accueil individualis\u00e9 : partie 1<\/strong><\/p>\n<p><a href=\"https:\/\/eduscol.education.fr\/document\/7748\/download?attachment\">T\u00e9l\u00e9charger le document (.pdf, 3,55 Mo) <\/a><\/p>\n<p>\u00a0<\/p>\n<p>\u00a0<\/p>\n<p><span style=\"color: #ff0000;\"><strong><u>D\u00e8s la rentr\u00e9e scolaire<\/u><\/strong><\/span> \u00e0 l\u2019infirmi\u00e8re du coll\u00e8ge (lundi ou jeudi) ou au secr\u00e9tariat de la Direction, merci de rapporter\u00a0:<\/p>\n<ul>\n<li><span style=\"background-color: #ffff99;\">ces documents remplis +<\/span><\/li>\n<li><span style=\"background-color: #ffff99;\">1 copie de l\u2019ordonnance d\u00e9livr\u00e9e par votre m\u00e9decin traitant +<\/span><\/li>\n<li><span style=\"background-color: #ffff99;\">le traitement<\/span><\/li>\n<\/ul>\n<p><strong><span style=\"color: #ff0000;\"><u>Renouvellement PAI<\/u>\u00a0 (5<sup>\u00e8me<\/sup> &#8211; 4<sup>\u00e8me<\/sup> \u2013 3<sup>\u00e8me<\/sup>)<\/span><\/strong>:<\/p>\n<ul>\n<li>A la rentr\u00e9e scolaire suivante, <span style=\"color: #000000; background-color: #ccffcc;\"><strong>remettre une nouvelle ordonnance et le traitement \u00e0 l\u2019infirmi\u00e8re<\/strong><\/span>.<\/li>\n<li>Le PAI est reconduit par l\u2019infirmi\u00e8re du coll\u00e8ge aupr\u00e8s de l\u2019\u00e9quipe (apr\u00e8s r\u00e9ception des documents \u00e0 jour, de l\u2019ordonnance et des traitements).<\/li>\n<\/ul>\n<p><strong><span style=\"color: #800080;\">Sonia TINAUGUS, Infirmi\u00e8re Education Nationale<\/span><\/strong><\/p>\n","protected":false},"excerpt":{"rendered":"<p>Service de promotion de la sant\u00e9 en faveur des \u00e9l\u00e8ves Si votre enfant \u00e0 besoin de traitements sur le temps scolaire pour une pathologie (asthme, allergie, diab\u00e8te, ou autres\u2026), vous pouvez demander un Projet d\u2019Accueil Individualis\u00e9\u00a0: PAI. A la premi\u00e8re demande de PAI au coll\u00e8ge, il faut remplir\u00a0: la 1\u00e8re page de renseignements administratifs (Partie &#8230; <a title=\"PAI (Projet d\u2019Accueil Individualis\u00e9)\" class=\"read-more\" href=\"https:\/\/site.ac-martinique.fr\/clg-rosesaintjust\/pai-projet-daccueil-individualise\/\" aria-label=\"En savoir plus sur PAI (Projet d\u2019Accueil Individualis\u00e9)\">Lire la suite<\/a><\/p>\n","protected":false},"author":212,"featured_media":0,"parent":0,"menu_order":0,"comment_status":"closed","ping_status":"closed","template":"","meta":{"footnotes":""},"class_list":["post-2005","page","type-page","status-publish"],"_links":{"self":[{"href":"https:\/\/site.ac-martinique.fr\/clg-rosesaintjust\/wp-json\/wp\/v2\/pages\/2005","targetHints":{"allow":["GET"]}}],"collection":[{"href":"https:\/\/site.ac-martinique.fr\/clg-rosesaintjust\/wp-json\/wp\/v2\/pages"}],"about":[{"href":"https:\/\/site.ac-martinique.fr\/clg-rosesaintjust\/wp-json\/wp\/v2\/types\/page"}],"author":[{"embeddable":true,"href":"https:\/\/site.ac-martinique.fr\/clg-rosesaintjust\/wp-json\/wp\/v2\/users\/212"}],"replies":[{"embeddable":true,"href":"https:\/\/site.ac-martinique.fr\/clg-rosesaintjust\/wp-json\/wp\/v2\/comments?post=2005"}],"version-history":[{"count":1,"href":"https:\/\/site.ac-martinique.fr\/clg-rosesaintjust\/wp-json\/wp\/v2\/pages\/2005\/revisions"}],"predecessor-version":[{"id":2008,"href":"https:\/\/site.ac-martinique.fr\/clg-rosesaintjust\/wp-json\/wp\/v2\/pages\/2005\/revisions\/2008"}],"wp:attachment":[{"href":"https:\/\/site.ac-martinique.fr\/clg-rosesaintjust\/wp-json\/wp\/v2\/media?parent=2005"}],"curies":[{"name":"wp","href":"https:\/\/api.w.org\/{rel}","templated":true}]}}