{"id":319,"date":"2020-10-14T19:48:33","date_gmt":"2020-10-14T23:48:33","guid":{"rendered":"https:\/\/site.ac-martinique.fr\/clg-rosesaintjust\/?page_id=319"},"modified":"2025-11-11T08:04:00","modified_gmt":"2025-11-11T12:04:00","slug":"contact","status":"publish","type":"page","link":"https:\/\/site.ac-martinique.fr\/clg-rosesaintjust\/contact\/","title":{"rendered":"Contact"},"content":{"rendered":"\n<p><strong>Adresse postale :<\/strong><br>3, rue Romul G\u00e9rard TELLE <br>97220 La Trinit\u00e9<\/p>\n\n\n\n<p>T\u00e9l: 05.96.58.20.73<br><\/p>\n\n\n\n<p><strong>Adresse mail<\/strong> : ce.9720025v@ac-martinique.fr<\/p>\n\n\n\n<div data-wp-interactive=\"core\/file\" class=\"wp-block-file\"><object data-wp-bind--hidden=\"!state.hasPdfPreview\" hidden class=\"wp-block-file__embed\" data=\"https:\/\/site.ac-martinique.fr\/clg-rosesaintjust\/wp-content\/uploads\/sites\/80\/2025\/11\/FICHE-CONTACTS-COLLEGE-ROSE-SAINT-JUST-2025-1.pdf\" type=\"application\/pdf\" style=\"width:100%;height:600px\" aria-label=\"Contenu embarqu\u00e9 FICHE CONTACTS COLLEGE ROSE SAINT JUST 2025.\"><\/object><a id=\"wp-block-file--media-c4226826-8fa0-4e73-94c8-e61a56f803b9\" href=\"https:\/\/site.ac-martinique.fr\/clg-rosesaintjust\/wp-content\/uploads\/sites\/80\/2025\/11\/FICHE-CONTACTS-COLLEGE-ROSE-SAINT-JUST-2025-1.pdf\">FICHE CONTACTS COLLEGE ROSE SAINT JUST 2025<\/a><a href=\"https:\/\/site.ac-martinique.fr\/clg-rosesaintjust\/wp-content\/uploads\/sites\/80\/2025\/11\/FICHE-CONTACTS-COLLEGE-ROSE-SAINT-JUST-2025-1.pdf\" class=\"wp-block-file__button wp-element-button\" download aria-describedby=\"wp-block-file--media-c4226826-8fa0-4e73-94c8-e61a56f803b9\">T\u00e9l\u00e9charger<\/a><\/div>\n","protected":false},"excerpt":{"rendered":"<p>Adresse postale :3, rue Romul G\u00e9rard TELLE 97220 La Trinit\u00e9 T\u00e9l: 05.96.58.20.73 Adresse mail : ce.9720025v@ac-martinique.fr<\/p>\n","protected":false},"author":212,"featured_media":0,"parent":0,"menu_order":0,"comment_status":"closed","ping_status":"closed","template":"","meta":{"footnotes":""},"class_list":["post-319","page","type-page","status-publish"],"_links":{"self":[{"href":"https:\/\/site.ac-martinique.fr\/clg-rosesaintjust\/wp-json\/wp\/v2\/pages\/319","targetHints":{"allow":["GET"]}}],"collection":[{"href":"https:\/\/site.ac-martinique.fr\/clg-rosesaintjust\/wp-json\/wp\/v2\/pages"}],"about":[{"href":"https:\/\/site.ac-martinique.fr\/clg-rosesaintjust\/wp-json\/wp\/v2\/types\/page"}],"author":[{"embeddable":true,"href":"https:\/\/site.ac-martinique.fr\/clg-rosesaintjust\/wp-json\/wp\/v2\/users\/212"}],"replies":[{"embeddable":true,"href":"https:\/\/site.ac-martinique.fr\/clg-rosesaintjust\/wp-json\/wp\/v2\/comments?post=319"}],"version-history":[{"count":10,"href":"https:\/\/site.ac-martinique.fr\/clg-rosesaintjust\/wp-json\/wp\/v2\/pages\/319\/revisions"}],"predecessor-version":[{"id":2282,"href":"https:\/\/site.ac-martinique.fr\/clg-rosesaintjust\/wp-json\/wp\/v2\/pages\/319\/revisions\/2282"}],"wp:attachment":[{"href":"https:\/\/site.ac-martinique.fr\/clg-rosesaintjust\/wp-json\/wp\/v2\/media?parent=319"}],"curies":[{"name":"wp","href":"https:\/\/api.w.org\/{rel}","templated":true}]}}