{"id":101,"date":"2015-08-26T15:23:42","date_gmt":"2015-08-26T14:23:42","guid":{"rendered":"\/clg-sainteluce\/?page_id=101"},"modified":"2015-08-26T15:23:42","modified_gmt":"2015-08-26T14:23:42","slug":"latin","status":"publish","type":"page","link":"https:\/\/site.ac-martinique.fr\/clg-sainteluce\/?page_id=101","title":{"rendered":"LATIN"},"content":{"rendered":"<div align=\"center\"><span style=\"font-size: large\"><strong>LATIN : Informations aux \u00e9l\u00e8ves et parents d\u2019\u00e9l\u00e8ves de 6\u00e8me:<\/strong><\/span><\/div>\n<div align=\"justify\">\n<p><span style=\"font-family: CaLIBRI, sans-serif\"><span style=\"color: #0000ff\">L\u2019option \u00ablatin\u00bb s\u2019offre enfin \u00e0 vous, apr\u00e8s votre premi\u00e8re ann\u00e9e au coll\u00e8ge! Vous aurez la possibilit\u00e9 de choisir cette option pour votre ann\u00e9e de 5\u00e8me, en mentionnant ce choix dans votre fiche d\u2019orientation de fin de 6\u00e8me.Vous h\u00e9sitez peut-\u00eatre encore, avez des questions, des doutes, des appr\u00e9hensions? Laissez-vous tenter; \u00ab\u00a0une fois qu\u2019on y a go\u00fbt\u00e9, on ne peut plus s\u2019en passer\u00a0\u00bb !<\/span><\/span><\/p>\n<\/div>\n<p><span style=\"color: #ff0000\"><strong>Pourquoi choisir le latin en classe de 5\u00e8me?<br \/>\n<\/strong><\/span><\/p>\n<p><span style=\"color: #00008b;font-size: medium\"><em><strong>QUESTIONS : R\u00c9PONSES<br \/>\n<\/strong><\/em><\/span><\/p>\n<ul>\n<li><span style=\"color: #00008b;font-size: medium\"><em><strong>Le latin, c\u2019est un langue morte, \u00e7a sert \u00e0 rien!<\/strong><\/em><\/span><\/li>\n<\/ul>\n<p><span style=\"color: #00008b;font-size: medium\"><strong>FAUX !<\/strong>\u00a0Le latin est une option \u00ab\u00a0tout-terrain\u00a0\u00bb: elle sert \u00e0 toutes les mati\u00e8res, \u00e0 commencer par le fran\u00e7ais, bien s\u00fbr, mais elle est aussi une aide utile pour les langues vivantes: eh oui ! Toutes les langues europ\u00e9ennes viennent, de pr\u00e8s ou de loin, de la langue latine; apprendre la latin, c\u2019est donc mettre toutes ses chances de c\u00f4t\u00e9 pour apprendre de nouvelles langues europ\u00e9ennes ! En mettant l\u2019accent sur l\u2019\u00e9tymologie, on apprend aussi \u00e0 mieux \u00e9crire et mieux comprendre le fran\u00e7ais.<\/span><\/p>\n<ul>\n<li><span style=\"color: #00008b;font-size: medium\"><em><strong>Je ne veux pas avoir de devoirs en plus!<\/strong><\/em><\/span><\/li>\n<\/ul>\n<p><span style=\"color: #00008b;font-size: medium\"><strong>Ca tombe bien<\/strong>\u00a0! En latin, il n\u2019y a pas de devoirs \u00e9crits ! Le seul effort qui te sera demand\u00e9, c\u2019est de relire et r\u00e9viser les le\u00e7ons \u00e0 la maison, pour retenir ce que l\u2019on a fait en classe. Mais l\u2019essentiel du travail est fait en cours, donc avec un peu d\u2019attention, tu n\u2019auras presque plus rien\u00a0\u00e0 faire \u00e0 la maison !<\/span><\/p>\n<ul>\n<li><span style=\"color: #00008b;font-size: medium\"><em><strong>Ca va faire baisser ma moyenne!<\/strong><\/em><\/span><\/li>\n<\/ul>\n<p><span style=\"color: #00008b;font-size: medium\"><strong>ARCHI- FAUX !<\/strong>\u00a0Le latin est un \u00ab\u00a0boosteur\u00a0\u00bb de moyenne ! Cette ann\u00e9e, la moyenne g\u00e9n\u00e9rale des latinistes est comprise entre 15 et 17. C\u2019est donc une tr\u00e8s bonne fa\u00e7on de commencer \u00e0 cumuler des points d\u2019avance pour le brevet de 3\u00e8me ! En latin, les interros sont peu nombreuses, pr\u00e9venues longuement \u00e0 l\u2019avance, et sont surtout des pr\u00e9textes pour valoriser le travail des \u00e9l\u00e8ves. Vous serez donc \u00e9valu\u00e9s sur des le\u00e7ons courtes, sur des travaux informatiques, etc \u2026<\/span><\/p>\n<ul>\n<li><span style=\"color: #00008b;font-size: medium\"><em><strong>Le latin, c\u2019est vieux et d\u00e9mod\u00e9!<\/strong><\/em><\/span><\/li>\n<\/ul>\n<p><span style=\"color: #00008b;font-size: medium\"><strong>FAUX !<\/strong>\u00a0Le latin a chang\u00e9, depuis l\u2019\u00e9poque de nos parents et nos grands-parents! Au coll\u00e8ge de Vinci, l\u2019enseignement du latin se fait de fa\u00e7on dynamique, et toujours dans la bonne humeur ! Ce blog est bien la preuve qu\u2019en latin, on ne passe pas ses heures \u00e0 r\u00e9citer des d\u00e9clinaisons, le nez plong\u00e9 dans un dictionnaire poussi\u00e9reux! Fini, le temps des vieux livres, nous sommes pass\u00e9s \u00e0 l\u2019informatique; beaucoup de nos cours se d\u00e9roulent en salle multim\u00e9dia pour d\u00e9velopper les capacit\u00e9s informatiques tout en apprennant une nouvelle langue et une nouvelle culture.<\/span><\/p>\n<p><span style=\"color: #00008b;font-size: medium\"><strong>Qu\u2019apprend-on en latin au coll\u00e8ge ?<\/strong><\/span><\/p>\n<p align=\"right\"><span style=\"color: #00008b;font-size: medium\">On apprend bien s\u00fbr les bases de la\u00a0<strong>langue latine<\/strong>, \u00e0 savoir lire et comprendre un texte latin, mais pas uniquement.<br \/>\nNous abordons aussi les diff\u00e9rents aspects des\u00a0<strong>cultures latines et grecques<\/strong>\u00a0tout en les confrontant \u00e0 notre culture actuelle. C\u2019est ainsi que nous parlerons\u00a0<strong>mythologie<\/strong>,\u00a0<strong>civilisation<\/strong>,\u00a0<strong>religions antiques<\/strong>.<br \/>\nNous traitons aussi\u00a0<strong>l\u2019\u00e9tymologie<\/strong>\u00a0des mots, pour savoir d\u2019o\u00f9 vient notre langue afin de mieux la ma\u00eetriser.<\/span><\/p>\n<ul>\n<li><strong>En 5\u00e8me<\/strong><em>\u00a0(2heures par semaine)<\/em>\u00a0l\u2019accent sera mis sur le citoyen romain, ses croyances, et ses h\u00e9ros l\u00e9gendaires. Nous d\u00e9couvrirons aussi quelques fables mettant en sc\u00e8ne de curieux animaux\u2026<\/li>\n<\/ul>\n<ul>\n<li><strong>En 4\u00e8me<\/strong><em>\u00a0(3 heures par semine)<\/em>\u00a0nous aborderons les diff\u00e9rents statuts des romains: hommes, femmes, enfants, esclaves, en les d\u00e9couvrant dans leur vie sociale: \u00e0 l\u2019\u00e9cole, aux thermes, aux jeux, au th\u00e9\u00e2tre\u2026<\/li>\n<\/ul>\n<ul>\n<li><strong>En 3\u00e8me<\/strong><em>\u00a0(3 heures par semaine)\u00a0<\/em>nous d\u00e9couvrirons les \u00e9v\u00e9nements bouleversants qui se sont produits entre le passage de la R\u00e9publique \u00e0 l\u2019Empire Romain, et nous \u00e9tudierons la vie des empereurs, des plus sereins aux plus fous !<\/li>\n<\/ul>\n<p>&nbsp;<\/p>\n","protected":false},"excerpt":{"rendered":"<p>LATIN : Informations aux \u00e9l\u00e8ves et parents d\u2019\u00e9l\u00e8ves de 6\u00e8me: L\u2019option \u00ablatin\u00bb s\u2019offre enfin \u00e0 vous, apr\u00e8s votre premi\u00e8re ann\u00e9e au coll\u00e8ge! Vous aurez la possibilit\u00e9 de choisir cette option pour votre ann\u00e9e de 5\u00e8me, en mentionnant ce choix dans votre fiche d\u2019orientation de fin de 6\u00e8me.Vous h\u00e9sitez peut-\u00eatre encore, avez des questions, des doutes, &hellip; <a href=\"https:\/\/site.ac-martinique.fr\/clg-sainteluce\/?page_id=101\" class=\"more-link\">Continuer la lecture de <span class=\"screen-reader-text\">LATIN<\/span>  <span class=\"meta-nav\">&rarr;<\/span><\/a><\/p>\n","protected":false},"author":157,"featured_media":0,"parent":0,"menu_order":0,"comment_status":"closed","ping_status":"open","template":"","meta":{"footnotes":""},"class_list":["post-101","page","type-page","status-publish","hentry"],"_links":{"self":[{"href":"https:\/\/site.ac-martinique.fr\/clg-sainteluce\/index.php?rest_route=\/wp\/v2\/pages\/101","targetHints":{"allow":["GET"]}}],"collection":[{"href":"https:\/\/site.ac-martinique.fr\/clg-sainteluce\/index.php?rest_route=\/wp\/v2\/pages"}],"about":[{"href":"https:\/\/site.ac-martinique.fr\/clg-sainteluce\/index.php?rest_route=\/wp\/v2\/types\/page"}],"author":[{"embeddable":true,"href":"https:\/\/site.ac-martinique.fr\/clg-sainteluce\/index.php?rest_route=\/wp\/v2\/users\/157"}],"replies":[{"embeddable":true,"href":"https:\/\/site.ac-martinique.fr\/clg-sainteluce\/index.php?rest_route=%2Fwp%2Fv2%2Fcomments&post=101"}],"version-history":[{"count":1,"href":"https:\/\/site.ac-martinique.fr\/clg-sainteluce\/index.php?rest_route=\/wp\/v2\/pages\/101\/revisions"}],"predecessor-version":[{"id":102,"href":"https:\/\/site.ac-martinique.fr\/clg-sainteluce\/index.php?rest_route=\/wp\/v2\/pages\/101\/revisions\/102"}],"wp:attachment":[{"href":"https:\/\/site.ac-martinique.fr\/clg-sainteluce\/index.php?rest_route=%2Fwp%2Fv2%2Fmedia&parent=101"}],"curies":[{"name":"wp","href":"https:\/\/api.w.org\/{rel}","templated":true}]}}