{"id":123,"date":"2015-08-26T16:10:33","date_gmt":"2015-08-26T15:10:33","guid":{"rendered":"\/clg-sainteluce\/?page_id=123"},"modified":"2015-08-26T16:15:45","modified_gmt":"2015-08-26T15:15:45","slug":"preparation-au-brevet","status":"publish","type":"page","link":"https:\/\/site.ac-martinique.fr\/clg-sainteluce\/?page_id=123","title":{"rendered":"PR\u00c9PARATION AU BREVET"},"content":{"rendered":"<h1><strong><span style=\"color: #ff0000\">CE QU&rsquo;IL FAUT SAVOIR POUR OBTENIR DNB :<\/span><\/strong><\/h1>\n<p>&nbsp;<\/p>\n<p>Les r\u00e9sultats en classe de troisi\u00e8me sont pris en compte comme suit\u00a0:<\/p>\n<table class=\"spip\">\n<tbody>\n<tr class=\"row_odd odd\">\n<td>Mati\u00e8res<\/td>\n<td>COEFFICIENTS<\/td>\n<\/tr>\n<tr class=\"row_even even\">\n<td>Fran\u00e7ais<\/td>\n<td>1<\/td>\n<\/tr>\n<tr class=\"row_odd odd\">\n<td>Math\u00e9matiques<\/td>\n<td>1<\/td>\n<\/tr>\n<tr class=\"row_even even\">\n<td>Premi\u00e8re langue vivante \u00e9trang\u00e8re<\/td>\n<td>1<\/td>\n<\/tr>\n<tr class=\"row_odd odd\">\n<td>Sciences de la vie et de la Terre<\/td>\n<td>1<\/td>\n<\/tr>\n<tr class=\"row_even even\">\n<td>Physique-chimie<\/td>\n<td>1<\/td>\n<\/tr>\n<tr class=\"row_odd odd\">\n<td>\u00e9ducation physique et sportive<\/td>\n<td>1<\/td>\n<\/tr>\n<tr class=\"row_even even\">\n<td>Enseignements artistiques\u00a0: (arts plastiques et \u00e9ducation musicale)<\/td>\n<td>2(1 + 1)<\/td>\n<\/tr>\n<tr class=\"row_odd odd\">\n<td>Technologie<\/td>\n<td>1<\/td>\n<\/tr>\n<tr class=\"row_even even\">\n<td>Deuxi\u00e8me langue vivante<\/td>\n<td>1<\/td>\n<\/tr>\n<\/tbody>\n<\/table>\n<p align=\"justify\"><span style=\"font-size: medium\">Sont \u00e9galement pris en compte les points obtenus au dessus de la moyenne de 10 sur 20 dans l\u2019enseignement optionnel facultatif choisi par l\u2019\u00e9l\u00e8ve\u00a0: latin, ou langue vivante (\u00e9trang\u00e8re ou r\u00e9gionale), \u00e9valu\u00e9 en classe de troisi\u00e8me.<br \/>\n<img loading=\"lazy\" decoding=\"async\" class=\"puce\" src=\"http:\/\/clg-camille-claudel-latresne.fr\/local\/cache-vignettes\/L8xH11\/puce-32883.gif\" alt=\"-\" width=\"8\" height=\"11\" \/>\u00a0Soit un sous-total sur 200 points<\/span><\/p>\n<p>Pour l\u2019\u00e9preuve ponctuelle qui se d\u00e9roule au mois de juin\u00a0:<\/p>\n<table class=\"spip\">\n<tbody>\n<tr class=\"row_odd odd\">\n<td>Mati\u00e8res<\/td>\n<td>Coefficients<\/td>\n<\/tr>\n<tr class=\"row_even even\">\n<td>Histoire des arts<\/td>\n<td>2<\/td>\n<\/tr>\n<tr class=\"row_odd odd\">\n<td>Fran\u00e7ais<\/td>\n<td>2<\/td>\n<\/tr>\n<tr class=\"row_even even\">\n<td>Math\u00e9matiques<\/td>\n<td>2<\/td>\n<\/tr>\n<tr class=\"row_odd odd\">\n<td>Histoire &#8211; g\u00e9ographie &#8211; \u00e9ducation civique<\/td>\n<td>2<\/td>\n<\/tr>\n<\/tbody>\n<\/table>\n<p align=\"justify\"><img loading=\"lazy\" decoding=\"async\" class=\"puce\" src=\"http:\/\/clg-camille-claudel-latresne.fr\/local\/cache-vignettes\/L8xH11\/puce-32883.gif\" alt=\"-\" width=\"8\" height=\"11\" \/><span style=\"font-family: Helvetica;font-size: medium\">Soit un sous-total sur 160 points.<br \/>\n<img loading=\"lazy\" decoding=\"async\" class=\"puce\" src=\"http:\/\/clg-camille-claudel-latresne.fr\/local\/cache-vignettes\/L8xH11\/puce-32883.gif\" alt=\"-\" width=\"8\" height=\"11\" \/>\u00a0Le maximum est donc de 360 points (370 points avec l\u2019option facultative).<br class=\"autobr\" \/><\/span><\/p>\n<p align=\"justify\"><span style=\"font-family: Helvetica;font-size: medium\">Le brevet est attribu\u00e9 aux candidats ayant obtenu une moyenne \u00e9gale ou sup\u00e9rieure \u00e0 10 sur 20 \u00e0 l\u2019ensemble des notes. Ce qui revient \u00e0 obtenir 180 points (\u00e9preuve ponctuelle, plus les notes de troisi\u00e8me \u00e0 l\u2019ann\u00e9e).<\/span><\/p>\n<p><span style=\"font-family: Helvetica;font-size: medium\">Le Dipl\u00f4me national du brevet comporte\u00a0 des mentions.<br \/>\n<\/span><span style=\"font-family: Helvetica;font-size: medium\">La mention d\u00e9pend de la note moyenne obtenue au dipl\u00f4me\u00a0:<br \/>\n<\/span><span style=\"font-family: Helvetica;font-size: medium\">Au moins \u00e9gale \u00e0 12 et inf\u00e9rieure \u00e0 14\u00a0: Mention assez bien<br class=\"autobr\" \/>Au moins \u00e9gale \u00e0 14 et inf\u00e9rieure \u00e0 16\u00a0: Mention bien<br class=\"autobr\" \/>Au moins \u00e9gale \u00e0 16\u00a0: Mention tr\u00e8s bien<\/span><\/p>\n","protected":false},"excerpt":{"rendered":"<p>CE QU&rsquo;IL FAUT SAVOIR POUR OBTENIR DNB : &nbsp; Les r\u00e9sultats en classe de troisi\u00e8me sont pris en compte comme suit\u00a0: Mati\u00e8res COEFFICIENTS Fran\u00e7ais 1 Math\u00e9matiques 1 Premi\u00e8re langue vivante \u00e9trang\u00e8re 1 Sciences de la vie et de la Terre 1 Physique-chimie 1 \u00e9ducation physique et sportive 1 Enseignements artistiques\u00a0: (arts plastiques et \u00e9ducation musicale) &hellip; <a href=\"https:\/\/site.ac-martinique.fr\/clg-sainteluce\/?page_id=123\" class=\"more-link\">Continuer la lecture de <span class=\"screen-reader-text\">PR\u00c9PARATION AU BREVET<\/span>  <span class=\"meta-nav\">&rarr;<\/span><\/a><\/p>\n","protected":false},"author":157,"featured_media":0,"parent":0,"menu_order":0,"comment_status":"closed","ping_status":"open","template":"","meta":{"footnotes":""},"class_list":["post-123","page","type-page","status-publish","hentry"],"_links":{"self":[{"href":"https:\/\/site.ac-martinique.fr\/clg-sainteluce\/index.php?rest_route=\/wp\/v2\/pages\/123","targetHints":{"allow":["GET"]}}],"collection":[{"href":"https:\/\/site.ac-martinique.fr\/clg-sainteluce\/index.php?rest_route=\/wp\/v2\/pages"}],"about":[{"href":"https:\/\/site.ac-martinique.fr\/clg-sainteluce\/index.php?rest_route=\/wp\/v2\/types\/page"}],"author":[{"embeddable":true,"href":"https:\/\/site.ac-martinique.fr\/clg-sainteluce\/index.php?rest_route=\/wp\/v2\/users\/157"}],"replies":[{"embeddable":true,"href":"https:\/\/site.ac-martinique.fr\/clg-sainteluce\/index.php?rest_route=%2Fwp%2Fv2%2Fcomments&post=123"}],"version-history":[{"count":2,"href":"https:\/\/site.ac-martinique.fr\/clg-sainteluce\/index.php?rest_route=\/wp\/v2\/pages\/123\/revisions"}],"predecessor-version":[{"id":125,"href":"https:\/\/site.ac-martinique.fr\/clg-sainteluce\/index.php?rest_route=\/wp\/v2\/pages\/123\/revisions\/125"}],"wp:attachment":[{"href":"https:\/\/site.ac-martinique.fr\/clg-sainteluce\/index.php?rest_route=%2Fwp%2Fv2%2Fmedia&parent=123"}],"curies":[{"name":"wp","href":"https:\/\/api.w.org\/{rel}","templated":true}]}}