{"id":206,"date":"2015-08-26T19:47:44","date_gmt":"2015-08-26T18:47:44","guid":{"rendered":"\/clg-sainteluce\/?page_id=206"},"modified":"2025-08-31T22:59:34","modified_gmt":"2025-09-01T02:59:34","slug":"la-direction","status":"publish","type":"page","link":"https:\/\/site.ac-martinique.fr\/clg-sainteluce\/?page_id=206","title":{"rendered":"LA DIRECTION 2025-26"},"content":{"rendered":"<h1><span style=\"color: #ff0000;\">PRINCIPAL :\u00a0<\/span><\/h1>\n<p class=\"p1\">M. Xavier LLORCA<\/p>\n<h1><strong><span style=\"color: #ff0000;\">PRINCIPAL ADJOINT :<br \/>\n<\/span><\/strong><\/h1>\n<p>Mme Lina LAVANNE<\/p>\n<h1><strong><span style=\"color: #ff0000;\">SECR\u00c9TAIRE G<\/span><\/strong><strong><span style=\"color: #ff0000;\">\u00c9N<\/span><\/strong><strong><span style=\"color: #ff0000;\">\u00c9RALE <\/span><\/strong><strong><span style=\"color: #ff0000;\">:<br \/>\n<\/span><\/strong><\/h1>\n<p class=\"p1\">Mme Francine FLOBINUS<\/p>\n<h1><strong><span style=\"color: #ff0000;\">SECR\u00c9TAIRE DE GESTION<\/span><\/strong><strong><span style=\"color: #ff0000;\">\u00a0<\/span><\/strong><strong><span style=\"color: #ff0000;\">:<br \/>\n<\/span><\/strong><\/h1>\n<p class=\"p1\">M. Colbert CULTIER<\/p>\n<h1><strong><span style=\"color: #ff0000;\">SECR\u00c9TAIRE DE DIRECTION<\/span><\/strong><strong><span style=\"color: #ff0000;\">\u00a0<\/span><\/strong><strong><span style=\"color: #ff0000;\">:<\/span><\/strong><\/h1>\n<p class=\"p1\">Mme Jocelyne OZIER- LAFONTAINE<\/p>\n<h1><strong><span style=\"color: #ff0000;\">CPE :<br \/>\n<\/span><\/strong><\/h1>\n<p class=\"p1\">Mme Marie-Louise GASTON<\/p>\n<h1><\/h1>\n<h1><strong><span style=\"color: #ff0000;\">\u00a0<\/span><\/strong><\/h1>\n","protected":false},"excerpt":{"rendered":"<p>PRINCIPAL :\u00a0 M. Xavier LLORCA PRINCIPAL ADJOINT : Mme Lina LAVANNE SECR\u00c9TAIRE G\u00c9N\u00c9RALE : Mme Francine FLOBINUS SECR\u00c9TAIRE DE GESTION\u00a0: M. Colbert CULTIER SECR\u00c9TAIRE DE DIRECTION\u00a0: Mme Jocelyne OZIER- LAFONTAINE CPE : Mme Marie-Louise GASTON \u00a0<\/p>\n","protected":false},"author":157,"featured_media":0,"parent":0,"menu_order":0,"comment_status":"closed","ping_status":"open","template":"","meta":{"footnotes":""},"class_list":["post-206","page","type-page","status-publish","hentry"],"_links":{"self":[{"href":"https:\/\/site.ac-martinique.fr\/clg-sainteluce\/index.php?rest_route=\/wp\/v2\/pages\/206","targetHints":{"allow":["GET"]}}],"collection":[{"href":"https:\/\/site.ac-martinique.fr\/clg-sainteluce\/index.php?rest_route=\/wp\/v2\/pages"}],"about":[{"href":"https:\/\/site.ac-martinique.fr\/clg-sainteluce\/index.php?rest_route=\/wp\/v2\/types\/page"}],"author":[{"embeddable":true,"href":"https:\/\/site.ac-martinique.fr\/clg-sainteluce\/index.php?rest_route=\/wp\/v2\/users\/157"}],"replies":[{"embeddable":true,"href":"https:\/\/site.ac-martinique.fr\/clg-sainteluce\/index.php?rest_route=%2Fwp%2Fv2%2Fcomments&post=206"}],"version-history":[{"count":7,"href":"https:\/\/site.ac-martinique.fr\/clg-sainteluce\/index.php?rest_route=\/wp\/v2\/pages\/206\/revisions"}],"predecessor-version":[{"id":2420,"href":"https:\/\/site.ac-martinique.fr\/clg-sainteluce\/index.php?rest_route=\/wp\/v2\/pages\/206\/revisions\/2420"}],"wp:attachment":[{"href":"https:\/\/site.ac-martinique.fr\/clg-sainteluce\/index.php?rest_route=%2Fwp%2Fv2%2Fmedia&parent=206"}],"curies":[{"name":"wp","href":"https:\/\/api.w.org\/{rel}","templated":true}]}}