{"id":251,"date":"2015-08-26T20:57:28","date_gmt":"2015-08-26T19:57:28","guid":{"rendered":"\/clg-sainteluce\/?page_id=251"},"modified":"2015-08-26T21:00:45","modified_gmt":"2015-08-26T20:00:45","slug":"commune-de-sainte-luce","status":"publish","type":"page","link":"https:\/\/site.ac-martinique.fr\/clg-sainteluce\/?page_id=251","title":{"rendered":"COMMUNE DE SAINTE-LUCE"},"content":{"rendered":"<p>La ville de\u00a0Sainte-Luce\u00a0est situ\u00e9e dans le\u00a0d\u00e9partement de la Martinique\u00a0(d\u00e9partement d&rsquo;outre mer qui est aussi une r\u00e9gion fran\u00e7aise). La ville de Sainte-Luce appartient \u00e0 l&rsquo;arrondissement de Le Marin et au canton de Sainte-Luce. Le code postal de la ville de Sainte-Luce est le 97228 et son code Insee est le 97227. Les habitants de Sainte-Luce se nomment les Luc\u00e9ens et les Luc\u00e9ennes.<\/p>\n<h3><span style=\"color: #3366ff\">G\u00e9ographie :<\/span><\/h3>\n<p>L&rsquo;altitude moyenne de Sainte-Luce est de 186 m\u00e8tres environ. Sa superficie est de 28.02 km\u00b2. Sa latitude est de 14.467 degr\u00e9s Nord et sa longitude de 60.917 degr\u00e9s Ouest. Les villes et villages proches de Sainte-Luce sont :\u00a0Rivi\u00e8re-Pilote (97211)\u00a0\u00e0 2.57 km,\u00a0Sainte-Anne (97227)\u00a0\u00e0 5.08 km,\u00a0Le Marin (97290)\u00a0\u00e0 5.47 km,\u00a0Saint-Esprit (97270)\u00a0\u00e0 9.43 km,\u00a0Rivi\u00e8re-Sal\u00e9e (97215)\u00a0\u00e0 9.90 km.<i><br \/>\n(Les distances avec ces communes proches de Sainte-Luce sont calcul\u00e9es \u00e0 vol d&rsquo;oiseau &#8211; Voir la\u00a0liste des villes et villages de la Martinique)<\/i><\/p>\n<h3><span style=\"color: #3366ff\">Population et logements :<\/span><\/h3>\n<p>La population de Sainte-Luce \u00e9tait de 7 724 au recensement de 1999, 9 165 en 2007 et 9 684 en 2009. La densit\u00e9 de population de la ville est de 345.61 habitants par km\u00b2.<br \/>\nLe nombre de logements sur la commune a \u00e9t\u00e9 estim\u00e9 \u00e0 4 979 en 2007. Ces logements se composent de 3 786 r\u00e9sidences principales, 412 r\u00e9sidences secondaires ou occasionnels ainsi que 781 logements vacants.<\/p>\n","protected":false},"excerpt":{"rendered":"<p>La ville de\u00a0Sainte-Luce\u00a0est situ\u00e9e dans le\u00a0d\u00e9partement de la Martinique\u00a0(d\u00e9partement d&rsquo;outre mer qui est aussi une r\u00e9gion fran\u00e7aise). La ville de Sainte-Luce appartient \u00e0 l&rsquo;arrondissement de Le Marin et au canton de Sainte-Luce. Le code postal de la ville de Sainte-Luce est le 97228 et son code Insee est le 97227. Les habitants de Sainte-Luce se &hellip; <a href=\"https:\/\/site.ac-martinique.fr\/clg-sainteluce\/?page_id=251\" class=\"more-link\">Continuer la lecture de <span class=\"screen-reader-text\">COMMUNE DE SAINTE-LUCE<\/span>  <span class=\"meta-nav\">&rarr;<\/span><\/a><\/p>\n","protected":false},"author":157,"featured_media":0,"parent":0,"menu_order":0,"comment_status":"closed","ping_status":"open","template":"","meta":{"footnotes":""},"class_list":["post-251","page","type-page","status-publish","hentry"],"_links":{"self":[{"href":"https:\/\/site.ac-martinique.fr\/clg-sainteluce\/index.php?rest_route=\/wp\/v2\/pages\/251","targetHints":{"allow":["GET"]}}],"collection":[{"href":"https:\/\/site.ac-martinique.fr\/clg-sainteluce\/index.php?rest_route=\/wp\/v2\/pages"}],"about":[{"href":"https:\/\/site.ac-martinique.fr\/clg-sainteluce\/index.php?rest_route=\/wp\/v2\/types\/page"}],"author":[{"embeddable":true,"href":"https:\/\/site.ac-martinique.fr\/clg-sainteluce\/index.php?rest_route=\/wp\/v2\/users\/157"}],"replies":[{"embeddable":true,"href":"https:\/\/site.ac-martinique.fr\/clg-sainteluce\/index.php?rest_route=%2Fwp%2Fv2%2Fcomments&post=251"}],"version-history":[{"count":1,"href":"https:\/\/site.ac-martinique.fr\/clg-sainteluce\/index.php?rest_route=\/wp\/v2\/pages\/251\/revisions"}],"predecessor-version":[{"id":252,"href":"https:\/\/site.ac-martinique.fr\/clg-sainteluce\/index.php?rest_route=\/wp\/v2\/pages\/251\/revisions\/252"}],"wp:attachment":[{"href":"https:\/\/site.ac-martinique.fr\/clg-sainteluce\/index.php?rest_route=%2Fwp%2Fv2%2Fmedia&parent=251"}],"curies":[{"name":"wp","href":"https:\/\/api.w.org\/{rel}","templated":true}]}}