{"id":356,"date":"2015-08-27T02:40:49","date_gmt":"2015-08-27T01:40:49","guid":{"rendered":"\/clg-sainteluce\/?page_id=356"},"modified":"2015-08-27T03:24:28","modified_gmt":"2015-08-27T02:24:28","slug":"association-sportive-et-eps","status":"publish","type":"page","link":"https:\/\/site.ac-martinique.fr\/clg-sainteluce\/?page_id=356","title":{"rendered":"Association Sportive et EPS"},"content":{"rendered":"<p><em>\u00ab\u00a0Le sport est d\u00e9passement de soi. Le sport est \u00e9cole de vie.\u00a0\u00bb<\/em><br \/>\n<em>Aim\u00e9 Jacquet<\/em><\/p>\n<p>L\u2019\u00e9quipe EPS du coll\u00e8ge met \u00e0 votre disposition des informations sur ce site. Il faut remercier au passage notre h\u00e9bergeur\u00a0<a href=\"http:\/\/www.super-h.fr\/\">super H<\/a>\u00a0sans qui nous ne pourrions avoir de vitrine sur le web.\u00a0Notre \u00e9quipe est compos\u00e9e de trois professeurs, tous passionn\u00e9s de sport depuis le tout jeune \u00e2ge. Un c\u2019est le volley-ball, l\u2019autre la gymnastique et le dernier la voile et le windsurf.\u00a0Pour chacun d\u2019entre eux, cette passion du sport les a men\u00e9s au plus haut niveau, notamment en entrainant des \u00e9quipes et des comp\u00e9titeurs qui sont devenus des grands champions.\u00a0Ces exp\u00e9riences sportives influencent n\u00e9cessairement les m\u00e9thodes et les proc\u00e9dures p\u00e9dagogiques de chacun. Et ce que nous pouvons affirmer avec certitude c\u2019est que nous attendons de nos \u00e9l\u00e8ves du travail, des \u00e9changes et une participation active au sein de l\u2019association sportive.<br \/>\nSportivement.<\/p>\n<p>Acc\u00e9der au site en cliquant sur le l&rsquo;image ci-dessous &gt;&gt;&gt;<br \/>\n<a href=\"http:\/\/epsluce972.super-h.fr\/spip\/\" target=\"_blank\"><img loading=\"lazy\" decoding=\"async\" class=\"aligncenter size-full wp-image-357\" src=\"\/clg-sainteluce\/wp-content\/uploads\/sites\/65\/2015\/08\/Capture-d\u2019\u00e9cran-2015-08-26-\u00e0-22.30.25.png\" alt=\"Capture d\u2019\u00e9cran 2015-08-26 \u00e0 22.30.25\" width=\"1906\" height=\"950\" srcset=\"https:\/\/site.ac-martinique.fr\/clg-sainteluce\/wp-content\/uploads\/sites\/65\/2015\/08\/Capture-d\u2019\u00e9cran-2015-08-26-\u00e0-22.30.25.png 1906w, https:\/\/site.ac-martinique.fr\/clg-sainteluce\/wp-content\/uploads\/sites\/65\/2015\/08\/Capture-d\u2019\u00e9cran-2015-08-26-\u00e0-22.30.25-300x150.png 300w, https:\/\/site.ac-martinique.fr\/clg-sainteluce\/wp-content\/uploads\/sites\/65\/2015\/08\/Capture-d\u2019\u00e9cran-2015-08-26-\u00e0-22.30.25-1024x510.png 1024w\" sizes=\"auto, (max-width: 1906px) 100vw, 1906px\" \/><\/a><\/p>\n","protected":false},"excerpt":{"rendered":"<p>\u00ab\u00a0Le sport est d\u00e9passement de soi. Le sport est \u00e9cole de vie.\u00a0\u00bb Aim\u00e9 Jacquet L\u2019\u00e9quipe EPS du coll\u00e8ge met \u00e0 votre disposition des informations sur ce site. Il faut remercier au passage notre h\u00e9bergeur\u00a0super H\u00a0sans qui nous ne pourrions avoir de vitrine sur le web.\u00a0Notre \u00e9quipe est compos\u00e9e de trois professeurs, tous passionn\u00e9s de sport &hellip; <a href=\"https:\/\/site.ac-martinique.fr\/clg-sainteluce\/?page_id=356\" class=\"more-link\">Continuer la lecture de <span class=\"screen-reader-text\">Association Sportive et EPS<\/span>  <span class=\"meta-nav\">&rarr;<\/span><\/a><\/p>\n","protected":false},"author":157,"featured_media":0,"parent":0,"menu_order":0,"comment_status":"closed","ping_status":"open","template":"","meta":{"footnotes":""},"class_list":["post-356","page","type-page","status-publish","hentry"],"_links":{"self":[{"href":"https:\/\/site.ac-martinique.fr\/clg-sainteluce\/index.php?rest_route=\/wp\/v2\/pages\/356","targetHints":{"allow":["GET"]}}],"collection":[{"href":"https:\/\/site.ac-martinique.fr\/clg-sainteluce\/index.php?rest_route=\/wp\/v2\/pages"}],"about":[{"href":"https:\/\/site.ac-martinique.fr\/clg-sainteluce\/index.php?rest_route=\/wp\/v2\/types\/page"}],"author":[{"embeddable":true,"href":"https:\/\/site.ac-martinique.fr\/clg-sainteluce\/index.php?rest_route=\/wp\/v2\/users\/157"}],"replies":[{"embeddable":true,"href":"https:\/\/site.ac-martinique.fr\/clg-sainteluce\/index.php?rest_route=%2Fwp%2Fv2%2Fcomments&post=356"}],"version-history":[{"count":2,"href":"https:\/\/site.ac-martinique.fr\/clg-sainteluce\/index.php?rest_route=\/wp\/v2\/pages\/356\/revisions"}],"predecessor-version":[{"id":376,"href":"https:\/\/site.ac-martinique.fr\/clg-sainteluce\/index.php?rest_route=\/wp\/v2\/pages\/356\/revisions\/376"}],"wp:attachment":[{"href":"https:\/\/site.ac-martinique.fr\/clg-sainteluce\/index.php?rest_route=%2Fwp%2Fv2%2Fmedia&parent=356"}],"curies":[{"name":"wp","href":"https:\/\/api.w.org\/{rel}","templated":true}]}}