{"id":38,"date":"2015-08-26T06:47:23","date_gmt":"2015-08-26T05:47:23","guid":{"rendered":"\/clg-sainteluce\/?page_id=38"},"modified":"2025-09-02T14:13:31","modified_gmt":"2025-09-02T18:13:31","slug":"accueil","status":"publish","type":"page","link":"https:\/\/site.ac-martinique.fr\/clg-sainteluce\/","title":{"rendered":"ACCUEIL"},"content":{"rendered":"\n<div class=\"wp-block-cover is-light\" style=\"min-height:165px;aspect-ratio:unset;\"><img loading=\"lazy\" decoding=\"async\" width=\"1024\" height=\"603\" sizes=\"auto, (max-width: 799px) 200vw, (max-width: 1376px) 100vw, 1376px\" class=\"wp-block-cover__image-background wp-image-2206\" alt=\"\" src=\"https:\/\/site.ac-martinique.fr\/clg-sainteluce\/wp-content\/uploads\/sites\/65\/2022\/11\/COLLEGE-SAINTE-LUCE_VUE-DRONE-1024x603.png\" data-object-fit=\"cover\" srcset=\"https:\/\/site.ac-martinique.fr\/clg-sainteluce\/wp-content\/uploads\/sites\/65\/2022\/11\/COLLEGE-SAINTE-LUCE_VUE-DRONE-1024x603.png 1024w, https:\/\/site.ac-martinique.fr\/clg-sainteluce\/wp-content\/uploads\/sites\/65\/2022\/11\/COLLEGE-SAINTE-LUCE_VUE-DRONE-300x177.png 300w, https:\/\/site.ac-martinique.fr\/clg-sainteluce\/wp-content\/uploads\/sites\/65\/2022\/11\/COLLEGE-SAINTE-LUCE_VUE-DRONE-768x452.png 768w, https:\/\/site.ac-martinique.fr\/clg-sainteluce\/wp-content\/uploads\/sites\/65\/2022\/11\/COLLEGE-SAINTE-LUCE_VUE-DRONE.png 1376w\" \/><span aria-hidden=\"true\" class=\"wp-block-cover__background has-background-dim\"><\/span><div class=\"wp-block-cover__inner-container is-layout-flow wp-block-cover-is-layout-flow\">\n<p class=\"has-text-align-center has-white-color has-text-color has-x-large-font-size\"><strong>Bienvenue<\/strong><\/p>\n<\/div><\/div>\n\n\n\n<p class=\"has-text-align-center has-blush-light-purple-gradient-background has-background\"><strong>Acc\u00e9dez ci-dessous aux derni\u00e8res publications<\/strong><\/p>\n\n\n\n<div class=\"wp-block-columns is-layout-flex wp-container-core-columns-is-layout-abceabcf wp-block-columns-is-layout-flex\">\n<div class=\"wp-block-column is-layout-flow wp-block-column-is-layout-flow\" style=\"--col-width:100%;flex-basis:100%\">\n<div class=\"wp-block-group\"><div class=\"wp-block-group__inner-container is-layout-constrained wp-block-group-is-layout-constrained\"><ul class=\"wp-block-latest-posts__list has-dates is-style-tw-posts-card wp-block-latest-posts\"><li><div class=\"wp-block-latest-posts__featured-image alignleft\"><img loading=\"lazy\" decoding=\"async\" width=\"150\" height=\"150\" src=\"https:\/\/site.ac-martinique.fr\/clg-sainteluce\/wp-content\/uploads\/sites\/65\/2025\/12\/CLGSTL_20251126_AME_NETTOYAGE-LITTORAL-150x150.png\" class=\"attachment-thumbnail size-thumbnail wp-post-image\" alt=\"\" style=\"max-width:170px;max-height:170px;\" \/><\/div><a class=\"wp-block-latest-posts__post-title\" href=\"https:\/\/site.ac-martinique.fr\/clg-sainteluce\/?p=2637\">NETTOYAGE DU LITTORAL<\/a><time datetime=\"2025-11-26T09:25:00-04:00\" class=\"wp-block-latest-posts__post-date\">26 novembre 2025<\/time><div class=\"wp-block-latest-posts__post-excerpt\">Ce mercredi matin, les \u00e9l\u00e8ves de 4C avaient organis\u00e9 le nettoyage de la plage &hellip; <a href=\"https:\/\/site.ac-martinique.fr\/clg-sainteluce\/?p=2637\" class=\"more-link\">Continuer la lecture de <span class=\"screen-reader-text\">NETTOYAGE DU LITTORAL<\/span>  <span class=\"meta-nav\">&rarr;<\/span><\/a><\/div><\/li>\n<li><div class=\"wp-block-latest-posts__featured-image alignleft\"><img loading=\"lazy\" decoding=\"async\" width=\"150\" height=\"150\" src=\"https:\/\/site.ac-martinique.fr\/clg-sainteluce\/wp-content\/uploads\/sites\/65\/2025\/12\/WhatsApp-Image-2025-11-18-at-17.25.48-150x150.jpeg\" class=\"attachment-thumbnail size-thumbnail wp-post-image\" alt=\"\" style=\"max-width:170px;max-height:170px;\" \/><\/div><a class=\"wp-block-latest-posts__post-title\" href=\"https:\/\/site.ac-martinique.fr\/clg-sainteluce\/?p=2647\">Festival en pays r\u00eav\u00e9<\/a><time datetime=\"2025-11-18T09:57:37-04:00\" class=\"wp-block-latest-posts__post-date\">18 novembre 2025<\/time><div class=\"wp-block-latest-posts__post-excerpt\">Ce matin mardi 18 Novembre, dans le cadre du Festival en pays r\u00eav\u00e9, l&rsquo;autrice &hellip; <a href=\"https:\/\/site.ac-martinique.fr\/clg-sainteluce\/?p=2647\" class=\"more-link\">Continuer la lecture de <span class=\"screen-reader-text\">Festival en pays r\u00eav\u00e9<\/span>  <span class=\"meta-nav\">&rarr;<\/span><\/a><\/div><\/li>\n<li><div class=\"wp-block-latest-posts__featured-image alignleft\"><img loading=\"lazy\" decoding=\"async\" width=\"150\" height=\"150\" src=\"https:\/\/site.ac-martinique.fr\/clg-sainteluce\/wp-content\/uploads\/sites\/65\/2025\/12\/WhatsApp-Image-2025-11-07-at-12.57.11-150x150.jpeg\" class=\"attachment-thumbnail size-thumbnail wp-post-image\" alt=\"\" style=\"max-width:170px;max-height:170px;\" \/><\/div><a class=\"wp-block-latest-posts__post-title\" href=\"https:\/\/site.ac-martinique.fr\/clg-sainteluce\/?p=2642\">La promesse du Korosol<\/a><time datetime=\"2025-11-06T09:53:45-04:00\" class=\"wp-block-latest-posts__post-date\">6 novembre 2025<\/time><div class=\"wp-block-latest-posts__post-excerpt\">Les 4e du coll\u00e8ge de Sainte-Luce \u00e0 Tropiques Atrium ce vendredi 6 Novembre pour &hellip; <a href=\"https:\/\/site.ac-martinique.fr\/clg-sainteluce\/?p=2642\" class=\"more-link\">Continuer la lecture de <span class=\"screen-reader-text\">La promesse du Korosol<\/span>  <span class=\"meta-nav\">&rarr;<\/span><\/a><\/div><\/li>\n<li><div class=\"wp-block-latest-posts__featured-image alignleft\"><img loading=\"lazy\" decoding=\"async\" width=\"150\" height=\"150\" src=\"https:\/\/site.ac-martinique.fr\/clg-sainteluce\/wp-content\/uploads\/sites\/65\/2025\/10\/image-3-boites-proches-150x150.jpg\" class=\"attachment-thumbnail size-thumbnail wp-post-image\" alt=\"\" style=\"max-width:170px;max-height:170px;\" \/><\/div><a class=\"wp-block-latest-posts__post-title\" href=\"https:\/\/site.ac-martinique.fr\/clg-sainteluce\/?p=2602\">RESULTATS des ERASMUS DAYS<\/a><time datetime=\"2025-11-03T08:20:46-04:00\" class=\"wp-block-latest-posts__post-date\">3 novembre 2025<\/time><div class=\"wp-block-latest-posts__post-excerpt\">Bravo \u00e0 tous, vous avez \u00e9t\u00e9 tr\u00e8s enthousiastes et tr\u00e8s nombreux \u00e0 avoir particip\u00e9 &hellip; <a href=\"https:\/\/site.ac-martinique.fr\/clg-sainteluce\/?p=2602\" class=\"more-link\">Continuer la lecture de <span class=\"screen-reader-text\">RESULTATS des ERASMUS DAYS<\/span>  <span class=\"meta-nav\">&rarr;<\/span><\/a><\/div><\/li>\n<li><div class=\"wp-block-latest-posts__featured-image alignleft\"><img loading=\"lazy\" decoding=\"async\" width=\"150\" height=\"150\" src=\"https:\/\/site.ac-martinique.fr\/clg-sainteluce\/wp-content\/uploads\/sites\/65\/2025\/10\/octobre-rose-5-150x150.jpg\" class=\"attachment-thumbnail size-thumbnail wp-post-image\" alt=\"\" style=\"max-width:170px;max-height:170px;\" \/><\/div><a class=\"wp-block-latest-posts__post-title\" href=\"https:\/\/site.ac-martinique.fr\/clg-sainteluce\/?p=2594\">Tr\u00e8s bel OCTOBRE ROSE<\/a><time datetime=\"2025-10-13T18:53:45-04:00\" class=\"wp-block-latest-posts__post-date\">13 octobre 2025<\/time><div class=\"wp-block-latest-posts__post-excerpt\">Belle semaine sous les d\u00e9corations cr\u00e9es et install\u00e9es par notre formidable \u00e9quipe de vie &hellip; <a href=\"https:\/\/site.ac-martinique.fr\/clg-sainteluce\/?p=2594\" class=\"more-link\">Continuer la lecture de <span class=\"screen-reader-text\">Tr\u00e8s bel OCTOBRE ROSE<\/span>  <span class=\"meta-nav\">&rarr;<\/span><\/a><\/div><\/li>\n<li><div class=\"wp-block-latest-posts__featured-image alignleft\"><img loading=\"lazy\" decoding=\"async\" width=\"150\" height=\"150\" src=\"https:\/\/site.ac-martinique.fr\/clg-sainteluce\/wp-content\/uploads\/sites\/65\/2025\/10\/erasmus-days-2025-1200x800-72529-150x150.jpg\" class=\"attachment-thumbnail size-thumbnail wp-post-image\" alt=\"\" style=\"max-width:170px;max-height:170px;\" \/><\/div><a class=\"wp-block-latest-posts__post-title\" href=\"https:\/\/site.ac-martinique.fr\/clg-sainteluce\/?p=2467\">Pr\u00e9parons le coll\u00e8ge pour les ERASMUS DAYS!<\/a><time datetime=\"2025-10-06T09:32:28-04:00\" class=\"wp-block-latest-posts__post-date\">6 octobre 2025<\/time><div class=\"wp-block-latest-posts__post-excerpt\">c&rsquo;est bient\u00f4t C&rsquo;est bient\u00f4t le moment de s&rsquo;informer, de r\u00eaver et de discuter sur &hellip; <a href=\"https:\/\/site.ac-martinique.fr\/clg-sainteluce\/?p=2467\" class=\"more-link\">Continuer la lecture de <span class=\"screen-reader-text\">Pr\u00e9parons le coll\u00e8ge pour les ERASMUS DAYS!<\/span>  <span class=\"meta-nav\">&rarr;<\/span><\/a><\/div><\/li>\n<li><div class=\"wp-block-latest-posts__featured-image alignleft\"><img loading=\"lazy\" decoding=\"async\" width=\"150\" height=\"150\" src=\"https:\/\/site.ac-martinique.fr\/clg-sainteluce\/wp-content\/uploads\/sites\/65\/2025\/09\/WhatsApp-Image-2025-09-12-at-17.13.27-1-1-150x150.jpeg\" class=\"attachment-thumbnail size-thumbnail wp-post-image\" alt=\"\" style=\"max-width:170px;max-height:170px;\" \/><\/div><a class=\"wp-block-latest-posts__post-title\" href=\"https:\/\/site.ac-martinique.fr\/clg-sainteluce\/?p=2583\">Journ\u00e9e de coh\u00e9sion 6e<\/a><time datetime=\"2025-09-13T11:22:52-04:00\" class=\"wp-block-latest-posts__post-date\">13 septembre 2025<\/time><div class=\"wp-block-latest-posts__post-excerpt\">Journ\u00e9e d&rsquo;int\u00e9gration et de coh\u00e9sion des \u00e9l\u00e8ves de 6e: une journ\u00e9e r\u00e9ussie ! Cette &hellip; <a href=\"https:\/\/site.ac-martinique.fr\/clg-sainteluce\/?p=2583\" class=\"more-link\">Continuer la lecture de <span class=\"screen-reader-text\">Journ\u00e9e de coh\u00e9sion 6e<\/span>  <span class=\"meta-nav\">&rarr;<\/span><\/a><\/div><\/li>\n<li><div class=\"wp-block-latest-posts__featured-image alignleft\"><img loading=\"lazy\" decoding=\"async\" width=\"150\" height=\"150\" src=\"https:\/\/site.ac-martinique.fr\/clg-sainteluce\/wp-content\/uploads\/sites\/65\/2025\/09\/vuelta-al-cole-ecommerce-back-to-school-150x150.jpg\" class=\"attachment-thumbnail size-thumbnail wp-post-image\" alt=\"\" style=\"max-width:170px;max-height:170px;\" \/><\/div><a class=\"wp-block-latest-posts__post-title\" href=\"https:\/\/site.ac-martinique.fr\/clg-sainteluce\/?p=2457\">RENTR\u00c9E SCOLAIRE 2025\/2026<\/a><time datetime=\"2025-09-01T02:13:05-04:00\" class=\"wp-block-latest-posts__post-date\">1 septembre 2025<\/time><div class=\"wp-block-latest-posts__post-excerpt\">Informations concernant la rentr\u00e9e scolaire 2025-2026 \u2022 RENTREE DES CLASSES DE 6\u00e8me de 8h00 &hellip; <a href=\"https:\/\/site.ac-martinique.fr\/clg-sainteluce\/?p=2457\" class=\"more-link\">Continuer la lecture de <span class=\"screen-reader-text\">RENTR\u00c9E SCOLAIRE 2025\/2026<\/span>  <span class=\"meta-nav\">&rarr;<\/span><\/a><\/div><\/li>\n<li><div class=\"wp-block-latest-posts__featured-image alignleft\"><img loading=\"lazy\" decoding=\"async\" width=\"150\" height=\"150\" src=\"https:\/\/site.ac-martinique.fr\/clg-sainteluce\/wp-content\/uploads\/sites\/65\/2025\/09\/liste-fournitures-scolaires-150x150.jpg\" class=\"attachment-thumbnail size-thumbnail wp-post-image\" alt=\"\" style=\"max-width:170px;max-height:170px;\" \/><\/div><a class=\"wp-block-latest-posts__post-title\" href=\"https:\/\/site.ac-martinique.fr\/clg-sainteluce\/?p=2463\">LISTE DE FOURNITURES 2025-26<\/a><time datetime=\"2025-08-29T10:34:45-04:00\" class=\"wp-block-latest-posts__post-date\">29 ao\u00fbt 2025<\/time><div class=\"wp-block-latest-posts__post-excerpt\"><\/div><\/li>\n<li><div class=\"wp-block-latest-posts__featured-image alignleft\"><img loading=\"lazy\" decoding=\"async\" width=\"150\" height=\"150\" src=\"https:\/\/site.ac-martinique.fr\/clg-sainteluce\/wp-content\/uploads\/sites\/65\/2025\/09\/WhatsApp-Image-2025-09-01-at-19.29.52-150x150.jpeg\" class=\"attachment-thumbnail size-thumbnail wp-post-image\" alt=\"\" style=\"max-width:170px;max-height:170px;\" srcset=\"https:\/\/site.ac-martinique.fr\/clg-sainteluce\/wp-content\/uploads\/sites\/65\/2025\/09\/WhatsApp-Image-2025-09-01-at-19.29.52-150x150.jpeg 150w, https:\/\/site.ac-martinique.fr\/clg-sainteluce\/wp-content\/uploads\/sites\/65\/2025\/09\/WhatsApp-Image-2025-09-01-at-19.29.52-300x300.jpeg 300w, https:\/\/site.ac-martinique.fr\/clg-sainteluce\/wp-content\/uploads\/sites\/65\/2025\/09\/WhatsApp-Image-2025-09-01-at-19.29.52-1024x1024.jpeg 1024w, https:\/\/site.ac-martinique.fr\/clg-sainteluce\/wp-content\/uploads\/sites\/65\/2025\/09\/WhatsApp-Image-2025-09-01-at-19.29.52-768x768.jpeg 768w, https:\/\/site.ac-martinique.fr\/clg-sainteluce\/wp-content\/uploads\/sites\/65\/2025\/09\/WhatsApp-Image-2025-09-01-at-19.29.52.jpeg 1080w\" sizes=\"auto, (max-width: 150px) 100vw, 150px\" \/><\/div><a class=\"wp-block-latest-posts__post-title\" href=\"https:\/\/site.ac-martinique.fr\/clg-sainteluce\/?p=2484\">Sortie en Guadeloupe<\/a><time datetime=\"2025-05-20T13:59:12-04:00\" class=\"wp-block-latest-posts__post-date\">20 mai 2025<\/time><div class=\"wp-block-latest-posts__post-excerpt\">Les \u00e9l\u00e8ves de 4e et de 3e de l&rsquo;option \u00ab\u00a0culture et patrimoine\u00a0\u00bb ont effectu\u00e9 &hellip; <a href=\"https:\/\/site.ac-martinique.fr\/clg-sainteluce\/?p=2484\" class=\"more-link\">Continuer la lecture de <span class=\"screen-reader-text\">Sortie en Guadeloupe<\/span>  <span class=\"meta-nav\">&rarr;<\/span><\/a><\/div><\/li>\n<li><div class=\"wp-block-latest-posts__featured-image alignleft\"><img loading=\"lazy\" decoding=\"async\" width=\"150\" height=\"150\" src=\"https:\/\/site.ac-martinique.fr\/clg-sainteluce\/wp-content\/uploads\/sites\/65\/2025\/09\/IMG_9522-1-150x150.jpg\" class=\"attachment-thumbnail size-thumbnail wp-post-image\" alt=\"\" style=\"max-width:170px;max-height:170px;\" \/><\/div><a class=\"wp-block-latest-posts__post-title\" href=\"https:\/\/site.ac-martinique.fr\/clg-sainteluce\/?p=2497\">Sortie catamaran<\/a><time datetime=\"2025-05-14T14:24:37-04:00\" class=\"wp-block-latest-posts__post-date\">14 mai 2025<\/time><div class=\"wp-block-latest-posts__post-excerpt\">Belle journ\u00e9e en mer malgr\u00e9 une m\u00e9t\u00e9o peu engageante. Les \u00e9l\u00e8ves du club BIMER &hellip; <a href=\"https:\/\/site.ac-martinique.fr\/clg-sainteluce\/?p=2497\" class=\"more-link\">Continuer la lecture de <span class=\"screen-reader-text\">Sortie catamaran<\/span>  <span class=\"meta-nav\">&rarr;<\/span><\/a><\/div><\/li>\n<li><div class=\"wp-block-latest-posts__featured-image alignleft\"><img loading=\"lazy\" decoding=\"async\" width=\"150\" height=\"150\" src=\"https:\/\/site.ac-martinique.fr\/clg-sainteluce\/wp-content\/uploads\/sites\/65\/2025\/09\/WhatsApp-Image-2025-05-14-at-16.27.17-150x150.jpeg\" class=\"attachment-thumbnail size-thumbnail wp-post-image\" alt=\"\" style=\"max-width:170px;max-height:170px;\" \/><\/div><a class=\"wp-block-latest-posts__post-title\" href=\"https:\/\/site.ac-martinique.fr\/clg-sainteluce\/?p=2423\">MOIS DES ARTS<\/a><time datetime=\"2025-05-13T00:12:21-04:00\" class=\"wp-block-latest-posts__post-date\">13 mai 2025<\/time><div class=\"wp-block-latest-posts__post-excerpt\">Mardi 13 Mai : participation au projet \u00ab\u00a0Conter Cond\u00e9-Le coeur \u00e0 rire et \u00e0 &hellip; <a href=\"https:\/\/site.ac-martinique.fr\/clg-sainteluce\/?p=2423\" class=\"more-link\">Continuer la lecture de <span class=\"screen-reader-text\">MOIS DES ARTS<\/span>  <span class=\"meta-nav\">&rarr;<\/span><\/a><\/div><\/li>\n<li><div class=\"wp-block-latest-posts__featured-image alignleft\"><img loading=\"lazy\" decoding=\"async\" width=\"150\" height=\"150\" src=\"https:\/\/site.ac-martinique.fr\/clg-sainteluce\/wp-content\/uploads\/sites\/65\/2025\/09\/IMG_9526-150x150.jpg\" class=\"attachment-thumbnail size-thumbnail wp-post-image\" alt=\"\" style=\"max-width:170px;max-height:170px;\" srcset=\"https:\/\/site.ac-martinique.fr\/clg-sainteluce\/wp-content\/uploads\/sites\/65\/2025\/09\/IMG_9526-150x150.jpg 150w, https:\/\/site.ac-martinique.fr\/clg-sainteluce\/wp-content\/uploads\/sites\/65\/2025\/09\/IMG_9526-300x297.jpg 300w\" sizes=\"auto, (max-width: 150px) 100vw, 150px\" \/><\/div><a class=\"wp-block-latest-posts__post-title\" href=\"https:\/\/site.ac-martinique.fr\/clg-sainteluce\/?p=2516\">LABEL E3D<\/a><time datetime=\"2025-05-07T14:41:36-04:00\" class=\"wp-block-latest-posts__post-date\">7 mai 2025<\/time><div class=\"wp-block-latest-posts__post-excerpt\">Hier matin \u00e0 eu lieu \u00e0 l&rsquo;Universit\u00e9 la remise des dipl\u00f4mes de labellisation E3D &hellip; <a href=\"https:\/\/site.ac-martinique.fr\/clg-sainteluce\/?p=2516\" class=\"more-link\">Continuer la lecture de <span class=\"screen-reader-text\">LABEL E3D<\/span>  <span class=\"meta-nav\">&rarr;<\/span><\/a><\/div><\/li>\n<li><div class=\"wp-block-latest-posts__featured-image alignleft\"><img loading=\"lazy\" decoding=\"async\" width=\"150\" height=\"150\" src=\"https:\/\/site.ac-martinique.fr\/clg-sainteluce\/wp-content\/uploads\/sites\/65\/2025\/09\/IMG_9534-150x150.jpg\" class=\"attachment-thumbnail size-thumbnail wp-post-image\" alt=\"\" style=\"max-width:170px;max-height:170px;\" \/><\/div><a class=\"wp-block-latest-posts__post-title\" href=\"https:\/\/site.ac-martinique.fr\/clg-sainteluce\/?p=2518\">Semaine des langues<\/a><time datetime=\"2025-03-27T14:46:50-04:00\" class=\"wp-block-latest-posts__post-date\">27 mars 2025<\/time><div class=\"wp-block-latest-posts__post-excerpt\">Semaine des langues&#8230;travail r\u00e9alis\u00e9 en Portugais autour des mois de l&rsquo;ann\u00e9e.<\/div><\/li>\n<li><div class=\"wp-block-latest-posts__featured-image alignleft\"><img loading=\"lazy\" decoding=\"async\" width=\"150\" height=\"150\" src=\"https:\/\/site.ac-martinique.fr\/clg-sainteluce\/wp-content\/uploads\/sites\/65\/2025\/09\/IMG_9517-150x150.jpg\" class=\"attachment-thumbnail size-thumbnail wp-post-image\" alt=\"\" style=\"max-width:170px;max-height:170px;\" \/><\/div><a class=\"wp-block-latest-posts__post-title\" href=\"https:\/\/site.ac-martinique.fr\/clg-sainteluce\/?p=2529\">Semaine de la pers\u00e9v\u00e9rance<\/a><time datetime=\"2025-03-23T15:23:09-04:00\" class=\"wp-block-latest-posts__post-date\">23 mars 2025<\/time><div class=\"wp-block-latest-posts__post-excerpt\">La semaine derni\u00e8re \u00e9tait d\u00e9di\u00e9e \u00e0 la pers\u00e9v\u00e9rance scolaire. Ateliers, moments de sensibilisation, d\u00e9bats, &hellip; <a href=\"https:\/\/site.ac-martinique.fr\/clg-sainteluce\/?p=2529\" class=\"more-link\">Continuer la lecture de <span class=\"screen-reader-text\">Semaine de la pers\u00e9v\u00e9rance<\/span>  <span class=\"meta-nav\">&rarr;<\/span><\/a><\/div><\/li>\n<li><div class=\"wp-block-latest-posts__featured-image alignleft\"><img loading=\"lazy\" decoding=\"async\" width=\"150\" height=\"150\" src=\"https:\/\/site.ac-martinique.fr\/clg-sainteluce\/wp-content\/uploads\/sites\/65\/2025\/09\/Capture-decran-2025-09-02-a-15.01.26-150x150.png\" class=\"attachment-thumbnail size-thumbnail wp-post-image\" alt=\"\" style=\"max-width:170px;max-height:170px;\" \/><\/div><a class=\"wp-block-latest-posts__post-title\" href=\"https:\/\/site.ac-martinique.fr\/clg-sainteluce\/?p=2521\">Forum des M\u00e9tiers<\/a><time datetime=\"2025-03-21T14:50:23-04:00\" class=\"wp-block-latest-posts__post-date\">21 mars 2025<\/time><div class=\"wp-block-latest-posts__post-excerpt\">Le 21 mars 2025 s&rsquo;est d\u00e9roul\u00e9 le Forum des M\u00e9tiers au coll\u00e8ge! Les \u00e9l\u00e8ves &hellip; <a href=\"https:\/\/site.ac-martinique.fr\/clg-sainteluce\/?p=2521\" class=\"more-link\">Continuer la lecture de <span class=\"screen-reader-text\">Forum des M\u00e9tiers<\/span>  <span class=\"meta-nav\">&rarr;<\/span><\/a><\/div><\/li>\n<li><div class=\"wp-block-latest-posts__featured-image alignleft\"><img loading=\"lazy\" decoding=\"async\" width=\"150\" height=\"150\" src=\"https:\/\/site.ac-martinique.fr\/clg-sainteluce\/wp-content\/uploads\/sites\/65\/2025\/09\/Capture-decran-2025-09-02-a-15.09.26-150x150.png\" class=\"attachment-thumbnail size-thumbnail wp-post-image\" alt=\"\" style=\"max-width:170px;max-height:170px;\" \/><\/div><a class=\"wp-block-latest-posts__post-title\" href=\"https:\/\/site.ac-martinique.fr\/clg-sainteluce\/?p=2525\">Visite en Lyc\u00e9e professionnel<\/a><time datetime=\"2025-03-20T15:06:36-04:00\" class=\"wp-block-latest-posts__post-date\">20 mars 2025<\/time><div class=\"wp-block-latest-posts__post-excerpt\">Visite du LYC\u00c9E PROFESSIONNEL L\u00c9OPOLD BISSOL \u00e0 Petit Manoir au Lamentin qui ont pu &hellip; <a href=\"https:\/\/site.ac-martinique.fr\/clg-sainteluce\/?p=2525\" class=\"more-link\">Continuer la lecture de <span class=\"screen-reader-text\">Visite en Lyc\u00e9e professionnel<\/span>  <span class=\"meta-nav\">&rarr;<\/span><\/a><\/div><\/li>\n<li><div class=\"wp-block-latest-posts__featured-image alignleft\"><img loading=\"lazy\" decoding=\"async\" width=\"150\" height=\"150\" src=\"https:\/\/site.ac-martinique.fr\/clg-sainteluce\/wp-content\/uploads\/sites\/65\/2025\/09\/IMG_9544-150x150.jpg\" class=\"attachment-thumbnail size-thumbnail wp-post-image\" alt=\"\" style=\"max-width:170px;max-height:170px;\" srcset=\"https:\/\/site.ac-martinique.fr\/clg-sainteluce\/wp-content\/uploads\/sites\/65\/2025\/09\/IMG_9544-150x150.jpg 150w, https:\/\/site.ac-martinique.fr\/clg-sainteluce\/wp-content\/uploads\/sites\/65\/2025\/09\/IMG_9544-300x298.jpg 300w, https:\/\/site.ac-martinique.fr\/clg-sainteluce\/wp-content\/uploads\/sites\/65\/2025\/09\/IMG_9544-1024x1017.jpg 1024w, https:\/\/site.ac-martinique.fr\/clg-sainteluce\/wp-content\/uploads\/sites\/65\/2025\/09\/IMG_9544-768x763.jpg 768w, https:\/\/site.ac-martinique.fr\/clg-sainteluce\/wp-content\/uploads\/sites\/65\/2025\/09\/IMG_9544.jpg 1170w\" sizes=\"auto, (max-width: 150px) 100vw, 150px\" \/><\/div><a class=\"wp-block-latest-posts__post-title\" href=\"https:\/\/site.ac-martinique.fr\/clg-sainteluce\/?p=2531\">Visite lyc\u00e9e pro R.Neris<\/a><time datetime=\"2025-02-19T15:30:38-04:00\" class=\"wp-block-latest-posts__post-date\">19 f\u00e9vrier 2025<\/time><div class=\"wp-block-latest-posts__post-excerpt\">Jeudi une partie des \u00e9l\u00e8ves de 3eme \u00e9tait en visite au lyc\u00e9e professionnel R.Neris &hellip; <a href=\"https:\/\/site.ac-martinique.fr\/clg-sainteluce\/?p=2531\" class=\"more-link\">Continuer la lecture de <span class=\"screen-reader-text\">Visite lyc\u00e9e pro R.Neris<\/span>  <span class=\"meta-nav\">&rarr;<\/span><\/a><\/div><\/li>\n<li><div class=\"wp-block-latest-posts__featured-image alignleft\"><img loading=\"lazy\" decoding=\"async\" width=\"150\" height=\"150\" src=\"https:\/\/site.ac-martinique.fr\/clg-sainteluce\/wp-content\/uploads\/sites\/65\/2025\/09\/IMG_9547-150x150.jpg\" class=\"attachment-thumbnail size-thumbnail wp-post-image\" alt=\"\" style=\"max-width:170px;max-height:170px;\" srcset=\"https:\/\/site.ac-martinique.fr\/clg-sainteluce\/wp-content\/uploads\/sites\/65\/2025\/09\/IMG_9547-150x150.jpg 150w, https:\/\/site.ac-martinique.fr\/clg-sainteluce\/wp-content\/uploads\/sites\/65\/2025\/09\/IMG_9547-298x300.jpg 298w, https:\/\/site.ac-martinique.fr\/clg-sainteluce\/wp-content\/uploads\/sites\/65\/2025\/09\/IMG_9547-1017x1024.jpg 1017w, https:\/\/site.ac-martinique.fr\/clg-sainteluce\/wp-content\/uploads\/sites\/65\/2025\/09\/IMG_9547-768x773.jpg 768w, https:\/\/site.ac-martinique.fr\/clg-sainteluce\/wp-content\/uploads\/sites\/65\/2025\/09\/IMG_9547.jpg 1170w\" sizes=\"auto, (max-width: 150px) 100vw, 150px\" \/><\/div><a class=\"wp-block-latest-posts__post-title\" href=\"https:\/\/site.ac-martinique.fr\/clg-sainteluce\/?p=2553\">Tropiques Atrium : \u00ab\u00a0Y\u00e9!\u00a0\u00bb (L&rsquo;eau)<\/a><time datetime=\"2025-02-14T15:45:01-04:00\" class=\"wp-block-latest-posts__post-date\">14 f\u00e9vrier 2025<\/time><div class=\"wp-block-latest-posts__post-excerpt\">Dans le cadre du parcours Education Artistique et Culturelle, nos coll\u00e9giens de 6e et &hellip; <a href=\"https:\/\/site.ac-martinique.fr\/clg-sainteluce\/?p=2553\" class=\"more-link\">Continuer la lecture de <span class=\"screen-reader-text\">Tropiques Atrium : \u00ab\u00a0Y\u00e9!\u00a0\u00bb (L&rsquo;eau)<\/span>  <span class=\"meta-nav\">&rarr;<\/span><\/a><\/div><\/li>\n<li><div class=\"wp-block-latest-posts__featured-image alignleft\"><img loading=\"lazy\" decoding=\"async\" width=\"150\" height=\"150\" src=\"https:\/\/site.ac-martinique.fr\/clg-sainteluce\/wp-content\/uploads\/sites\/65\/2025\/09\/IMG_9559-150x150.jpg\" class=\"attachment-thumbnail size-thumbnail wp-post-image\" alt=\"\" style=\"max-width:170px;max-height:170px;\" \/><\/div><a class=\"wp-block-latest-posts__post-title\" href=\"https:\/\/site.ac-martinique.fr\/clg-sainteluce\/?p=2538\">Journ\u00e9e au Fort Saint-Louis<\/a><time datetime=\"2025-02-14T15:39:22-04:00\" class=\"wp-block-latest-posts__post-date\">14 f\u00e9vrier 2025<\/time><div class=\"wp-block-latest-posts__post-excerpt\">Dans le cadre du parcours Avenir et du parcours Citoyen, les \u00e9l\u00e8ves de 3eme &hellip; <a href=\"https:\/\/site.ac-martinique.fr\/clg-sainteluce\/?p=2538\" class=\"more-link\">Continuer la lecture de <span class=\"screen-reader-text\">Journ\u00e9e au Fort Saint-Louis<\/span>  <span class=\"meta-nav\">&rarr;<\/span><\/a><\/div><\/li>\n<\/ul><\/div><\/div>\n<\/div>\n<\/div>\n\n\n\n<p><strong><a href=\"https:\/\/site.ac-martinique.fr\/clg-sainteluce\/?page_id=2226\" data-type=\"page\" data-id=\"2226\"><mark style=\"background-color:#24890d\" class=\"has-inline-color has-light-gray-color\">Voir plus d&rsquo;articles <\/mark><\/a><\/strong><\/p>\n\n\n\n<p><\/p>\n","protected":false},"excerpt":{"rendered":"<p>Acc\u00e9dez ci-dessous aux derni\u00e8res publications Voir plus d&rsquo;articles<\/p>\n","protected":false},"author":157,"featured_media":0,"parent":0,"menu_order":0,"comment_status":"closed","ping_status":"closed","template":"","meta":{"footnotes":""},"class_list":["post-38","page","type-page","status-publish","hentry"],"_links":{"self":[{"href":"https:\/\/site.ac-martinique.fr\/clg-sainteluce\/index.php?rest_route=\/wp\/v2\/pages\/38","targetHints":{"allow":["GET"]}}],"collection":[{"href":"https:\/\/site.ac-martinique.fr\/clg-sainteluce\/index.php?rest_route=\/wp\/v2\/pages"}],"about":[{"href":"https:\/\/site.ac-martinique.fr\/clg-sainteluce\/index.php?rest_route=\/wp\/v2\/types\/page"}],"author":[{"embeddable":true,"href":"https:\/\/site.ac-martinique.fr\/clg-sainteluce\/index.php?rest_route=\/wp\/v2\/users\/157"}],"replies":[{"embeddable":true,"href":"https:\/\/site.ac-martinique.fr\/clg-sainteluce\/index.php?rest_route=%2Fwp%2Fv2%2Fcomments&post=38"}],"version-history":[{"count":40,"href":"https:\/\/site.ac-martinique.fr\/clg-sainteluce\/index.php?rest_route=\/wp\/v2\/pages\/38\/revisions"}],"predecessor-version":[{"id":2496,"href":"https:\/\/site.ac-martinique.fr\/clg-sainteluce\/index.php?rest_route=\/wp\/v2\/pages\/38\/revisions\/2496"}],"wp:attachment":[{"href":"https:\/\/site.ac-martinique.fr\/clg-sainteluce\/index.php?rest_route=%2Fwp%2Fv2%2Fmedia&parent=38"}],"curies":[{"name":"wp","href":"https:\/\/api.w.org\/{rel}","templated":true}]}}