{"id":45,"date":"2015-08-26T13:50:48","date_gmt":"2015-08-26T12:50:48","guid":{"rendered":"\/clg-sainteluce\/?page_id=45"},"modified":"2019-12-17T14:21:18","modified_gmt":"2019-12-17T13:21:18","slug":"secretariat","status":"publish","type":"page","link":"https:\/\/site.ac-martinique.fr\/clg-sainteluce\/?page_id=45","title":{"rendered":"SECR\u00c9TARIAT"},"content":{"rendered":"<p><i><span style=\"font-family: Tahoma\">La secr\u00e9taire de direction : Mme OZIER LAFONTAINE <\/p>\n<p><\/span><\/i><span style=\"font-family: Tahoma\"><span style=\"font-family: Tahoma\">Elle assure le secr\u00e9tariat de de l&rsquo;\u00e9tablissement \u00e0 savoir :<br \/>\n<\/span><\/span><strong><span style=\"color: #ff6600\">\u00a0 \u00a0 \u00a0 \u00a0 \u00a0 \u00a0 \u00a0 \u00a0 \u00a0 a) assister le chef d\u2019\u00e9tablissement\u00a0<\/span><\/strong><\/p>\n<div dir=\"ltr\"><span style=\"font-family: Tahoma\">\u00a0\u00a0\u00a0\u00a0\u00a0 &#8211; R\u00e9ceptionner et rediriger les appels t\u00e9l\u00e9phoniques\u00a0<\/span><\/div>\n<div dir=\"ltr\"><span style=\"font-family: Tahoma\">\u00a0\u00a0 \u00a0\u00a0 &#8211;<\/span><span style=\"font-family: Tahoma\">\u00a0 G\u00e9rer les agendas\u00a0<\/span><\/div>\n<div dir=\"ltr\"><span style=\"font-family: Tahoma\">\u00a0\u00a0\u00a0\u00a0\u00a0 &#8211; R\u00e9ceptionner, enregistrer, ventiler le courrier \u00e9lectronique ou papier\u00a0<\/span><\/div>\n<div dir=\"ltr\"><span style=\"font-family: Tahoma\">\u00a0\u00a0\u00a0\u00a0\u00a0 &#8211; Saisir, mettre en forme des documents divers (courriers, rapports&#8230;) les rep<\/span><span style=\"font-family: Tahoma\">roduire et les diffuser\u00a0<\/span><\/div>\n<div dir=\"ltr\"><span style=\"font-family: Tahoma\">\u00a0\u00a0\u00a0\u00a0<\/span><span style=\"font-family: Tahoma\"><span style=\"font-family: Tahoma\">\u00a0 &#8211; R\u00e9aliser les convocations, notes de service, statistiques&#8230;.<\/span><\/span><\/div>\n<div dir=\"ltr\"><span style=\"color: #ff6600\"><strong><span style=\"font-family: Tahoma\">\u00a0\u00a0\u00a0\u00a0\u00a0\u00a0\u00a0\u00a0\u00a0\u00a0\u00a0 b) Favoriser l\u2019accueil\u00a0<\/span><\/strong><\/span><\/div>\n<div dir=\"ltr\"><em><span style=\"font-family: Tahoma\">\u00a0\u00a0\u00a0\u00a0\u00a0\u00a0\u00a0 <\/span><\/em><span style=\"font-family: Tahoma\">&#8211; Assurer l\u2019accueil t\u00e9l\u00e9phonique et physique<\/span><\/div>\n<div dir=\"ltr\"><span style=\"font-family: Tahoma\">\u00a0\u00a0\u00a0\u00a0<\/span><span style=\"font-family: Tahoma\">\u00a0\u00a0\u00a0 &#8211; Prendre en charge les inscriptions des \u00e9l\u00e8ves<\/span><\/div>\n<div dir=\"ltr\"><span style=\"font-family: Tahoma\"><span style=\"font-family: Tahoma\">\u00a0\u00a0\u00a0\u00a0\u00a0\u00a0\u00a0 &#8211; Informer les familles des \u00e9l\u00e8ves des diff\u00e9rentes d\u00e9marches administratives<\/span><\/span><\/div>\n<div dir=\"ltr\"><span style=\"color: #ff6600\"><strong><span style=\"font-family: Tahoma\">\u00a0\u00a0\u00a0\u00a0\u00a0\u00a0\u00a0\u00a0\u00a0\u00a0\u00a0 c) Assurer la gestion administrative de l\u2019\u00e9tablissement\u00a0<\/span><\/strong><\/span><\/div>\n<div dir=\"ltr\"><span style=\"font-family: Tahoma\">\u00a0\u00a0\u00a0\u00a0\u00a0\u00a0\u00a0\u00a0 &#8211; Renseigner les applications informatiques, mises \u00e0 jour des bases de donn\u00e9es\u00a0<\/span><\/div>\n<div dir=\"ltr\"><span style=\"font-family: Tahoma\">\u00a0\u00a0\u00a0\u00a0\u00a0\u00a0\u00a0\u00a0 &#8211; Effectuer les saisies informatiques\u00a0<\/span><\/div>\n<div dir=\"ltr\"><span style=\"font-family: Tahoma\">\u00a0\u00a0\u00a0\u00a0\u00a0<\/span><span style=\"font-family: Tahoma\">\u00a0\u00a0\u00a0 &#8211; S\u2019impliquer dans les op\u00e9rations de suivi de la scolarit\u00e9 des \u00e9l\u00e8ves et des op\u00e9rations d\u2019orientation\u00a0<\/span><\/div>\n<div dir=\"ltr\"><span style=\"font-family: Tahoma\">\u00a0\u00a0\u00a0\u00a0\u00a0\u00a0\u00a0\u00a0<\/span><span style=\"font-family: Tahoma\"><span style=\"font-family: Tahoma\">\u00a0&#8211; Suivre certains dossiers et relancer les interlocuteurs internes ou externes<\/span><\/span><\/div>\n<div dir=\"ltr\"><span style=\"color: #ff6600\"><strong><span style=\"font-family: Tahoma\">\u00a0\u00a0\u00a0\u00a0\u00a0\u00a0\u00a0\u00a0 d) Participer \u00e0 la vie de l\u2019\u00e9tablissement\u00a0<\/span><\/strong><\/span><\/div>\n<div dir=\"ltr\"><span style=\"font-family: Tahoma\">\u00a0\u00a0\u00a0\u00a0\u00a0\u00a0\u00a0\u00a0\u00a0 &#8211; Collaborer \u00e0 certaines actions\u00a0<\/span><\/div>\n<div dir=\"ltr\"><span style=\"font-family: Tahoma\"><span style=\"font-family: Tahoma\">\u00a0\u00a0\u00a0\u00a0\u00a0\u00a0\u00a0\u00a0\u00a0 &#8211; Rendre compte au chef d\u2019\u00e9tablissement<\/span><\/span><\/div>\n<div dir=\"ltr\"><span style=\"color: #ff6600\"><strong><span style=\"font-family: Tahoma\">\u00a0\u00a0\u00a0\u00a0\u00a0\u00a0\u00a0\u00a0\u00a0 e) G\u00e9rer les dossiers des personnels d\u2019enseignement et d\u2019\u00e9ducation et administratifs\u00a0<\/span><\/strong><\/span><\/div>\n<div dir=\"ltr\"><span style=\"font-family: Tahoma\">\u00a0\u00a0\u00a0\u00a0\u00a0\u00a0\u00a0\u00a0\u00a0\u00a0\u00a0 &#8211; Suivre les cong\u00e9s et autorisations d\u2019absence<\/span><\/div>\n<p><i><span style=\"font-family: Tahoma\">\u00a0<\/span><\/i><\/p>\n","protected":false},"excerpt":{"rendered":"<p>La secr\u00e9taire de direction : Mme OZIER LAFONTAINE Elle assure le secr\u00e9tariat de de l&rsquo;\u00e9tablissement \u00e0 savoir : \u00a0 \u00a0 \u00a0 \u00a0 \u00a0 \u00a0 \u00a0 \u00a0 \u00a0 a) assister le chef d\u2019\u00e9tablissement\u00a0 \u00a0\u00a0\u00a0\u00a0\u00a0 &#8211; R\u00e9ceptionner et rediriger les appels t\u00e9l\u00e9phoniques\u00a0 \u00a0\u00a0 \u00a0\u00a0 &#8211;\u00a0 G\u00e9rer les agendas\u00a0 \u00a0\u00a0\u00a0\u00a0\u00a0 &#8211; R\u00e9ceptionner, enregistrer, ventiler le courrier \u00e9lectronique ou &hellip; <a href=\"https:\/\/site.ac-martinique.fr\/clg-sainteluce\/?page_id=45\" class=\"more-link\">Continuer la lecture de <span class=\"screen-reader-text\">SECR\u00c9TARIAT<\/span>  <span class=\"meta-nav\">&rarr;<\/span><\/a><\/p>\n","protected":false},"author":157,"featured_media":0,"parent":0,"menu_order":0,"comment_status":"closed","ping_status":"open","template":"","meta":{"footnotes":""},"class_list":["post-45","page","type-page","status-publish","hentry"],"_links":{"self":[{"href":"https:\/\/site.ac-martinique.fr\/clg-sainteluce\/index.php?rest_route=\/wp\/v2\/pages\/45","targetHints":{"allow":["GET"]}}],"collection":[{"href":"https:\/\/site.ac-martinique.fr\/clg-sainteluce\/index.php?rest_route=\/wp\/v2\/pages"}],"about":[{"href":"https:\/\/site.ac-martinique.fr\/clg-sainteluce\/index.php?rest_route=\/wp\/v2\/types\/page"}],"author":[{"embeddable":true,"href":"https:\/\/site.ac-martinique.fr\/clg-sainteluce\/index.php?rest_route=\/wp\/v2\/users\/157"}],"replies":[{"embeddable":true,"href":"https:\/\/site.ac-martinique.fr\/clg-sainteluce\/index.php?rest_route=%2Fwp%2Fv2%2Fcomments&post=45"}],"version-history":[{"count":9,"href":"https:\/\/site.ac-martinique.fr\/clg-sainteluce\/index.php?rest_route=\/wp\/v2\/pages\/45\/revisions"}],"predecessor-version":[{"id":1851,"href":"https:\/\/site.ac-martinique.fr\/clg-sainteluce\/index.php?rest_route=\/wp\/v2\/pages\/45\/revisions\/1851"}],"wp:attachment":[{"href":"https:\/\/site.ac-martinique.fr\/clg-sainteluce\/index.php?rest_route=%2Fwp%2Fv2%2Fmedia&parent=45"}],"curies":[{"name":"wp","href":"https:\/\/api.w.org\/{rel}","templated":true}]}}