{"id":47,"date":"2015-08-26T13:51:04","date_gmt":"2015-08-26T12:51:04","guid":{"rendered":"\/clg-sainteluce\/?page_id=47"},"modified":"2018-01-08T08:55:41","modified_gmt":"2018-01-08T07:55:41","slug":"cdi","status":"publish","type":"page","link":"https:\/\/site.ac-martinique.fr\/clg-sainteluce\/?page_id=47","title":{"rendered":"CDI"},"content":{"rendered":"<h1><span style=\"color: #ff0000\"><a style=\"color: #ff0000\" href=\"http:\/\/www.netvibes.com\/cdisteluce#ACCUEIL\" target=\"_blank\">INFOS C.D.I.<\/a><\/span><\/h1>\n<p><a href=\"http:\/\/www.montraykreyol.org\/article\/haiti-le-pays-amoureux-des-livres\">MONTRAY KREYOL<\/a><\/p>\n<p><img loading=\"lazy\" decoding=\"async\" class=\"size-full wp-image-1503\" src=\"\/clg-sainteluce\/wp-content\/uploads\/sites\/65\/2015\/08\/Capture-d\u2019e\u0301cran-2018-01-08-a\u0300-03.51.20.png\" alt=\"\" width=\"1166\" height=\"412\" srcset=\"https:\/\/site.ac-martinique.fr\/clg-sainteluce\/wp-content\/uploads\/sites\/65\/2015\/08\/Capture-d\u2019e\u0301cran-2018-01-08-a\u0300-03.51.20.png 1166w, https:\/\/site.ac-martinique.fr\/clg-sainteluce\/wp-content\/uploads\/sites\/65\/2015\/08\/Capture-d\u2019e\u0301cran-2018-01-08-a\u0300-03.51.20-300x106.png 300w, https:\/\/site.ac-martinique.fr\/clg-sainteluce\/wp-content\/uploads\/sites\/65\/2015\/08\/Capture-d\u2019e\u0301cran-2018-01-08-a\u0300-03.51.20-768x271.png 768w, https:\/\/site.ac-martinique.fr\/clg-sainteluce\/wp-content\/uploads\/sites\/65\/2015\/08\/Capture-d\u2019e\u0301cran-2018-01-08-a\u0300-03.51.20-1024x362.png 1024w\" sizes=\"auto, (max-width: 1166px) 100vw, 1166px\" \/><\/p>\n<p><strong style=\"color: #ff0000\"><a href=\"http:\/\/www.netvibes.com\/cdisteluce#ACCUEIL\" target=\"_blank\"><span style=\"color: #000000\">Cliquez sur l&rsquo;image ci dessous afin d&rsquo;obtenir toutes les derni\u00e8res informations li\u00e9es \u00e0 votre CDI.<\/span><img loading=\"lazy\" decoding=\"async\" class=\"aligncenter size-full wp-image-572\" src=\"\/clg-sainteluce\/wp-content\/uploads\/sites\/65\/2015\/08\/cdi-3.jpg\" alt=\"cdi-3\" width=\"1114\" height=\"1066\" srcset=\"https:\/\/site.ac-martinique.fr\/clg-sainteluce\/wp-content\/uploads\/sites\/65\/2015\/08\/cdi-3.jpg 1114w, https:\/\/site.ac-martinique.fr\/clg-sainteluce\/wp-content\/uploads\/sites\/65\/2015\/08\/cdi-3-300x287.jpg 300w, https:\/\/site.ac-martinique.fr\/clg-sainteluce\/wp-content\/uploads\/sites\/65\/2015\/08\/cdi-3-1024x980.jpg 1024w\" sizes=\"auto, (max-width: 1114px) 100vw, 1114px\" \/><\/a><\/strong><strong style=\"color: #ff0000\"><br \/>\n<\/strong><\/p>\n<h1><strong style=\"color: #ff0000\">LE DOCUMENTALISTE<br \/>\n<\/strong><\/h1>\n<p><strong style=\"color: #ff0000\"><br \/>\n<a href=\"\/clg-sainteluce\/wp-content\/uploads\/sites\/65\/2015\/08\/landau.jpg\"><img loading=\"lazy\" decoding=\"async\" class=\"alignnone wp-image-200\" src=\"\/clg-sainteluce\/wp-content\/uploads\/sites\/65\/2015\/08\/landau-288x300.jpg\" alt=\"landau\" width=\"155\" height=\"161\" srcset=\"https:\/\/site.ac-martinique.fr\/clg-sainteluce\/wp-content\/uploads\/sites\/65\/2015\/08\/landau-288x300.jpg 288w, https:\/\/site.ac-martinique.fr\/clg-sainteluce\/wp-content\/uploads\/sites\/65\/2015\/08\/landau.jpg 336w\" sizes=\"auto, (max-width: 155px) 100vw, 155px\" \/><\/a><br \/>\n<\/strong><span style=\"color: #000000\">Monsieur Pierre-Philippe LANDAU est le professeur documentaliste du Coll\u00e8ge de Sainte-Luce. En poste depuis septembre 2003, il initie les \u00e9l\u00e8ves de 6\u00e8me en particulier \u00e0 la m\u00e9thodologie de la documentation.<\/span><span style=\"color: #ff0000\">\u00a0<\/span><span style=\"color: #000000\">Il g\u00e8re par ailleurs le fonds du CDI\u00a0 qui regroupe plusieurs centaines de romans ainsi que de nombreux livres documentaires, CD-Rom et\u00a0 logiciels.<strong><br \/>\n<\/strong><\/span><\/p>\n<h1><span style=\"color: #ff0000\"><strong>PROJET DU CDI<\/strong><\/span><\/h1>\n<p>Cliquez sur le lien suivant pour le visualiser &gt;&gt;&gt;\u00a0<em><strong><a href=\"\/clg-sainteluce\/wp-content\/uploads\/sites\/65\/2015\/08\/PROJETCDI.pdf\">PROJET CDI<br \/>\n<\/a><\/strong><\/em><\/p>\n<h1><span style=\"color: #ff0000\">LISTE DES MANUELS SCOLAIRES<\/span><\/h1>\n<p>Niveau 6\u00e8me:<br \/>\n<a href=\"\/clg-sainteluce\/wp-content\/uploads\/sites\/65\/2015\/09\/MANUELS-6\u00e8me.jpg\"><img loading=\"lazy\" decoding=\"async\" class=\"aligncenter size-full wp-image-464\" src=\"\/clg-sainteluce\/wp-content\/uploads\/sites\/65\/2015\/09\/MANUELS-6\u00e8me.jpg\" alt=\"MANUELS 6\u00e8me\" width=\"1734\" height=\"1650\" srcset=\"https:\/\/site.ac-martinique.fr\/clg-sainteluce\/wp-content\/uploads\/sites\/65\/2015\/09\/MANUELS-6\u00e8me.jpg 1734w, https:\/\/site.ac-martinique.fr\/clg-sainteluce\/wp-content\/uploads\/sites\/65\/2015\/09\/MANUELS-6\u00e8me-300x285.jpg 300w, https:\/\/site.ac-martinique.fr\/clg-sainteluce\/wp-content\/uploads\/sites\/65\/2015\/09\/MANUELS-6\u00e8me-1024x974.jpg 1024w\" sizes=\"auto, (max-width: 1734px) 100vw, 1734px\" \/><\/a><br \/>\nNiveau 5\u00e8me:<br \/>\n<a href=\"\/clg-sainteluce\/wp-content\/uploads\/sites\/65\/2015\/09\/MANUELS-5\u00e8me.jpg\"><img loading=\"lazy\" decoding=\"async\" class=\"aligncenter size-full wp-image-463\" src=\"\/clg-sainteluce\/wp-content\/uploads\/sites\/65\/2015\/09\/MANUELS-5\u00e8me.jpg\" alt=\"MANUELS 5\u00e8me\" width=\"1772\" height=\"1606\" srcset=\"https:\/\/site.ac-martinique.fr\/clg-sainteluce\/wp-content\/uploads\/sites\/65\/2015\/09\/MANUELS-5\u00e8me.jpg 1772w, https:\/\/site.ac-martinique.fr\/clg-sainteluce\/wp-content\/uploads\/sites\/65\/2015\/09\/MANUELS-5\u00e8me-300x272.jpg 300w, https:\/\/site.ac-martinique.fr\/clg-sainteluce\/wp-content\/uploads\/sites\/65\/2015\/09\/MANUELS-5\u00e8me-1024x928.jpg 1024w\" sizes=\"auto, (max-width: 1772px) 100vw, 1772px\" \/><\/a><br \/>\nNiveau 4\u00e8me:<br \/>\n<a href=\"\/clg-sainteluce\/wp-content\/uploads\/sites\/65\/2015\/09\/MANUELS-4\u00e8me.jpg\"><img loading=\"lazy\" decoding=\"async\" class=\"aligncenter size-full wp-image-462\" src=\"\/clg-sainteluce\/wp-content\/uploads\/sites\/65\/2015\/09\/MANUELS-4\u00e8me.jpg\" alt=\"MANUELS 4\u00e8me\" width=\"1197\" height=\"1080\" srcset=\"https:\/\/site.ac-martinique.fr\/clg-sainteluce\/wp-content\/uploads\/sites\/65\/2015\/09\/MANUELS-4\u00e8me.jpg 1197w, https:\/\/site.ac-martinique.fr\/clg-sainteluce\/wp-content\/uploads\/sites\/65\/2015\/09\/MANUELS-4\u00e8me-300x271.jpg 300w, https:\/\/site.ac-martinique.fr\/clg-sainteluce\/wp-content\/uploads\/sites\/65\/2015\/09\/MANUELS-4\u00e8me-1024x924.jpg 1024w\" sizes=\"auto, (max-width: 1197px) 100vw, 1197px\" \/><\/a><br \/>\nNiveau 3\u00e8me:<br \/>\n<a href=\"\/clg-sainteluce\/wp-content\/uploads\/sites\/65\/2015\/09\/MANUELS-3\u00e8me.jpg\"><img loading=\"lazy\" decoding=\"async\" class=\"aligncenter size-full wp-image-461\" src=\"\/clg-sainteluce\/wp-content\/uploads\/sites\/65\/2015\/09\/MANUELS-3\u00e8me.jpg\" alt=\"MANUELS 3\u00e8me\" width=\"1260\" height=\"1188\" srcset=\"https:\/\/site.ac-martinique.fr\/clg-sainteluce\/wp-content\/uploads\/sites\/65\/2015\/09\/MANUELS-3\u00e8me.jpg 1260w, https:\/\/site.ac-martinique.fr\/clg-sainteluce\/wp-content\/uploads\/sites\/65\/2015\/09\/MANUELS-3\u00e8me-300x283.jpg 300w, https:\/\/site.ac-martinique.fr\/clg-sainteluce\/wp-content\/uploads\/sites\/65\/2015\/09\/MANUELS-3\u00e8me-1024x965.jpg 1024w\" sizes=\"auto, (max-width: 1260px) 100vw, 1260px\" \/><\/a><\/p>\n","protected":false},"excerpt":{"rendered":"<p>INFOS C.D.I. MONTRAY KREYOL Cliquez sur l&rsquo;image ci dessous afin d&rsquo;obtenir toutes les derni\u00e8res informations li\u00e9es \u00e0 votre CDI. LE DOCUMENTALISTE Monsieur Pierre-Philippe LANDAU est le professeur documentaliste du Coll\u00e8ge de Sainte-Luce. En poste depuis septembre 2003, il initie les \u00e9l\u00e8ves de 6\u00e8me en particulier \u00e0 la m\u00e9thodologie de la documentation.\u00a0Il g\u00e8re par ailleurs le &hellip; <a href=\"https:\/\/site.ac-martinique.fr\/clg-sainteluce\/?page_id=47\" class=\"more-link\">Continuer la lecture de <span class=\"screen-reader-text\">CDI<\/span>  <span class=\"meta-nav\">&rarr;<\/span><\/a><\/p>\n","protected":false},"author":157,"featured_media":0,"parent":0,"menu_order":0,"comment_status":"closed","ping_status":"open","template":"","meta":{"footnotes":""},"class_list":["post-47","page","type-page","status-publish","hentry"],"_links":{"self":[{"href":"https:\/\/site.ac-martinique.fr\/clg-sainteluce\/index.php?rest_route=\/wp\/v2\/pages\/47","targetHints":{"allow":["GET"]}}],"collection":[{"href":"https:\/\/site.ac-martinique.fr\/clg-sainteluce\/index.php?rest_route=\/wp\/v2\/pages"}],"about":[{"href":"https:\/\/site.ac-martinique.fr\/clg-sainteluce\/index.php?rest_route=\/wp\/v2\/types\/page"}],"author":[{"embeddable":true,"href":"https:\/\/site.ac-martinique.fr\/clg-sainteluce\/index.php?rest_route=\/wp\/v2\/users\/157"}],"replies":[{"embeddable":true,"href":"https:\/\/site.ac-martinique.fr\/clg-sainteluce\/index.php?rest_route=%2Fwp%2Fv2%2Fcomments&post=47"}],"version-history":[{"count":7,"href":"https:\/\/site.ac-martinique.fr\/clg-sainteluce\/index.php?rest_route=\/wp\/v2\/pages\/47\/revisions"}],"predecessor-version":[{"id":1504,"href":"https:\/\/site.ac-martinique.fr\/clg-sainteluce\/index.php?rest_route=\/wp\/v2\/pages\/47\/revisions\/1504"}],"wp:attachment":[{"href":"https:\/\/site.ac-martinique.fr\/clg-sainteluce\/index.php?rest_route=%2Fwp%2Fv2%2Fmedia&parent=47"}],"curies":[{"name":"wp","href":"https:\/\/api.w.org\/{rel}","templated":true}]}}