{"id":55,"date":"2015-08-26T13:52:56","date_gmt":"2015-08-26T12:52:56","guid":{"rendered":"\/clg-sainteluce\/?page_id=55"},"modified":"2019-12-17T14:27:19","modified_gmt":"2019-12-17T13:27:19","slug":"vie-technique","status":"publish","type":"page","link":"https:\/\/site.ac-martinique.fr\/clg-sainteluce\/?page_id=55","title":{"rendered":"VIE TECHNIQUE"},"content":{"rendered":"<h1><strong><span style=\"color: #ff0000\">ACCUEIL<\/span><\/strong><br \/>\n<span style=\"font-size: medium\"><em>Un service d&rsquo;accueil est assur\u00e9 par Mme VENITE et Mme MARTINON sur le site principal<\/em><\/span><\/h1>\n<p><span style=\"font-size: medium\">L&rsquo;\u00e9tablissement est ouvert d\u00e8s 7 heures pour permettre aux \u00e9l\u00e8ves de rentrer dans leur \u00e9tablissement scola<\/span><span style=\"font-size: medium\">ire.<\/span><\/p>\n<p>A l&rsquo;accueil, ce personnel est charg\u00e9 de l&rsquo;accueil des \u00e9l\u00e8ves. Il veille au respect du r\u00e8glement int\u00e9rieur notamment en ce qui concerne la tenue vestimentaire. Il contr\u00f4le \u00e0 partir du carnet de correspondance qu&rsquo;il s&rsquo;agit bien du coll\u00e9gien concern\u00e9.<\/p>\n<p>Il est aussi charg\u00e9e d&rsquo;acheminer tout visiteur vers le secr\u00e9tariat. Ce personnel travaille en \u00e9troite collaboration avec le Conseiller Principal d&rsquo;Education et le service de vie scolaire pour tout ce qui concerne les entr\u00e9es-sorties des \u00e9l\u00e8ves.<\/p>\n<p>Afin de renforcer le s\u00e9rieux de l&rsquo;accueil offert au public ou de pr\u00e9venir les intrusions, il est essentiel d&rsquo;informer ce personnel lorsque se tient, dans l&rsquo;\u00e9tablissement, une manifestation exceptionnelle, des rendez-vous de parents.<\/p>\n<h1><span style=\"color: #ff0000\"><strong>SECR\u00c9TAIRE D&rsquo;INTENDANCE<\/strong><\/span><\/h1>\n<p><a href=\"\/clg-sainteluce\/wp-content\/uploads\/sites\/65\/2015\/08\/CULTIERINTENDANCE.jpg\"><img loading=\"lazy\" decoding=\"async\" class=\" wp-image-173\" src=\"\/clg-sainteluce\/wp-content\/uploads\/sites\/65\/2015\/08\/CULTIERINTENDANCE.jpg\" alt=\"PENTAX DIGITAL CAMERA\" width=\"103\" height=\"161\" \/><\/a><\/p>\n<p><span style=\"color: #ff0000\"><strong><br \/>\n<em><span style=\"color: #000000\">Monsieur CULTIER :\u00a0Secr\u00e9taire d&rsquo;intendance<\/span><\/em><\/strong><\/span><\/p>\n<p><span style=\"color: #ff6600\"><strong>Service de restauration<br \/>\n<\/strong><\/span>Accueil des parents au bureau d\u2019intendance pour le paiement de la demi-pension<br \/>\n<span style=\"color: #ff6600\"><strong>Comptabilit\u00e9 Observations<br \/>\n<\/strong><\/span>&#8211; Liquidation et mandatement des d\u00e9penses sous la responsabilit\u00e9 de Madame\u00a0la Gestionnaire<br \/>\n<span style=\"color: #ff6600\"><strong>\u00a0<\/strong><strong>Gestion des bourses<br \/>\n<\/strong><\/span>&#8211; V\u00e9rification et exploitation des dossiers.<br \/>\n&#8211; Transfert des dossiers au secr\u00e9tariat<br \/>\n&#8211; Travaille en liaison \u00e9troite avec le secr\u00e9tariat<br \/>\n<span style=\"color: #ff6600\"><strong>\u00a0<\/strong><strong>Secr\u00e9tariat<br \/>\n<\/strong><\/span>&#8211; Saisie et mise en forme des pi\u00e8ces justificatives des ordres de recettes.<br \/>\n&#8211; Courriers divers<\/p>\n<h1><span style=\"color: #ff0000\"><strong>LES AGENTS<br \/>\n<a href=\"\/clg-sainteluce\/wp-content\/uploads\/sites\/65\/2015\/08\/agents.jpg\"><img loading=\"lazy\" decoding=\"async\" class=\"alignnone  wp-image-169\" src=\"\/clg-sainteluce\/wp-content\/uploads\/sites\/65\/2015\/08\/agents-300x251.jpg\" alt=\"agents\" width=\"178\" height=\"149\" srcset=\"https:\/\/site.ac-martinique.fr\/clg-sainteluce\/wp-content\/uploads\/sites\/65\/2015\/08\/agents-300x251.jpg 300w, https:\/\/site.ac-martinique.fr\/clg-sainteluce\/wp-content\/uploads\/sites\/65\/2015\/08\/agents.jpg 917w\" sizes=\"auto, (max-width: 178px) 100vw, 178px\" \/><\/a>  <a href=\"\/clg-sainteluce\/wp-content\/uploads\/sites\/65\/2015\/08\/LABEJOF.jpg\"><img loading=\"lazy\" decoding=\"async\" class=\"alignnone  wp-image-171\" src=\"\/clg-sainteluce\/wp-content\/uploads\/sites\/65\/2015\/08\/LABEJOF-203x300.jpg\" alt=\"LABEJOF\" width=\"100\" height=\"148\" srcset=\"https:\/\/site.ac-martinique.fr\/clg-sainteluce\/wp-content\/uploads\/sites\/65\/2015\/08\/LABEJOF-203x300.jpg 203w, https:\/\/site.ac-martinique.fr\/clg-sainteluce\/wp-content\/uploads\/sites\/65\/2015\/08\/LABEJOF.jpg 303w\" sizes=\"auto, (max-width: 100px) 100vw, 100px\" \/><\/a><\/strong><\/span><\/h1>\n<div><span style=\"font-size: medium\">L&rsquo;entretien du coll\u00e8g<\/span><span style=\"font-size: medium\">e est assur\u00e9 par des agents. Chacun d&rsquo;entre eux est responsable d&rsquo;un secteur.<\/span><span style=\"font-size: medium\">Il revient \u00e0 tout un chacun de faciliter leur travail en contribuant notamment \u00e0\u00a0 respecter les lieux en utilisant les poubelles.<\/span><\/div>\n<p><span style=\"font-size: medium\"><br \/>\nLes\u00a0 agents\u00a0 sont :<\/span><br \/>\n<span style=\"font-size: medium\">Monsieur LABEJOF\/\u00a0Madame VENITE \/\u00a0<\/span><span style=\"font-size: medium\">Madame MARTINON<br \/>\n<\/span><span style=\"font-size: medium\">Monsieur MONTOUT \/\u00a0Madame GABRIEL \/\u00a0Madame SEBAS<br \/>\nMadame CRATER \/\u00a0Monsieur COQ<\/span><\/p>\n","protected":false},"excerpt":{"rendered":"<p>ACCUEIL Un service d&rsquo;accueil est assur\u00e9 par Mme VENITE et Mme MARTINON sur le site principal L&rsquo;\u00e9tablissement est ouvert d\u00e8s 7 heures pour permettre aux \u00e9l\u00e8ves de rentrer dans leur \u00e9tablissement scolaire. A l&rsquo;accueil, ce personnel est charg\u00e9 de l&rsquo;accueil des \u00e9l\u00e8ves. Il veille au respect du r\u00e8glement int\u00e9rieur notamment en ce qui concerne la &hellip; <a href=\"https:\/\/site.ac-martinique.fr\/clg-sainteluce\/?page_id=55\" class=\"more-link\">Continuer la lecture de <span class=\"screen-reader-text\">VIE TECHNIQUE<\/span>  <span class=\"meta-nav\">&rarr;<\/span><\/a><\/p>\n","protected":false},"author":157,"featured_media":0,"parent":0,"menu_order":0,"comment_status":"closed","ping_status":"open","template":"","meta":{"footnotes":""},"class_list":["post-55","page","type-page","status-publish","hentry"],"_links":{"self":[{"href":"https:\/\/site.ac-martinique.fr\/clg-sainteluce\/index.php?rest_route=\/wp\/v2\/pages\/55","targetHints":{"allow":["GET"]}}],"collection":[{"href":"https:\/\/site.ac-martinique.fr\/clg-sainteluce\/index.php?rest_route=\/wp\/v2\/pages"}],"about":[{"href":"https:\/\/site.ac-martinique.fr\/clg-sainteluce\/index.php?rest_route=\/wp\/v2\/types\/page"}],"author":[{"embeddable":true,"href":"https:\/\/site.ac-martinique.fr\/clg-sainteluce\/index.php?rest_route=\/wp\/v2\/users\/157"}],"replies":[{"embeddable":true,"href":"https:\/\/site.ac-martinique.fr\/clg-sainteluce\/index.php?rest_route=%2Fwp%2Fv2%2Fcomments&post=55"}],"version-history":[{"count":11,"href":"https:\/\/site.ac-martinique.fr\/clg-sainteluce\/index.php?rest_route=\/wp\/v2\/pages\/55\/revisions"}],"predecessor-version":[{"id":1855,"href":"https:\/\/site.ac-martinique.fr\/clg-sainteluce\/index.php?rest_route=\/wp\/v2\/pages\/55\/revisions\/1855"}],"wp:attachment":[{"href":"https:\/\/site.ac-martinique.fr\/clg-sainteluce\/index.php?rest_route=%2Fwp%2Fv2%2Fmedia&parent=55"}],"curies":[{"name":"wp","href":"https:\/\/api.w.org\/{rel}","templated":true}]}}