{"id":57,"date":"2015-08-26T13:54:14","date_gmt":"2015-08-26T12:54:14","guid":{"rendered":"\/clg-sainteluce\/?page_id=57"},"modified":"2015-09-04T06:10:42","modified_gmt":"2015-09-04T05:10:42","slug":"organisation-spatiale","status":"publish","type":"page","link":"https:\/\/site.ac-martinique.fr\/clg-sainteluce\/?page_id=57","title":{"rendered":"ORGANISATION SPATIALE"},"content":{"rendered":"<h1><span style=\"color: #ff0000\"><strong>SITE PRINCIPAL<br \/>\n<\/strong><\/span><\/h1>\n<figure id=\"attachment_476\" aria-describedby=\"caption-attachment-476\" style=\"width: 4800px\" class=\"wp-caption aligncenter\"><a href=\"\/clg-sainteluce\/wp-content\/uploads\/sites\/65\/2015\/09\/PANORAMIQUE-1.jpg\"><img loading=\"lazy\" decoding=\"async\" class=\"size-full wp-image-476\" src=\"\/clg-sainteluce\/wp-content\/uploads\/sites\/65\/2015\/09\/PANORAMIQUE-1.jpg\" alt=\"PANORAMIQUE 1\" width=\"4800\" height=\"460\" srcset=\"https:\/\/site.ac-martinique.fr\/clg-sainteluce\/wp-content\/uploads\/sites\/65\/2015\/09\/PANORAMIQUE-1.jpg 4800w, https:\/\/site.ac-martinique.fr\/clg-sainteluce\/wp-content\/uploads\/sites\/65\/2015\/09\/PANORAMIQUE-1-300x29.jpg 300w, https:\/\/site.ac-martinique.fr\/clg-sainteluce\/wp-content\/uploads\/sites\/65\/2015\/09\/PANORAMIQUE-1-1024x98.jpg 1024w\" sizes=\"auto, (max-width: 4800px) 100vw, 4800px\" \/><\/a><figcaption id=\"caption-attachment-476\" class=\"wp-caption-text\"><strong><a href=\"\/clg-sainteluce\/wp-content\/uploads\/sites\/65\/2015\/09\/DSCN1037.jpg\"><img loading=\"lazy\" decoding=\"async\" class=\"aligncenter size-full wp-image-482\" src=\"\/clg-sainteluce\/wp-content\/uploads\/sites\/65\/2015\/09\/DSCN1037.jpg\" alt=\"DSCN1037\" width=\"4233\" height=\"3129\" srcset=\"https:\/\/site.ac-martinique.fr\/clg-sainteluce\/wp-content\/uploads\/sites\/65\/2015\/09\/DSCN1037.jpg 4233w, https:\/\/site.ac-martinique.fr\/clg-sainteluce\/wp-content\/uploads\/sites\/65\/2015\/09\/DSCN1037-300x222.jpg 300w, https:\/\/site.ac-martinique.fr\/clg-sainteluce\/wp-content\/uploads\/sites\/65\/2015\/09\/DSCN1037-1024x757.jpg 1024w\" sizes=\"auto, (max-width: 4233px) 100vw, 4233px\" \/><\/a><\/strong><\/figcaption><\/figure>\n<h1><span style=\"color: #ff0000\"><strong><img loading=\"lazy\" decoding=\"async\" class=\"aligncenter size-full wp-image-510\" src=\"\/clg-sainteluce\/wp-content\/uploads\/sites\/65\/2015\/08\/DSCN1038.jpg\" alt=\"DSCN1038\" width=\"3513\" height=\"2098\" srcset=\"https:\/\/site.ac-martinique.fr\/clg-sainteluce\/wp-content\/uploads\/sites\/65\/2015\/08\/DSCN1038.jpg 3513w, https:\/\/site.ac-martinique.fr\/clg-sainteluce\/wp-content\/uploads\/sites\/65\/2015\/08\/DSCN1038-300x179.jpg 300w, https:\/\/site.ac-martinique.fr\/clg-sainteluce\/wp-content\/uploads\/sites\/65\/2015\/08\/DSCN1038-1024x612.jpg 1024w\" sizes=\"auto, (max-width: 3513px) 100vw, 3513px\" \/>\u00a0<\/strong><\/span><\/h1>\n<div id='gallery-1' class='gallery galleryid-57 gallery-columns-4 gallery-size-medium'><figure class='gallery-item'>\n\t\t\t<div class='gallery-icon landscape'>\n\t\t\t\t<img loading=\"lazy\" decoding=\"async\" width=\"300\" height=\"225\" src=\"https:\/\/site.ac-martinique.fr\/clg-sainteluce\/wp-content\/uploads\/sites\/65\/2015\/08\/20150702_080622-300x225.jpg\" class=\"attachment-medium size-medium\" alt=\"\" aria-describedby=\"gallery-1-187\" srcset=\"https:\/\/site.ac-martinique.fr\/clg-sainteluce\/wp-content\/uploads\/sites\/65\/2015\/08\/20150702_080622-300x225.jpg 300w, https:\/\/site.ac-martinique.fr\/clg-sainteluce\/wp-content\/uploads\/sites\/65\/2015\/08\/20150702_080622-1024x768.jpg 1024w\" sizes=\"auto, (max-width: 300px) 100vw, 300px\" \/>\n\t\t\t<\/div>\n\t\t\t\t<figcaption class='wp-caption-text gallery-caption' id='gallery-1-187'>\n\t\t\t\tportail d&rsquo;entr\u00e9e\n\t\t\t\t<\/figcaption><\/figure><figure class='gallery-item'>\n\t\t\t<div class='gallery-icon landscape'>\n\t\t\t\t<img loading=\"lazy\" decoding=\"async\" width=\"300\" height=\"225\" src=\"https:\/\/site.ac-martinique.fr\/clg-sainteluce\/wp-content\/uploads\/sites\/65\/2015\/08\/20150702_095452-300x225.jpg\" class=\"attachment-medium size-medium\" alt=\"\" aria-describedby=\"gallery-1-190\" srcset=\"https:\/\/site.ac-martinique.fr\/clg-sainteluce\/wp-content\/uploads\/sites\/65\/2015\/08\/20150702_095452-300x225.jpg 300w, https:\/\/site.ac-martinique.fr\/clg-sainteluce\/wp-content\/uploads\/sites\/65\/2015\/08\/20150702_095452-1024x768.jpg 1024w\" sizes=\"auto, (max-width: 300px) 100vw, 300px\" \/>\n\t\t\t<\/div>\n\t\t\t\t<figcaption class='wp-caption-text gallery-caption' id='gallery-1-190'>\n\t\t\t\thall d&rsquo;entr\u00e9e\n\t\t\t\t<\/figcaption><\/figure><figure class='gallery-item'>\n\t\t\t<div class='gallery-icon landscape'>\n\t\t\t\t<img loading=\"lazy\" decoding=\"async\" width=\"300\" height=\"225\" src=\"https:\/\/site.ac-martinique.fr\/clg-sainteluce\/wp-content\/uploads\/sites\/65\/2015\/08\/20150702_095506-300x225.jpg\" class=\"attachment-medium size-medium\" alt=\"\" aria-describedby=\"gallery-1-191\" srcset=\"https:\/\/site.ac-martinique.fr\/clg-sainteluce\/wp-content\/uploads\/sites\/65\/2015\/08\/20150702_095506-300x225.jpg 300w, https:\/\/site.ac-martinique.fr\/clg-sainteluce\/wp-content\/uploads\/sites\/65\/2015\/08\/20150702_095506-1024x768.jpg 1024w\" sizes=\"auto, (max-width: 300px) 100vw, 300px\" \/>\n\t\t\t<\/div>\n\t\t\t\t<figcaption class='wp-caption-text gallery-caption' id='gallery-1-191'>\n\t\t\t\tcour + kiosque\n\t\t\t\t<\/figcaption><\/figure><figure class='gallery-item'>\n\t\t\t<div class='gallery-icon landscape'>\n\t\t\t\t<img loading=\"lazy\" decoding=\"async\" width=\"300\" height=\"225\" src=\"https:\/\/site.ac-martinique.fr\/clg-sainteluce\/wp-content\/uploads\/sites\/65\/2015\/08\/20150702_095523-300x225.jpg\" class=\"attachment-medium size-medium\" alt=\"\" aria-describedby=\"gallery-1-192\" srcset=\"https:\/\/site.ac-martinique.fr\/clg-sainteluce\/wp-content\/uploads\/sites\/65\/2015\/08\/20150702_095523-300x225.jpg 300w, https:\/\/site.ac-martinique.fr\/clg-sainteluce\/wp-content\/uploads\/sites\/65\/2015\/08\/20150702_095523-1024x768.jpg 1024w\" sizes=\"auto, (max-width: 300px) 100vw, 300px\" \/>\n\t\t\t<\/div>\n\t\t\t\t<figcaption class='wp-caption-text gallery-caption' id='gallery-1-192'>\n\t\t\t\tcour + B\u00e2t. D\n\t\t\t\t<\/figcaption><\/figure><figure class='gallery-item'>\n\t\t\t<div class='gallery-icon landscape'>\n\t\t\t\t<img loading=\"lazy\" decoding=\"async\" width=\"300\" height=\"225\" src=\"https:\/\/site.ac-martinique.fr\/clg-sainteluce\/wp-content\/uploads\/sites\/65\/2015\/08\/20150702_095611-300x225.jpg\" class=\"attachment-medium size-medium\" alt=\"\" aria-describedby=\"gallery-1-195\" srcset=\"https:\/\/site.ac-martinique.fr\/clg-sainteluce\/wp-content\/uploads\/sites\/65\/2015\/08\/20150702_095611-300x225.jpg 300w, https:\/\/site.ac-martinique.fr\/clg-sainteluce\/wp-content\/uploads\/sites\/65\/2015\/08\/20150702_095611-1024x768.jpg 1024w\" sizes=\"auto, (max-width: 300px) 100vw, 300px\" \/>\n\t\t\t<\/div>\n\t\t\t\t<figcaption class='wp-caption-text gallery-caption' id='gallery-1-195'>\n\t\t\t\tcour principale\n\t\t\t\t<\/figcaption><\/figure><figure class='gallery-item'>\n\t\t\t<div class='gallery-icon landscape'>\n\t\t\t\t<img loading=\"lazy\" decoding=\"async\" width=\"300\" height=\"225\" src=\"https:\/\/site.ac-martinique.fr\/clg-sainteluce\/wp-content\/uploads\/sites\/65\/2015\/08\/20150702_095551-300x225.jpg\" class=\"attachment-medium size-medium\" alt=\"\" aria-describedby=\"gallery-1-194\" srcset=\"https:\/\/site.ac-martinique.fr\/clg-sainteluce\/wp-content\/uploads\/sites\/65\/2015\/08\/20150702_095551-300x225.jpg 300w, https:\/\/site.ac-martinique.fr\/clg-sainteluce\/wp-content\/uploads\/sites\/65\/2015\/08\/20150702_095551-1024x768.jpg 1024w\" sizes=\"auto, (max-width: 300px) 100vw, 300px\" \/>\n\t\t\t<\/div>\n\t\t\t\t<figcaption class='wp-caption-text gallery-caption' id='gallery-1-194'>\n\t\t\t\tcour + B\u00e2t. B &amp; C\n\t\t\t\t<\/figcaption><\/figure><figure class='gallery-item'>\n\t\t\t<div class='gallery-icon landscape'>\n\t\t\t\t<img loading=\"lazy\" decoding=\"async\" width=\"300\" height=\"225\" src=\"https:\/\/site.ac-martinique.fr\/clg-sainteluce\/wp-content\/uploads\/sites\/65\/2015\/08\/20150702_095529-300x225.jpg\" class=\"attachment-medium size-medium\" alt=\"\" aria-describedby=\"gallery-1-193\" srcset=\"https:\/\/site.ac-martinique.fr\/clg-sainteluce\/wp-content\/uploads\/sites\/65\/2015\/08\/20150702_095529-300x225.jpg 300w, https:\/\/site.ac-martinique.fr\/clg-sainteluce\/wp-content\/uploads\/sites\/65\/2015\/08\/20150702_095529-1024x768.jpg 1024w\" sizes=\"auto, (max-width: 300px) 100vw, 300px\" \/>\n\t\t\t<\/div>\n\t\t\t\t<figcaption class='wp-caption-text gallery-caption' id='gallery-1-193'>\n\t\t\t\tsalle des professeurs et WC\n\t\t\t\t<\/figcaption><\/figure><figure class='gallery-item'>\n\t\t\t<div class='gallery-icon landscape'>\n\t\t\t\t<img loading=\"lazy\" decoding=\"async\" width=\"300\" height=\"225\" src=\"https:\/\/site.ac-martinique.fr\/clg-sainteluce\/wp-content\/uploads\/sites\/65\/2015\/08\/20150702_080743-300x225.jpg\" class=\"attachment-medium size-medium\" alt=\"\" aria-describedby=\"gallery-1-188\" srcset=\"https:\/\/site.ac-martinique.fr\/clg-sainteluce\/wp-content\/uploads\/sites\/65\/2015\/08\/20150702_080743-300x225.jpg 300w, https:\/\/site.ac-martinique.fr\/clg-sainteluce\/wp-content\/uploads\/sites\/65\/2015\/08\/20150702_080743-1024x768.jpg 1024w\" sizes=\"auto, (max-width: 300px) 100vw, 300px\" \/>\n\t\t\t<\/div>\n\t\t\t\t<figcaption class='wp-caption-text gallery-caption' id='gallery-1-188'>\n\t\t\t\tvue du b\u00e2t.des salles des profs\n\t\t\t\t<\/figcaption><\/figure><figure class='gallery-item'>\n\t\t\t<div class='gallery-icon landscape'>\n\t\t\t\t<img loading=\"lazy\" decoding=\"async\" width=\"300\" height=\"225\" src=\"https:\/\/site.ac-martinique.fr\/clg-sainteluce\/wp-content\/uploads\/sites\/65\/2015\/09\/VUE-EN-PLONGEE-300x225.jpg\" class=\"attachment-medium size-medium\" alt=\"\" aria-describedby=\"gallery-1-480\" srcset=\"https:\/\/site.ac-martinique.fr\/clg-sainteluce\/wp-content\/uploads\/sites\/65\/2015\/09\/VUE-EN-PLONGEE-300x225.jpg 300w, https:\/\/site.ac-martinique.fr\/clg-sainteluce\/wp-content\/uploads\/sites\/65\/2015\/09\/VUE-EN-PLONGEE.jpg 886w\" sizes=\"auto, (max-width: 300px) 100vw, 300px\" \/>\n\t\t\t<\/div>\n\t\t\t\t<figcaption class='wp-caption-text gallery-caption' id='gallery-1-480'>\n\t\t\t\tVUE EN PLONGEE\n\t\t\t\t<\/figcaption><\/figure><figure class='gallery-item'>\n\t\t\t<div class='gallery-icon landscape'>\n\t\t\t\t<img loading=\"lazy\" decoding=\"async\" width=\"300\" height=\"225\" src=\"https:\/\/site.ac-martinique.fr\/clg-sainteluce\/wp-content\/uploads\/sites\/65\/2015\/09\/COUR-2-300x225.jpg\" class=\"attachment-medium size-medium\" alt=\"\" aria-describedby=\"gallery-1-475\" srcset=\"https:\/\/site.ac-martinique.fr\/clg-sainteluce\/wp-content\/uploads\/sites\/65\/2015\/09\/COUR-2-300x225.jpg 300w, https:\/\/site.ac-martinique.fr\/clg-sainteluce\/wp-content\/uploads\/sites\/65\/2015\/09\/COUR-2.jpg 886w\" sizes=\"auto, (max-width: 300px) 100vw, 300px\" \/>\n\t\t\t<\/div>\n\t\t\t\t<figcaption class='wp-caption-text gallery-caption' id='gallery-1-475'>\n\t\t\t\tCOUR A\n\t\t\t\t<\/figcaption><\/figure><figure class='gallery-item'>\n\t\t\t<div class='gallery-icon landscape'>\n\t\t\t\t<img loading=\"lazy\" decoding=\"async\" width=\"300\" height=\"225\" src=\"https:\/\/site.ac-martinique.fr\/clg-sainteluce\/wp-content\/uploads\/sites\/65\/2015\/09\/COUR-1-300x225.jpg\" class=\"attachment-medium size-medium\" alt=\"\" aria-describedby=\"gallery-1-474\" srcset=\"https:\/\/site.ac-martinique.fr\/clg-sainteluce\/wp-content\/uploads\/sites\/65\/2015\/09\/COUR-1-300x225.jpg 300w, https:\/\/site.ac-martinique.fr\/clg-sainteluce\/wp-content\/uploads\/sites\/65\/2015\/09\/COUR-1.jpg 886w\" sizes=\"auto, (max-width: 300px) 100vw, 300px\" \/>\n\t\t\t<\/div>\n\t\t\t\t<figcaption class='wp-caption-text gallery-caption' id='gallery-1-474'>\n\t\t\t\tCOUR B\n\t\t\t\t<\/figcaption><\/figure><figure class='gallery-item'>\n\t\t\t<div class='gallery-icon landscape'>\n\t\t\t\t<img loading=\"lazy\" decoding=\"async\" width=\"300\" height=\"225\" src=\"https:\/\/site.ac-martinique.fr\/clg-sainteluce\/wp-content\/uploads\/sites\/65\/2015\/09\/BAT-H-PROF-SANITAIRES-300x225.jpg\" class=\"attachment-medium size-medium\" alt=\"\" aria-describedby=\"gallery-1-473\" srcset=\"https:\/\/site.ac-martinique.fr\/clg-sainteluce\/wp-content\/uploads\/sites\/65\/2015\/09\/BAT-H-PROF-SANITAIRES-300x225.jpg 300w, https:\/\/site.ac-martinique.fr\/clg-sainteluce\/wp-content\/uploads\/sites\/65\/2015\/09\/BAT-H-PROF-SANITAIRES.jpg 886w\" sizes=\"auto, (max-width: 300px) 100vw, 300px\" \/>\n\t\t\t<\/div>\n\t\t\t\t<figcaption class='wp-caption-text gallery-caption' id='gallery-1-473'>\n\t\t\t\tBAT H PROF + SANITAIRES\n\t\t\t\t<\/figcaption><\/figure><figure class='gallery-item'>\n\t\t\t<div class='gallery-icon landscape'>\n\t\t\t\t<img loading=\"lazy\" decoding=\"async\" width=\"300\" height=\"225\" src=\"https:\/\/site.ac-martinique.fr\/clg-sainteluce\/wp-content\/uploads\/sites\/65\/2015\/09\/BAT-C_C2-C3-300x225.jpg\" class=\"attachment-medium size-medium\" alt=\"\" aria-describedby=\"gallery-1-467\" srcset=\"https:\/\/site.ac-martinique.fr\/clg-sainteluce\/wp-content\/uploads\/sites\/65\/2015\/09\/BAT-C_C2-C3-300x225.jpg 300w, https:\/\/site.ac-martinique.fr\/clg-sainteluce\/wp-content\/uploads\/sites\/65\/2015\/09\/BAT-C_C2-C3.jpg 886w\" sizes=\"auto, (max-width: 300px) 100vw, 300px\" \/>\n\t\t\t<\/div>\n\t\t\t\t<figcaption class='wp-caption-text gallery-caption' id='gallery-1-467'>\n\t\t\t\tBAT C_C2 C3\n\t\t\t\t<\/figcaption><\/figure><figure class='gallery-item'>\n\t\t\t<div class='gallery-icon landscape'>\n\t\t\t\t<img loading=\"lazy\" decoding=\"async\" width=\"300\" height=\"225\" src=\"https:\/\/site.ac-martinique.fr\/clg-sainteluce\/wp-content\/uploads\/sites\/65\/2015\/09\/BAT-C_C4-C5-300x225.jpg\" class=\"attachment-medium size-medium\" alt=\"\" aria-describedby=\"gallery-1-468\" srcset=\"https:\/\/site.ac-martinique.fr\/clg-sainteluce\/wp-content\/uploads\/sites\/65\/2015\/09\/BAT-C_C4-C5-300x225.jpg 300w, https:\/\/site.ac-martinique.fr\/clg-sainteluce\/wp-content\/uploads\/sites\/65\/2015\/09\/BAT-C_C4-C5.jpg 886w\" sizes=\"auto, (max-width: 300px) 100vw, 300px\" \/>\n\t\t\t<\/div>\n\t\t\t\t<figcaption class='wp-caption-text gallery-caption' id='gallery-1-468'>\n\t\t\t\tBAT C_C4 C5\n\t\t\t\t<\/figcaption><\/figure><figure class='gallery-item'>\n\t\t\t<div class='gallery-icon landscape'>\n\t\t\t\t<img loading=\"lazy\" decoding=\"async\" width=\"300\" height=\"225\" src=\"https:\/\/site.ac-martinique.fr\/clg-sainteluce\/wp-content\/uploads\/sites\/65\/2015\/09\/BAT-D_D1-D2-D3-D4-300x225.jpg\" class=\"attachment-medium size-medium\" alt=\"\" aria-describedby=\"gallery-1-469\" srcset=\"https:\/\/site.ac-martinique.fr\/clg-sainteluce\/wp-content\/uploads\/sites\/65\/2015\/09\/BAT-D_D1-D2-D3-D4-300x225.jpg 300w, https:\/\/site.ac-martinique.fr\/clg-sainteluce\/wp-content\/uploads\/sites\/65\/2015\/09\/BAT-D_D1-D2-D3-D4.jpg 886w\" sizes=\"auto, (max-width: 300px) 100vw, 300px\" \/>\n\t\t\t<\/div>\n\t\t\t\t<figcaption class='wp-caption-text gallery-caption' id='gallery-1-469'>\n\t\t\t\tBAT D_D1 D2 D3 D4\n\t\t\t\t<\/figcaption><\/figure><figure class='gallery-item'>\n\t\t\t<div class='gallery-icon landscape'>\n\t\t\t\t<img loading=\"lazy\" decoding=\"async\" width=\"300\" height=\"225\" src=\"https:\/\/site.ac-martinique.fr\/clg-sainteluce\/wp-content\/uploads\/sites\/65\/2015\/09\/BAT-E_CDI-INFIRMERIE-INFORMATIQUE-300x225.jpg\" class=\"attachment-medium size-medium\" alt=\"\" aria-describedby=\"gallery-1-470\" srcset=\"https:\/\/site.ac-martinique.fr\/clg-sainteluce\/wp-content\/uploads\/sites\/65\/2015\/09\/BAT-E_CDI-INFIRMERIE-INFORMATIQUE-300x225.jpg 300w, https:\/\/site.ac-martinique.fr\/clg-sainteluce\/wp-content\/uploads\/sites\/65\/2015\/09\/BAT-E_CDI-INFIRMERIE-INFORMATIQUE.jpg 886w\" sizes=\"auto, (max-width: 300px) 100vw, 300px\" \/>\n\t\t\t<\/div>\n\t\t\t\t<figcaption class='wp-caption-text gallery-caption' id='gallery-1-470'>\n\t\t\t\tBAT E_CDI + INFIRMERIE + INFORMATIQUE\n\t\t\t\t<\/figcaption><\/figure><figure class='gallery-item'>\n\t\t\t<div class='gallery-icon landscape'>\n\t\t\t\t<img loading=\"lazy\" decoding=\"async\" width=\"300\" height=\"225\" src=\"https:\/\/site.ac-martinique.fr\/clg-sainteluce\/wp-content\/uploads\/sites\/65\/2015\/09\/BAT-E2-E5_ART-P-MUSIQUE-300x225.jpg\" class=\"attachment-medium size-medium\" alt=\"\" aria-describedby=\"gallery-1-471\" srcset=\"https:\/\/site.ac-martinique.fr\/clg-sainteluce\/wp-content\/uploads\/sites\/65\/2015\/09\/BAT-E2-E5_ART-P-MUSIQUE-300x225.jpg 300w, https:\/\/site.ac-martinique.fr\/clg-sainteluce\/wp-content\/uploads\/sites\/65\/2015\/09\/BAT-E2-E5_ART-P-MUSIQUE.jpg 886w\" sizes=\"auto, (max-width: 300px) 100vw, 300px\" \/>\n\t\t\t<\/div>\n\t\t\t\t<figcaption class='wp-caption-text gallery-caption' id='gallery-1-471'>\n\t\t\t\tBAT E2 E5_ART P + MUSIQUE\n\t\t\t\t<\/figcaption><\/figure><figure class='gallery-item'>\n\t\t\t<div class='gallery-icon landscape'>\n\t\t\t\t<img loading=\"lazy\" decoding=\"async\" width=\"300\" height=\"225\" src=\"https:\/\/site.ac-martinique.fr\/clg-sainteluce\/wp-content\/uploads\/sites\/65\/2015\/09\/BAT-F_VIE-SCOLAIRE-300x225.jpg\" class=\"attachment-medium size-medium\" alt=\"\" aria-describedby=\"gallery-1-472\" srcset=\"https:\/\/site.ac-martinique.fr\/clg-sainteluce\/wp-content\/uploads\/sites\/65\/2015\/09\/BAT-F_VIE-SCOLAIRE-300x225.jpg 300w, https:\/\/site.ac-martinique.fr\/clg-sainteluce\/wp-content\/uploads\/sites\/65\/2015\/09\/BAT-F_VIE-SCOLAIRE.jpg 886w\" sizes=\"auto, (max-width: 300px) 100vw, 300px\" \/>\n\t\t\t<\/div>\n\t\t\t\t<figcaption class='wp-caption-text gallery-caption' id='gallery-1-472'>\n\t\t\t\tBAT F_VIE SCOLAIRE\n\t\t\t\t<\/figcaption><\/figure><figure class='gallery-item'>\n\t\t\t<div class='gallery-icon landscape'>\n\t\t\t\t<img loading=\"lazy\" decoding=\"async\" width=\"300\" height=\"225\" src=\"https:\/\/site.ac-martinique.fr\/clg-sainteluce\/wp-content\/uploads\/sites\/65\/2015\/09\/BAT-A_ACCUEIL-ADMIN-300x225.jpg\" class=\"attachment-medium size-medium\" alt=\"\" aria-describedby=\"gallery-1-466\" srcset=\"https:\/\/site.ac-martinique.fr\/clg-sainteluce\/wp-content\/uploads\/sites\/65\/2015\/09\/BAT-A_ACCUEIL-ADMIN-300x225.jpg 300w, https:\/\/site.ac-martinique.fr\/clg-sainteluce\/wp-content\/uploads\/sites\/65\/2015\/09\/BAT-A_ACCUEIL-ADMIN.jpg 886w\" sizes=\"auto, (max-width: 300px) 100vw, 300px\" \/>\n\t\t\t<\/div>\n\t\t\t\t<figcaption class='wp-caption-text gallery-caption' id='gallery-1-466'>\n\t\t\t\tBAT A_ACCUEIL + ADMIN\n\t\t\t\t<\/figcaption><\/figure><figure class='gallery-item'>\n\t\t\t<div class='gallery-icon landscape'>\n\t\t\t\t<img loading=\"lazy\" decoding=\"async\" width=\"300\" height=\"225\" src=\"https:\/\/site.ac-martinique.fr\/clg-sainteluce\/wp-content\/uploads\/sites\/65\/2015\/09\/BAT-A_A1-A2-A3-300x225.jpg\" class=\"attachment-medium size-medium\" alt=\"\" aria-describedby=\"gallery-1-465\" srcset=\"https:\/\/site.ac-martinique.fr\/clg-sainteluce\/wp-content\/uploads\/sites\/65\/2015\/09\/BAT-A_A1-A2-A3-300x225.jpg 300w, https:\/\/site.ac-martinique.fr\/clg-sainteluce\/wp-content\/uploads\/sites\/65\/2015\/09\/BAT-A_A1-A2-A3.jpg 886w\" sizes=\"auto, (max-width: 300px) 100vw, 300px\" \/>\n\t\t\t<\/div>\n\t\t\t\t<figcaption class='wp-caption-text gallery-caption' id='gallery-1-465'>\n\t\t\t\tBAT A_A1 A2 A3\n\t\t\t\t<\/figcaption><\/figure>\n\t\t<\/div>\n\n<p><a href=\"\/clg-sainteluce\/wp-content\/uploads\/sites\/65\/2015\/09\/PANORAMIQUE-3.jpg\"><img loading=\"lazy\" decoding=\"async\" class=\"aligncenter size-full wp-image-478\" src=\"\/clg-sainteluce\/wp-content\/uploads\/sites\/65\/2015\/09\/PANORAMIQUE-3.jpg\" alt=\"PANORAMIQUE 3\" width=\"4800\" height=\"460\" srcset=\"https:\/\/site.ac-martinique.fr\/clg-sainteluce\/wp-content\/uploads\/sites\/65\/2015\/09\/PANORAMIQUE-3.jpg 4800w, https:\/\/site.ac-martinique.fr\/clg-sainteluce\/wp-content\/uploads\/sites\/65\/2015\/09\/PANORAMIQUE-3-300x29.jpg 300w, https:\/\/site.ac-martinique.fr\/clg-sainteluce\/wp-content\/uploads\/sites\/65\/2015\/09\/PANORAMIQUE-3-1024x98.jpg 1024w\" sizes=\"auto, (max-width: 4800px) 100vw, 4800px\" \/><\/a><\/p>\n<h1><span style=\"color: #ff0000\"><strong>SITE ANNEXE<br \/>\n<\/strong><\/span><\/h1>\n<p><a href=\"\/clg-sainteluce\/wp-content\/uploads\/sites\/65\/2015\/08\/annexe.jpg\"><img loading=\"lazy\" decoding=\"async\" class=\" wp-image-183\" src=\"\/clg-sainteluce\/wp-content\/uploads\/sites\/65\/2015\/08\/annexe-300x158.jpg\" alt=\"PENTAX DIGITAL CAMERA\" width=\"253\" height=\"133\" srcset=\"https:\/\/site.ac-martinique.fr\/clg-sainteluce\/wp-content\/uploads\/sites\/65\/2015\/08\/annexe-300x158.jpg 300w, https:\/\/site.ac-martinique.fr\/clg-sainteluce\/wp-content\/uploads\/sites\/65\/2015\/08\/annexe.jpg 1024w\" sizes=\"auto, (max-width: 253px) 100vw, 253px\" \/><\/a><a href=\"\/clg-sainteluce\/wp-content\/uploads\/sites\/65\/2015\/08\/kiosque.jpg\"><img loading=\"lazy\" decoding=\"async\" class=\" wp-image-184 alignnone\" src=\"\/clg-sainteluce\/wp-content\/uploads\/sites\/65\/2015\/08\/kiosque-300x232.jpg\" alt=\"PENTAX DIGITAL CAMERA\" width=\"175\" height=\"135\" srcset=\"https:\/\/site.ac-martinique.fr\/clg-sainteluce\/wp-content\/uploads\/sites\/65\/2015\/08\/kiosque-300x232.jpg 300w, https:\/\/site.ac-martinique.fr\/clg-sainteluce\/wp-content\/uploads\/sites\/65\/2015\/08\/kiosque.jpg 992w\" sizes=\"auto, (max-width: 175px) 100vw, 175px\" \/><\/a><\/p>\n<p>L<span style=\"font-size: large\"><span style=\"font-size: large\">&lsquo;A<\/span>nnexe du coll\u00e8ge de Sainte Luce se situe au Morne des P\u00e8res juste apr\u00e8s l&rsquo;Office Municipal Luc\u00e9en (1\u00e8re entr\u00e9e \u00e0 droite).<\/span><\/p>\n<p>Depuis la rentr\u00e9e 2010, le site de l&rsquo;annexe affiche un taux d&rsquo;occupation de 100 %. En effet, les emplois du temps de l&rsquo;ann\u00e9e scolaire permettent aux 7 salles du site d&rsquo;\u00eatre occup\u00e9es par toutes les classes.<br \/>\n<span style=\"font-size: large\">Sur ce site, ce sont les enseignants qui se d\u00e9placent d&rsquo;une salle \u00e0 l&rsquo;autre pour dispenser les diff\u00e9rents enseignements.\u00a0L&rsquo;utilisation de ce site a permis de d\u00e9congestionner le site principal mais a n\u00e9cessit\u00e9 une r\u00e9organisation de la vie scolaire surtout pour l&rsquo;encadrement des \u00e9l\u00e8ves au restaurant scolaire.<br \/>\n<\/span><\/p>\n<p><span style=\"font-size: large\">\u00a0<\/span><\/p>\n","protected":false},"excerpt":{"rendered":"<p>SITE PRINCIPAL \u00a0 SITE ANNEXE L&lsquo;Annexe du coll\u00e8ge de Sainte Luce se situe au Morne des P\u00e8res juste apr\u00e8s l&rsquo;Office Municipal Luc\u00e9en (1\u00e8re entr\u00e9e \u00e0 droite). Depuis la rentr\u00e9e 2010, le site de l&rsquo;annexe affiche un taux d&rsquo;occupation de 100 %. En effet, les emplois du temps de l&rsquo;ann\u00e9e scolaire permettent aux 7 salles du &hellip; <a href=\"https:\/\/site.ac-martinique.fr\/clg-sainteluce\/?page_id=57\" class=\"more-link\">Continuer la lecture de <span class=\"screen-reader-text\">ORGANISATION SPATIALE<\/span>  <span class=\"meta-nav\">&rarr;<\/span><\/a><\/p>\n","protected":false},"author":157,"featured_media":0,"parent":0,"menu_order":0,"comment_status":"closed","ping_status":"open","template":"","meta":{"footnotes":""},"class_list":["post-57","page","type-page","status-publish","hentry"],"_links":{"self":[{"href":"https:\/\/site.ac-martinique.fr\/clg-sainteluce\/index.php?rest_route=\/wp\/v2\/pages\/57","targetHints":{"allow":["GET"]}}],"collection":[{"href":"https:\/\/site.ac-martinique.fr\/clg-sainteluce\/index.php?rest_route=\/wp\/v2\/pages"}],"about":[{"href":"https:\/\/site.ac-martinique.fr\/clg-sainteluce\/index.php?rest_route=\/wp\/v2\/types\/page"}],"author":[{"embeddable":true,"href":"https:\/\/site.ac-martinique.fr\/clg-sainteluce\/index.php?rest_route=\/wp\/v2\/users\/157"}],"replies":[{"embeddable":true,"href":"https:\/\/site.ac-martinique.fr\/clg-sainteluce\/index.php?rest_route=%2Fwp%2Fv2%2Fcomments&post=57"}],"version-history":[{"count":8,"href":"https:\/\/site.ac-martinique.fr\/clg-sainteluce\/index.php?rest_route=\/wp\/v2\/pages\/57\/revisions"}],"predecessor-version":[{"id":511,"href":"https:\/\/site.ac-martinique.fr\/clg-sainteluce\/index.php?rest_route=\/wp\/v2\/pages\/57\/revisions\/511"}],"wp:attachment":[{"href":"https:\/\/site.ac-martinique.fr\/clg-sainteluce\/index.php?rest_route=%2Fwp%2Fv2%2Fmedia&parent=57"}],"curies":[{"name":"wp","href":"https:\/\/api.w.org\/{rel}","templated":true}]}}