{"id":56,"date":"2015-10-07T13:54:20","date_gmt":"2015-10-07T12:54:20","guid":{"rendered":"\/clg-suzanneroussicesaire\/?page_id=56"},"modified":"2023-10-16T13:15:06","modified_gmt":"2023-10-16T17:15:06","slug":"le-mot-de-la-principale","status":"publish","type":"page","link":"https:\/\/site.ac-martinique.fr\/clg-suzanneroussicesaire\/?page_id=56","title":{"rendered":"Le mot du Principale"},"content":{"rendered":"<p style=\"text-align: center;\"><em>Ann\u00e9e scolaire 2023-24<\/em><\/p>\n<p style=\"text-align: center;\"><strong><u>\u00a0LE MOT DU PRINCIPAL<\/u><\/strong><\/p>\n<p>Chers parents et membres de la communaut\u00e9 \u00e9ducative<\/p>\n<p>En ce d\u00e9but d\u2019ann\u00e9e scolaire 2023-2024, c\u2019est avec enthousiasme que je prends mes fonctions comme Principal du coll\u00e8ge des Trois Ilets.<\/p>\n<p>J\u2019aborde l\u2019ann\u00e9e avec s\u00e9r\u00e9nit\u00e9 et d\u00e9termination car je sais que notre \u00e9tablissement poss\u00e8de de v\u00e9ritables atouts qu\u2019il nous faudra continuer \u00e0 exploiter\u00a0:<\/p>\n<p style=\"padding-left: 30px;\">\u00a0 \u00a0 \u00a0 \u00a0 \u00a0 \u00a0 \u00a0 \u00a0 \u00a0-des parents d\u2019\u00e9l\u00e8ves investis\u00a0 dans le suivi de leurs enfants<\/p>\n<p style=\"padding-left: 30px;\">\u00a0 \u00a0 \u00a0 \u00a0 \u00a0 \u00a0 \u00a0 \u00a0 \u00a0-des personnels consciencieux et\u00a0 port\u00e9s \u00e0 l\u2019innovation<\/p>\n<p style=\"padding-left: 30px;\">\u00a0 \u00a0 \u00a0 \u00a0 \u00a0 \u00a0 \u00a0 \u00a0 \u00a0-des \u00e9l\u00e8ves\u00a0\u00a0 majoritairement soucieux de leur orientation et de leur avenir.<\/p>\n<p>Les r\u00e9sultats obtenus par le coll\u00e8ge en Juillet 2017 t\u00e9moignent de cette dynamique\u00a0:<\/p>\n<p style=\"padding-left: 30px;\">\u00a0 \u00a0 \u00a0 \u00a0 \u00a0 \u00a0 \u00a0 \u00a0 \u00a0&#8211; 97,7% de taux de r\u00e9ussite au DNB et 100% de r\u00e9ussite au CFG.<\/p>\n<p style=\"padding-left: 30px;\">\u00a0 \u00a0 \u00a0 \u00a0 \u00a0 \u00a0 \u00a0 \u00a0 \u00a0-Un taux de passage des \u00e9l\u00e8ves de 3 en 2<sup>nde<\/sup> G\u00e9n\u00e9rale de 84, 09% , de 15,91 % en 2<sup>nde<\/sup> Pro.<\/p>\n<p>J\u2019ai donc d\u00e9gag\u00e9 \u00a0\u00a0\u00a0un certain nombre d\u2019objectifs que j\u2019enrichirai au fur et \u00e0 mesure de la d\u00e9couverte de toutes les potentialit\u00e9s de notre \u00e9tablissement\u00a0:<\/p>\n<p style=\"padding-left: 30px;\">\u00a0 \u00a0 \u00a0 \u00a0 \u00a0 \u00a0 \u00a0 \u00a0 \u00a0-Favoriser dans la continuit\u00e9 de ce qui a d\u00e9j\u00e0 \u00e9t\u00e9 fait <strong>la r\u00e9ussite de tous les \u00e9l\u00e8ves, <\/strong>c\u2019est \u00e0-dire harmoniser les pratiques\u00a0 dans le domaine de l\u2019\u00e9valuation, d\u00e9velopper une politique d\u2019excellence pour tous en venant en aide gr\u00e2ce aux dispositifs \u00a0(\u00ab\u00a0devoirs faits\u00a0\u00bb, etc\u2026)qui s\u2019offrent \u00e0 nous, en direction des \u00e9l\u00e8ves qui connaissent \u00a0\u00a0des difficult\u00e9s.<\/p>\n<p style=\"padding-left: 30px;\">\u00a0 \u00a0 \u00a0 \u00a0 \u00a0 \u00a0 \u00a0 \u00a0 \u00a0 &#8211; Accorder par l\u00e0 m\u00eame une grande attention <strong>aux \u00e9l\u00e8ves \u00e0 besoins particuliers.<\/strong><\/p>\n<p style=\"padding-left: 30px;\">\u00a0 \u00a0 \u00a0 \u00a0 \u00a0 \u00a0 \u00a0 \u00a0 \u00a0 &#8211; Engager une r\u00e9flexion sur l\u2019\u00e9valuation des comp\u00e9tences et proposer dans ce domaine comme dans d\u2019autres des <strong>actions \u00a0innovantes\u00a0.<\/strong><\/p>\n<p style=\"padding-left: 30px;\">\u00a0 \u00a0 \u00a0 \u00a0 \u00a0 \u00a0 \u00a0 \u00a0 \u00a0&#8211; Poursuivre dans le domaine du<strong> num\u00e9rique<\/strong> la politique engag\u00e9e en \u00e9laborant un plan de formation \u00e0 l\u2019intention de tous les acteurs de la communaut\u00e9<\/p>\n<p style=\"padding-left: 30px;\">\u00a0 \u00a0 \u00a0 \u00a0 \u00a0 \u00a0 \u00a0 \u00a0 \u00a0-Favoriser l\u2019ouverture <strong>sur le monde ext\u00e9rieur<\/strong> en permettant \u00e0 nos \u00e9l\u00e8ves de participer \u00e0 des sorties et projets p\u00e9dagogiques propices, comme l\u2019appariement avec un \u00e9tablissement de Louisiane.<\/p>\n<p style=\"padding-left: 30px;\">\u00a0 \u00a0 \u00a0 \u00a0 \u00a0 \u00a0 \u00a0 \u00a0 \u00a0-Faire aboutir le dossier de la <strong>d\u00e9nomination du coll\u00e8ge<\/strong>, en poursuivant nos \u00e9changes avec nos partenaires institutionnels.<\/p>\n<p>Ces grands axes de travail seront peu \u00e0 peu affin\u00e9s et compl\u00e9t\u00e9s. Je sais pouvoir compter sur vous pour poursuivre et enrichir notre r\u00e9flexion commune. Je sais pouvoir compter de m\u00eame sur votre soutien et votre confiance dans les valeurs de la R\u00e9publique qui constituent notre r\u00e9f\u00e9rence.<\/p>\n<p>Bonne ann\u00e9e scolaire 2017-2018<\/p>\n<p style=\"text-align: left;\">\u00a0 \u00a0 \u00a0 \u00a0 \u00a0 \u00a0 \u00a0 \u00a0 \u00a0 \u00a0 \u00a0 \u00a0 \u00a0 \u00a0 \u00a0 \u00a0 \u00a0 \u00a0 \u00a0 \u00a0 \u00a0 \u00a0 \u00a0 \u00a0 \u00a0 \u00a0 \u00a0 \u00a0 \u00a0 \u00a0 \u00a0 \u00a0 \u00a0 \u00a0 \u00a0 \u00a0 \u00a0 \u00a0 \u00a0 \u00a0 \u00a0 \u00a0 \u00a0 \u00a0 \u00a0 \u00a0 \u00a0 \u00a0 \u00a0 \u00a0 \u00a0 \u00a0 \u00a0 \u00a0 \u00a0 \u00a0 \u00a0 \u00a0 \u00a0 \u00a0 \u00a0 \u00a0 \u00a0 \u00a0 \u00a0 \u00a0 \u00a0 \u00a0 \u00a0 \u00a0 \u00a0 \u00a0 \u00a0 \u00a0 \u00a0 \u00a0Raymonde LESEL<\/p>\n<p style=\"text-align: left;\">\u00a0 \u00a0 \u00a0 \u00a0 \u00a0 \u00a0 \u00a0 \u00a0 \u00a0 \u00a0 \u00a0 \u00a0 \u00a0 \u00a0 \u00a0 \u00a0 \u00a0 \u00a0 \u00a0 \u00a0 \u00a0 \u00a0 \u00a0 \u00a0 \u00a0 \u00a0 \u00a0 \u00a0 \u00a0 \u00a0 \u00a0 \u00a0 \u00a0 \u00a0 \u00a0 \u00a0 \u00a0 \u00a0 \u00a0 \u00a0 \u00a0 \u00a0 \u00a0 \u00a0 \u00a0 \u00a0 \u00a0 \u00a0 \u00a0 \u00a0 \u00a0 \u00a0 \u00a0 \u00a0 \u00a0 \u00a0 \u00a0 \u00a0 \u00a0 \u00a0 \u00a0 \u00a0 \u00a0 \u00a0 \u00a0 \u00a0 \u00a0 \u00a0 \u00a0 \u00a0 \u00a0 \u00a0 \u00a0 \u00a0 \u00a0 \u00a0Principale<\/p>\n<p style=\"text-align: right;\"><strong><u>\u00a0<\/u><\/strong><\/p>\n","protected":false},"excerpt":{"rendered":"<p>Ann\u00e9e scolaire 2023-24 \u00a0LE MOT DU PRINCIPAL Chers parents et membres de la communaut\u00e9 \u00e9ducative En ce d\u00e9but d\u2019ann\u00e9e scolaire 2023-2024, c\u2019est avec enthousiasme que je prends mes fonctions comme [&hellip;]<\/p>\n","protected":false},"author":107,"featured_media":0,"parent":0,"menu_order":0,"comment_status":"closed","ping_status":"closed","template":"","meta":{"footnotes":""},"class_list":["post-56","page","type-page","status-publish","hentry","has_no_thumb"],"_links":{"self":[{"href":"https:\/\/site.ac-martinique.fr\/clg-suzanneroussicesaire\/index.php?rest_route=\/wp\/v2\/pages\/56","targetHints":{"allow":["GET"]}}],"collection":[{"href":"https:\/\/site.ac-martinique.fr\/clg-suzanneroussicesaire\/index.php?rest_route=\/wp\/v2\/pages"}],"about":[{"href":"https:\/\/site.ac-martinique.fr\/clg-suzanneroussicesaire\/index.php?rest_route=\/wp\/v2\/types\/page"}],"author":[{"embeddable":true,"href":"https:\/\/site.ac-martinique.fr\/clg-suzanneroussicesaire\/index.php?rest_route=\/wp\/v2\/users\/107"}],"replies":[{"embeddable":true,"href":"https:\/\/site.ac-martinique.fr\/clg-suzanneroussicesaire\/index.php?rest_route=%2Fwp%2Fv2%2Fcomments&post=56"}],"version-history":[{"count":7,"href":"https:\/\/site.ac-martinique.fr\/clg-suzanneroussicesaire\/index.php?rest_route=\/wp\/v2\/pages\/56\/revisions"}],"predecessor-version":[{"id":3061,"href":"https:\/\/site.ac-martinique.fr\/clg-suzanneroussicesaire\/index.php?rest_route=\/wp\/v2\/pages\/56\/revisions\/3061"}],"wp:attachment":[{"href":"https:\/\/site.ac-martinique.fr\/clg-suzanneroussicesaire\/index.php?rest_route=%2Fwp%2Fv2%2Fmedia&parent=56"}],"curies":[{"name":"wp","href":"https:\/\/api.w.org\/{rel}","templated":true}]}}