{"id":132,"date":"2021-10-05T19:25:38","date_gmt":"2021-10-05T17:25:38","guid":{"rendered":"https:\/\/site.ac-martinique.fr\/clg-terreville\/?page_id=132"},"modified":"2021-10-10T19:03:46","modified_gmt":"2021-10-10T17:03:46","slug":"assr1-assr2","status":"publish","type":"page","link":"https:\/\/site.ac-martinique.fr\/clg-terreville\/?page_id=132","title":{"rendered":"ASSR1 &amp; ASSR2"},"content":{"rendered":"\n<figure class=\"wp-block-image size-large is-style-tw-shadow\"><img loading=\"lazy\" decoding=\"async\" width=\"1024\" height=\"1024\" src=\"https:\/\/site.ac-martinique.fr\/clg-terreville\/wp-content\/uploads\/sites\/90\/2021\/10\/ASSR-2-1024x1024.jpg\" alt=\"\" class=\"wp-image-230\" srcset=\"https:\/\/site.ac-martinique.fr\/clg-terreville\/wp-content\/uploads\/sites\/90\/2021\/10\/ASSR-2-1024x1024.jpg 1024w, https:\/\/site.ac-martinique.fr\/clg-terreville\/wp-content\/uploads\/sites\/90\/2021\/10\/ASSR-2-300x300.jpg 300w, https:\/\/site.ac-martinique.fr\/clg-terreville\/wp-content\/uploads\/sites\/90\/2021\/10\/ASSR-2-150x150.jpg 150w, https:\/\/site.ac-martinique.fr\/clg-terreville\/wp-content\/uploads\/sites\/90\/2021\/10\/ASSR-2-768x768.jpg 768w, https:\/\/site.ac-martinique.fr\/clg-terreville\/wp-content\/uploads\/sites\/90\/2021\/10\/ASSR-2-750x750.jpg 750w, https:\/\/site.ac-martinique.fr\/clg-terreville\/wp-content\/uploads\/sites\/90\/2021\/10\/ASSR-2.jpg 1240w\" sizes=\"auto, (max-width: 1024px) 100vw, 1024px\" \/><\/figure>\n\n\n\n<h4 class=\"wp-block-heading\">L&rsquo;ASSR 2 est obligatoire pour les personnes \u00e2g\u00e9es de moins de 21 ans, pour l&rsquo;obtention d&rsquo;une premi\u00e8re cat\u00e9gorie du permis de conduire, soient les cat\u00e9gories du permis moto (A1 ou A2) ou permis auto (B) ou encore quadricycle lourd \u00e0 moteur (B1). <\/h4>\n\n\n\n<div class=\"wp-block-image is-style-tw-shadow\"><figure class=\"aligncenter size-full\"><img loading=\"lazy\" decoding=\"async\" width=\"317\" height=\"159\" src=\"https:\/\/site.ac-martinique.fr\/clg-terreville\/wp-content\/uploads\/sites\/90\/2021\/10\/ASSR-1.jpg\" alt=\"\" class=\"wp-image-437\" srcset=\"https:\/\/site.ac-martinique.fr\/clg-terreville\/wp-content\/uploads\/sites\/90\/2021\/10\/ASSR-1.jpg 317w, https:\/\/site.ac-martinique.fr\/clg-terreville\/wp-content\/uploads\/sites\/90\/2021\/10\/ASSR-1-300x150.jpg 300w\" sizes=\"auto, (max-width: 317px) 100vw, 317px\" \/><\/figure><\/div>\n","protected":false},"excerpt":{"rendered":"<p>L&rsquo;ASSR 2 est obligatoire pour les personnes \u00e2g\u00e9es de moins de 21 ans, pour l&rsquo;obtention d&rsquo;une premi\u00e8re cat\u00e9gorie du permis de conduire, soient les cat\u00e9gories du permis moto (A1 ou A2) ou permis auto (B) ou encore quadricycle lourd \u00e0 moteur (B1).<\/p>\n","protected":false},"author":234,"featured_media":0,"parent":0,"menu_order":0,"comment_status":"closed","ping_status":"closed","template":"","meta":{"footnotes":""},"class_list":["post-132","page","type-page","status-publish","hentry","nodate","item-wrap"],"_links":{"self":[{"href":"https:\/\/site.ac-martinique.fr\/clg-terreville\/index.php?rest_route=\/wp\/v2\/pages\/132","targetHints":{"allow":["GET"]}}],"collection":[{"href":"https:\/\/site.ac-martinique.fr\/clg-terreville\/index.php?rest_route=\/wp\/v2\/pages"}],"about":[{"href":"https:\/\/site.ac-martinique.fr\/clg-terreville\/index.php?rest_route=\/wp\/v2\/types\/page"}],"author":[{"embeddable":true,"href":"https:\/\/site.ac-martinique.fr\/clg-terreville\/index.php?rest_route=\/wp\/v2\/users\/234"}],"replies":[{"embeddable":true,"href":"https:\/\/site.ac-martinique.fr\/clg-terreville\/index.php?rest_route=%2Fwp%2Fv2%2Fcomments&post=132"}],"version-history":[{"count":3,"href":"https:\/\/site.ac-martinique.fr\/clg-terreville\/index.php?rest_route=\/wp\/v2\/pages\/132\/revisions"}],"predecessor-version":[{"id":439,"href":"https:\/\/site.ac-martinique.fr\/clg-terreville\/index.php?rest_route=\/wp\/v2\/pages\/132\/revisions\/439"}],"wp:attachment":[{"href":"https:\/\/site.ac-martinique.fr\/clg-terreville\/index.php?rest_route=%2Fwp%2Fv2%2Fmedia&parent=132"}],"curies":[{"name":"wp","href":"https:\/\/api.w.org\/{rel}","templated":true}]}}