{"id":2893,"date":"2025-10-09T04:13:57","date_gmt":"2025-10-09T02:13:57","guid":{"rendered":"https:\/\/site.ac-martinique.fr\/clg-terreville\/?page_id=2893"},"modified":"2026-03-02T04:10:43","modified_gmt":"2026-03-02T03:10:43","slug":"classe-a-enjeux-maritimes","status":"publish","type":"page","link":"https:\/\/site.ac-martinique.fr\/clg-terreville\/?page_id=2893","title":{"rendered":"CLASSE A ENJEUX MARITIMES"},"content":{"rendered":"\n<h2 class=\"wp-block-heading\"><mark style=\"background-color:rgba(0, 0, 0, 0);color:#650af0\" class=\"has-inline-color\">A la rencontre de l&rsquo;association Solda Lanm\u00e8<\/mark><\/h2>\n\n\n\n<p><strong>Les rendez-vous Conseils de la mer<\/strong><\/p>\n\n\n\n<div class=\"wp-block-columns is-layout-flex wp-container-core-columns-is-layout-abceabcf wp-block-columns-is-layout-flex\">\n<div class=\"wp-block-column is-layout-flow wp-block-column-is-layout-flow\"><div class=\"wp-block-image\">\n<figure class=\"alignleft size-large\"><img loading=\"lazy\" decoding=\"async\" width=\"1024\" height=\"498\" src=\"https:\/\/site.ac-martinique.fr\/clg-terreville\/wp-content\/uploads\/sites\/90\/2026\/02\/logo-classes-enjeux-maritimes-1024x498.png\" alt=\"\" class=\"wp-image-3285\" srcset=\"https:\/\/site.ac-martinique.fr\/clg-terreville\/wp-content\/uploads\/sites\/90\/2026\/02\/logo-classes-enjeux-maritimes-1024x498.png 1024w, https:\/\/site.ac-martinique.fr\/clg-terreville\/wp-content\/uploads\/sites\/90\/2026\/02\/logo-classes-enjeux-maritimes-300x146.png 300w, https:\/\/site.ac-martinique.fr\/clg-terreville\/wp-content\/uploads\/sites\/90\/2026\/02\/logo-classes-enjeux-maritimes-768x374.png 768w, https:\/\/site.ac-martinique.fr\/clg-terreville\/wp-content\/uploads\/sites\/90\/2026\/02\/logo-classes-enjeux-maritimes-750x365.png 750w, https:\/\/site.ac-martinique.fr\/clg-terreville\/wp-content\/uploads\/sites\/90\/2026\/02\/logo-classes-enjeux-maritimes.png 1040w\" sizes=\"auto, (max-width: 1024px) 100vw, 1024px\" \/><\/figure>\n<\/div><\/div>\n\n\n\n<div class=\"wp-block-column is-layout-flow wp-block-column-is-layout-flow\"><div class=\"wp-block-image\">\n<figure class=\"alignright size-large is-resized\"><img loading=\"lazy\" decoding=\"async\" width=\"1024\" height=\"1024\" src=\"https:\/\/site.ac-martinique.fr\/clg-terreville\/wp-content\/uploads\/sites\/90\/2026\/02\/organization_logo_1709390124_solda-lanme-1024x1024.png\" alt=\"\" class=\"wp-image-3283\" style=\"width:161px;height:auto\" srcset=\"https:\/\/site.ac-martinique.fr\/clg-terreville\/wp-content\/uploads\/sites\/90\/2026\/02\/organization_logo_1709390124_solda-lanme-1024x1024.png 1024w, https:\/\/site.ac-martinique.fr\/clg-terreville\/wp-content\/uploads\/sites\/90\/2026\/02\/organization_logo_1709390124_solda-lanme-300x300.png 300w, https:\/\/site.ac-martinique.fr\/clg-terreville\/wp-content\/uploads\/sites\/90\/2026\/02\/organization_logo_1709390124_solda-lanme-150x150.png 150w, https:\/\/site.ac-martinique.fr\/clg-terreville\/wp-content\/uploads\/sites\/90\/2026\/02\/organization_logo_1709390124_solda-lanme-768x768.png 768w, https:\/\/site.ac-martinique.fr\/clg-terreville\/wp-content\/uploads\/sites\/90\/2026\/02\/organization_logo_1709390124_solda-lanme-1536x1536.png 1536w, https:\/\/site.ac-martinique.fr\/clg-terreville\/wp-content\/uploads\/sites\/90\/2026\/02\/organization_logo_1709390124_solda-lanme-2048x2048.png 2048w, https:\/\/site.ac-martinique.fr\/clg-terreville\/wp-content\/uploads\/sites\/90\/2026\/02\/organization_logo_1709390124_solda-lanme-750x750.png 750w\" sizes=\"auto, (max-width: 1024px) 100vw, 1024px\" \/><\/figure>\n<\/div><\/div>\n<\/div>\n\n\n\n<figure class=\"wp-block-image size-large is-resized\"><img loading=\"lazy\" decoding=\"async\" width=\"724\" height=\"1024\" src=\"https:\/\/site.ac-martinique.fr\/clg-terreville\/wp-content\/uploads\/sites\/90\/2026\/03\/AME-724x1024.jpg\" alt=\"\" class=\"wp-image-3367\" style=\"width:748px;height:auto\" srcset=\"https:\/\/site.ac-martinique.fr\/clg-terreville\/wp-content\/uploads\/sites\/90\/2026\/03\/AME-724x1024.jpg 724w, https:\/\/site.ac-martinique.fr\/clg-terreville\/wp-content\/uploads\/sites\/90\/2026\/03\/AME-212x300.jpg 212w, https:\/\/site.ac-martinique.fr\/clg-terreville\/wp-content\/uploads\/sites\/90\/2026\/03\/AME-768x1086.jpg 768w, https:\/\/site.ac-martinique.fr\/clg-terreville\/wp-content\/uploads\/sites\/90\/2026\/03\/AME-1086x1536.jpg 1086w, https:\/\/site.ac-martinique.fr\/clg-terreville\/wp-content\/uploads\/sites\/90\/2026\/03\/AME-750x1061.jpg 750w, https:\/\/site.ac-martinique.fr\/clg-terreville\/wp-content\/uploads\/sites\/90\/2026\/03\/AME.jpg 1240w\" sizes=\"auto, (max-width: 724px) 100vw, 724px\" \/><\/figure>\n\n\n\n<div class=\"alignnormal\"><div id=\"metaslider-id-3268\" style=\"width: 100%;\" class=\"ml-slider-3-107-0 metaslider metaslider-flex metaslider-3268 ml-slider has-dots-nav ms-theme-default-base\" role=\"region\" aria-label=\"CEM Solda lanm\u00e8\" data-height=\"300\" data-width=\"700\">\n    <div id=\"metaslider_container_3268\">\n        <div id=\"metaslider_3268\">\n            <ul aria-live='off' class='slides'>\n                <li style=\"display: block; width: 100%;\" class=\"slide-3279 ms-image \" aria-roledescription=\"slide\" data-date=\"2026-02-09 18:47:03\" data-filename=\"WhatsApp-Image-2026-02-09-at-13.08.35-700x300.jpeg\" data-slide-type=\"image\"><img loading=\"lazy\" decoding=\"async\" src=\"https:\/\/site.ac-martinique.fr\/clg-terreville\/wp-content\/uploads\/sites\/90\/2026\/02\/WhatsApp-Image-2026-02-09-at-13.08.35-700x300.jpeg\" height=\"300\" width=\"700\" alt=\"\" class=\"slider-3268 slide-3279 msDefaultImage\" title=\"WhatsApp Image 2026-02-09 at 13.08.35\" \/><\/li>\n                <li style=\"display: none; width: 100%;\" class=\"slide-3280 ms-image \" aria-roledescription=\"slide\" data-date=\"2026-02-09 18:47:03\" data-filename=\"WhatsApp-Image-2026-02-09-at-13.08.36-700x300.jpeg\" data-slide-type=\"image\"><img loading=\"lazy\" decoding=\"async\" src=\"https:\/\/site.ac-martinique.fr\/clg-terreville\/wp-content\/uploads\/sites\/90\/2026\/02\/WhatsApp-Image-2026-02-09-at-13.08.36-700x300.jpeg\" height=\"300\" width=\"700\" alt=\"\" class=\"slider-3268 slide-3280 msDefaultImage\" title=\"WhatsApp Image 2026-02-09 at 13.08.36\" \/><\/li>\n                <li style=\"display: none; width: 100%;\" class=\"slide-3276 ms-image \" aria-roledescription=\"slide\" data-date=\"2026-02-09 18:47:03\" data-filename=\"A-700x300.jpeg\" data-slide-type=\"image\"><img loading=\"lazy\" decoding=\"async\" src=\"https:\/\/site.ac-martinique.fr\/clg-terreville\/wp-content\/uploads\/sites\/90\/2026\/02\/A-700x300.jpeg\" height=\"300\" width=\"700\" alt=\"\" class=\"slider-3268 slide-3276 msDefaultImage\" title=\"A\" \/><\/li>\n                <li style=\"display: none; width: 100%;\" class=\"slide-3277 ms-image \" aria-roledescription=\"slide\" data-date=\"2026-02-09 18:47:03\" data-filename=\"B-700x300.jpeg\" data-slide-type=\"image\"><img loading=\"lazy\" decoding=\"async\" src=\"https:\/\/site.ac-martinique.fr\/clg-terreville\/wp-content\/uploads\/sites\/90\/2026\/02\/B-700x300.jpeg\" height=\"300\" width=\"700\" alt=\"\" class=\"slider-3268 slide-3277 msDefaultImage\" title=\"B\" \/><\/li>\n                <li style=\"display: none; width: 100%;\" class=\"slide-3278 ms-image \" aria-roledescription=\"slide\" data-date=\"2026-02-09 18:47:03\" data-filename=\"C-700x300.jpeg\" data-slide-type=\"image\"><img loading=\"lazy\" decoding=\"async\" src=\"https:\/\/site.ac-martinique.fr\/clg-terreville\/wp-content\/uploads\/sites\/90\/2026\/02\/C-700x300.jpeg\" height=\"300\" width=\"700\" alt=\"\" class=\"slider-3268 slide-3278 msDefaultImage\" title=\"C\" \/><\/li>\n                <li style=\"display: none; width: 100%;\" class=\"slide-3275 ms-image \" aria-roledescription=\"slide\" data-date=\"2026-02-09 18:47:03\" data-filename=\"2026-02-09-at-13.08.36-700x300.jpeg\" data-slide-type=\"image\"><img loading=\"lazy\" decoding=\"async\" src=\"https:\/\/site.ac-martinique.fr\/clg-terreville\/wp-content\/uploads\/sites\/90\/2026\/02\/2026-02-09-at-13.08.36-700x300.jpeg\" height=\"300\" width=\"700\" alt=\"\" class=\"slider-3268 slide-3275 msDefaultImage\" title=\"2026-02-09 at 13.08.36\" \/><\/li>\n            <\/ul>\n        <\/div>\n        \n    <\/div>\n<\/div><\/div>\n\n\n\n<figure class=\"wp-block-video\"><video height=\"850\" style=\"aspect-ratio: 478 \/ 850;\" width=\"478\" controls src=\"https:\/\/site.ac-martinique.fr\/clg-terreville\/wp-content\/uploads\/sites\/90\/2026\/03\/VID-20251216-WA0015.mp4\"><\/video><\/figure>\n\n\n\n<h2 class=\"wp-block-heading\"><mark style=\"background-color:rgba(0, 0, 0, 0);color:#0f5680\" class=\"has-inline-color\">UNE FRESQUE&#8230;<\/mark><\/h2>\n\n\n\n<figure class=\"wp-block-image size-large\"><img loading=\"lazy\" decoding=\"async\" width=\"1024\" height=\"1024\" src=\"https:\/\/site.ac-martinique.fr\/clg-terreville\/wp-content\/uploads\/sites\/90\/2025\/12\/Rencontre-DS-1024x1024.jpg\" alt=\"\" class=\"wp-image-2974\" srcset=\"https:\/\/site.ac-martinique.fr\/clg-terreville\/wp-content\/uploads\/sites\/90\/2025\/12\/Rencontre-DS-1024x1024.jpg 1024w, https:\/\/site.ac-martinique.fr\/clg-terreville\/wp-content\/uploads\/sites\/90\/2025\/12\/Rencontre-DS-300x300.jpg 300w, https:\/\/site.ac-martinique.fr\/clg-terreville\/wp-content\/uploads\/sites\/90\/2025\/12\/Rencontre-DS-150x150.jpg 150w, https:\/\/site.ac-martinique.fr\/clg-terreville\/wp-content\/uploads\/sites\/90\/2025\/12\/Rencontre-DS-768x768.jpg 768w, https:\/\/site.ac-martinique.fr\/clg-terreville\/wp-content\/uploads\/sites\/90\/2025\/12\/Rencontre-DS-750x750.jpg 750w, https:\/\/site.ac-martinique.fr\/clg-terreville\/wp-content\/uploads\/sites\/90\/2025\/12\/Rencontre-DS.jpg 1240w\" sizes=\"auto, (max-width: 1024px) 100vw, 1024px\" \/><\/figure>\n\n\n\n<div class=\"alignnormal\"><div id=\"metaslider-id-3377\" style=\"width: 100%;\" class=\"ml-slider-3-107-0 metaslider metaslider-flex metaslider-3377 ml-slider has-dots-nav ms-theme-default-base\" role=\"region\" aria-label=\"\u00e9volution fresque\" data-height=\"300\" data-width=\"700\">\n    <div id=\"metaslider_container_3377\">\n        <div id=\"metaslider_3377\">\n            <ul aria-live='off' class='slides'>\n                <li style=\"display: block; width: 100%;\" class=\"slide-3386 ms-image \" aria-roledescription=\"slide\" data-date=\"2026-03-02 04:06:34\" data-filename=\"aa-700x300.jpeg\" data-slide-type=\"image\"><img loading=\"lazy\" decoding=\"async\" src=\"https:\/\/site.ac-martinique.fr\/clg-terreville\/wp-content\/uploads\/sites\/90\/2026\/03\/aa-700x300.jpeg\" height=\"300\" width=\"700\" alt=\"\" class=\"slider-3377 slide-3386 msDefaultImage\" title=\"aa\" \/><\/li>\n                <li style=\"display: none; width: 100%;\" class=\"slide-3387 ms-image \" aria-roledescription=\"slide\" data-date=\"2026-03-02 04:06:34\" data-filename=\"a-700x300.jpeg\" data-slide-type=\"image\"><img loading=\"lazy\" decoding=\"async\" src=\"https:\/\/site.ac-martinique.fr\/clg-terreville\/wp-content\/uploads\/sites\/90\/2026\/03\/a-700x300.jpeg\" height=\"300\" width=\"700\" alt=\"\" class=\"slider-3377 slide-3387 msDefaultImage\" title=\"a\" \/><\/li>\n                <li style=\"display: none; width: 100%;\" class=\"slide-3388 ms-image \" aria-roledescription=\"slide\" data-date=\"2026-03-02 04:06:34\" data-filename=\"b-700x300.jpeg\" data-slide-type=\"image\"><img loading=\"lazy\" decoding=\"async\" src=\"https:\/\/site.ac-martinique.fr\/clg-terreville\/wp-content\/uploads\/sites\/90\/2026\/03\/b-700x300.jpeg\" height=\"300\" width=\"700\" alt=\"\" class=\"slider-3377 slide-3388 msDefaultImage\" title=\"b\" \/><\/li>\n                <li style=\"display: none; width: 100%;\" class=\"slide-3389 ms-image \" aria-roledescription=\"slide\" data-date=\"2026-03-02 04:06:34\" data-filename=\"WhatsApp-Image-2026-01-23-at-18.14.39-700x300.jpeg\" data-slide-type=\"image\"><img loading=\"lazy\" decoding=\"async\" src=\"https:\/\/site.ac-martinique.fr\/clg-terreville\/wp-content\/uploads\/sites\/90\/2026\/03\/WhatsApp-Image-2026-01-23-at-18.14.39-700x300.jpeg\" height=\"300\" width=\"700\" alt=\"\" class=\"slider-3377 slide-3389 msDefaultImage\" title=\"WhatsApp Image 2026-01-23 at 18.14.39\" \/><\/li>\n                <li style=\"display: none; width: 100%;\" class=\"slide-3390 ms-image \" aria-roledescription=\"slide\" data-date=\"2026-03-02 04:06:34\" data-filename=\"WhatsApp-Image-2026-01-23-700x300.jpeg\" data-slide-type=\"image\"><img loading=\"lazy\" decoding=\"async\" src=\"https:\/\/site.ac-martinique.fr\/clg-terreville\/wp-content\/uploads\/sites\/90\/2026\/03\/WhatsApp-Image-2026-01-23-700x300.jpeg\" height=\"300\" width=\"700\" alt=\"\" class=\"slider-3377 slide-3390 msDefaultImage\" title=\"WhatsApp Image 2026-01-23\" \/><\/li>\n                <li style=\"display: none; width: 100%;\" class=\"slide-3391 ms-image \" aria-roledescription=\"slide\" data-date=\"2026-03-02 04:06:34\" data-filename=\"WhatsApp-Image-2026-02-27-at-09.10.19-700x300.jpeg\" data-slide-type=\"image\"><img loading=\"lazy\" decoding=\"async\" src=\"https:\/\/site.ac-martinique.fr\/clg-terreville\/wp-content\/uploads\/sites\/90\/2026\/03\/WhatsApp-Image-2026-02-27-at-09.10.19-700x300.jpeg\" height=\"300\" width=\"700\" alt=\"\" class=\"slider-3377 slide-3391 msDefaultImage\" title=\"WhatsApp Image 2026-02-27 at 09.10.19\" \/><\/li>\n                <li style=\"display: none; width: 100%;\" class=\"slide-3392 ms-image \" aria-roledescription=\"slide\" data-date=\"2026-03-02 04:06:34\" data-filename=\"WhatsApp-Image-2026-02-27-at-09.11.00-700x300.jpeg\" data-slide-type=\"image\"><img loading=\"lazy\" decoding=\"async\" src=\"https:\/\/site.ac-martinique.fr\/clg-terreville\/wp-content\/uploads\/sites\/90\/2026\/03\/WhatsApp-Image-2026-02-27-at-09.11.00-700x300.jpeg\" height=\"300\" width=\"700\" alt=\"\" class=\"slider-3377 slide-3392 msDefaultImage\" title=\"WhatsApp Image 2026-02-27 at 09.11.00\" \/><\/li>\n                <li style=\"display: none; width: 100%;\" class=\"slide-3393 ms-image \" aria-roledescription=\"slide\" data-date=\"2026-03-02 04:06:34\" data-filename=\"WhatsApp-Image-2026-03-01-at-22.55.13-700x300.jpeg\" data-slide-type=\"image\"><img loading=\"lazy\" decoding=\"async\" src=\"https:\/\/site.ac-martinique.fr\/clg-terreville\/wp-content\/uploads\/sites\/90\/2026\/03\/WhatsApp-Image-2026-03-01-at-22.55.13-700x300.jpeg\" height=\"300\" width=\"700\" alt=\"\" class=\"slider-3377 slide-3393 msDefaultImage\" title=\"WhatsApp Image 2026-03-01 at 22.55.13\" \/><\/li>\n                <li style=\"display: none; width: 100%;\" class=\"slide-3409 ms-image \" aria-roledescription=\"slide\" data-date=\"2026-03-07 03:25:56\" data-filename=\"WhatsApp-Image-2026-03-06-at-15.41.09-700x300.jpeg\" data-slide-type=\"image\"><img loading=\"lazy\" decoding=\"async\" src=\"https:\/\/site.ac-martinique.fr\/clg-terreville\/wp-content\/uploads\/sites\/90\/2026\/03\/WhatsApp-Image-2026-03-06-at-15.41.09-700x300.jpeg\" height=\"300\" width=\"700\" alt=\"\" class=\"slider-3377 slide-3409 msDefaultImage\" title=\"WhatsApp Image 2026-03-06 at 15.41.09\" \/><\/li>\n                <li style=\"display: none; width: 100%;\" class=\"slide-3410 ms-image \" aria-roledescription=\"slide\" data-date=\"2026-03-07 03:25:56\" data-filename=\"WhatsApp-Image-2026-03-06-at-15.41.30-700x300.jpeg\" data-slide-type=\"image\"><img loading=\"lazy\" decoding=\"async\" src=\"https:\/\/site.ac-martinique.fr\/clg-terreville\/wp-content\/uploads\/sites\/90\/2026\/03\/WhatsApp-Image-2026-03-06-at-15.41.30-700x300.jpeg\" height=\"300\" width=\"700\" alt=\"\" class=\"slider-3377 slide-3410 msDefaultImage\" title=\"WhatsApp Image 2026-03-06 at 15.41.30\" \/><\/li>\n                <li style=\"display: none; width: 100%;\" class=\"slide-3411 ms-image \" aria-roledescription=\"slide\" data-date=\"2026-03-07 03:25:56\" data-filename=\"WhatsApp-Image-2026-03-06-at-15.41.38-700x300.jpeg\" data-slide-type=\"image\"><img loading=\"lazy\" decoding=\"async\" src=\"https:\/\/site.ac-martinique.fr\/clg-terreville\/wp-content\/uploads\/sites\/90\/2026\/03\/WhatsApp-Image-2026-03-06-at-15.41.38-700x300.jpeg\" height=\"300\" width=\"700\" alt=\"\" class=\"slider-3377 slide-3411 msDefaultImage\" title=\"WhatsApp Image 2026-03-06 at 15.41.38\" \/><\/li>\n                <li style=\"display: none; width: 100%;\" class=\"slide-3412 ms-image \" aria-roledescription=\"slide\" data-date=\"2026-03-07 03:25:56\" data-filename=\"WhatsApp-Image-2026-03-06-at-15.41.47-700x300.jpeg\" data-slide-type=\"image\"><img loading=\"lazy\" decoding=\"async\" src=\"https:\/\/site.ac-martinique.fr\/clg-terreville\/wp-content\/uploads\/sites\/90\/2026\/03\/WhatsApp-Image-2026-03-06-at-15.41.47-700x300.jpeg\" height=\"300\" width=\"700\" alt=\"\" class=\"slider-3377 slide-3412 msDefaultImage\" title=\"WhatsApp Image 2026-03-06 at 15.41.47\" \/><\/li>\n                <li style=\"display: none; width: 100%;\" class=\"slide-3413 ms-image \" aria-roledescription=\"slide\" data-date=\"2026-03-07 03:25:56\" data-filename=\"WhatsApp-Image-2026-03-06-at-15.41.56-700x300.jpeg\" data-slide-type=\"image\"><img loading=\"lazy\" decoding=\"async\" src=\"https:\/\/site.ac-martinique.fr\/clg-terreville\/wp-content\/uploads\/sites\/90\/2026\/03\/WhatsApp-Image-2026-03-06-at-15.41.56-700x300.jpeg\" height=\"300\" width=\"700\" alt=\"\" class=\"slider-3377 slide-3413 msDefaultImage\" title=\"WhatsApp Image 2026-03-06 at 15.41.56\" \/><\/li>\n                <li style=\"display: none; width: 100%;\" class=\"slide-3414 ms-image \" aria-roledescription=\"slide\" data-date=\"2026-03-07 03:25:56\" data-filename=\"WhatsApp-Image-2026-03-06-at-15.43.01-700x300.jpeg\" data-slide-type=\"image\"><img loading=\"lazy\" decoding=\"async\" src=\"https:\/\/site.ac-martinique.fr\/clg-terreville\/wp-content\/uploads\/sites\/90\/2026\/03\/WhatsApp-Image-2026-03-06-at-15.43.01-700x300.jpeg\" height=\"300\" width=\"700\" alt=\"\" class=\"slider-3377 slide-3414 msDefaultImage\" title=\"WhatsApp Image 2026-03-06 at 15.43.01\" \/><\/li>\n                <li style=\"display: none; width: 100%;\" class=\"slide-3416 ms-image \" aria-roledescription=\"slide\" data-date=\"2026-03-07 03:25:56\" data-filename=\"WhatsApp-Image-2026-03-06-at-18.14-700x300.jpeg\" data-slide-type=\"image\"><img loading=\"lazy\" decoding=\"async\" src=\"https:\/\/site.ac-martinique.fr\/clg-terreville\/wp-content\/uploads\/sites\/90\/2026\/03\/WhatsApp-Image-2026-03-06-at-18.14-700x300.jpeg\" height=\"300\" width=\"700\" alt=\"\" class=\"slider-3377 slide-3416 msDefaultImage\" title=\"WhatsApp Image 2026-03-06 at 18.14.\" \/><\/li>\n                <li style=\"display: none; width: 100%;\" class=\"slide-3417 ms-image \" aria-roledescription=\"slide\" data-date=\"2026-03-07 03:25:56\" data-filename=\"WhatsApp-Image-2026-03-06-at-18.14.04-700x300.jpeg\" data-slide-type=\"image\"><img loading=\"lazy\" decoding=\"async\" src=\"https:\/\/site.ac-martinique.fr\/clg-terreville\/wp-content\/uploads\/sites\/90\/2026\/03\/WhatsApp-Image-2026-03-06-at-18.14.04-700x300.jpeg\" height=\"300\" width=\"700\" alt=\"\" class=\"slider-3377 slide-3417 msDefaultImage\" title=\"WhatsApp Image 2026-03-06 at 18.14.04\" \/><\/li>\n                <li style=\"display: none; width: 100%;\" class=\"slide-3418 ms-image \" aria-roledescription=\"slide\" data-date=\"2026-03-07 03:25:56\" data-filename=\"WhatsApp-Image-2026-03-06-at-18.14.4-700x300.jpeg\" data-slide-type=\"image\"><img loading=\"lazy\" decoding=\"async\" src=\"https:\/\/site.ac-martinique.fr\/clg-terreville\/wp-content\/uploads\/sites\/90\/2026\/03\/WhatsApp-Image-2026-03-06-at-18.14.4-700x300.jpeg\" height=\"300\" width=\"700\" alt=\"\" class=\"slider-3377 slide-3418 msDefaultImage\" title=\"WhatsApp Image 2026-03-06 at 18.14.4\" \/><\/li>\n                <li style=\"display: none; width: 100%;\" class=\"slide-3419 ms-image \" aria-roledescription=\"slide\" data-date=\"2026-03-07 03:25:56\" data-filename=\"WhatsApp-Image-2026-03-06-at-18.14.5-700x300.jpeg\" data-slide-type=\"image\"><img loading=\"lazy\" decoding=\"async\" src=\"https:\/\/site.ac-martinique.fr\/clg-terreville\/wp-content\/uploads\/sites\/90\/2026\/03\/WhatsApp-Image-2026-03-06-at-18.14.5-700x300.jpeg\" height=\"300\" width=\"700\" alt=\"\" class=\"slider-3377 slide-3419 msDefaultImage\" title=\"WhatsApp Image 2026-03-06 at 18.14.5\" \/><\/li>\n                <li style=\"display: none; width: 100%;\" class=\"slide-3415 ms-image \" aria-roledescription=\"slide\" data-date=\"2026-03-07 03:25:56\" data-filename=\"WhatsApp-Image-2026-03-06-at-16.57.24-700x300.jpeg\" data-slide-type=\"image\"><img loading=\"lazy\" decoding=\"async\" src=\"https:\/\/site.ac-martinique.fr\/clg-terreville\/wp-content\/uploads\/sites\/90\/2026\/03\/WhatsApp-Image-2026-03-06-at-16.57.24-700x300.jpeg\" height=\"300\" width=\"700\" alt=\"\" class=\"slider-3377 slide-3415 msDefaultImage\" title=\"WhatsApp Image 2026-03-06 at 16.57.24\" \/><\/li>\n            <\/ul>\n        <\/div>\n        \n    <\/div>\n<\/div><\/div>\n\n\n\n<h2 class=\"wp-block-heading\"><mark style=\"background-color:rgba(0, 0, 0, 0);color:#086ca5\" class=\"has-inline-color\">UN PROJET INEDIT<\/mark><\/h2>\n\n\n\n<figure class=\"wp-block-image size-large\"><img loading=\"lazy\" decoding=\"async\" width=\"814\" height=\"1024\" src=\"https:\/\/site.ac-martinique.fr\/clg-terreville\/wp-content\/uploads\/sites\/90\/2025\/07\/CAEM-814x1024.jpg\" alt=\"\" class=\"wp-image-2862\" srcset=\"https:\/\/site.ac-martinique.fr\/clg-terreville\/wp-content\/uploads\/sites\/90\/2025\/07\/CAEM-814x1024.jpg 814w, https:\/\/site.ac-martinique.fr\/clg-terreville\/wp-content\/uploads\/sites\/90\/2025\/07\/CAEM-239x300.jpg 239w, https:\/\/site.ac-martinique.fr\/clg-terreville\/wp-content\/uploads\/sites\/90\/2025\/07\/CAEM-768x966.jpg 768w, https:\/\/site.ac-martinique.fr\/clg-terreville\/wp-content\/uploads\/sites\/90\/2025\/07\/CAEM-750x943.jpg 750w, https:\/\/site.ac-martinique.fr\/clg-terreville\/wp-content\/uploads\/sites\/90\/2025\/07\/CAEM.jpg 1026w\" sizes=\"auto, (max-width: 814px) 100vw, 814px\" \/><\/figure>\n\n\n\n<figure class=\"wp-block-video\"><video height=\"832\" style=\"aspect-ratio: 464 \/ 832;\" width=\"464\" controls src=\"https:\/\/site.ac-martinique.fr\/clg-terreville\/wp-content\/uploads\/sites\/90\/2025\/10\/CEM-TERREVILLE.mp4\"><\/video><\/figure>\n\n\n\n<h2 class=\"wp-block-heading\">Une premi\u00e8re dans l&rsquo;acad\u00e9mie !<\/h2>\n\n\n\n<figure class=\"wp-block-image size-large\"><img loading=\"lazy\" decoding=\"async\" width=\"724\" height=\"1024\" src=\"https:\/\/site.ac-martinique.fr\/clg-terreville\/wp-content\/uploads\/sites\/90\/2025\/10\/CEM-PRESENTATION-724x1024.jpg\" alt=\"\" class=\"wp-image-2898\" srcset=\"https:\/\/site.ac-martinique.fr\/clg-terreville\/wp-content\/uploads\/sites\/90\/2025\/10\/CEM-PRESENTATION-724x1024.jpg 724w, https:\/\/site.ac-martinique.fr\/clg-terreville\/wp-content\/uploads\/sites\/90\/2025\/10\/CEM-PRESENTATION-212x300.jpg 212w, https:\/\/site.ac-martinique.fr\/clg-terreville\/wp-content\/uploads\/sites\/90\/2025\/10\/CEM-PRESENTATION-768x1086.jpg 768w, https:\/\/site.ac-martinique.fr\/clg-terreville\/wp-content\/uploads\/sites\/90\/2025\/10\/CEM-PRESENTATION-1086x1536.jpg 1086w, https:\/\/site.ac-martinique.fr\/clg-terreville\/wp-content\/uploads\/sites\/90\/2025\/10\/CEM-PRESENTATION-750x1061.jpg 750w, https:\/\/site.ac-martinique.fr\/clg-terreville\/wp-content\/uploads\/sites\/90\/2025\/10\/CEM-PRESENTATION.jpg 1240w\" sizes=\"auto, (max-width: 724px) 100vw, 724px\" \/><\/figure>\n","protected":false},"excerpt":{"rendered":"<p>A la rencontre de l&rsquo;association Solda Lanm\u00e8 Les rendez-vous Conseils de la mer UNE FRESQUE&#8230; UN PROJET INEDIT Une premi\u00e8re dans l&rsquo;acad\u00e9mie !<\/p>\n","protected":false},"author":234,"featured_media":0,"parent":0,"menu_order":0,"comment_status":"closed","ping_status":"closed","template":"","meta":{"footnotes":""},"class_list":["post-2893","page","type-page","status-publish","hentry","nodate","item-wrap"],"_links":{"self":[{"href":"https:\/\/site.ac-martinique.fr\/clg-terreville\/index.php?rest_route=\/wp\/v2\/pages\/2893","targetHints":{"allow":["GET"]}}],"collection":[{"href":"https:\/\/site.ac-martinique.fr\/clg-terreville\/index.php?rest_route=\/wp\/v2\/pages"}],"about":[{"href":"https:\/\/site.ac-martinique.fr\/clg-terreville\/index.php?rest_route=\/wp\/v2\/types\/page"}],"author":[{"embeddable":true,"href":"https:\/\/site.ac-martinique.fr\/clg-terreville\/index.php?rest_route=\/wp\/v2\/users\/234"}],"replies":[{"embeddable":true,"href":"https:\/\/site.ac-martinique.fr\/clg-terreville\/index.php?rest_route=%2Fwp%2Fv2%2Fcomments&post=2893"}],"version-history":[{"count":18,"href":"https:\/\/site.ac-martinique.fr\/clg-terreville\/index.php?rest_route=\/wp\/v2\/pages\/2893\/revisions"}],"predecessor-version":[{"id":3394,"href":"https:\/\/site.ac-martinique.fr\/clg-terreville\/index.php?rest_route=\/wp\/v2\/pages\/2893\/revisions\/3394"}],"wp:attachment":[{"href":"https:\/\/site.ac-martinique.fr\/clg-terreville\/index.php?rest_route=%2Fwp%2Fv2%2Fmedia&parent=2893"}],"curies":[{"name":"wp","href":"https:\/\/api.w.org\/{rel}","templated":true}]}}