{"id":3055,"date":"2026-01-28T19:16:41","date_gmt":"2026-01-28T18:16:41","guid":{"rendered":"https:\/\/site.ac-martinique.fr\/clg-terreville\/?page_id=3055"},"modified":"2026-03-06T15:45:56","modified_gmt":"2026-03-06T14:45:56","slug":"formulaires","status":"publish","type":"page","link":"https:\/\/site.ac-martinique.fr\/clg-terreville\/?page_id=3055","title":{"rendered":"FORMULAIRES"},"content":{"rendered":"\n<h2 class=\"wp-block-heading\"><mark style=\"background-color:rgba(0, 0, 0, 0)\" class=\"has-inline-color has-vivid-purple-color\">Certificat de scolarit\u00e9 ancien \u00e9l\u00e8ve<\/mark><\/h2>\n\n\n\n<div data-wp-interactive=\"core\/file\" class=\"wp-block-file\"><object data-wp-bind--hidden=\"!state.hasPdfPreview\" hidden class=\"wp-block-file__embed\" data=\"https:\/\/site.ac-martinique.fr\/clg-terreville\/wp-content\/uploads\/sites\/90\/2026\/03\/formulaire-demande-de-certificat-de-scolarite-ancien-eleve.pdf\" type=\"application\/pdf\" style=\"width:100%;height:600px\" aria-label=\"Contenu embarqu\u00e9 formulaire demande de certificat de scolarit\u00e9 ancien \u00e9l\u00e8ve.\"><\/object><a id=\"wp-block-file--media-6605f731-267a-4dff-84ea-695ed6989a0c\" href=\"https:\/\/site.ac-martinique.fr\/clg-terreville\/wp-content\/uploads\/sites\/90\/2026\/03\/formulaire-demande-de-certificat-de-scolarite-ancien-eleve.pdf\">formulaire demande de certificat de scolarit\u00e9 ancien \u00e9l\u00e8ve<\/a><a href=\"https:\/\/site.ac-martinique.fr\/clg-terreville\/wp-content\/uploads\/sites\/90\/2026\/03\/formulaire-demande-de-certificat-de-scolarite-ancien-eleve.pdf\" class=\"wp-block-file__button wp-element-button\" download aria-describedby=\"wp-block-file--media-6605f731-267a-4dff-84ea-695ed6989a0c\">T\u00e9l\u00e9charger<\/a><\/div>\n","protected":false},"excerpt":{"rendered":"<p>Certificat de scolarit\u00e9 ancien \u00e9l\u00e8ve<\/p>\n","protected":false},"author":234,"featured_media":0,"parent":0,"menu_order":0,"comment_status":"closed","ping_status":"closed","template":"","meta":{"footnotes":""},"class_list":["post-3055","page","type-page","status-publish","hentry","nodate","item-wrap"],"_links":{"self":[{"href":"https:\/\/site.ac-martinique.fr\/clg-terreville\/index.php?rest_route=\/wp\/v2\/pages\/3055","targetHints":{"allow":["GET"]}}],"collection":[{"href":"https:\/\/site.ac-martinique.fr\/clg-terreville\/index.php?rest_route=\/wp\/v2\/pages"}],"about":[{"href":"https:\/\/site.ac-martinique.fr\/clg-terreville\/index.php?rest_route=\/wp\/v2\/types\/page"}],"author":[{"embeddable":true,"href":"https:\/\/site.ac-martinique.fr\/clg-terreville\/index.php?rest_route=\/wp\/v2\/users\/234"}],"replies":[{"embeddable":true,"href":"https:\/\/site.ac-martinique.fr\/clg-terreville\/index.php?rest_route=%2Fwp%2Fv2%2Fcomments&post=3055"}],"version-history":[{"count":2,"href":"https:\/\/site.ac-martinique.fr\/clg-terreville\/index.php?rest_route=\/wp\/v2\/pages\/3055\/revisions"}],"predecessor-version":[{"id":3397,"href":"https:\/\/site.ac-martinique.fr\/clg-terreville\/index.php?rest_route=\/wp\/v2\/pages\/3055\/revisions\/3397"}],"wp:attachment":[{"href":"https:\/\/site.ac-martinique.fr\/clg-terreville\/index.php?rest_route=%2Fwp%2Fv2%2Fmedia&parent=3055"}],"curies":[{"name":"wp","href":"https:\/\/api.w.org\/{rel}","templated":true}]}}