{"id":3059,"date":"2026-01-28T19:27:01","date_gmt":"2026-01-28T18:27:01","guid":{"rendered":"https:\/\/site.ac-martinique.fr\/clg-terreville\/?page_id=3059"},"modified":"2026-01-28T19:27:02","modified_gmt":"2026-01-28T18:27:02","slug":"certificat-de-scolarite-ancien-eleve-a-telecharger","status":"publish","type":"page","link":"https:\/\/site.ac-martinique.fr\/clg-terreville\/?page_id=3059","title":{"rendered":"Certificat de scolarit\u00e9 ancien \u00e9l\u00e8ve \u00e0 t\u00e9l\u00e9charger"},"content":{"rendered":"\n<div data-wp-interactive=\"core\/file\" class=\"wp-block-file\"><object data-wp-bind--hidden=\"!state.hasPdfPreview\" hidden class=\"wp-block-file__embed\" data=\"https:\/\/site.ac-martinique.fr\/clg-terreville\/wp-content\/uploads\/sites\/90\/2026\/01\/formulaire-demande-de-certificat-de-scolarite-ancien-eleve.pdf\" type=\"application\/pdf\" style=\"width:100%;height:600px\" aria-label=\"Contenu embarqu\u00e9 formulaire demande de certificat de scolarit\u00e9 ancien \u00e9l\u00e8ve.\"><\/object><a id=\"wp-block-file--media-d411c0e0-afa8-4403-8ff0-fa61768c5289\" href=\"https:\/\/site.ac-martinique.fr\/clg-terreville\/wp-content\/uploads\/sites\/90\/2026\/01\/formulaire-demande-de-certificat-de-scolarite-ancien-eleve.pdf\">formulaire demande de certificat de scolarit\u00e9 ancien \u00e9l\u00e8ve<\/a><a href=\"https:\/\/site.ac-martinique.fr\/clg-terreville\/wp-content\/uploads\/sites\/90\/2026\/01\/formulaire-demande-de-certificat-de-scolarite-ancien-eleve.pdf\" class=\"wp-block-file__button wp-element-button\" download aria-describedby=\"wp-block-file--media-d411c0e0-afa8-4403-8ff0-fa61768c5289\">T\u00e9l\u00e9charger<\/a><\/div>\n","protected":false},"excerpt":{"rendered":"","protected":false},"author":234,"featured_media":0,"parent":0,"menu_order":0,"comment_status":"closed","ping_status":"closed","template":"","meta":{"footnotes":""},"class_list":["post-3059","page","type-page","status-publish","hentry","nodate","item-wrap"],"_links":{"self":[{"href":"https:\/\/site.ac-martinique.fr\/clg-terreville\/index.php?rest_route=\/wp\/v2\/pages\/3059","targetHints":{"allow":["GET"]}}],"collection":[{"href":"https:\/\/site.ac-martinique.fr\/clg-terreville\/index.php?rest_route=\/wp\/v2\/pages"}],"about":[{"href":"https:\/\/site.ac-martinique.fr\/clg-terreville\/index.php?rest_route=\/wp\/v2\/types\/page"}],"author":[{"embeddable":true,"href":"https:\/\/site.ac-martinique.fr\/clg-terreville\/index.php?rest_route=\/wp\/v2\/users\/234"}],"replies":[{"embeddable":true,"href":"https:\/\/site.ac-martinique.fr\/clg-terreville\/index.php?rest_route=%2Fwp%2Fv2%2Fcomments&post=3059"}],"version-history":[{"count":1,"href":"https:\/\/site.ac-martinique.fr\/clg-terreville\/index.php?rest_route=\/wp\/v2\/pages\/3059\/revisions"}],"predecessor-version":[{"id":3061,"href":"https:\/\/site.ac-martinique.fr\/clg-terreville\/index.php?rest_route=\/wp\/v2\/pages\/3059\/revisions\/3061"}],"wp:attachment":[{"href":"https:\/\/site.ac-martinique.fr\/clg-terreville\/index.php?rest_route=%2Fwp%2Fv2%2Fmedia&parent=3059"}],"curies":[{"name":"wp","href":"https:\/\/api.w.org\/{rel}","templated":true}]}}