{"id":3180,"date":"2026-02-09T04:37:20","date_gmt":"2026-02-09T03:37:20","guid":{"rendered":"https:\/\/site.ac-martinique.fr\/clg-terreville\/?page_id=3180"},"modified":"2026-02-09T07:01:03","modified_gmt":"2026-02-09T06:01:03","slug":"securite-routiere","status":"publish","type":"page","link":"https:\/\/site.ac-martinique.fr\/clg-terreville\/?page_id=3180","title":{"rendered":"S\u00c9CURIT\u00c9 ROUTI\u00c8RE"},"content":{"rendered":"\n<div class=\"alignnormal\"><div id=\"metaslider-id-2113\" style=\"width: 100%; margin: 0 auto;\" class=\"ml-slider-3-109-0 metaslider metaslider-flex metaslider-2113 ml-slider ms-theme-default nav-hidden\" role=\"region\" aria-label=\"S\u00e9curit\u00e9 routi\u00e8re\" data-height=\"300\" data-width=\"700\">\n    <div id=\"metaslider_container_2113\">\n        <div id=\"metaslider_2113\">\n            <ul class='slides'>\n                <li style=\"display: block; width: 100%;\" class=\"slide-2123 ms-image \" aria-roledescription=\"slide\" data-date=\"2024-07-06 04:33:05\" data-filename=\"20240418_144505-scaled-700x300.jpg\" data-slide-type=\"image\"><img loading=\"lazy\" decoding=\"async\" src=\"https:\/\/site.ac-martinique.fr\/clg-terreville\/wp-content\/uploads\/sites\/90\/2024\/07\/20240418_144505-scaled-700x300.jpg\" height=\"300\" width=\"700\" alt=\"\" class=\"slider-2113 slide-2123 msDefaultImage\" title=\"20240418_144505\" \/><\/li>\n                <li style=\"display: none; width: 100%;\" class=\"slide-2124 ms-image \" aria-roledescription=\"slide\" data-date=\"2024-07-06 04:33:06\" data-filename=\"20240418_153716-scaled-700x300.jpg\" data-slide-type=\"image\"><img loading=\"lazy\" decoding=\"async\" src=\"https:\/\/site.ac-martinique.fr\/clg-terreville\/wp-content\/uploads\/sites\/90\/2024\/07\/20240418_153716-scaled-700x300.jpg\" height=\"300\" width=\"700\" alt=\"\" class=\"slider-2113 slide-2124 msDefaultImage\" title=\"20240418_153716\" \/><\/li>\n                <li style=\"display: none; width: 100%;\" class=\"slide-2125 ms-image \" aria-roledescription=\"slide\" data-date=\"2024-07-06 04:33:06\" data-filename=\"20240418_153841-scaled-700x300.jpg\" data-slide-type=\"image\"><img loading=\"lazy\" decoding=\"async\" src=\"https:\/\/site.ac-martinique.fr\/clg-terreville\/wp-content\/uploads\/sites\/90\/2024\/07\/20240418_153841-scaled-700x300.jpg\" height=\"300\" width=\"700\" alt=\"\" class=\"slider-2113 slide-2125 msDefaultImage\" title=\"20240418_153841\" \/><\/li>\n                <li style=\"display: none; width: 100%;\" class=\"slide-2126 ms-image \" aria-roledescription=\"slide\" data-date=\"2024-07-06 04:33:06\" data-filename=\"IMG-20240412-WA0011-700x300.jpg\" data-slide-type=\"image\"><img loading=\"lazy\" decoding=\"async\" src=\"https:\/\/site.ac-martinique.fr\/clg-terreville\/wp-content\/uploads\/sites\/90\/2024\/07\/IMG-20240412-WA0011-700x300.jpg\" height=\"300\" width=\"700\" alt=\"\" class=\"slider-2113 slide-2126 msDefaultImage\" title=\"IMG-20240412-WA0011\" \/><\/li>\n                <li style=\"display: none; width: 100%;\" class=\"slide-2127 ms-image \" aria-roledescription=\"slide\" data-date=\"2024-07-06 04:33:06\" data-filename=\"IMG-20240418-WA0149-700x300.jpg\" data-slide-type=\"image\"><img loading=\"lazy\" decoding=\"async\" src=\"https:\/\/site.ac-martinique.fr\/clg-terreville\/wp-content\/uploads\/sites\/90\/2024\/07\/IMG-20240418-WA0149-700x300.jpg\" height=\"300\" width=\"700\" alt=\"\" class=\"slider-2113 slide-2127 msDefaultImage\" title=\"IMG-20240418-WA0149\" \/><\/li>\n                <li style=\"display: none; width: 100%;\" class=\"slide-2128 ms-image \" aria-roledescription=\"slide\" data-date=\"2024-07-06 04:33:07\" data-filename=\"IMG-20240418-WA0155-700x300.jpg\" data-slide-type=\"image\"><img loading=\"lazy\" decoding=\"async\" src=\"https:\/\/site.ac-martinique.fr\/clg-terreville\/wp-content\/uploads\/sites\/90\/2024\/07\/IMG-20240418-WA0155-700x300.jpg\" height=\"300\" width=\"700\" alt=\"\" class=\"slider-2113 slide-2128 msDefaultImage\" title=\"IMG-20240418-WA0155\" \/><\/li>\n                <li style=\"display: none; width: 100%;\" class=\"slide-2129 ms-image \" aria-roledescription=\"slide\" data-date=\"2024-07-06 04:33:07\" data-filename=\"IMG-20240418-WA0164-700x300.jpg\" data-slide-type=\"image\"><img loading=\"lazy\" decoding=\"async\" src=\"https:\/\/site.ac-martinique.fr\/clg-terreville\/wp-content\/uploads\/sites\/90\/2024\/07\/IMG-20240418-WA0164-700x300.jpg\" height=\"300\" width=\"700\" alt=\"\" class=\"slider-2113 slide-2129 msDefaultImage\" title=\"IMG-20240418-WA0164\" \/><\/li>\n                <li style=\"display: none; width: 100%;\" class=\"slide-2130 ms-image \" aria-roledescription=\"slide\" data-date=\"2024-07-06 04:33:07\" data-filename=\"IMG-20240418-WA0170-1-700x300.jpg\" data-slide-type=\"image\"><img loading=\"lazy\" decoding=\"async\" src=\"https:\/\/site.ac-martinique.fr\/clg-terreville\/wp-content\/uploads\/sites\/90\/2024\/07\/IMG-20240418-WA0170-1-700x300.jpg\" height=\"300\" width=\"700\" alt=\"\" class=\"slider-2113 slide-2130 msDefaultImage\" title=\"IMG-20240418-WA0170 (1)\" \/><\/li>\n                <li style=\"display: none; width: 100%;\" class=\"slide-2131 ms-image \" aria-roledescription=\"slide\" data-date=\"2024-07-06 04:33:07\" data-filename=\"IMG-20240419-WA0049-1-700x300.jpg\" data-slide-type=\"image\"><img loading=\"lazy\" decoding=\"async\" src=\"https:\/\/site.ac-martinique.fr\/clg-terreville\/wp-content\/uploads\/sites\/90\/2024\/07\/IMG-20240419-WA0049-1-700x300.jpg\" height=\"300\" width=\"700\" alt=\"\" class=\"slider-2113 slide-2131 msDefaultImage\" title=\"IMG-20240419-WA0049 (1)\" \/><\/li>\n            <\/ul>\n        <\/div>\n        \n    <\/div>\n<\/div><\/div>\n\n\n\n<figure class=\"wp-block-image size-large is-resized\"><img loading=\"lazy\" decoding=\"async\" width=\"614\" height=\"1024\" src=\"https:\/\/site.ac-martinique.fr\/clg-terreville\/wp-content\/uploads\/sites\/90\/2024\/04\/SECURITE-ROUTIERE-614x1024.jpg\" alt=\"\" class=\"wp-image-1837\" style=\"width:730px;height:auto\" srcset=\"https:\/\/site.ac-martinique.fr\/clg-terreville\/wp-content\/uploads\/sites\/90\/2024\/04\/SECURITE-ROUTIERE-614x1024.jpg 614w, https:\/\/site.ac-martinique.fr\/clg-terreville\/wp-content\/uploads\/sites\/90\/2024\/04\/SECURITE-ROUTIERE-180x300.jpg 180w, https:\/\/site.ac-martinique.fr\/clg-terreville\/wp-content\/uploads\/sites\/90\/2024\/04\/SECURITE-ROUTIERE-768x1280.jpg 768w, https:\/\/site.ac-martinique.fr\/clg-terreville\/wp-content\/uploads\/sites\/90\/2024\/04\/SECURITE-ROUTIERE-921x1536.jpg 921w, https:\/\/site.ac-martinique.fr\/clg-terreville\/wp-content\/uploads\/sites\/90\/2024\/04\/SECURITE-ROUTIERE-1229x2048.jpg 1229w, https:\/\/site.ac-martinique.fr\/clg-terreville\/wp-content\/uploads\/sites\/90\/2024\/04\/SECURITE-ROUTIERE-750x1250.jpg 750w, https:\/\/site.ac-martinique.fr\/clg-terreville\/wp-content\/uploads\/sites\/90\/2024\/04\/SECURITE-ROUTIERE.jpg 1240w\" sizes=\"auto, (max-width: 614px) 100vw, 614px\" \/><\/figure>\n\n\n\n<figure class=\"wp-block-image size-large is-resized\"><img loading=\"lazy\" decoding=\"async\" width=\"538\" height=\"1024\" src=\"https:\/\/site.ac-martinique.fr\/clg-terreville\/wp-content\/uploads\/sites\/90\/2023\/02\/PERMIS-MOTO-538x1024.jpg\" alt=\"\" class=\"wp-image-1205\" style=\"aspect-ratio:0.5253960633701392;width:729px;height:auto\" srcset=\"https:\/\/site.ac-martinique.fr\/clg-terreville\/wp-content\/uploads\/sites\/90\/2023\/02\/PERMIS-MOTO-538x1024.jpg 538w, https:\/\/site.ac-martinique.fr\/clg-terreville\/wp-content\/uploads\/sites\/90\/2023\/02\/PERMIS-MOTO-157x300.jpg 157w, https:\/\/site.ac-martinique.fr\/clg-terreville\/wp-content\/uploads\/sites\/90\/2023\/02\/PERMIS-MOTO-768x1463.jpg 768w, https:\/\/site.ac-martinique.fr\/clg-terreville\/wp-content\/uploads\/sites\/90\/2023\/02\/PERMIS-MOTO-806x1536.jpg 806w, https:\/\/site.ac-martinique.fr\/clg-terreville\/wp-content\/uploads\/sites\/90\/2023\/02\/PERMIS-MOTO-1075x2048.jpg 1075w, https:\/\/site.ac-martinique.fr\/clg-terreville\/wp-content\/uploads\/sites\/90\/2023\/02\/PERMIS-MOTO-750x1429.jpg 750w, https:\/\/site.ac-martinique.fr\/clg-terreville\/wp-content\/uploads\/sites\/90\/2023\/02\/PERMIS-MOTO.jpg 1240w\" sizes=\"auto, (max-width: 538px) 100vw, 538px\" \/><\/figure>\n","protected":false},"excerpt":{"rendered":"","protected":false},"author":234,"featured_media":0,"parent":0,"menu_order":0,"comment_status":"closed","ping_status":"closed","template":"","meta":{"footnotes":""},"class_list":["post-3180","page","type-page","status-publish","hentry","nodate","item-wrap"],"_links":{"self":[{"href":"https:\/\/site.ac-martinique.fr\/clg-terreville\/index.php?rest_route=\/wp\/v2\/pages\/3180","targetHints":{"allow":["GET"]}}],"collection":[{"href":"https:\/\/site.ac-martinique.fr\/clg-terreville\/index.php?rest_route=\/wp\/v2\/pages"}],"about":[{"href":"https:\/\/site.ac-martinique.fr\/clg-terreville\/index.php?rest_route=\/wp\/v2\/types\/page"}],"author":[{"embeddable":true,"href":"https:\/\/site.ac-martinique.fr\/clg-terreville\/index.php?rest_route=\/wp\/v2\/users\/234"}],"replies":[{"embeddable":true,"href":"https:\/\/site.ac-martinique.fr\/clg-terreville\/index.php?rest_route=%2Fwp%2Fv2%2Fcomments&post=3180"}],"version-history":[{"count":3,"href":"https:\/\/site.ac-martinique.fr\/clg-terreville\/index.php?rest_route=\/wp\/v2\/pages\/3180\/revisions"}],"predecessor-version":[{"id":3233,"href":"https:\/\/site.ac-martinique.fr\/clg-terreville\/index.php?rest_route=\/wp\/v2\/pages\/3180\/revisions\/3233"}],"wp:attachment":[{"href":"https:\/\/site.ac-martinique.fr\/clg-terreville\/index.php?rest_route=%2Fwp%2Fv2%2Fmedia&parent=3180"}],"curies":[{"name":"wp","href":"https:\/\/api.w.org\/{rel}","templated":true}]}}