{"id":3188,"date":"2026-02-09T04:45:30","date_gmt":"2026-02-09T03:45:30","guid":{"rendered":"https:\/\/site.ac-martinique.fr\/clg-terreville\/?page_id=3188"},"modified":"2026-02-10T18:27:08","modified_gmt":"2026-02-10T17:27:08","slug":"remise-des-prix","status":"publish","type":"page","link":"https:\/\/site.ac-martinique.fr\/clg-terreville\/?page_id=3188","title":{"rendered":"REMISE DES PRIX"},"content":{"rendered":"\n<h2 class=\"wp-block-heading\"><mark style=\"background-color:rgba(0, 0, 0, 0);color:#c1dd76\" class=\"has-inline-color\">Ann\u00e9e 2024-25<\/mark><\/h2>\n\n\n\n<div class=\"alignnormal\"><div id=\"metaslider-id-2823\" style=\"width: 100%;\" class=\"ml-slider-3-109-0 metaslider metaslider-flex metaslider-2823 ml-slider has-dots-nav ms-theme-default-base\" role=\"region\" aria-label=\"REMISE DES PRIX 2025\" data-height=\"300\" data-width=\"700\">\n    <div id=\"metaslider_container_2823\">\n        <div id=\"metaslider_2823\">\n            <ul class='slides'>\n                <li style=\"display: block; width: 100%;\" class=\"slide-2825 ms-image \" aria-roledescription=\"slide\" data-date=\"2025-07-02 21:45:41\" data-filename=\"RDP2-700x300.jpg\" data-slide-type=\"image\"><img loading=\"lazy\" decoding=\"async\" src=\"https:\/\/site.ac-martinique.fr\/clg-terreville\/wp-content\/uploads\/sites\/90\/2025\/07\/RDP2-700x300.jpg\" height=\"300\" width=\"700\" alt=\"\" class=\"slider-2823 slide-2825 msDefaultImage\" title=\"RDP2\" \/><\/li>\n                <li style=\"display: none; width: 100%;\" class=\"slide-2827 ms-image \" aria-roledescription=\"slide\" data-date=\"2025-07-02 21:46:12\" data-filename=\"RDP6-700x300.jpg\" data-slide-type=\"image\"><img loading=\"lazy\" decoding=\"async\" src=\"https:\/\/site.ac-martinique.fr\/clg-terreville\/wp-content\/uploads\/sites\/90\/2025\/07\/RDP6-700x300.jpg\" height=\"300\" width=\"700\" alt=\"\" class=\"slider-2823 slide-2827 msDefaultImage\" title=\"RDP6\" \/><\/li>\n                <li style=\"display: none; width: 100%;\" class=\"slide-2831 ms-image \" aria-roledescription=\"slide\" data-date=\"2025-07-02 21:46:40\" data-filename=\"RDP1-700x300.jpg\" data-slide-type=\"image\"><img loading=\"lazy\" decoding=\"async\" src=\"https:\/\/site.ac-martinique.fr\/clg-terreville\/wp-content\/uploads\/sites\/90\/2025\/07\/RDP1-700x300.jpg\" height=\"300\" width=\"700\" alt=\"\" class=\"slider-2823 slide-2831 msDefaultImage\" title=\"RDP1\" \/><\/li>\n                <li style=\"display: none; width: 100%;\" class=\"slide-2832 ms-image \" aria-roledescription=\"slide\" data-date=\"2025-07-02 21:46:40\" data-filename=\"RDP4-700x300.jpg\" data-slide-type=\"image\"><img loading=\"lazy\" decoding=\"async\" src=\"https:\/\/site.ac-martinique.fr\/clg-terreville\/wp-content\/uploads\/sites\/90\/2025\/07\/RDP4-700x300.jpg\" height=\"300\" width=\"700\" alt=\"\" class=\"slider-2823 slide-2832 msDefaultImage\" title=\"RDP4\" \/><\/li>\n                <li style=\"display: none; width: 100%;\" class=\"slide-2833 ms-image \" aria-roledescription=\"slide\" data-date=\"2025-07-02 21:46:40\" data-filename=\"RDP5-700x300.jpg\" data-slide-type=\"image\"><img loading=\"lazy\" decoding=\"async\" src=\"https:\/\/site.ac-martinique.fr\/clg-terreville\/wp-content\/uploads\/sites\/90\/2025\/07\/RDP5-700x300.jpg\" height=\"300\" width=\"700\" alt=\"\" class=\"slider-2823 slide-2833 msDefaultImage\" title=\"RDP5\" \/><\/li>\n                <li style=\"display: none; width: 100%;\" class=\"slide-2838 ms-image \" aria-roledescription=\"slide\" data-date=\"2025-07-02 21:47:29\" data-filename=\"RDP14-700x300.jpg\" data-slide-type=\"image\"><img loading=\"lazy\" decoding=\"async\" src=\"https:\/\/site.ac-martinique.fr\/clg-terreville\/wp-content\/uploads\/sites\/90\/2025\/07\/RDP14-700x300.jpg\" height=\"300\" width=\"700\" alt=\"\" class=\"slider-2823 slide-2838 msDefaultImage\" title=\"RDP14\" \/><\/li>\n                <li style=\"display: none; width: 100%;\" class=\"slide-2839 ms-image \" aria-roledescription=\"slide\" data-date=\"2025-07-02 21:47:29\" data-filename=\"RDP15-700x300.jpg\" data-slide-type=\"image\"><img loading=\"lazy\" decoding=\"async\" src=\"https:\/\/site.ac-martinique.fr\/clg-terreville\/wp-content\/uploads\/sites\/90\/2025\/07\/RDP15-700x300.jpg\" height=\"300\" width=\"700\" alt=\"\" class=\"slider-2823 slide-2839 msDefaultImage\" title=\"RDP15\" \/><\/li>\n                <li style=\"display: none; width: 100%;\" class=\"slide-2840 ms-image \" aria-roledescription=\"slide\" data-date=\"2025-07-02 21:47:29\" data-filename=\"RDP10-700x300.jpg\" data-slide-type=\"image\"><img loading=\"lazy\" decoding=\"async\" src=\"https:\/\/site.ac-martinique.fr\/clg-terreville\/wp-content\/uploads\/sites\/90\/2025\/07\/RDP10-700x300.jpg\" height=\"300\" width=\"700\" alt=\"\" class=\"slider-2823 slide-2840 msDefaultImage\" title=\"RDP10\" \/><\/li>\n                <li style=\"display: none; width: 100%;\" class=\"slide-2841 ms-image \" aria-roledescription=\"slide\" data-date=\"2025-07-02 21:47:29\" data-filename=\"RDP9-700x300.jpg\" data-slide-type=\"image\"><img loading=\"lazy\" decoding=\"async\" src=\"https:\/\/site.ac-martinique.fr\/clg-terreville\/wp-content\/uploads\/sites\/90\/2025\/07\/RDP9-700x300.jpg\" height=\"300\" width=\"700\" alt=\"\" class=\"slider-2823 slide-2841 msDefaultImage\" title=\"RDP9\" \/><\/li>\n                <li style=\"display: none; width: 100%;\" class=\"slide-2848 ms-image \" aria-roledescription=\"slide\" data-date=\"2025-07-02 21:48:24\" data-filename=\"RDP16-700x300.jpg\" data-slide-type=\"image\"><img loading=\"lazy\" decoding=\"async\" src=\"https:\/\/site.ac-martinique.fr\/clg-terreville\/wp-content\/uploads\/sites\/90\/2025\/07\/RDP16-700x300.jpg\" height=\"300\" width=\"700\" alt=\"\" class=\"slider-2823 slide-2848 msDefaultImage\" title=\"RDP16\" \/><\/li>\n                <li style=\"display: none; width: 100%;\" class=\"slide-2849 ms-image \" aria-roledescription=\"slide\" data-date=\"2025-07-02 21:48:24\" data-filename=\"RDP17-700x300.jpg\" data-slide-type=\"image\"><img loading=\"lazy\" decoding=\"async\" src=\"https:\/\/site.ac-martinique.fr\/clg-terreville\/wp-content\/uploads\/sites\/90\/2025\/07\/RDP17-700x300.jpg\" height=\"300\" width=\"700\" alt=\"\" class=\"slider-2823 slide-2849 msDefaultImage\" title=\"RDP17\" \/><\/li>\n                <li style=\"display: none; width: 100%;\" class=\"slide-2850 ms-image \" aria-roledescription=\"slide\" data-date=\"2025-07-02 21:48:24\" data-filename=\"RDP18-700x300.jpg\" data-slide-type=\"image\"><img loading=\"lazy\" decoding=\"async\" src=\"https:\/\/site.ac-martinique.fr\/clg-terreville\/wp-content\/uploads\/sites\/90\/2025\/07\/RDP18-700x300.jpg\" height=\"300\" width=\"700\" alt=\"\" class=\"slider-2823 slide-2850 msDefaultImage\" title=\"RDP18\" \/><\/li>\n                <li style=\"display: none; width: 100%;\" class=\"slide-2851 ms-image \" aria-roledescription=\"slide\" data-date=\"2025-07-02 21:48:24\" data-filename=\"RDP11-700x300.jpg\" data-slide-type=\"image\"><img loading=\"lazy\" decoding=\"async\" src=\"https:\/\/site.ac-martinique.fr\/clg-terreville\/wp-content\/uploads\/sites\/90\/2025\/07\/RDP11-700x300.jpg\" height=\"300\" width=\"700\" alt=\"\" class=\"slider-2823 slide-2851 msDefaultImage\" title=\"RDP11\" \/><\/li>\n                <li style=\"display: none; width: 100%;\" class=\"slide-2852 ms-image \" aria-roledescription=\"slide\" data-date=\"2025-07-02 21:48:25\" data-filename=\"RDP12-700x300.jpg\" data-slide-type=\"image\"><img loading=\"lazy\" decoding=\"async\" src=\"https:\/\/site.ac-martinique.fr\/clg-terreville\/wp-content\/uploads\/sites\/90\/2025\/07\/RDP12-700x300.jpg\" height=\"300\" width=\"700\" alt=\"\" class=\"slider-2823 slide-2852 msDefaultImage\" title=\"RDP12\" \/><\/li>\n                <li style=\"display: none; width: 100%;\" class=\"slide-2853 ms-image \" aria-roledescription=\"slide\" data-date=\"2025-07-02 21:48:25\" data-filename=\"RDP13-700x300.jpg\" data-slide-type=\"image\"><img loading=\"lazy\" decoding=\"async\" src=\"https:\/\/site.ac-martinique.fr\/clg-terreville\/wp-content\/uploads\/sites\/90\/2025\/07\/RDP13-700x300.jpg\" height=\"300\" width=\"700\" alt=\"\" class=\"slider-2823 slide-2853 msDefaultImage\" title=\"RDP13\" \/><\/li>\n                <li style=\"display: none; width: 100%;\" class=\"slide-2855 ms-image \" aria-roledescription=\"slide\" data-date=\"2025-07-02 21:51:00\" data-filename=\"RDP19-scaled-700x300.jpg\" data-slide-type=\"image\"><img loading=\"lazy\" decoding=\"async\" src=\"https:\/\/site.ac-martinique.fr\/clg-terreville\/wp-content\/uploads\/sites\/90\/2025\/07\/RDP19-scaled-700x300.jpg\" height=\"300\" width=\"700\" alt=\"\" class=\"slider-2823 slide-2855 msDefaultImage\" title=\"RDP19\" \/><\/li>\n            <\/ul>\n        <\/div>\n        \n    <\/div>\n<\/div><\/div>\n\n\n\n<figure class=\"wp-block-image size-large\"><img loading=\"lazy\" decoding=\"async\" width=\"724\" height=\"1024\" src=\"https:\/\/site.ac-martinique.fr\/clg-terreville\/wp-content\/uploads\/sites\/90\/2025\/05\/Couleur-dhumanite-724x1024.jpg\" alt=\"\" class=\"wp-image-2572\" srcset=\"https:\/\/site.ac-martinique.fr\/clg-terreville\/wp-content\/uploads\/sites\/90\/2025\/05\/Couleur-dhumanite-724x1024.jpg 724w, https:\/\/site.ac-martinique.fr\/clg-terreville\/wp-content\/uploads\/sites\/90\/2025\/05\/Couleur-dhumanite-212x300.jpg 212w, https:\/\/site.ac-martinique.fr\/clg-terreville\/wp-content\/uploads\/sites\/90\/2025\/05\/Couleur-dhumanite-768x1086.jpg 768w, https:\/\/site.ac-martinique.fr\/clg-terreville\/wp-content\/uploads\/sites\/90\/2025\/05\/Couleur-dhumanite-1086x1536.jpg 1086w, https:\/\/site.ac-martinique.fr\/clg-terreville\/wp-content\/uploads\/sites\/90\/2025\/05\/Couleur-dhumanite-750x1061.jpg 750w, https:\/\/site.ac-martinique.fr\/clg-terreville\/wp-content\/uploads\/sites\/90\/2025\/05\/Couleur-dhumanite.jpg 1240w\" sizes=\"auto, (max-width: 724px) 100vw, 724px\" \/><\/figure>\n\n\n\n<h2 class=\"wp-block-heading\"><mark style=\"background-color:rgba(0, 0, 0, 0);color:#c1dd76\" class=\"has-inline-color\">Ann\u00e9e 2023-24<\/mark><\/h2>\n\n\n\n<figure class=\"wp-block-image size-large\"><img loading=\"lazy\" decoding=\"async\" width=\"724\" height=\"1024\" src=\"https:\/\/site.ac-martinique.fr\/clg-terreville\/wp-content\/uploads\/sites\/90\/2024\/07\/Remise-des-prix-2024-724x1024.jpg\" alt=\"\" class=\"wp-image-2036\" srcset=\"https:\/\/site.ac-martinique.fr\/clg-terreville\/wp-content\/uploads\/sites\/90\/2024\/07\/Remise-des-prix-2024-724x1024.jpg 724w, https:\/\/site.ac-martinique.fr\/clg-terreville\/wp-content\/uploads\/sites\/90\/2024\/07\/Remise-des-prix-2024-212x300.jpg 212w, https:\/\/site.ac-martinique.fr\/clg-terreville\/wp-content\/uploads\/sites\/90\/2024\/07\/Remise-des-prix-2024-768x1086.jpg 768w, https:\/\/site.ac-martinique.fr\/clg-terreville\/wp-content\/uploads\/sites\/90\/2024\/07\/Remise-des-prix-2024-1086x1536.jpg 1086w, https:\/\/site.ac-martinique.fr\/clg-terreville\/wp-content\/uploads\/sites\/90\/2024\/07\/Remise-des-prix-2024-750x1061.jpg 750w, https:\/\/site.ac-martinique.fr\/clg-terreville\/wp-content\/uploads\/sites\/90\/2024\/07\/Remise-des-prix-2024.jpg 1240w\" sizes=\"auto, (max-width: 724px) 100vw, 724px\" \/><\/figure>\n\n\n\n<h2 class=\"wp-block-heading\"><mark style=\"background-color:rgba(0, 0, 0, 0);color:#c1dd76\" class=\"has-inline-color\">Ann\u00e9e 2022-23<\/mark><\/h2>\n\n\n\n<figure class=\"wp-block-image size-large\"><img loading=\"lazy\" decoding=\"async\" width=\"724\" height=\"1024\" src=\"https:\/\/site.ac-martinique.fr\/clg-terreville\/wp-content\/uploads\/sites\/90\/2023\/07\/RDP23-1-724x1024.jpg\" alt=\"\" class=\"wp-image-1446\" srcset=\"https:\/\/site.ac-martinique.fr\/clg-terreville\/wp-content\/uploads\/sites\/90\/2023\/07\/RDP23-1-724x1024.jpg 724w, https:\/\/site.ac-martinique.fr\/clg-terreville\/wp-content\/uploads\/sites\/90\/2023\/07\/RDP23-1-212x300.jpg 212w, https:\/\/site.ac-martinique.fr\/clg-terreville\/wp-content\/uploads\/sites\/90\/2023\/07\/RDP23-1-768x1086.jpg 768w, https:\/\/site.ac-martinique.fr\/clg-terreville\/wp-content\/uploads\/sites\/90\/2023\/07\/RDP23-1-1086x1536.jpg 1086w, https:\/\/site.ac-martinique.fr\/clg-terreville\/wp-content\/uploads\/sites\/90\/2023\/07\/RDP23-1-750x1061.jpg 750w, https:\/\/site.ac-martinique.fr\/clg-terreville\/wp-content\/uploads\/sites\/90\/2023\/07\/RDP23-1.jpg 1240w\" sizes=\"auto, (max-width: 724px) 100vw, 724px\" \/><\/figure>\n\n\n\n<h2 class=\"wp-block-heading\"><mark style=\"background-color:rgba(0, 0, 0, 0);color:#c1dd76\" class=\"has-inline-color\">Ann\u00e9e 2021-22<\/mark><\/h2>\n\n\n\n<figure class=\"wp-block-image size-large is-resized\"><img loading=\"lazy\" decoding=\"async\" width=\"512\" height=\"1024\" src=\"https:\/\/site.ac-martinique.fr\/clg-terreville\/wp-content\/uploads\/sites\/90\/2022\/07\/REMISE-PRIX-1-512x1024.jpg\" alt=\"\" class=\"wp-image-990\" style=\"width:726px;height:auto\" srcset=\"https:\/\/site.ac-martinique.fr\/clg-terreville\/wp-content\/uploads\/sites\/90\/2022\/07\/REMISE-PRIX-1-512x1024.jpg 512w, https:\/\/site.ac-martinique.fr\/clg-terreville\/wp-content\/uploads\/sites\/90\/2022\/07\/REMISE-PRIX-1-150x300.jpg 150w, https:\/\/site.ac-martinique.fr\/clg-terreville\/wp-content\/uploads\/sites\/90\/2022\/07\/REMISE-PRIX-1-768x1536.jpg 768w, https:\/\/site.ac-martinique.fr\/clg-terreville\/wp-content\/uploads\/sites\/90\/2022\/07\/REMISE-PRIX-1-1024x2048.jpg 1024w, https:\/\/site.ac-martinique.fr\/clg-terreville\/wp-content\/uploads\/sites\/90\/2022\/07\/REMISE-PRIX-1-750x1500.jpg 750w, https:\/\/site.ac-martinique.fr\/clg-terreville\/wp-content\/uploads\/sites\/90\/2022\/07\/REMISE-PRIX-1.jpg 1240w\" sizes=\"auto, (max-width: 512px) 100vw, 512px\" \/><\/figure>\n","protected":false},"excerpt":{"rendered":"<p>Ann\u00e9e 2024-25 Ann\u00e9e 2023-24 Ann\u00e9e 2022-23 Ann\u00e9e 2021-22<\/p>\n","protected":false},"author":234,"featured_media":0,"parent":0,"menu_order":0,"comment_status":"closed","ping_status":"closed","template":"","meta":{"footnotes":""},"class_list":["post-3188","page","type-page","status-publish","hentry","nodate","item-wrap"],"_links":{"self":[{"href":"https:\/\/site.ac-martinique.fr\/clg-terreville\/index.php?rest_route=\/wp\/v2\/pages\/3188","targetHints":{"allow":["GET"]}}],"collection":[{"href":"https:\/\/site.ac-martinique.fr\/clg-terreville\/index.php?rest_route=\/wp\/v2\/pages"}],"about":[{"href":"https:\/\/site.ac-martinique.fr\/clg-terreville\/index.php?rest_route=\/wp\/v2\/types\/page"}],"author":[{"embeddable":true,"href":"https:\/\/site.ac-martinique.fr\/clg-terreville\/index.php?rest_route=\/wp\/v2\/users\/234"}],"replies":[{"embeddable":true,"href":"https:\/\/site.ac-martinique.fr\/clg-terreville\/index.php?rest_route=%2Fwp%2Fv2%2Fcomments&post=3188"}],"version-history":[{"count":3,"href":"https:\/\/site.ac-martinique.fr\/clg-terreville\/index.php?rest_route=\/wp\/v2\/pages\/3188\/revisions"}],"predecessor-version":[{"id":3318,"href":"https:\/\/site.ac-martinique.fr\/clg-terreville\/index.php?rest_route=\/wp\/v2\/pages\/3188\/revisions\/3318"}],"wp:attachment":[{"href":"https:\/\/site.ac-martinique.fr\/clg-terreville\/index.php?rest_route=%2Fwp%2Fv2%2Fmedia&parent=3188"}],"curies":[{"name":"wp","href":"https:\/\/api.w.org\/{rel}","templated":true}]}}