{"id":2535,"date":"2018-07-05T09:28:10","date_gmt":"2018-07-05T13:28:10","guid":{"rendered":"\/clg-trianon\/?page_id=2535"},"modified":"2018-07-05T12:43:06","modified_gmt":"2018-07-05T16:43:06","slug":"demi-pension","status":"publish","type":"page","link":"https:\/\/site.ac-martinique.fr\/clg-trianon\/?page_id=2535","title":{"rendered":"Demi-Pension"},"content":{"rendered":"<p>Parents,<\/p>\n<p>A compter de septembre 2018, vous pourrez proc\u00e9der au paiement en ligne de la demi-pension via le lien suivant :<\/p>\n<p><a href=\"http:\/\/espacenumerique.turbo-self.com\/Connexion.aspx?id=2032\">http:\/\/espacenumerique.turbo-self.com\/Connexion.aspx?id=2032<\/a><\/p>\n<p>Apr\u00e8s la cr\u00e9ation de votre compte vous pourrez proc\u00e9der au :<\/p>\n<ul>\n<li>paiement en ligne<\/li>\n<li>suivi de votre historique<\/li>\n<\/ul>\n<p>&nbsp;<\/p>\n<p><strong>PROCEDURE DE CONNEXION<\/strong><\/p>\n<ul style=\"list-style-type: disc;\">\n<li><strong>Cr\u00e9ation de compte<\/strong><\/li>\n<\/ul>\n<p>Pour r\u00e9aliser les paiements en ligne, vous devez d&#8217;abord\u00a0<strong>cr\u00e9er votre compte<\/strong> en\u00a0cliquant sur le bouton \u00ab\u00a0cr\u00e9er un compte\u00a0\u00a0\u00bb sur le site de t\u00e9l\u00e9paiement (voir image ci-dessous)<\/p>\n<p><a href=\"\/clg-trianon\/wp-content\/uploads\/sites\/66\/2018\/07\/Capture1.jpg\"><img loading=\"lazy\" decoding=\"async\" class=\"alignnone wp-image-2538\" src=\"\/clg-trianon\/wp-content\/uploads\/sites\/66\/2018\/07\/Capture1.jpg\" alt=\"\" width=\"189\" height=\"319\" \/><\/a><\/p>\n<p>Vous devez obligatoirement saisir, le nom et le pr\u00e9nom de votre enfant inscrit en demi-pension ainsi qu&#8217;une adresse e-mail valide.<a href=\"\/clg-trianon\/wp-content\/uploads\/sites\/66\/2018\/07\/Capture2-1.jpg\"><img loading=\"lazy\" decoding=\"async\" class=\"alignnone size-large wp-image-2540\" src=\"\/clg-trianon\/wp-content\/uploads\/sites\/66\/2018\/07\/Capture2-1-1024x474.jpg\" alt=\"\" width=\"584\" height=\"270\" srcset=\"https:\/\/site.ac-martinique.fr\/clg-trianon\/wp-content\/uploads\/sites\/66\/2018\/07\/Capture2-1-1024x474.jpg 1024w, https:\/\/site.ac-martinique.fr\/clg-trianon\/wp-content\/uploads\/sites\/66\/2018\/07\/Capture2-1-300x139.jpg 300w, https:\/\/site.ac-martinique.fr\/clg-trianon\/wp-content\/uploads\/sites\/66\/2018\/07\/Capture2-1-768x355.jpg 768w, https:\/\/site.ac-martinique.fr\/clg-trianon\/wp-content\/uploads\/sites\/66\/2018\/07\/Capture2-1-500x231.jpg 500w, https:\/\/site.ac-martinique.fr\/clg-trianon\/wp-content\/uploads\/sites\/66\/2018\/07\/Capture2-1.jpg 1027w\" sizes=\"auto, (max-width: 584px) 100vw, 584px\" \/><\/a><\/p>\n<p>Une fois la demande de cr\u00e9ation de compte faite, un e-mail contenant le mot de passe vous sera adress\u00e9 dans <strong>un d\u00e9lai de 48h<\/strong> (ou plus selon la p\u00e9riode de l&#8217;ann\u00e9e scolaire).<\/p>\n<ul style=\"list-style-type: disc;\">\n<li><strong>Paiement en ligne<\/strong><\/li>\n<\/ul>\n<p>Pour le paiement en ligne, il faut proc\u00e9der ainsi :<\/p>\n<ol>\n<li>Connecter vous \u00e0 votre compte en saisissant<strong>\u00a0votre identifiant de connexion et votre mot de passe<\/strong>\u00a0communiqu\u00e9s par mail, \u00e0 l&#8217;adresse suivante : http:\/\/espacenumerique.turbo-self.com\/Connexion.aspx?id=2032<\/li>\n<\/ol>\n<p>2. Cliquer sur Situation de mes comptes dans le menu de gauche, puis suivez les\u00a0 \u00a0 \u00a0 \u00a0 \u00a0 \u00a0 \u00a0 \u00a0instructions pour proc\u00e9der au paiement<\/p>\n<p><a href=\"\/clg-trianon\/wp-content\/uploads\/sites\/66\/2018\/07\/Capture.png\"><img loading=\"lazy\" decoding=\"async\" class=\"alignnone  wp-image-2551\" src=\"\/clg-trianon\/wp-content\/uploads\/sites\/66\/2018\/07\/Capture.png\" alt=\"\" width=\"156\" height=\"288\" \/><\/a><\/p>\n","protected":false},"excerpt":{"rendered":"<p>Parents, A compter de septembre 2018, vous pourrez proc\u00e9der au paiement en ligne de la demi-pension via le lien suivant : http:\/\/espacenumerique.turbo-self.com\/Connexion.aspx?id=2032 Apr\u00e8s la cr\u00e9ation de votre compte vous pourrez proc\u00e9der au : paiement en ligne suivi de votre historique &hellip; <a href=\"https:\/\/site.ac-martinique.fr\/clg-trianon\/?page_id=2535\">Continuer la lecture <span class=\"meta-nav\">&rarr;<\/span><\/a><\/p>\n","protected":false},"author":160,"featured_media":0,"parent":0,"menu_order":0,"comment_status":"closed","ping_status":"closed","template":"","meta":{"footnotes":""},"class_list":["post-2535","page","type-page","status-publish","hentry"],"_links":{"self":[{"href":"https:\/\/site.ac-martinique.fr\/clg-trianon\/index.php?rest_route=\/wp\/v2\/pages\/2535","targetHints":{"allow":["GET"]}}],"collection":[{"href":"https:\/\/site.ac-martinique.fr\/clg-trianon\/index.php?rest_route=\/wp\/v2\/pages"}],"about":[{"href":"https:\/\/site.ac-martinique.fr\/clg-trianon\/index.php?rest_route=\/wp\/v2\/types\/page"}],"author":[{"embeddable":true,"href":"https:\/\/site.ac-martinique.fr\/clg-trianon\/index.php?rest_route=\/wp\/v2\/users\/160"}],"replies":[{"embeddable":true,"href":"https:\/\/site.ac-martinique.fr\/clg-trianon\/index.php?rest_route=%2Fwp%2Fv2%2Fcomments&post=2535"}],"version-history":[{"count":11,"href":"https:\/\/site.ac-martinique.fr\/clg-trianon\/index.php?rest_route=\/wp\/v2\/pages\/2535\/revisions"}],"predecessor-version":[{"id":2552,"href":"https:\/\/site.ac-martinique.fr\/clg-trianon\/index.php?rest_route=\/wp\/v2\/pages\/2535\/revisions\/2552"}],"wp:attachment":[{"href":"https:\/\/site.ac-martinique.fr\/clg-trianon\/index.php?rest_route=%2Fwp%2Fv2%2Fmedia&parent=2535"}],"curies":[{"name":"wp","href":"https:\/\/api.w.org\/{rel}","templated":true}]}}