{"id":2813,"date":"2020-03-16T13:08:33","date_gmt":"2020-03-16T17:08:33","guid":{"rendered":"\/clg-trianon\/?page_id=2813"},"modified":"2020-03-23T10:16:04","modified_gmt":"2020-03-23T14:16:04","slug":"le-college-a-la-maison","status":"publish","type":"page","link":"https:\/\/site.ac-martinique.fr\/clg-trianon\/?page_id=2813","title":{"rendered":"Continuit\u00e9 p\u00e9dagogique"},"content":{"rendered":"<p>Des informations concernant la communication, le travail \u00e0 distance et l&#8217;ASSR 1&amp;2 sont disponibles en cliquant sur les liens suivants<\/p>\n<p><a href=\"\/clg-trianon\/?page_id=2843\">Communication<\/a><\/p>\n<p><a href=\"\/clg-trianon\/?page_id=2850\">Travail \u00e0 distance<\/a><\/p>\n<p><a href=\"\/clg-trianon\/?page_id=2846\">ASSR 1&amp;2<\/a><\/p>\n<p>ou via <strong>l&#8217;onglet Continuit\u00e9 p\u00e9dagogique<\/strong>.<\/p>\n<p style=\"text-align: center;\"><a href=\"\/clg-trianon\/wp-content\/uploads\/sites\/66\/2020\/03\/Sans-titre-4.png\"><img loading=\"lazy\" decoding=\"async\" class=\"alignnone size-medium wp-image-2894\" src=\"\/clg-trianon\/wp-content\/uploads\/sites\/66\/2020\/03\/Sans-titre-4-300x142.png\" alt=\"\" width=\"300\" height=\"142\" srcset=\"https:\/\/site.ac-martinique.fr\/clg-trianon\/wp-content\/uploads\/sites\/66\/2020\/03\/Sans-titre-4-300x142.png 300w, https:\/\/site.ac-martinique.fr\/clg-trianon\/wp-content\/uploads\/sites\/66\/2020\/03\/Sans-titre-4-768x364.png 768w, https:\/\/site.ac-martinique.fr\/clg-trianon\/wp-content\/uploads\/sites\/66\/2020\/03\/Sans-titre-4-500x237.png 500w, https:\/\/site.ac-martinique.fr\/clg-trianon\/wp-content\/uploads\/sites\/66\/2020\/03\/Sans-titre-4.png 775w\" sizes=\"auto, (max-width: 300px) 100vw, 300px\" \/><\/a><\/p>\n<p style=\"text-align: center;\"><img decoding=\"async\" src=\"https:\/\/snalc.fr\/uploads\/documents\/national\/coronavirus_afficheMEN2.JPG\" alt=\"R\u00e9sultat de recherche d'images pour &quot;coronavirus education nationale&quot;\" \/><\/p>\n","protected":false},"excerpt":{"rendered":"<p>Des informations concernant la communication, le travail \u00e0 distance et l&#8217;ASSR 1&amp;2 sont disponibles en cliquant sur les liens suivants Communication Travail \u00e0 distance ASSR 1&amp;2 ou via l&#8217;onglet Continuit\u00e9 p\u00e9dagogique.<\/p>\n","protected":false},"author":164,"featured_media":0,"parent":0,"menu_order":2,"comment_status":"closed","ping_status":"closed","template":"","meta":{"footnotes":""},"class_list":["post-2813","page","type-page","status-publish","hentry"],"_links":{"self":[{"href":"https:\/\/site.ac-martinique.fr\/clg-trianon\/index.php?rest_route=\/wp\/v2\/pages\/2813","targetHints":{"allow":["GET"]}}],"collection":[{"href":"https:\/\/site.ac-martinique.fr\/clg-trianon\/index.php?rest_route=\/wp\/v2\/pages"}],"about":[{"href":"https:\/\/site.ac-martinique.fr\/clg-trianon\/index.php?rest_route=\/wp\/v2\/types\/page"}],"author":[{"embeddable":true,"href":"https:\/\/site.ac-martinique.fr\/clg-trianon\/index.php?rest_route=\/wp\/v2\/users\/164"}],"replies":[{"embeddable":true,"href":"https:\/\/site.ac-martinique.fr\/clg-trianon\/index.php?rest_route=%2Fwp%2Fv2%2Fcomments&post=2813"}],"version-history":[{"count":16,"href":"https:\/\/site.ac-martinique.fr\/clg-trianon\/index.php?rest_route=\/wp\/v2\/pages\/2813\/revisions"}],"predecessor-version":[{"id":2945,"href":"https:\/\/site.ac-martinique.fr\/clg-trianon\/index.php?rest_route=\/wp\/v2\/pages\/2813\/revisions\/2945"}],"wp:attachment":[{"href":"https:\/\/site.ac-martinique.fr\/clg-trianon\/index.php?rest_route=%2Fwp%2Fv2%2Fmedia&parent=2813"}],"curies":[{"name":"wp","href":"https:\/\/api.w.org\/{rel}","templated":true}]}}