{"id":2828,"date":"2020-03-16T14:45:08","date_gmt":"2020-03-16T18:45:08","guid":{"rendered":"\/clg-trianon\/?page_id=2828"},"modified":"2020-03-16T14:52:30","modified_gmt":"2020-03-16T18:52:30","slug":"journal-du-college","status":"publish","type":"page","link":"https:\/\/site.ac-martinique.fr\/clg-trianon\/?page_id=2828","title":{"rendered":"Journal du coll\u00e8ge"},"content":{"rendered":"<p><a href=\"\/clg-trianon\/wp-content\/uploads\/sites\/66\/2019\/12\/TITRE-MULTICOLOR.jpg\"><img loading=\"lazy\" decoding=\"async\" class=\"aligncenter size-medium wp-image-2804\" src=\"\/clg-trianon\/wp-content\/uploads\/sites\/66\/2019\/12\/TITRE-MULTICOLOR-300x54.jpg\" alt=\"\" width=\"300\" height=\"54\" srcset=\"https:\/\/site.ac-martinique.fr\/clg-trianon\/wp-content\/uploads\/sites\/66\/2019\/12\/TITRE-MULTICOLOR-300x54.jpg 300w, https:\/\/site.ac-martinique.fr\/clg-trianon\/wp-content\/uploads\/sites\/66\/2019\/12\/TITRE-MULTICOLOR-768x139.jpg 768w, https:\/\/site.ac-martinique.fr\/clg-trianon\/wp-content\/uploads\/sites\/66\/2019\/12\/TITRE-MULTICOLOR-1024x185.jpg 1024w, https:\/\/site.ac-martinique.fr\/clg-trianon\/wp-content\/uploads\/sites\/66\/2019\/12\/TITRE-MULTICOLOR-500x90.jpg 500w\" sizes=\"auto, (max-width: 300px) 100vw, 300px\" \/><\/a><\/p>\n<p style=\"text-align: center;\">Nous avons le plaisir de vous faire d\u00e9couvrir le premier num\u00e9ro du journal de notre coll\u00e8ge pour l&#8217;ann\u00e9e scolaire 2019-2020. Le nom de notre journal est &#8220;L\u2019\u0153il de Trianon&#8221;.\u00a0<strong>Le lien ci-dessous<\/strong>\u00a0vous permet de visualiser le journal comme un magasine, en faisant glisser les pages (il fonctionne aussi \u00e0\u00a0partir d&#8217;un\u00a0t\u00e9l\u00e9phone portable, vous pouvez alors effectuer des zoom sur l&#8217;\u00e9cran tactile), vous pouvez aussi le t\u00e9l\u00e9charger sous format\u00a0<strong>pdf<\/strong>.<\/p>\n<p style=\"text-align: center;\"><a href=\"https:\/\/www.flipgorilla.com\/p\/26183111565907008\/show\">https:\/\/www.flipgorilla.com\/p\/26183111565907008\/show<\/a><\/p>\n<p><strong>\u00a0 \u00a0 \u00a0 \u00a0 \u00a0 \u00a0 \u00a0 \u00a0 \u00a0 Bonne d\u00e9couverte !\u00a0 \u00a0 \u00a0 \u00a0 \u00a0 \u00a0\u00a0<\/strong><\/p>\n<p style=\"text-align: center;\"><em>PS : Pour les utilisateurs de Facebook, il est possible de vous abonner \u00e0 la page &#8220;L&#8217;Oeil de Trianon&#8221;, votre identit\u00e9 (nom figurant sur\u00a0votre profil) ne sera pas visible par le public afin de garantir\u00a0votre confidentialit\u00e9. Etre abonn\u00e9 vous permet simplement de recevoir une notification qui vous alerte\u00a0au sujet des parutions et\u00a0des \u00e9v\u00e9nements \u00e0 venir. Aucune demande d&#8217;amis ne sera accept\u00e9e. (Attention, si vous ne voulez pas du tout appara\u00eetre sur Facebook, ne likez pas les publications ou dans ce cas il vous faudra modifier vos param\u00e8tres de confidentialit\u00e9)<\/em><\/p>\n","protected":false},"excerpt":{"rendered":"<p>Nous avons le plaisir de vous faire d\u00e9couvrir le premier num\u00e9ro du journal de notre coll\u00e8ge pour l&#8217;ann\u00e9e scolaire 2019-2020. Le nom de notre journal est &#8220;L\u2019\u0153il de Trianon&#8221;.\u00a0Le lien ci-dessous\u00a0vous permet de visualiser le journal comme un magasine, en &hellip; <a href=\"https:\/\/site.ac-martinique.fr\/clg-trianon\/?page_id=2828\">Continuer la lecture <span class=\"meta-nav\">&rarr;<\/span><\/a><\/p>\n","protected":false},"author":163,"featured_media":0,"parent":0,"menu_order":0,"comment_status":"closed","ping_status":"closed","template":"","meta":{"footnotes":""},"class_list":["post-2828","page","type-page","status-publish","hentry"],"_links":{"self":[{"href":"https:\/\/site.ac-martinique.fr\/clg-trianon\/index.php?rest_route=\/wp\/v2\/pages\/2828","targetHints":{"allow":["GET"]}}],"collection":[{"href":"https:\/\/site.ac-martinique.fr\/clg-trianon\/index.php?rest_route=\/wp\/v2\/pages"}],"about":[{"href":"https:\/\/site.ac-martinique.fr\/clg-trianon\/index.php?rest_route=\/wp\/v2\/types\/page"}],"author":[{"embeddable":true,"href":"https:\/\/site.ac-martinique.fr\/clg-trianon\/index.php?rest_route=\/wp\/v2\/users\/163"}],"replies":[{"embeddable":true,"href":"https:\/\/site.ac-martinique.fr\/clg-trianon\/index.php?rest_route=%2Fwp%2Fv2%2Fcomments&post=2828"}],"version-history":[{"count":3,"href":"https:\/\/site.ac-martinique.fr\/clg-trianon\/index.php?rest_route=\/wp\/v2\/pages\/2828\/revisions"}],"predecessor-version":[{"id":2840,"href":"https:\/\/site.ac-martinique.fr\/clg-trianon\/index.php?rest_route=\/wp\/v2\/pages\/2828\/revisions\/2840"}],"wp:attachment":[{"href":"https:\/\/site.ac-martinique.fr\/clg-trianon\/index.php?rest_route=%2Fwp%2Fv2%2Fmedia&parent=2828"}],"curies":[{"name":"wp","href":"https:\/\/api.w.org\/{rel}","templated":true}]}}