{"id":2846,"date":"2020-03-16T16:01:29","date_gmt":"2020-03-16T20:01:29","guid":{"rendered":"\/clg-trianon\/?page_id=2846"},"modified":"2020-06-12T15:22:42","modified_gmt":"2020-06-12T19:22:42","slug":"assr-12","status":"publish","type":"page","link":"https:\/\/site.ac-martinique.fr\/clg-trianon\/?page_id=2846","title":{"rendered":"ASSR 1&#038;2"},"content":{"rendered":"<p>En cliquant sur le lien suivant, vous avez acc\u00e8s\u00a0au planning de passation des \u00e9preuves juin 2020 :<\/p>\n<h1 style=\"text-align: center;\"><a href=\"\/clg-trianon\/wp-content\/uploads\/sites\/66\/2020\/03\/ASSR2-JUIN-2020-doc-parents-.pdf\" target=\"_blank\">ASSR2 JUIN 2020 doc parents<\/a><\/h1>\n<p>&nbsp;<\/p>\n<p>L\u2019ASSR 1 et 2 sont des attestations scolaires visant la sensibilisation et la\u00a0<strong>formation des jeunes \u00e0 la s\u00e9curit\u00e9 routi\u00e8re<\/strong>. Elles peuvent \u00eatre exig\u00e9es pour passer certains permis de conduire. Voici les cat\u00e9gories concern\u00e9es et les d\u00e9marches pour obtenir l\u2019Attestation Scolaire de S\u00e9curit\u00e9 Routi\u00e8re 1 ou l\u2019ASSR 2.<\/p>\n<h2>ASSR 1 et 2 : de quoi s\u2019agit-il ?<\/h2>\n<h3>L\u2019ASSR : une premi\u00e8re formation \u00e0 la s\u00e9curit\u00e9 routi\u00e8re<\/h3>\n<p>Les\u00a0<strong>Attestations Scolaires de S\u00e9curit\u00e9 Routi\u00e8re (ASSR) 1 et 2<\/strong>\u00a0entrent dans le cadre de la formation continue \u00e0 la s\u00e9curit\u00e9 routi\u00e8re. Elles sont, depuis 1993, inscrites au programme du coll\u00e8ge, au m\u00eame titre que le fran\u00e7ais, les math\u00e9matiques ou la g\u00e9ographie.<\/p>\n<p>Au cours de cet enseignement, les \u00e9l\u00e8ves sont form\u00e9s aux risques et aux r\u00e8gles qui s\u2019appliquent \u00e0 tous les usagers\u00a0de la route\u00a0: cyclistes, pi\u00e9tons, cyclomotoristes, passagers, conducteurs\u2026<\/p>\n<h1 style=\"text-align: center;\"><span style=\"color: #ff0000;\"><a style=\"color: #ff0000;\" href=\"http:\/\/preparer-assr.education-securite-routiere.fr\/\">http:\/\/preparer-assr.education-securite-routiere.fr\/<\/a><\/span><\/h1>\n<p><img decoding=\"async\" class=\"aligncenter\" src=\"https:\/\/www.clg-mignet.ac-aix-marseille.fr\/mignet\/sites\/www.clg-mignet\/mignet\/local\/cache-vignettes\/L511xH256\/assr_2-2-dab29.png\" alt=\"R\u00e9sultat de recherche d'images pour &quot;assr&quot;\" \/><\/p>\n","protected":false},"excerpt":{"rendered":"<p>En cliquant sur le lien suivant, vous avez acc\u00e8s\u00a0au planning de passation des \u00e9preuves juin 2020 : ASSR2 JUIN 2020 doc parents &nbsp; L\u2019ASSR 1 et 2 sont des attestations scolaires visant la sensibilisation et la\u00a0formation des jeunes \u00e0 la &hellip; <a href=\"https:\/\/site.ac-martinique.fr\/clg-trianon\/?page_id=2846\">Continuer la lecture <span class=\"meta-nav\">&rarr;<\/span><\/a><\/p>\n","protected":false},"author":164,"featured_media":0,"parent":2813,"menu_order":0,"comment_status":"closed","ping_status":"closed","template":"","meta":{"footnotes":""},"class_list":["post-2846","page","type-page","status-publish","hentry"],"_links":{"self":[{"href":"https:\/\/site.ac-martinique.fr\/clg-trianon\/index.php?rest_route=\/wp\/v2\/pages\/2846","targetHints":{"allow":["GET"]}}],"collection":[{"href":"https:\/\/site.ac-martinique.fr\/clg-trianon\/index.php?rest_route=\/wp\/v2\/pages"}],"about":[{"href":"https:\/\/site.ac-martinique.fr\/clg-trianon\/index.php?rest_route=\/wp\/v2\/types\/page"}],"author":[{"embeddable":true,"href":"https:\/\/site.ac-martinique.fr\/clg-trianon\/index.php?rest_route=\/wp\/v2\/users\/164"}],"replies":[{"embeddable":true,"href":"https:\/\/site.ac-martinique.fr\/clg-trianon\/index.php?rest_route=%2Fwp%2Fv2%2Fcomments&post=2846"}],"version-history":[{"count":5,"href":"https:\/\/site.ac-martinique.fr\/clg-trianon\/index.php?rest_route=\/wp\/v2\/pages\/2846\/revisions"}],"predecessor-version":[{"id":2970,"href":"https:\/\/site.ac-martinique.fr\/clg-trianon\/index.php?rest_route=\/wp\/v2\/pages\/2846\/revisions\/2970"}],"up":[{"embeddable":true,"href":"https:\/\/site.ac-martinique.fr\/clg-trianon\/index.php?rest_route=\/wp\/v2\/pages\/2813"}],"wp:attachment":[{"href":"https:\/\/site.ac-martinique.fr\/clg-trianon\/index.php?rest_route=%2Fwp%2Fv2%2Fmedia&parent=2846"}],"curies":[{"name":"wp","href":"https:\/\/api.w.org\/{rel}","templated":true}]}}