{"id":2850,"date":"2020-03-16T16:07:38","date_gmt":"2020-03-16T20:07:38","guid":{"rendered":"\/clg-trianon\/?page_id=2850"},"modified":"2020-03-18T14:05:51","modified_gmt":"2020-03-18T18:05:51","slug":"travail-a-distance","status":"publish","type":"page","link":"https:\/\/site.ac-martinique.fr\/clg-trianon\/?page_id=2850","title":{"rendered":"Travail \u00e0 distance"},"content":{"rendered":"<p>En raison de l&#8217;\u00e9pid\u00e9mie de Covid-19\u00a0 tous les \u00e9tablissements scolaires, de la maternelle au lyc\u00e9e, sont ferm\u00e9s d\u00e8s ce lundi 16 mars. Pour assurer un enseignement \u00e0 distance de la grande section \u00e0 la terminale, le Centre national d\u2019enseignement \u00e0 distance (Cned) a mis en place la plateforme &#8220;Ma classe \u00e0 la maison&#8221;.<\/p>\n<p>https:\/\/www.youtube.com\/watch?v=QaeLMKh2fBQ<\/p>\n<p><a href=\"https:\/\/college.cned.fr\/login\/index.php\" target=\"_blank\">https:\/\/college.cned.fr\/login\/index.php<\/a><\/p>\n<p><img decoding=\"async\" src=\"https:\/\/albert-calmette-wasquehal.enthdf.fr\/wp-content\/uploads\/sites\/66\/2020\/03\/Ma-classe-%C3%A0-la-maison-480x195.png\" alt=\"R\u00e9sultat de recherche d'images pour &quot;la classe \u00e0 la maison&quot;\" \/><\/p>\n<p style=\"text-align: left;\"><img loading=\"lazy\" decoding=\"async\" class=\"alignnone size-medium wp-image-2911\" src=\"\/clg-trianon\/wp-content\/uploads\/sites\/66\/2020\/03\/Sans-titre2-1-300x93.png\" alt=\"\" width=\"300\" height=\"93\" srcset=\"https:\/\/site.ac-martinique.fr\/clg-trianon\/wp-content\/uploads\/sites\/66\/2020\/03\/Sans-titre2-1-300x93.png 300w, https:\/\/site.ac-martinique.fr\/clg-trianon\/wp-content\/uploads\/sites\/66\/2020\/03\/Sans-titre2-1.png 476w\" sizes=\"auto, (max-width: 300px) 100vw, 300px\" \/>\u00a0<a href=\"\/clg-trianon\/wp-content\/uploads\/sites\/66\/2020\/03\/Pr\u00e9sentation-cned-modif-site.pdf\" target=\"_blank\">voir le tutoriel<\/a><\/p>\n<p style=\"text-align: left;\"><a href=\"https:\/\/adistance.manuelnumerique.com\/\" target=\"_blank\">https:\/\/adistance.manuelnumerique.com\/<\/a><\/p>\n<p style=\"text-align: center;\"><a href=\"\/clg-trianon\/wp-content\/uploads\/sites\/66\/2020\/03\/num.png\"><img loading=\"lazy\" decoding=\"async\" class=\"alignnone size-medium wp-image-2879\" src=\"\/clg-trianon\/wp-content\/uploads\/sites\/66\/2020\/03\/num-300x158.png\" alt=\"\" width=\"300\" height=\"158\" srcset=\"https:\/\/site.ac-martinique.fr\/clg-trianon\/wp-content\/uploads\/sites\/66\/2020\/03\/num-300x158.png 300w, https:\/\/site.ac-martinique.fr\/clg-trianon\/wp-content\/uploads\/sites\/66\/2020\/03\/num-768x405.png 768w, https:\/\/site.ac-martinique.fr\/clg-trianon\/wp-content\/uploads\/sites\/66\/2020\/03\/num-1024x541.png 1024w, https:\/\/site.ac-martinique.fr\/clg-trianon\/wp-content\/uploads\/sites\/66\/2020\/03\/num-500x264.png 500w, https:\/\/site.ac-martinique.fr\/clg-trianon\/wp-content\/uploads\/sites\/66\/2020\/03\/num.png 1381w\" sizes=\"auto, (max-width: 300px) 100vw, 300px\" \/><\/a><\/p>\n<p><a href=\"https:\/\/monespace-educ.fr\/\" target=\"_blank\">https:\/\/monespace-educ.fr\/<\/a><\/p>\n<p style=\"text-align: center;\">Plus de 600 manuels scolaires sont mis gratuitement \u00e0 la disposition de tous par les \u00e9diteurs du groupe Hachette ( Les \u00e9ditions Hatier, Hachette \u00c9ducation, Istra, Foucher, Didier). Tous les manuels des \u00e9l\u00e8ves peuvent \u00eatre ainsi utilis\u00e9s en ligne. Le lecteur en ligne est tr\u00e8s ergonomique. Pour trouver un manuel, ici aussi vous pouvez utiliser un moteur de recherche ou jouer avec une serie de filtres sur la page d\u2019accueil pour n\u2019afficher les ouvrages en ligne d\u2019un niveau, d\u2019une mati\u00e8re, d\u2019un \u00e9diteur, d\u2019une classe ou d\u2019une discipline.<\/p>\n<p style=\"text-align: center;\"><a href=\"\/clg-trianon\/wp-content\/uploads\/sites\/66\/2020\/03\/Sans-titre.png\"><img loading=\"lazy\" decoding=\"async\" class=\"alignnone size-medium wp-image-2880\" src=\"\/clg-trianon\/wp-content\/uploads\/sites\/66\/2020\/03\/Sans-titre-300x154.png\" alt=\"\" width=\"300\" height=\"154\" srcset=\"https:\/\/site.ac-martinique.fr\/clg-trianon\/wp-content\/uploads\/sites\/66\/2020\/03\/Sans-titre-300x154.png 300w, https:\/\/site.ac-martinique.fr\/clg-trianon\/wp-content\/uploads\/sites\/66\/2020\/03\/Sans-titre-768x394.png 768w, https:\/\/site.ac-martinique.fr\/clg-trianon\/wp-content\/uploads\/sites\/66\/2020\/03\/Sans-titre-1024x525.png 1024w, https:\/\/site.ac-martinique.fr\/clg-trianon\/wp-content\/uploads\/sites\/66\/2020\/03\/Sans-titre-500x256.png 500w, https:\/\/site.ac-martinique.fr\/clg-trianon\/wp-content\/uploads\/sites\/66\/2020\/03\/Sans-titre.png 1453w\" sizes=\"auto, (max-width: 300px) 100vw, 300px\" \/><\/a><\/p>\n<h1 style=\"text-align: center;\"><a href=\"http:\/\/sujetechno.canalblog.com\/\" target=\"_blank\"><span style=\"color: #0000ff;\">Des sujets type brevet en technologie<\/span><\/a><\/h1>\n<p style=\"text-align: center;\"><a href=\"http:\/\/sujetechno.canalblog.com\/\" target=\"_blank\"><img loading=\"lazy\" decoding=\"async\" class=\"aligncenter wp-image-2918 size-medium\" src=\"\/clg-trianon\/wp-content\/uploads\/sites\/66\/2020\/03\/Sans-titre-3-300x226.png\" alt=\"\" width=\"300\" height=\"226\" srcset=\"https:\/\/site.ac-martinique.fr\/clg-trianon\/wp-content\/uploads\/sites\/66\/2020\/03\/Sans-titre-3-300x226.png 300w, https:\/\/site.ac-martinique.fr\/clg-trianon\/wp-content\/uploads\/sites\/66\/2020\/03\/Sans-titre-3-768x579.png 768w, https:\/\/site.ac-martinique.fr\/clg-trianon\/wp-content\/uploads\/sites\/66\/2020\/03\/Sans-titre-3-398x300.png 398w, https:\/\/site.ac-martinique.fr\/clg-trianon\/wp-content\/uploads\/sites\/66\/2020\/03\/Sans-titre-3.png 781w\" sizes=\"auto, (max-width: 300px) 100vw, 300px\" \/><\/a><\/p>\n","protected":false},"excerpt":{"rendered":"<p>En raison de l&#8217;\u00e9pid\u00e9mie de Covid-19\u00a0 tous les \u00e9tablissements scolaires, de la maternelle au lyc\u00e9e, sont ferm\u00e9s d\u00e8s ce lundi 16 mars. Pour assurer un enseignement \u00e0 distance de la grande section \u00e0 la terminale, le Centre national d\u2019enseignement \u00e0 &hellip; <a href=\"https:\/\/site.ac-martinique.fr\/clg-trianon\/?page_id=2850\">Continuer la lecture <span class=\"meta-nav\">&rarr;<\/span><\/a><\/p>\n","protected":false},"author":164,"featured_media":0,"parent":2813,"menu_order":0,"comment_status":"closed","ping_status":"closed","template":"","meta":{"footnotes":""},"class_list":["post-2850","page","type-page","status-publish","hentry"],"_links":{"self":[{"href":"https:\/\/site.ac-martinique.fr\/clg-trianon\/index.php?rest_route=\/wp\/v2\/pages\/2850","targetHints":{"allow":["GET"]}}],"collection":[{"href":"https:\/\/site.ac-martinique.fr\/clg-trianon\/index.php?rest_route=\/wp\/v2\/pages"}],"about":[{"href":"https:\/\/site.ac-martinique.fr\/clg-trianon\/index.php?rest_route=\/wp\/v2\/types\/page"}],"author":[{"embeddable":true,"href":"https:\/\/site.ac-martinique.fr\/clg-trianon\/index.php?rest_route=\/wp\/v2\/users\/164"}],"replies":[{"embeddable":true,"href":"https:\/\/site.ac-martinique.fr\/clg-trianon\/index.php?rest_route=%2Fwp%2Fv2%2Fcomments&post=2850"}],"version-history":[{"count":15,"href":"https:\/\/site.ac-martinique.fr\/clg-trianon\/index.php?rest_route=\/wp\/v2\/pages\/2850\/revisions"}],"predecessor-version":[{"id":2922,"href":"https:\/\/site.ac-martinique.fr\/clg-trianon\/index.php?rest_route=\/wp\/v2\/pages\/2850\/revisions\/2922"}],"up":[{"embeddable":true,"href":"https:\/\/site.ac-martinique.fr\/clg-trianon\/index.php?rest_route=\/wp\/v2\/pages\/2813"}],"wp:attachment":[{"href":"https:\/\/site.ac-martinique.fr\/clg-trianon\/index.php?rest_route=%2Fwp%2Fv2%2Fmedia&parent=2850"}],"curies":[{"name":"wp","href":"https:\/\/api.w.org\/{rel}","templated":true}]}}