{"id":2954,"date":"2020-05-15T12:59:20","date_gmt":"2020-05-15T16:59:20","guid":{"rendered":"\/clg-trianon\/?page_id=2954"},"modified":"2020-05-20T19:39:54","modified_gmt":"2020-05-20T23:39:54","slug":"classes-virtuelles","status":"publish","type":"page","link":"https:\/\/site.ac-martinique.fr\/clg-trianon\/?page_id=2954","title":{"rendered":"Classes virtuelles"},"content":{"rendered":"<h2 style=\"text-align: center;\"><span style=\"color: #0000ff;\">Planning des classes virtuelles\u00a0<\/span><\/h2>\n<p>Quelques consignes \u00e0 respecter :<\/p>\n<ol>\n<li>V\u00e9rifier le bon fonctionnement de votre micro (activation , volume)<\/li>\n<li>Pr\u00e9parer-vous \u00e0 vous connecter 10 min avant l&#8217;horaire pr\u00e9vu<\/li>\n<li><strong>S\u2019identifier avec votre nom et pr\u00e9nom<\/strong>.<\/li>\n<li>En cas de pr\u00e9sence de perturbateurs, une plainte sera syst\u00e9matiquement d\u00e9pos\u00e9e.<\/li>\n<li><strong>Les r\u00e8gles qui s&#8217;appliquent dans l&#8217;\u00e9tablissement, en classe, s&#8217;appliquent aussi au\u00a0<\/strong><strong>sein des classes virtuelles.<\/strong> Il n&#8217;est pas autoris\u00e9 par exemple d&#8217;\u00e9crire des messages priv\u00e9s \u00e0 un autre \u00e9l\u00e8ve.<\/li>\n<li>Lever la main pour demander la parole<\/li>\n<li>Couper son micro une fois que l\u2019on s\u2019est exprim\u00e9 puis baisser la main<\/li>\n<\/ol>\n<h1 style=\"text-align: center;\"><span style=\"color: #0000ff;\">Cliquez sur\u00a0le lien\u00a0ci-dessous pour acc\u00e9der au planning.<\/span><\/h1>\n<p style=\"text-align: center;\"><a href=\"https:\/\/docs.google.com\/spreadsheets\/d\/1ALQ0Crhb3QKXkm6Hm0vgCd9XKMXi94irPQ4MyFjO68g\/edit?usp=sharing\" target=\"_blank\">https:\/\/docs.google.com\/spreadsheets\/d\/1ALQ0Crhb3QKXkm6Hm0vgCd9XKMXi94irPQ4MyFjO68g\/edit?usp=sharing<\/a><\/p>\n<p style=\"text-align: center;\"><img loading=\"lazy\" decoding=\"async\" class=\"aligncenter wp-image-2955\" src=\"\/clg-trianon\/wp-content\/uploads\/sites\/66\/2020\/05\/planing-classe-virtuelle-300x139.jpg\" alt=\"\" width=\"344\" height=\"163\" \/><span style=\"color: #ff0000;\">La classe virtuelle de chaque professeur est accessible en cliquant le cr\u00e9neau choisi<img loading=\"lazy\" decoding=\"async\" class=\"aligncenter size-medium wp-image-2965\" src=\"\/clg-trianon\/wp-content\/uploads\/sites\/66\/2020\/05\/lien-300x239.png\" alt=\"\" width=\"300\" height=\"239\" srcset=\"https:\/\/site.ac-martinique.fr\/clg-trianon\/wp-content\/uploads\/sites\/66\/2020\/05\/lien-300x239.png 300w, https:\/\/site.ac-martinique.fr\/clg-trianon\/wp-content\/uploads\/sites\/66\/2020\/05\/lien-377x300.png 377w, https:\/\/site.ac-martinique.fr\/clg-trianon\/wp-content\/uploads\/sites\/66\/2020\/05\/lien.png 444w\" sizes=\"auto, (max-width: 300px) 100vw, 300px\" \/><\/span><\/p>\n<p>Bon travail.<\/p>\n","protected":false},"excerpt":{"rendered":"<p>Planning des classes virtuelles\u00a0 Quelques consignes \u00e0 respecter : V\u00e9rifier le bon fonctionnement de votre micro (activation , volume) Pr\u00e9parer-vous \u00e0 vous connecter 10 min avant l&#8217;horaire pr\u00e9vu S\u2019identifier avec votre nom et pr\u00e9nom. En cas de pr\u00e9sence de perturbateurs, &hellip; <a href=\"https:\/\/site.ac-martinique.fr\/clg-trianon\/?page_id=2954\">Continuer la lecture <span class=\"meta-nav\">&rarr;<\/span><\/a><\/p>\n","protected":false},"author":164,"featured_media":0,"parent":2850,"menu_order":0,"comment_status":"closed","ping_status":"closed","template":"","meta":{"footnotes":""},"class_list":["post-2954","page","type-page","status-publish","hentry"],"_links":{"self":[{"href":"https:\/\/site.ac-martinique.fr\/clg-trianon\/index.php?rest_route=\/wp\/v2\/pages\/2954","targetHints":{"allow":["GET"]}}],"collection":[{"href":"https:\/\/site.ac-martinique.fr\/clg-trianon\/index.php?rest_route=\/wp\/v2\/pages"}],"about":[{"href":"https:\/\/site.ac-martinique.fr\/clg-trianon\/index.php?rest_route=\/wp\/v2\/types\/page"}],"author":[{"embeddable":true,"href":"https:\/\/site.ac-martinique.fr\/clg-trianon\/index.php?rest_route=\/wp\/v2\/users\/164"}],"replies":[{"embeddable":true,"href":"https:\/\/site.ac-martinique.fr\/clg-trianon\/index.php?rest_route=%2Fwp%2Fv2%2Fcomments&post=2954"}],"version-history":[{"count":6,"href":"https:\/\/site.ac-martinique.fr\/clg-trianon\/index.php?rest_route=\/wp\/v2\/pages\/2954\/revisions"}],"predecessor-version":[{"id":2967,"href":"https:\/\/site.ac-martinique.fr\/clg-trianon\/index.php?rest_route=\/wp\/v2\/pages\/2954\/revisions\/2967"}],"up":[{"embeddable":true,"href":"https:\/\/site.ac-martinique.fr\/clg-trianon\/index.php?rest_route=\/wp\/v2\/pages\/2850"}],"wp:attachment":[{"href":"https:\/\/site.ac-martinique.fr\/clg-trianon\/index.php?rest_route=%2Fwp%2Fv2%2Fmedia&parent=2954"}],"curies":[{"name":"wp","href":"https:\/\/api.w.org\/{rel}","templated":true}]}}