{"id":3038,"date":"2020-07-10T12:38:31","date_gmt":"2020-07-10T16:38:31","guid":{"rendered":"\/clg-trianon\/?page_id=3038"},"modified":"2020-07-10T12:59:06","modified_gmt":"2020-07-10T16:59:06","slug":"vacances-apprenantes-ecole-ouverte","status":"publish","type":"page","link":"https:\/\/site.ac-martinique.fr\/clg-trianon\/?page_id=3038","title":{"rendered":"Vacances apprenantes : \u00c9cole ouverte"},"content":{"rendered":"<p style=\"text-align: center;\">Les activit\u00e9s se d\u00e9roulent du MARDI 25 au VENDREDI 28 AO\u00dbT 2020 de\u00a0 8h \u00e0 12h.Il s&#8217;agit de renforcement disciplinaire en Math\u00e9matiques, fran\u00e7ais, anglais et m\u00e9thodologie.<\/p>\n<p style=\"text-align: center;\">LE VENDREDI 28 AO\u00dbT SERA CONSACRE A UNE SORTIE CULTURELLE\/ S\u00c9ANCE CIN\u00c9MA<br \/>\nA\u00a0 MADIANA.<\/p>\n<p style=\"text-align: center;\"><img loading=\"lazy\" decoding=\"async\" class=\"aligncenter wp-image-3033\" src=\"\/clg-trianon\/wp-content\/uploads\/sites\/66\/2020\/07\/unnamed.jpg\" alt=\"\" width=\"377\" height=\"257\" \/><\/p>\n<p style=\"text-align: center;\">Liste des \u00e9l\u00e8ves inscrits, cliquez sur le lien suivant :<\/p>\n<p style=\"text-align: center;\"><a href=\"\/clg-trianon\/wp-content\/uploads\/sites\/66\/2020\/07\/LISTE-ELEVES-INSCRITS-ECOLE-OUVERTE-10072020115852.pdf\" target=\"_blank\">Coll\u00e8ge Trianon\u00a0\u00a0ECOLE OUVERTE<\/a><\/p>\n<p style=\"text-align: center;\"><span style=\"color: #ff0000;\">ENGAGEMENT DE L\u2019 \u00c9L\u00c8VE ET DE SA FAMILLE<\/span><\/p>\n<ul style=\"list-style-type: square;\">\n<li style=\"text-align: left;\">L\u2019\u00e9l\u00e8ve et sa famille s\u2019engagent \u00e0 fr\u00e9quenter l\u2019\u00e9cole ouverte et \u00e0 \u00e9galement respecter les r\u00e8gles de vie habituelles pr\u00e9vues dans les r\u00e8glements int\u00e9rieurs du coll\u00e8ge ou de l\u2019\u00e9cole.<\/li>\n<\/ul>\n<ul style=\"list-style-type: square;\">\n<li style=\"text-align: left;\">L\u2019\u00e9l\u00e8ve devra respecter les horaires, (\u00eatre rigoureusement \u00e0 l\u2019heure) et se munir de ses fournitures scolaires (cahier ou feuilles, trousse\u2026).<\/li>\n<\/ul>\n<ul style=\"list-style-type: square;\">\n<li style=\"text-align: left;\">Durant cette p\u00e9riode, l\u2019\u00e9l\u00e8ve devra porter un masque (fourni par la famille) et respecter les gestes barri\u00e8res et la distanciation physique.<\/li>\n<\/ul>\n<p>&nbsp;<\/p>\n<p>&nbsp;<\/p>\n","protected":false},"excerpt":{"rendered":"<p>Les activit\u00e9s se d\u00e9roulent du MARDI 25 au VENDREDI 28 AO\u00dbT 2020 de\u00a0 8h \u00e0 12h.Il s&#8217;agit de renforcement disciplinaire en Math\u00e9matiques, fran\u00e7ais, anglais et m\u00e9thodologie. LE VENDREDI 28 AO\u00dbT SERA CONSACRE A UNE SORTIE CULTURELLE\/ S\u00c9ANCE CIN\u00c9MA A\u00a0 MADIANA. &hellip; <a href=\"https:\/\/site.ac-martinique.fr\/clg-trianon\/?page_id=3038\">Continuer la lecture <span class=\"meta-nav\">&rarr;<\/span><\/a><\/p>\n","protected":false},"author":164,"featured_media":0,"parent":0,"menu_order":0,"comment_status":"closed","ping_status":"closed","template":"","meta":{"footnotes":""},"class_list":["post-3038","page","type-page","status-publish","hentry"],"_links":{"self":[{"href":"https:\/\/site.ac-martinique.fr\/clg-trianon\/index.php?rest_route=\/wp\/v2\/pages\/3038","targetHints":{"allow":["GET"]}}],"collection":[{"href":"https:\/\/site.ac-martinique.fr\/clg-trianon\/index.php?rest_route=\/wp\/v2\/pages"}],"about":[{"href":"https:\/\/site.ac-martinique.fr\/clg-trianon\/index.php?rest_route=\/wp\/v2\/types\/page"}],"author":[{"embeddable":true,"href":"https:\/\/site.ac-martinique.fr\/clg-trianon\/index.php?rest_route=\/wp\/v2\/users\/164"}],"replies":[{"embeddable":true,"href":"https:\/\/site.ac-martinique.fr\/clg-trianon\/index.php?rest_route=%2Fwp%2Fv2%2Fcomments&post=3038"}],"version-history":[{"count":9,"href":"https:\/\/site.ac-martinique.fr\/clg-trianon\/index.php?rest_route=\/wp\/v2\/pages\/3038\/revisions"}],"predecessor-version":[{"id":3053,"href":"https:\/\/site.ac-martinique.fr\/clg-trianon\/index.php?rest_route=\/wp\/v2\/pages\/3038\/revisions\/3053"}],"wp:attachment":[{"href":"https:\/\/site.ac-martinique.fr\/clg-trianon\/index.php?rest_route=%2Fwp%2Fv2%2Fmedia&parent=3038"}],"curies":[{"name":"wp","href":"https:\/\/api.w.org\/{rel}","templated":true}]}}