{"id":3398,"date":"2022-03-16T08:27:21","date_gmt":"2022-03-16T12:27:21","guid":{"rendered":"https:\/\/site.ac-martinique.fr\/clg-trianon\/?page_id=3398"},"modified":"2022-03-16T08:38:27","modified_gmt":"2022-03-16T12:38:27","slug":"epreuves-du-dnb","status":"publish","type":"page","link":"https:\/\/site.ac-martinique.fr\/clg-trianon\/?page_id=3398","title":{"rendered":"Epreuves du DNB"},"content":{"rendered":"\n<div>Parents,<\/div>\n<div>El\u00e8ves de 3\u00e8me,<\/div>\n<div>&nbsp;<\/div>\n<div>&nbsp; &nbsp; Suite \u00e0 la r\u00e9union d&#8217;information sur l&#8217;Orientation Post 3\u00e8me du vendredi 11 Mars, anim\u00e9e par Mme HELOISE notre Psy En et M. BOUCHARD Proviseur du lyc\u00e9e de secteur&nbsp; (40% de parents pr\u00e9sents) ,<strong> je vous communique comme pr\u00e9vu le diaporama de pr\u00e9sentation des \u00e9preuves du DNB (Dipl\u00f4me National du Brevet) que je n&#8217;ai pu pr\u00e9senter.<\/strong><\/div>\n<div>&nbsp;<\/div>\n<div>&nbsp; &nbsp; Ce diaporama sera \u00e9galement visible sur COLIBRI et sur le site du coll\u00e8ge.&nbsp;<\/div>\n<div>&nbsp;<\/div>\n<div>&nbsp;Les professeurs principaux, les \u00e9quipes p\u00e9dagogiques et la direction restent disponibles pour toute demande d&#8217;informations.<\/div>\n<div>&nbsp;<\/div>\n<div>&nbsp;<strong> <em>&nbsp;De plus, malgr\u00e9 cette p\u00e9riode qui demeure difficile pour les stuctures et entreprises d&#8217;accueil, la quasi totalit\u00e9 de nos \u00e9l\u00e8ves de 3\u00e8me a d\u00e9marr\u00e9 ce Lundi 14 Mars&nbsp; le stage d&#8217;observation en milieu professionnel.<\/em><\/strong><\/div>\n<div>&nbsp;<\/div>\n<div>&nbsp; Je remercie les \u00e9l\u00e8ves et les parents pour la tenacit\u00e9 et la pers\u00e9v\u00e9rance dont ils ont fait preuve face \u00e0 la recherche de lieux de stage. Nous sommes conscients que la t\u00e2che n&#8217;a pas \u00e9t\u00e9 facile.<\/div>\n<div>&nbsp;<\/div>\n<div>&nbsp; &nbsp; &nbsp; &nbsp; &nbsp; &nbsp; &nbsp; &nbsp; &nbsp; &nbsp; &nbsp; &nbsp; &nbsp; &nbsp;Merci parents de votre collaboration.<\/div>\n<div>&nbsp;<\/div>\n<div>&nbsp;<\/div>\n<div>&nbsp; &nbsp; &nbsp; &nbsp; &nbsp; &nbsp; &nbsp; &nbsp; &nbsp; &nbsp; &nbsp; &nbsp; &nbsp; &nbsp; &nbsp; &nbsp; &nbsp; &nbsp;&nbsp;<\/div>\n<div>&nbsp; &nbsp; &nbsp; &nbsp; &nbsp; &nbsp; &nbsp; &nbsp; &nbsp; &nbsp; &nbsp; &nbsp; &nbsp; &nbsp; &nbsp; &nbsp; &nbsp; &nbsp; &nbsp; &nbsp; &nbsp; &nbsp; &nbsp; &nbsp; &nbsp; &nbsp; &nbsp; &nbsp; &nbsp; &nbsp; &nbsp; &nbsp; &nbsp; &nbsp; &nbsp; &nbsp; &nbsp; &nbsp; &nbsp; &nbsp;LA PRINCIPALE<\/div>\n<div>&nbsp;<\/div>\n\n\n\n<div class=\"wp-block-file\"><a id=\"wp-block-file--media-2755395f-74d8-431b-99e3-5a2d9635237f\" href=\"https:\/\/site.ac-martinique.fr\/clg-trianon\/wp-content\/uploads\/sites\/66\/2022\/03\/DIAPORAMA-DNB-1.pptx\">DIAPORAMA-DNB-1<\/a><a href=\"https:\/\/site.ac-martinique.fr\/clg-trianon\/wp-content\/uploads\/sites\/66\/2022\/03\/DIAPORAMA-DNB-1.pptx\" class=\"wp-block-file__button\" download aria-describedby=\"wp-block-file--media-2755395f-74d8-431b-99e3-5a2d9635237f\">T\u00e9l\u00e9charger<\/a><\/div>\n","protected":false},"excerpt":{"rendered":"<p>Parents, El\u00e8ves de 3\u00e8me, &nbsp; &nbsp; &nbsp; Suite \u00e0 la r\u00e9union d&#8217;information sur l&#8217;Orientation Post 3\u00e8me du vendredi 11 Mars, anim\u00e9e par Mme HELOISE notre Psy En et M. BOUCHARD Proviseur du lyc\u00e9e de secteur&nbsp; (40% de parents pr\u00e9sents) , &hellip; <a href=\"https:\/\/site.ac-martinique.fr\/clg-trianon\/?page_id=3398\">Continuer la lecture <span class=\"meta-nav\">&rarr;<\/span><\/a><\/p>\n","protected":false},"author":158,"featured_media":0,"parent":0,"menu_order":0,"comment_status":"closed","ping_status":"closed","template":"","meta":{"footnotes":""},"class_list":["post-3398","page","type-page","status-publish","hentry"],"_links":{"self":[{"href":"https:\/\/site.ac-martinique.fr\/clg-trianon\/index.php?rest_route=\/wp\/v2\/pages\/3398","targetHints":{"allow":["GET"]}}],"collection":[{"href":"https:\/\/site.ac-martinique.fr\/clg-trianon\/index.php?rest_route=\/wp\/v2\/pages"}],"about":[{"href":"https:\/\/site.ac-martinique.fr\/clg-trianon\/index.php?rest_route=\/wp\/v2\/types\/page"}],"author":[{"embeddable":true,"href":"https:\/\/site.ac-martinique.fr\/clg-trianon\/index.php?rest_route=\/wp\/v2\/users\/158"}],"replies":[{"embeddable":true,"href":"https:\/\/site.ac-martinique.fr\/clg-trianon\/index.php?rest_route=%2Fwp%2Fv2%2Fcomments&post=3398"}],"version-history":[{"count":5,"href":"https:\/\/site.ac-martinique.fr\/clg-trianon\/index.php?rest_route=\/wp\/v2\/pages\/3398\/revisions"}],"predecessor-version":[{"id":3413,"href":"https:\/\/site.ac-martinique.fr\/clg-trianon\/index.php?rest_route=\/wp\/v2\/pages\/3398\/revisions\/3413"}],"wp:attachment":[{"href":"https:\/\/site.ac-martinique.fr\/clg-trianon\/index.php?rest_route=%2Fwp%2Fv2%2Fmedia&parent=3398"}],"curies":[{"name":"wp","href":"https:\/\/api.w.org\/{rel}","templated":true}]}}