{"id":1075,"date":"2012-07-05T13:14:44","date_gmt":"2012-07-05T13:14:44","guid":{"rendered":"http:\/\/site.ac-martinique.fr\/lgtfrantzfanon\/?page_id=1075"},"modified":"2013-01-25T15:19:35","modified_gmt":"2013-01-25T15:19:35","slug":"c-h-s","status":"publish","type":"page","link":"https:\/\/site.ac-martinique.fr\/clg-vauclin\/?page_id=1075","title":{"rendered":"C.H.S"},"content":{"rendered":"<p style=\"text-align: justify;\"><strong><img loading=\"lazy\" decoding=\"async\" title=\"Article0000\" src=\"\/clg-vauclin\/wp-content\/uploads\/sites\/69\/2012\/03\/Article0000.jpg\" alt=\"\" width=\"640\" height=\"31\" \/><\/strong><\/p>\n<p style=\"text-align: justify;\"><span style=\"font-size: small;\">La <span style=\"font-size: medium;\"><strong>Commission Hygi\u00e8ne et S\u00e9curit\u00e9 (CHS)<\/strong><\/span>\u00a0 est charg\u00e9e de veiller sur l&#8217;application des normes d&#8217;hygi\u00e8ne et de s\u00e9curit\u00e9 au sein de l&#8217;EPLE.<br \/>\n<\/span><\/p>\n<p style=\"text-align: justify;\"><strong>La composition: <\/strong><a href=\"\/clg-vauclin\/?page_id=1615\">Voir<\/a><\/p>\n<p style=\"text-align: justify;\"><strong>Les actualit\u00e9s:<\/strong><\/p>\n<h5 style=\"font-family: Arial,Helvetica,sans-serif; font-variant: small-caps; text-align: justify;\">[catlist id=14 ]<\/h5>\n<p style=\"text-align: justify;\"><strong><img loading=\"lazy\" decoding=\"async\" title=\"Article0000\" src=\"\/clg-vauclin\/wp-content\/uploads\/sites\/69\/2012\/03\/Article0000.jpg\" alt=\"\" width=\"640\" height=\"31\" \/><\/strong><\/p>\n<div><strong style=\"line-height: 24px; font-size: medium; text-align: justify;\"><br \/>\n<\/strong><\/div>\n<div><strong style=\"line-height: 24px; font-size: medium; text-align: justify;\"><br \/>\n<\/strong><\/div>\n","protected":false},"excerpt":{"rendered":"<p>La Commission Hygi\u00e8ne et S\u00e9curit\u00e9 (CHS)\u00a0 est charg\u00e9e de veiller sur l&#8217;application des normes d&#8217;hygi\u00e8ne et de s\u00e9curit\u00e9 au sein de l&#8217;EPLE. La composition: Voir Les actualit\u00e9s: [catlist id=14 ]<\/p>\n","protected":false},"author":192,"featured_media":0,"parent":193,"menu_order":0,"comment_status":"closed","ping_status":"closed","template":"","meta":{"footnotes":""},"class_list":["post-1075","page","type-page","status-publish","hentry"],"_links":{"self":[{"href":"https:\/\/site.ac-martinique.fr\/clg-vauclin\/index.php?rest_route=\/wp\/v2\/pages\/1075","targetHints":{"allow":["GET"]}}],"collection":[{"href":"https:\/\/site.ac-martinique.fr\/clg-vauclin\/index.php?rest_route=\/wp\/v2\/pages"}],"about":[{"href":"https:\/\/site.ac-martinique.fr\/clg-vauclin\/index.php?rest_route=\/wp\/v2\/types\/page"}],"author":[{"embeddable":true,"href":"https:\/\/site.ac-martinique.fr\/clg-vauclin\/index.php?rest_route=\/wp\/v2\/users\/192"}],"replies":[{"embeddable":true,"href":"https:\/\/site.ac-martinique.fr\/clg-vauclin\/index.php?rest_route=%2Fwp%2Fv2%2Fcomments&post=1075"}],"version-history":[{"count":3,"href":"https:\/\/site.ac-martinique.fr\/clg-vauclin\/index.php?rest_route=\/wp\/v2\/pages\/1075\/revisions"}],"predecessor-version":[{"id":1616,"href":"https:\/\/site.ac-martinique.fr\/clg-vauclin\/index.php?rest_route=\/wp\/v2\/pages\/1075\/revisions\/1616"}],"up":[{"embeddable":true,"href":"https:\/\/site.ac-martinique.fr\/clg-vauclin\/index.php?rest_route=\/wp\/v2\/pages\/193"}],"wp:attachment":[{"href":"https:\/\/site.ac-martinique.fr\/clg-vauclin\/index.php?rest_route=%2Fwp%2Fv2%2Fmedia&parent=1075"}],"curies":[{"name":"wp","href":"https:\/\/api.w.org\/{rel}","templated":true}]}}