{"id":1265,"date":"2011-10-31T18:14:40","date_gmt":"2011-10-31T17:14:40","guid":{"rendered":"http:\/\/webdesign360.fr\/WordPressTest\/?page_id=79"},"modified":"2018-10-02T19:12:16","modified_gmt":"2018-10-02T19:12:16","slug":"les-reglements","status":"publish","type":"page","link":"https:\/\/site.ac-martinique.fr\/clg-vauclin\/?page_id=1265","title":{"rendered":"Le r\u00e8glement int\u00e9rieur"},"content":{"rendered":"<p><strong>R\u00e8glement int\u00e9rieur &#8211; Ann\u00e9e scolaire 2018-2019<\/strong><\/p>\n<p><a href=\"\/clg-vauclin\/wp-content\/uploads\/sites\/69\/2018\/10\/Re\u0300glement-Inte\u0301rieur-2018-2019-avec-ajout-t\u00e9l\u00e9phone-portable-coll\u00e8ge-du-Vauclin.pdf\" target=\"_blank\">reglement-interieur-2018-2019-college-du-vauclin<\/a><\/p>\n<p>&nbsp;<\/p>\n<p>&nbsp;<\/p>\n","protected":false},"excerpt":{"rendered":"<p>R\u00e8glement int\u00e9rieur &#8211; Ann\u00e9e scolaire 2018-2019 reglement-interieur-2018-2019-college-du-vauclin &nbsp; &nbsp;<\/p>\n","protected":false},"author":192,"featured_media":0,"parent":198,"menu_order":0,"comment_status":"closed","ping_status":"closed","template":"","meta":{"footnotes":""},"class_list":["post-1265","page","type-page","status-publish","hentry"],"_links":{"self":[{"href":"https:\/\/site.ac-martinique.fr\/clg-vauclin\/index.php?rest_route=\/wp\/v2\/pages\/1265","targetHints":{"allow":["GET"]}}],"collection":[{"href":"https:\/\/site.ac-martinique.fr\/clg-vauclin\/index.php?rest_route=\/wp\/v2\/pages"}],"about":[{"href":"https:\/\/site.ac-martinique.fr\/clg-vauclin\/index.php?rest_route=\/wp\/v2\/types\/page"}],"author":[{"embeddable":true,"href":"https:\/\/site.ac-martinique.fr\/clg-vauclin\/index.php?rest_route=\/wp\/v2\/users\/192"}],"replies":[{"embeddable":true,"href":"https:\/\/site.ac-martinique.fr\/clg-vauclin\/index.php?rest_route=%2Fwp%2Fv2%2Fcomments&post=1265"}],"version-history":[{"count":10,"href":"https:\/\/site.ac-martinique.fr\/clg-vauclin\/index.php?rest_route=\/wp\/v2\/pages\/1265\/revisions"}],"predecessor-version":[{"id":5090,"href":"https:\/\/site.ac-martinique.fr\/clg-vauclin\/index.php?rest_route=\/wp\/v2\/pages\/1265\/revisions\/5090"}],"up":[{"embeddable":true,"href":"https:\/\/site.ac-martinique.fr\/clg-vauclin\/index.php?rest_route=\/wp\/v2\/pages\/198"}],"wp:attachment":[{"href":"https:\/\/site.ac-martinique.fr\/clg-vauclin\/index.php?rest_route=%2Fwp%2Fv2%2Fmedia&parent=1265"}],"curies":[{"name":"wp","href":"https:\/\/api.w.org\/{rel}","templated":true}]}}